{"id":237,"date":"2024-07-04T09:53:43","date_gmt":"2024-07-04T12:53:43","guid":{"rendered":"https:\/\/wp.ufpel.edu.br\/ipab\/?page_id=237"},"modified":"2024-07-04T11:23:38","modified_gmt":"2024-07-04T14:23:38","slug":"publicacoes-brasileiras","status":"publish","type":"page","link":"https:\/\/wp.ufpel.edu.br\/ipab\/publicacoes\/publicacoes-brasileiras\/","title":{"rendered":"Estudos e recursos brasileiros"},"content":{"rendered":"<p>A lista inclui autores e autoras brasileiros\/as em peri\u00f3dicos e outros ve\u00edculos nacionais e internacionais:<\/p>\n<ol>\n<li>Cartilha [de] ajuda e suporte m\u00fatuos em sa\u00fade mental: para participantes de grupos \/ Coordena\u00e7\u00e3o de Eduardo Mour\u00e3o Vasconcelos; ilustra\u00e7\u00e3o de Henrique Monteiro da Silva. \u2013 Rio de Janeiro : Escola do Servi\u00e7o Social da UFRJ; Bras\u00edlia: Minist\u00e9rio da Sa\u00fade, Fundo Nacional de Sa\u00fade, 2013 ; orienta\u00e7\u00f5es sobre a organiza\u00e7\u00e3o de grupos de ajuda e suporte m\u00fatuos:\u00a0<a href=\"https:\/\/wp.ufpel.edu.br\/ipab\/files\/2022\/06\/Cartilha-de-ajuda-e-suporte-em-saude-mental.pdf\">Cartilha de ajuda e suporte em sa\u00fade mental<\/a><\/li>\n<li>Chiaverini DH (org) et al. Guia pr\u00e1tico de matriciamento em sa\u00fade mental.Bras\u00edlia: Minist\u00e9rio da Sa\u00fade \/ Centro de Estudo e Pesquisa em Sa\u00fade Coletiva, 2011 ; guia de matriciamento que inclui cap\u00edtulo sobre interven\u00e7\u00f5es em sa\u00fade mental na aten\u00e7\u00e3o prim\u00e1ria:\u00a0<a href=\"https:\/\/wp.ufpel.edu.br\/ipab\/files\/2022\/06\/guia_matriciamento.pdf\">guia_matriciamento<\/a><\/li>\n<li>LabPR.IPUB.UFRJ. Cartilha de pr\u00e1ticas respirat\u00f3rias para o manejo do estresse e da ansiedade ; apresenta orienta\u00e7\u00f5es sobre como lidar com as rea\u00e7\u00f5es f\u00edsicas e emocionais geradas pela ansiedade e pelo estresse, tendo como principal foco a respira\u00e7\u00e3o:\u00a0<a href=\"https:\/\/wp.ufpel.edu.br\/ipab\/files\/2022\/06\/Cartilha-de-praticas-respiratorias-para-o-manejo-do-estresse-e-da-ansiedade.pdf\">Cartilha de pr\u00e1ticas respirat\u00f3rias para o manejo do estresse e da ansiedade<\/a><\/li>\n<li>Teixeira DS, Fortes S, Kestenberg C, Alves K, Campos MR, Neto AO, Ortega F, Garc\u00eda-Campayo J and Demarzo M (2024) Improving patient-centered mental health promotion in primary care in vulnerable<br \/>\ncommunities through mindfulness training in Rio de Janeiro, Brazil. Front. Med. 11:1356040.<br \/>\ndoi: 10.3389\/fmed.2024.1356040; palavras-chave: mindfulness, sa\u00fade p\u00fablica, cuidados prim\u00e1rios \u00e0 sa\u00fade, promo\u00e7\u00e3o de sa\u00fade mental, popula\u00e7\u00f5es vulner\u00e1veis: <a href=\"https:\/\/wp.ufpel.edu.br\/ipab\/files\/2024\/07\/fmed-11-1356040-2-mindfulness-2024.pdf\">fmed-11-1356040 (2) mindfulness -2024<\/a><\/li>\n<li>Bolsoni-Silva, AT. Interven\u00e7\u00e3o em grupo para pais: descri\u00e7\u00e3o de procedimentoTemas em Psicologia &#8211; 2007, Vol. 15, no 2, 217 \u2013 235; palavras-chave: pr\u00e1ticas parentais, interven\u00e7\u00e3o em grupo, problemas de comportamento: <a href=\"https:\/\/wp.ufpel.edu.br\/ipab\/files\/2024\/07\/grupos-para-pais.pdf\">grupos para pais<\/a><\/li>\n<li>Soares J, Vargas D. Efetividade da interven\u00e7\u00e3o breve grupal no uso nocivo de \u00e1lcool na aten\u00e7\u00e3o prim\u00e1ria \u00e0 sa\u00fade. Rev Saude Publica. 2019;53:2; palavras-chave:\u00a0 alcoolismo, preven\u00e7\u00e3o &amp; controle, enfermagem de aten\u00e7\u00e3o prim\u00e1ria. aten\u00e7\u00e3o prim\u00e1ria \u00e0 sa\u00fade, ensaio cl\u00ednico controlado aleat\u00f3rio: <a href=\"https:\/\/wp.ufpel.edu.br\/ipab\/files\/2024\/07\/pt_0034-8910-rsp-53-04-grupo-de-intervencao-breve-para-uso-nocivo-de-alcool-na-APS.pdf\">pt_0034-8910-rsp-53-04- grupo de interven\u00e7\u00e3o breve para uso nocivo de alcool na APS<\/a><\/li>\n<li>Lima M. Atua\u00e7\u00e3o psicol\u00f3gica coletiva: uma trajet\u00f3ria profissional em Unidade B\u00e1sica de Sa\u00fade. Psicologia em Estudo, Maring\u00e1, v. 10, n. 3, p. 431-440, set.\/dez. 2005; palavras-chave: atua\u00e7\u00e3o psicol\u00f3gica coletiva, unidades b\u00e1sicas de sa\u00fade, trajet\u00f3ria profissional: <a href=\"https:\/\/wp.ufpel.edu.br\/ipab\/files\/2024\/07\/Grupos-na-APS-Monica-Lima.pdf\">Grupos na APS &#8211; Monica Lima<\/a><\/li>\n<li>Medeiros de Souza J, Tholl AD, C\u00f3rdova FP, Heidemann IT, Boehs AE, Nitschke RG. Aplicabilidade pr\u00e1tica do empowerment nas estrat\u00e9gias de promo\u00e7\u00e3o da sa\u00fade. Ci\u00eancia &amp; Sa\u00fade Coletiva, 19(7):2265-2276, 2014: palavras-chave empowerment, promo\u00e7\u00e3o da sa\u00fade, educa\u00e7\u00e3o em sa\u00fade: <a href=\"https:\/\/wp.ufpel.edu.br\/ipab\/files\/2024\/07\/empowerment-em-promocao-de-saude.pdf\">empowerment em promo\u00e7\u00e3o de saude<\/a><\/li>\n<li>Minozzo F, Kammzetser CS, Debastiani C, Fait CS, Paulon SM. Grupos de sa\u00fade mental na aten\u00e7\u00e3o prim\u00e1ria \u00e0 sa\u00fade. Fractal, Rev. Psicol., v. 24 \u2013 n. 2, p. 323-340, Maio\/Ago. 2012; palavras-chave: aten\u00e7\u00e3o prim\u00e1ria \u00e0 sa\u00fade; sa\u00fade mental; grupos; desinstitucionaliza\u00e7\u00e3o; pesquisa-interven\u00e7\u00e3o: <a href=\"https:\/\/wp.ufpel.edu.br\/ipab\/files\/2024\/07\/4898-19149-1-PB-grupos-de-saude-mental-na-atencao-primaria.pdf\">4898-19149-1-PB- grupos de saude mental na aten\u00e7\u00e3o primaria<\/a><\/li>\n<li>JataiI JM, Silva LM. Enfermagem e a implanta\u00e7\u00e3o da Terapia Comunit\u00e1ria Integrativa na Estrat\u00e9gia Sa\u00fade da Fam\u00edlia: relato de experi\u00eancia. Rev Bras Enferm, Bras\u00edlia 2012 jul-ago; 65(4): 691-5; palavras-chave: terapia, comunidade, estrat\u00e9gia sa\u00fade da fam\u00edlia, enfermagem: <a href=\"https:\/\/wp.ufpel.edu.br\/ipab\/files\/2024\/07\/TCI-relato-de-experiencias.pdf\">TCI &#8211; relato de experiencias<\/a><\/li>\n<li>Braga LA, Dias MD, Ferreira Filha MO, Moraes MN, Araruna MH, Rocha IA. Terapia comunit\u00e1ria e resili\u00eancia: hist\u00f3ria de mulheres. R. pesq.: cuid. fundam. online 2013. jan.\/mar. 5(1):3453-71; palavras-chave: enfermagem, terapia comunit\u00e1ria, resili\u00eancia: <a href=\"https:\/\/wp.ufpel.edu.br\/ipab\/files\/2024\/07\/terapia-comunitaria-e-resiliencia-historia-de-mulheres.pdf\">terapia comunitaria e resiliencia &#8211; historia de mulheres<\/a><\/li>\n<li>Barreto AP, Barreto MC, Oliveira D, Barreto IC, Abdala MP. A Inser\u00e7\u00e3o da terapia comunit\u00e1ria integrativa (TCI) NA ESF\/SUS. Minist\u00e9rio da Sa\u00fade \/Funda\u00e7\u00e3o Cearense de Pesquisa e Cultura, 2011: <a href=\"https:\/\/wp.ufpel.edu.br\/ipab\/files\/2024\/07\/Terapia_Comunitaria_Integrativa_na_ESF_S.pdf\">Terapia_Comunitaria_Integrativa_na_ESF_S<\/a><\/li>\n<li>Giffoni FA, Santos MA. Terapia comunit\u00e1ria como recurso de abordagem do problema do<br \/>\nabuso do \u00e1lcool, na aten\u00e7\u00e3o prim\u00e1ria. Rev. Latino-Am. Enfermagem 2011 May-June; 19 Spe No:821-30<br \/>\nwww.eerp.usp.br\/rlae; palavras-chave: terap\u00eautica; redes comunit\u00e1rias; apoio social; grupos de auto-ajuda; alcoolismo; transtornos relacionados ao uso de \u00e1lcool: <a href=\"https:\/\/wp.ufpel.edu.br\/ipab\/files\/2024\/07\/Terapia-Comunitaria-e-alcool.pdf\">Terapia Comunitaria e alcool<\/a><\/li>\n<li>Hartman TC, Lam CL, Usta J, Clarke D, Fortes S, Dowrick C. Addressing the needs of patients with<br \/>\nmedically unexplained symptoms: 10 key messages. Clinical Intelligence. British Journal of General Practice 2018; 68: 442\u2013443.DOI: https:\/\/doi.org\/10.3399\/bjgp18X698813: <a href=\"https:\/\/wp.ufpel.edu.br\/ipab\/files\/2024\/07\/WONCA-MUS-BJGP.pdf\">WONCA MUS BJGP<\/a><\/li>\n<li>Athi\u00e9 K, Dowrick C, Menezes AL, Cruz L, Lima AC, Delgado PG, Favoretto C, Fortes S. Experi\u00eancias de mulheres ansiosas e deprimidas sobre sofrimento emocional e busca de cuidado em uma favela do Rio de Janeiro. Ci\u00eancia &amp; Sa\u00fade Coletiva, 22(1):75-86, 2017; palavras-chave: sa\u00fade mental, aten\u00e7\u00e3o prim\u00e1ria, depress\u00e3o, ansiedade, acesso: <a href=\"https:\/\/wp.ufpel.edu.br\/ipab\/files\/2024\/07\/Anxious_and_depressed_womens_experiences.pdf\">Anxious_and_depressed_womens_experiences<\/a><\/li>\n<li>Alves KV, Arag\u00e3o EI, Almeida AP, Souza AC, Saggese BL, Andrade BG, Oliveira JA, Costa MH, Silva AM, Fortes S. Grupos de artesanato na aten\u00e7\u00e3o prim\u00e1ria como apoio em sa\u00fade mental de mulheres: estudo de implementa\u00e7\u00e3o. Estudos de Psicologia, 25(1), janeiro a mar\u00e7o de 2020, 102-112; palavras-chave: aten\u00e7\u00e3o prim\u00e1ria; sa\u00fade mental; grupo de mulheres; artesanato; swot: <a href=\"https:\/\/wp.ufpel.edu.br\/ipab\/files\/2024\/07\/a10v25n1-Grupos-de-Mulheres-AP2.2-artigo-Kali.pdf\">a10v25n1 -Grupos de Mulheres AP2.2 &#8211; artigo Kali<\/a><\/li>\n<li>Merhy EE. O Ato de Cuidar: a Alma dos Servi\u00e7os de Sa\u00fade. In: Brasil. Minist\u00e9rio da Sa\u00fade. Secretaria de Gest\u00e3o do Trabalho e da Educa\u00e7\u00e3o na Sa\u00fade. Departamento de Gest\u00e3o da Educa\u00e7\u00e3o na Sa\u00fade. Ver \u2013 SUS Brasil: cadernos de textos. Bras\u00edlia: Minist\u00e9rio da Sa\u00fade, 2004, p.108-137. (S\u00e9rie B. Textos B\u00e1sicos de Sa\u00fade): <a href=\"https:\/\/wp.ufpel.edu.br\/ipab\/files\/2024\/07\/O-Ato-de-Cuidar-a-Alma-dos-Servicos-de-Saude.pdf\">O Ato de Cuidar &#8211; a Alma dos Servi\u00e7os de Sa\u00fade<\/a><\/li>\n<li>Sangioni LA, Patias NP, Pfitscher MA. Psicologia e o Grupo Operativo na Aten\u00e7\u00e3o B\u00e1sica em Sa\u00fade.<br \/>\nRevista da SPAGESP, 2020; 21(2), 23-40; palavras-chave: grupos operativos, aten\u00e7\u00e3o b\u00e1sica, psicologia, interven\u00e7\u00e3o: <a href=\"https:\/\/wp.ufpel.edu.br\/ipab\/files\/2024\/07\/Dialnet-PsicologiaEOGrupoOperativoNaAtencaoBasicaEmSaude-7603384.pdf\">Dialnet-PsicologiaEOGrupoOperativoNaAtencaoBasicaEmSaude-7603384<\/a><\/li>\n<li>Santos AB. Escuta qualificada como ferramenta de humaniza\u00e7\u00e3o do cuidado em sa\u00fade mental na Aten\u00e7\u00e3o B\u00e1sica. APS em Revista, Vol. 1, n. 2, p. 170\/179 | Maio\/Julho &#8211; 2019. ISSN 2596-3317 \u2013 DOI 10.14295\/aps.v1i2.23; palavras-chave: humaniza\u00e7\u00e3o, sa\u00fade mental, aten\u00e7\u00e3o b\u00e1sica: <a href=\"https:\/\/wp.ufpel.edu.br\/ipab\/files\/2024\/07\/editoria23Escutaqualificadacomoferramentadehumanizac\u0327a\u0303odocuidadoemsau\u0301dementalnaAtenc\u0327a\u0303oBa\u0301sica8.pdf\">editoria,+23+Escuta+qualificada+como+ferramenta+de+humanizac\u0327a\u0303o+do+cuidado+em+sau\u0301de+mental+na+Atenc\u0327a\u0303o+Ba\u0301sica+8<\/a><\/li>\n<li>Auad PH, Avelar GB, Bellini VB. O manejo da sa\u00fade mental na Aten\u00e7\u00e3o Prim\u00e1ria \u00e0 Sa\u00fade (APS): Uma revis\u00e3o integrativa da literatura. Research, Society and Development, v. 12, n. 12, e94121244055, 2023<br \/>\n(CC BY 4.0) | ISSN 2525-3409 | DOI: http:\/\/dx.doi.org\/10.33448\/rsd-v12i12.44055; palavras-chave: sa\u00fade mental; aten\u00e7\u00e3o prim\u00e1ria; humaniza\u00e7\u00e3o: <a href=\"https:\/\/wp.ufpel.edu.br\/ipab\/files\/2024\/07\/O_manejo_da_saude_mental_na_Atencao_Primaria_a_Sau.pdf\">O_manejo_da_saude_mental_na_Atencao_Primaria_a_Sau<\/a><\/li>\n<\/ol>\n","protected":false},"excerpt":{"rendered":"<p>A lista inclui autores e autoras brasileiros\/as em peri\u00f3dicos e outros ve\u00edculos nacionais e internacionais: Cartilha [de] ajuda e suporte m\u00fatuos em sa\u00fade mental: para participantes de grupos \/ Coordena\u00e7\u00e3o de Eduardo Mour\u00e3o Vasconcelos; ilustra\u00e7\u00e3o de Henrique Monteiro da Silva. \u2013 Rio de Janeiro : Escola do Servi\u00e7o Social da UFRJ; Bras\u00edlia: Minist\u00e9rio da Sa\u00fade, [&hellip;]<\/p>\n","protected":false},"author":1240,"featured_media":0,"parent":20,"menu_order":0,"comment_status":"closed","ping_status":"closed","template":"","meta":{"footnotes":""},"class_list":["post-237","page","type-page","status-publish","hentry"],"_links":{"self":[{"href":"https:\/\/wp.ufpel.edu.br\/ipab\/wp-json\/wp\/v2\/pages\/237","targetHints":{"allow":["GET"]}}],"collection":[{"href":"https:\/\/wp.ufpel.edu.br\/ipab\/wp-json\/wp\/v2\/pages"}],"about":[{"href":"https:\/\/wp.ufpel.edu.br\/ipab\/wp-json\/wp\/v2\/types\/page"}],"author":[{"embeddable":true,"href":"https:\/\/wp.ufpel.edu.br\/ipab\/wp-json\/wp\/v2\/users\/1240"}],"replies":[{"embeddable":true,"href":"https:\/\/wp.ufpel.edu.br\/ipab\/wp-json\/wp\/v2\/comments?post=237"}],"version-history":[{"count":19,"href":"https:\/\/wp.ufpel.edu.br\/ipab\/wp-json\/wp\/v2\/pages\/237\/revisions"}],"predecessor-version":[{"id":282,"href":"https:\/\/wp.ufpel.edu.br\/ipab\/wp-json\/wp\/v2\/pages\/237\/revisions\/282"}],"up":[{"embeddable":true,"href":"https:\/\/wp.ufpel.edu.br\/ipab\/wp-json\/wp\/v2\/pages\/20"}],"wp:attachment":[{"href":"https:\/\/wp.ufpel.edu.br\/ipab\/wp-json\/wp\/v2\/media?parent=237"}],"curies":[{"name":"wp","href":"https:\/\/api.w.org\/{rel}","templated":true}]}}