{"id":20,"date":"2022-06-24T12:29:38","date_gmt":"2022-06-24T15:29:38","guid":{"rendered":"https:\/\/wp.ufpel.edu.br\/ipab\/?page_id=20"},"modified":"2024-07-04T09:59:22","modified_gmt":"2024-07-04T12:59:22","slug":"publicacoes","status":"publish","type":"page","link":"https:\/\/wp.ufpel.edu.br\/ipab\/publicacoes\/","title":{"rendered":"Publica\u00e7\u00f5es"},"content":{"rendered":"<p>Nesta p\u00e1gina estar\u00e3o dispon\u00edveis artigos, manuais e outras publica\u00e7\u00f5es sobre interven\u00e7\u00f5es psicossociais na aten\u00e7\u00e3o b\u00e1sica. Veja nos menus abaixo as publica\u00e7\u00f5es brasileiras e as internacionais.<\/p>\n<p>&nbsp;<\/p>\n","protected":false},"excerpt":{"rendered":"<p>Nesta p\u00e1gina estar\u00e3o dispon\u00edveis artigos, manuais e outras publica\u00e7\u00f5es sobre interven\u00e7\u00f5es psicossociais na aten\u00e7\u00e3o b\u00e1sica. Veja nos menus abaixo as publica\u00e7\u00f5es brasileiras e as internacionais. &nbsp;<\/p>\n","protected":false},"author":1240,"featured_media":0,"parent":0,"menu_order":2,"comment_status":"closed","ping_status":"closed","template":"","meta":{"footnotes":""},"class_list":["post-20","page","type-page","status-publish","hentry"],"_links":{"self":[{"href":"https:\/\/wp.ufpel.edu.br\/ipab\/wp-json\/wp\/v2\/pages\/20","targetHints":{"allow":["GET"]}}],"collection":[{"href":"https:\/\/wp.ufpel.edu.br\/ipab\/wp-json\/wp\/v2\/pages"}],"about":[{"href":"https:\/\/wp.ufpel.edu.br\/ipab\/wp-json\/wp\/v2\/types\/page"}],"author":[{"embeddable":true,"href":"https:\/\/wp.ufpel.edu.br\/ipab\/wp-json\/wp\/v2\/users\/1240"}],"replies":[{"embeddable":true,"href":"https:\/\/wp.ufpel.edu.br\/ipab\/wp-json\/wp\/v2\/comments?post=20"}],"version-history":[{"count":6,"href":"https:\/\/wp.ufpel.edu.br\/ipab\/wp-json\/wp\/v2\/pages\/20\/revisions"}],"predecessor-version":[{"id":247,"href":"https:\/\/wp.ufpel.edu.br\/ipab\/wp-json\/wp\/v2\/pages\/20\/revisions\/247"}],"wp:attachment":[{"href":"https:\/\/wp.ufpel.edu.br\/ipab\/wp-json\/wp\/v2\/media?parent=20"}],"curies":[{"name":"wp","href":"https:\/\/api.w.org\/{rel}","templated":true}]}}