{"id":186,"date":"2024-06-21T17:15:39","date_gmt":"2024-06-21T20:15:39","guid":{"rendered":"https:\/\/wp.ufpel.edu.br\/ipab\/?page_id=186"},"modified":"2024-06-22T10:53:22","modified_gmt":"2024-06-22T13:53:22","slug":"tertulias","status":"publish","type":"page","link":"https:\/\/wp.ufpel.edu.br\/ipab\/abordagens-psicossociais\/abordagens-grupais\/tertulias\/","title":{"rendered":"Tert\u00falias"},"content":{"rendered":"<p>A palavra <em>tert\u00falia<\/em>, utilizada na fronteira sul-riograndense, deriva do espanhol <em>tertulia<\/em>, com o sentido de grupo de pessoas que se encontram para discutir ou conversar (Dicion\u00e1rio Ga\u00facho Brasileiro; Dicion\u00e1rio Online de Portugu\u00eas).<\/p>\n<p>Como diz a can\u00e7\u00e3o nativista (1):<\/p>\n<p><em>Tert\u00falia \u00e9 o eco das vozes, perdidas no campo afora<\/em><br \/>\n<em>Cantiga brotando livre, novo pren\u00fancio de aurora<\/em><br \/>\n<em>\u00c9 rima sem compromisso, julgamento ou castra\u00e7\u00e3o<\/em><br \/>\n<em>Onde se marca o compasso, no bater do cora\u00e7\u00e3o.<\/em><\/p>\n<p>Com alguma inspira\u00e7\u00e3o na experi\u00eancia de Alfredo Moffatt na Argentina, onde se criaram as <em>Pe\u00f1as<\/em>, ou reuni\u00f5es de amigos, e os <em>grupos de mateada<\/em> (por sua vez inspirado no modelo de <em>Comunidade<\/em> de Enrique Pichon-Rivi\u00e9re, psiquiatra e psicanalista argentino), esta modalidade grupal busca uma alternativa de terapia que respeite os estilos e projetos de vida das pessoas.<\/p>\n<p>Num grupo onde podem coexistir mais de uma atividade (por exemplo algumas pessoas sentam em roda para conversar enquanto outras dan\u00e7am ou fazem alguma tarefa manual), o sentimento de pertencer \u00e0 mesma <em>Comunidade<\/em> permite que as tarefas dos subgrupos se integrem e complementem, produzindo uma distribui\u00e7\u00e3o de pap\u00e9is onde cada um pode trabalhar o sentimento que tenha maior necessidade de elaborar, de modo din\u00e2mico, ou seja, com interc\u00e2mbio de pap\u00e9is.<\/p>\n<p>O processo terap\u00eautico se d\u00e1 pela <em>reconstru\u00e7\u00e3o do sistema de realidade<\/em>, constitu\u00eddo por todos os n\u00edveis de vincula\u00e7\u00e3o de uma pessoa com seu mundo (comunicacional, corporal, instrumental e espa\u00e7o-temporal), que pode estar reprimido ou incompleto em rela\u00e7\u00e3o aos seus pap\u00e9is sociais, o manejo do seu corpo, o seu projeto de vida (2).<\/p>\n<p>Essa pr\u00e1tica encontra resson\u00e2ncia no m\u00e9todo proposto por Paulo Freire com sua educa\u00e7\u00e3o dial\u00f3gica e problematizadora, onde o conte\u00fado program\u00e1tico n\u00e3o \u00e9 uma doa\u00e7\u00e3o ou imposi\u00e7\u00e3o, mas a devolu\u00e7\u00e3o organizada, sistematizada e acrescentada ao povo, daqueles elementos que este lhe entregou de forma inestruturada. Segundo o autor, os homens ao terem consci\u00eancia de si e do mundo, sendo um &#8220;corpo consciente&#8221;, vivem em uma rela\u00e7\u00e3o dial\u00e9tica entre os condicionamentos e sua liberdade. A a\u00e7\u00e3o do grupo poder\u00e1 instaurar a percep\u00e7\u00e3o cr\u00edtica, desenvolvendo um clima de esperan\u00e7a e confian\u00e7a que leva as pessoas a empenhar-se na supera\u00e7\u00e3o das situa\u00e7\u00f5es-limite (3).<\/p>\n<p>Busnello, ao descrever o modelo dos <em>grupos comunit\u00e1rios<\/em>, cita as caracter\u00edsticas b\u00e1sicas dos cuidados de sa\u00fade comunit\u00e1ria: integral, continuado, personalizado e participativo. Com base nesses princ\u00edpios, os grupos poderiam se organizar em torno de problemas ou condi\u00e7\u00f5es de sa\u00fade em comum (p.ex. nervosos, alcoolistas, diab\u00e9ticos, obesos, gestantes) ou problemas que a comunidade identifique em outros setores, como a educa\u00e7\u00e3o, seguran\u00e7a, lazer, etc (4).<\/p>\n<hr \/>\n<ol>\n<li><a href=\"https:\/\/linhacampeira.com\/explicando-a-letra-tertulia-do-leonardo\/?v=04492b9b01cf\">https:\/\/linhacampeira.com\/explicando-a-letra-tertulia-do-leonardo\/?v=04492b9b01cf<\/a><\/li>\n<li>Moffatt, Alfredo. Psicoterapia do oprimido: ideologia e t\u00e9cnica da psiquiatria popular. 2 ed. S\u00e3o Paulo: Cortez, 1982.<\/li>\n<li>Freire, Paulo. Pedagogia do oprimido. 12 ed. Rio de Janeiro: Paz e Terra, 1983.<\/li>\n<li>Busnello, Ellis D&#8217;Arrigo. Grupos comunit\u00e1rios. In: Os\u00f3rio, Luiz Carlos e colaboradores. Grupoterapia hoje. Porto Alegre: Artes M\u00e9dicas, 1986.<\/li>\n<\/ol>\n<p>&nbsp;<\/p>\n<p>&nbsp;<\/p>\n","protected":false},"excerpt":{"rendered":"<p>A palavra tert\u00falia, utilizada na fronteira sul-riograndense, deriva do espanhol tertulia, com o sentido de grupo de pessoas que se encontram para discutir ou conversar (Dicion\u00e1rio Ga\u00facho Brasileiro; Dicion\u00e1rio Online de Portugu\u00eas). Como diz a can\u00e7\u00e3o nativista (1): Tert\u00falia \u00e9 o eco das vozes, perdidas no campo afora Cantiga brotando livre, novo pren\u00fancio de aurora [&hellip;]<\/p>\n","protected":false},"author":1240,"featured_media":0,"parent":170,"menu_order":0,"comment_status":"closed","ping_status":"closed","template":"","meta":{"footnotes":""},"class_list":["post-186","page","type-page","status-publish","hentry"],"_links":{"self":[{"href":"https:\/\/wp.ufpel.edu.br\/ipab\/wp-json\/wp\/v2\/pages\/186","targetHints":{"allow":["GET"]}}],"collection":[{"href":"https:\/\/wp.ufpel.edu.br\/ipab\/wp-json\/wp\/v2\/pages"}],"about":[{"href":"https:\/\/wp.ufpel.edu.br\/ipab\/wp-json\/wp\/v2\/types\/page"}],"author":[{"embeddable":true,"href":"https:\/\/wp.ufpel.edu.br\/ipab\/wp-json\/wp\/v2\/users\/1240"}],"replies":[{"embeddable":true,"href":"https:\/\/wp.ufpel.edu.br\/ipab\/wp-json\/wp\/v2\/comments?post=186"}],"version-history":[{"count":6,"href":"https:\/\/wp.ufpel.edu.br\/ipab\/wp-json\/wp\/v2\/pages\/186\/revisions"}],"predecessor-version":[{"id":193,"href":"https:\/\/wp.ufpel.edu.br\/ipab\/wp-json\/wp\/v2\/pages\/186\/revisions\/193"}],"up":[{"embeddable":true,"href":"https:\/\/wp.ufpel.edu.br\/ipab\/wp-json\/wp\/v2\/pages\/170"}],"wp:attachment":[{"href":"https:\/\/wp.ufpel.edu.br\/ipab\/wp-json\/wp\/v2\/media?parent=186"}],"curies":[{"name":"wp","href":"https:\/\/api.w.org\/{rel}","templated":true}]}}