{"id":180,"date":"2024-06-21T16:18:33","date_gmt":"2024-06-21T19:18:33","guid":{"rendered":"https:\/\/wp.ufpel.edu.br\/ipab\/?page_id=180"},"modified":"2024-06-21T16:19:35","modified_gmt":"2024-06-21T19:19:35","slug":"abordagens-combinadas","status":"publish","type":"page","link":"https:\/\/wp.ufpel.edu.br\/ipab\/abordagens-psicossociais\/abordagens-combinadas\/","title":{"rendered":"Abordagens combinadas"},"content":{"rendered":"<p>Nesta se\u00e7\u00e3o encontram-se modelos propostos pela Organiza\u00e7\u00e3o Mundial da Sa\u00fade e outras entidades, com vers\u00f5es individuais e para grupos, com grande diversidade de cen\u00e1rios para aplica\u00e7\u00e3o.<\/p>\n","protected":false},"excerpt":{"rendered":"<p>Nesta se\u00e7\u00e3o encontram-se modelos propostos pela Organiza\u00e7\u00e3o Mundial da Sa\u00fade e outras entidades, com vers\u00f5es individuais e para grupos, com grande diversidade de cen\u00e1rios para aplica\u00e7\u00e3o.<\/p>\n","protected":false},"author":1240,"featured_media":0,"parent":39,"menu_order":1,"comment_status":"closed","ping_status":"closed","template":"","meta":{"footnotes":""},"class_list":["post-180","page","type-page","status-publish","hentry"],"_links":{"self":[{"href":"https:\/\/wp.ufpel.edu.br\/ipab\/wp-json\/wp\/v2\/pages\/180","targetHints":{"allow":["GET"]}}],"collection":[{"href":"https:\/\/wp.ufpel.edu.br\/ipab\/wp-json\/wp\/v2\/pages"}],"about":[{"href":"https:\/\/wp.ufpel.edu.br\/ipab\/wp-json\/wp\/v2\/types\/page"}],"author":[{"embeddable":true,"href":"https:\/\/wp.ufpel.edu.br\/ipab\/wp-json\/wp\/v2\/users\/1240"}],"replies":[{"embeddable":true,"href":"https:\/\/wp.ufpel.edu.br\/ipab\/wp-json\/wp\/v2\/comments?post=180"}],"version-history":[{"count":1,"href":"https:\/\/wp.ufpel.edu.br\/ipab\/wp-json\/wp\/v2\/pages\/180\/revisions"}],"predecessor-version":[{"id":182,"href":"https:\/\/wp.ufpel.edu.br\/ipab\/wp-json\/wp\/v2\/pages\/180\/revisions\/182"}],"up":[{"embeddable":true,"href":"https:\/\/wp.ufpel.edu.br\/ipab\/wp-json\/wp\/v2\/pages\/39"}],"wp:attachment":[{"href":"https:\/\/wp.ufpel.edu.br\/ipab\/wp-json\/wp\/v2\/media?parent=180"}],"curies":[{"name":"wp","href":"https:\/\/api.w.org\/{rel}","templated":true}]}}