{"id":174,"date":"2024-06-17T11:08:43","date_gmt":"2024-06-17T14:08:43","guid":{"rendered":"https:\/\/wp.ufpel.edu.br\/ipab\/?page_id=174"},"modified":"2024-06-17T11:10:53","modified_gmt":"2024-06-17T14:10:53","slug":"terapia-de-reatribuicao","status":"publish","type":"page","link":"https:\/\/wp.ufpel.edu.br\/ipab\/abordagens-psicossociais\/abordagens-individuais\/terapia-de-reatribuicao\/","title":{"rendered":"Terapia de Reatribui\u00e7\u00e3o"},"content":{"rendered":"<p># Modelo de Terapia de Reatribui\u00e7\u00e3o: <a href=\"https:\/\/wp.ufpel.edu.br\/ipab\/files\/2022\/06\/Terapia-de-reatribuicao.v5.pdf\">Terapia de reatribui\u00e7\u00e3o.v5<\/a><\/p>\n","protected":false},"excerpt":{"rendered":"<p># Modelo de Terapia de Reatribui\u00e7\u00e3o: Terapia de reatribui\u00e7\u00e3o.v5<\/p>\n","protected":false},"author":1240,"featured_media":0,"parent":167,"menu_order":0,"comment_status":"closed","ping_status":"closed","template":"","meta":{"footnotes":""},"class_list":["post-174","page","type-page","status-publish","hentry"],"_links":{"self":[{"href":"https:\/\/wp.ufpel.edu.br\/ipab\/wp-json\/wp\/v2\/pages\/174","targetHints":{"allow":["GET"]}}],"collection":[{"href":"https:\/\/wp.ufpel.edu.br\/ipab\/wp-json\/wp\/v2\/pages"}],"about":[{"href":"https:\/\/wp.ufpel.edu.br\/ipab\/wp-json\/wp\/v2\/types\/page"}],"author":[{"embeddable":true,"href":"https:\/\/wp.ufpel.edu.br\/ipab\/wp-json\/wp\/v2\/users\/1240"}],"replies":[{"embeddable":true,"href":"https:\/\/wp.ufpel.edu.br\/ipab\/wp-json\/wp\/v2\/comments?post=174"}],"version-history":[{"count":3,"href":"https:\/\/wp.ufpel.edu.br\/ipab\/wp-json\/wp\/v2\/pages\/174\/revisions"}],"predecessor-version":[{"id":179,"href":"https:\/\/wp.ufpel.edu.br\/ipab\/wp-json\/wp\/v2\/pages\/174\/revisions\/179"}],"up":[{"embeddable":true,"href":"https:\/\/wp.ufpel.edu.br\/ipab\/wp-json\/wp\/v2\/pages\/167"}],"wp:attachment":[{"href":"https:\/\/wp.ufpel.edu.br\/ipab\/wp-json\/wp\/v2\/media?parent=174"}],"curies":[{"name":"wp","href":"https:\/\/api.w.org\/{rel}","templated":true}]}}