{"id":170,"date":"2024-06-17T11:01:59","date_gmt":"2024-06-17T14:01:59","guid":{"rendered":"https:\/\/wp.ufpel.edu.br\/ipab\/?page_id=170"},"modified":"2024-06-17T11:02:58","modified_gmt":"2024-06-17T14:02:58","slug":"abordagens-grupais","status":"publish","type":"page","link":"https:\/\/wp.ufpel.edu.br\/ipab\/abordagens-psicossociais\/abordagens-grupais\/","title":{"rendered":"Abordagens grupais"},"content":{"rendered":"<p>As abordagens grupais podem ser muito \u00fateis para aumentar o acesso das pessoas \u00e0s interven\u00e7\u00f5es psicossociais, proporcionando apoio e facilitando a comunica\u00e7\u00e3o e a coes\u00e3o social das pessoas na comunidade.<\/p>\n<p>Assim como as modalidades individuais, \u00e9 preciso que haja uma indica\u00e7\u00e3o para que as abordagens grupais possam beneficiar as pessoas.<\/p>\n<p><strong>Alguns princ\u00edpios b\u00e1sicos que indicam uma abordagem grupal s\u00e3o<\/strong>:<\/p>\n<p>+ Aceita\u00e7\u00e3o por parte da pessoa em participar de um grupo, mantendo as regras de participa\u00e7\u00e3o, como o respeito \u00e0s outras pessoas, os hor\u00e1rios e o n\u00edvel de sigilo combinados.<\/p>\n<p>+ Algumas pessoas com problemas de personalidade ou transtornos mentais graves podem n\u00e3o apresentar as condi\u00e7\u00f5es para participa\u00e7\u00e3o em grupos abertos, pela dificuldade em aceitar regras b\u00e1sicas, tend\u00eancia \u00e0 manipula\u00e7\u00e3o dos outros ou comportamento que dificulte a conviv\u00eancia num determinado grupo; nestes casos poderia ser cogitado um grupo com caracter\u00edsticas especiais para popula\u00e7\u00f5es espec\u00edficas.<\/p>\n<p>&nbsp;<\/p>\n","protected":false},"excerpt":{"rendered":"<p>As abordagens grupais podem ser muito \u00fateis para aumentar o acesso das pessoas \u00e0s interven\u00e7\u00f5es psicossociais, proporcionando apoio e facilitando a comunica\u00e7\u00e3o e a coes\u00e3o social das pessoas na comunidade. Assim como as modalidades individuais, \u00e9 preciso que haja uma indica\u00e7\u00e3o para que as abordagens grupais possam beneficiar as pessoas. Alguns princ\u00edpios b\u00e1sicos que indicam [&hellip;]<\/p>\n","protected":false},"author":1240,"featured_media":0,"parent":39,"menu_order":0,"comment_status":"closed","ping_status":"closed","template":"","meta":{"footnotes":""},"class_list":["post-170","page","type-page","status-publish","hentry"],"_links":{"self":[{"href":"https:\/\/wp.ufpel.edu.br\/ipab\/wp-json\/wp\/v2\/pages\/170","targetHints":{"allow":["GET"]}}],"collection":[{"href":"https:\/\/wp.ufpel.edu.br\/ipab\/wp-json\/wp\/v2\/pages"}],"about":[{"href":"https:\/\/wp.ufpel.edu.br\/ipab\/wp-json\/wp\/v2\/types\/page"}],"author":[{"embeddable":true,"href":"https:\/\/wp.ufpel.edu.br\/ipab\/wp-json\/wp\/v2\/users\/1240"}],"replies":[{"embeddable":true,"href":"https:\/\/wp.ufpel.edu.br\/ipab\/wp-json\/wp\/v2\/comments?post=170"}],"version-history":[{"count":2,"href":"https:\/\/wp.ufpel.edu.br\/ipab\/wp-json\/wp\/v2\/pages\/170\/revisions"}],"predecessor-version":[{"id":173,"href":"https:\/\/wp.ufpel.edu.br\/ipab\/wp-json\/wp\/v2\/pages\/170\/revisions\/173"}],"up":[{"embeddable":true,"href":"https:\/\/wp.ufpel.edu.br\/ipab\/wp-json\/wp\/v2\/pages\/39"}],"wp:attachment":[{"href":"https:\/\/wp.ufpel.edu.br\/ipab\/wp-json\/wp\/v2\/media?parent=170"}],"curies":[{"name":"wp","href":"https:\/\/api.w.org\/{rel}","templated":true}]}}