{"id":167,"date":"2024-06-17T10:51:25","date_gmt":"2024-06-17T13:51:25","guid":{"rendered":"https:\/\/wp.ufpel.edu.br\/ipab\/?page_id=167"},"modified":"2024-06-17T10:51:45","modified_gmt":"2024-06-17T13:51:45","slug":"abordagens-individuais","status":"publish","type":"page","link":"https:\/\/wp.ufpel.edu.br\/ipab\/abordagens-psicossociais\/abordagens-individuais\/","title":{"rendered":"Abordagens individuais"},"content":{"rendered":"<p>Nesta se\u00e7\u00e3o encontram-se algumas interven\u00e7\u00f5es que podem ser aplicadas individualmente, considerando as indica\u00e7\u00f5es terap\u00eauticas que possam beneficiar cada pessoa.<\/p>\n<p><strong>Alguns princ\u00edpios para a escolha de uma abordagem individual podem ser<\/strong>:<\/p>\n<p>+ a prefer\u00eancia da pessoa por essa abordagem<\/p>\n<p>+ a dificuldade ou mesmo contra-indica\u00e7\u00e3o para uma abordagem grupal (p.ex. em situa\u00e7\u00f5es que exijam maior sigilo; pessoas com transtornos de personalidade ou psicoses que n\u00e3o participem conforme as regras ou princ\u00edpios da din\u00e2mica grupal)<\/p>\n<p>+ maior efetividade da interven\u00e7\u00e3o individual de acordo com a pessoa ou o transtorno mental.<\/p>\n<p>&nbsp;<\/p>\n","protected":false},"excerpt":{"rendered":"<p>Nesta se\u00e7\u00e3o encontram-se algumas interven\u00e7\u00f5es que podem ser aplicadas individualmente, considerando as indica\u00e7\u00f5es terap\u00eauticas que possam beneficiar cada pessoa. Alguns princ\u00edpios para a escolha de uma abordagem individual podem ser: + a prefer\u00eancia da pessoa por essa abordagem + a dificuldade ou mesmo contra-indica\u00e7\u00e3o para uma abordagem grupal (p.ex. em situa\u00e7\u00f5es que exijam maior sigilo; [&hellip;]<\/p>\n","protected":false},"author":1240,"featured_media":0,"parent":39,"menu_order":0,"comment_status":"closed","ping_status":"closed","template":"","meta":{"footnotes":""},"class_list":["post-167","page","type-page","status-publish","hentry"],"_links":{"self":[{"href":"https:\/\/wp.ufpel.edu.br\/ipab\/wp-json\/wp\/v2\/pages\/167","targetHints":{"allow":["GET"]}}],"collection":[{"href":"https:\/\/wp.ufpel.edu.br\/ipab\/wp-json\/wp\/v2\/pages"}],"about":[{"href":"https:\/\/wp.ufpel.edu.br\/ipab\/wp-json\/wp\/v2\/types\/page"}],"author":[{"embeddable":true,"href":"https:\/\/wp.ufpel.edu.br\/ipab\/wp-json\/wp\/v2\/users\/1240"}],"replies":[{"embeddable":true,"href":"https:\/\/wp.ufpel.edu.br\/ipab\/wp-json\/wp\/v2\/comments?post=167"}],"version-history":[{"count":1,"href":"https:\/\/wp.ufpel.edu.br\/ipab\/wp-json\/wp\/v2\/pages\/167\/revisions"}],"predecessor-version":[{"id":169,"href":"https:\/\/wp.ufpel.edu.br\/ipab\/wp-json\/wp\/v2\/pages\/167\/revisions\/169"}],"up":[{"embeddable":true,"href":"https:\/\/wp.ufpel.edu.br\/ipab\/wp-json\/wp\/v2\/pages\/39"}],"wp:attachment":[{"href":"https:\/\/wp.ufpel.edu.br\/ipab\/wp-json\/wp\/v2\/media?parent=167"}],"curies":[{"name":"wp","href":"https:\/\/api.w.org\/{rel}","templated":true}]}}