{"id":14,"date":"2022-06-24T12:07:43","date_gmt":"2022-06-24T15:07:43","guid":{"rendered":"https:\/\/wp.ufpel.edu.br\/ipab\/?page_id=14"},"modified":"2025-01-31T09:18:52","modified_gmt":"2025-01-31T12:18:52","slug":"instrumentos","status":"publish","type":"page","link":"https:\/\/wp.ufpel.edu.br\/ipab\/abordagens-psicossociais\/abordagens-individuais\/instrumentos\/","title":{"rendered":"T\u00e9cnica de Manejo de Problemas"},"content":{"rendered":"<p>A t\u00e9cnica de manejo de problemas pode ajudar o paciente a identificar problemas ou conflitos relacionados a sofrimento emocional, buscar recursos para resolver suas dificuldades, aumentar a sensa\u00e7\u00e3o de controle sobre as circunst\u00e2ncias negativas e facilitar a resolu\u00e7\u00e3o de problemas futuros.<\/p>\n<p>Est\u00e1 indicada para transtornos mentais leves a moderados, como a depress\u00e3o leve a moderada (efetividade com n\u00edvel de evid\u00eancia B &#8211; moderada), transtornos de ansiedade e transtornos de ajustamento, associados a perda real ou temida, adoecimento f\u00edsico, dificuldades de relacionamento, problemas no trabalho ou estudo, adapta\u00e7\u00e3o a situa\u00e7\u00f5es de doen\u00e7a mental.<\/p>\n<p>N\u00e3o est\u00e1 indicada para transtornos mentais graves na aten\u00e7\u00e3o prim\u00e1ria, como os transtornos psic\u00f3ticos, transtornos por uso de subst\u00e2ncias e transtornos de personalidade.<\/p>\n<p>Pode ser aplicada na rotina de atendimento dos profissionais da APS ou por consultas especialmente dedicadas.<\/p>\n<p>O processo segue estas etapas:<\/p>\n<ol>\n<li>Identificar a necessidade e aplicabilidade (indica\u00e7\u00f5es e contra-indica\u00e7\u00f5es)<\/li>\n<li>Explicar o tratamento<\/li>\n<li>Listar e eleger problemas<\/li>\n<li>Pensar em metas alcan\u00e7\u00e1veis<\/li>\n<li>Gerar solu\u00e7\u00f5es<\/li>\n<li>Eleger uma solu\u00e7\u00e3o<\/li>\n<li>Colocar a solu\u00e7\u00e3o em pr\u00e1tica<\/li>\n<li>Avaliar e repetir o ciclo<\/li>\n<\/ol>\n<p># T\u00e9cnica de Manejo de Problemas (modelo adaptado UFPEL): <a href=\"https:\/\/wp.ufpel.edu.br\/ipab\/files\/2025\/01\/TMP-registro.pdf\">TMP-registro<\/a><\/p>\n<p>&nbsp;<\/p>\n<hr \/>\n<p>Gon\u00e7alves, Daniel A.; Ballester, Dinarte; Chazan, Luiz Fernando; Almeida, Naly S.; Fortes, Sandra. Interven\u00e7\u00f5es psicossociais na aten\u00e7\u00e3o prim\u00e1ria \u00e0 sa\u00fade. In: Duncan, Bruce et al. Medicina Ambulatorial &#8211; condutas de aten\u00e7\u00e3o prim\u00e1ria baseadas em evid\u00eancias. 5 ed. Porto Alegre: Atmed, 2022.<\/p>\n<p>&nbsp;<\/p>\n","protected":false},"excerpt":{"rendered":"<p>A t\u00e9cnica de manejo de problemas pode ajudar o paciente a identificar problemas ou conflitos relacionados a sofrimento emocional, buscar recursos para resolver suas dificuldades, aumentar a sensa\u00e7\u00e3o de controle sobre as circunst\u00e2ncias negativas e facilitar a resolu\u00e7\u00e3o de problemas futuros. Est\u00e1 indicada para transtornos mentais leves a moderados, como a depress\u00e3o leve a moderada [&hellip;]<\/p>\n","protected":false},"author":1240,"featured_media":0,"parent":167,"menu_order":0,"comment_status":"closed","ping_status":"closed","template":"","meta":{"footnotes":""},"class_list":["post-14","page","type-page","status-publish","hentry"],"_links":{"self":[{"href":"https:\/\/wp.ufpel.edu.br\/ipab\/wp-json\/wp\/v2\/pages\/14","targetHints":{"allow":["GET"]}}],"collection":[{"href":"https:\/\/wp.ufpel.edu.br\/ipab\/wp-json\/wp\/v2\/pages"}],"about":[{"href":"https:\/\/wp.ufpel.edu.br\/ipab\/wp-json\/wp\/v2\/types\/page"}],"author":[{"embeddable":true,"href":"https:\/\/wp.ufpel.edu.br\/ipab\/wp-json\/wp\/v2\/users\/1240"}],"replies":[{"embeddable":true,"href":"https:\/\/wp.ufpel.edu.br\/ipab\/wp-json\/wp\/v2\/comments?post=14"}],"version-history":[{"count":10,"href":"https:\/\/wp.ufpel.edu.br\/ipab\/wp-json\/wp\/v2\/pages\/14\/revisions"}],"predecessor-version":[{"id":350,"href":"https:\/\/wp.ufpel.edu.br\/ipab\/wp-json\/wp\/v2\/pages\/14\/revisions\/350"}],"up":[{"embeddable":true,"href":"https:\/\/wp.ufpel.edu.br\/ipab\/wp-json\/wp\/v2\/pages\/167"}],"wp:attachment":[{"href":"https:\/\/wp.ufpel.edu.br\/ipab\/wp-json\/wp\/v2\/media?parent=14"}],"curies":[{"name":"wp","href":"https:\/\/api.w.org\/{rel}","templated":true}]}}