{"id":119,"date":"2023-07-05T11:00:35","date_gmt":"2023-07-05T14:00:35","guid":{"rendered":"https:\/\/wp.ufpel.edu.br\/ipab\/?page_id=119"},"modified":"2024-06-17T11:05:37","modified_gmt":"2024-06-17T14:05:37","slug":"terapia-focada-na-compaixao","status":"publish","type":"page","link":"https:\/\/wp.ufpel.edu.br\/ipab\/abordagens-psicossociais\/abordagens-individuais\/terapia-focada-na-compaixao\/","title":{"rendered":"Terapia Focada na Compaix\u00e3o"},"content":{"rendered":"<p>A Terapia Focada na Compaix\u00e3o \u00e9 uma abordagem da chamada &#8220;terceira onda das terapias cognitivo-comportamentais&#8221; est\u00e1 fundamentada na teoria evolutiva, na neuroci\u00eancia da regula\u00e7\u00e3o do afeto, bem como em pesquisas psicol\u00f3gicas b\u00e1sicas.<\/p>\n<p>Saiba mais em\u00a0<a href=\"https:\/\/www.hogrefe.com.br\/terapia-focada-na-compaixao.html\">https:\/\/www.hogrefe.com.br\/terapia-focada-na-compaixao.html<\/a><\/p>\n<p>Acesse os sites (em ingl\u00eas):<\/p>\n<p><a href=\"https:\/\/www.compassionatemind.co.uk\/\">https:\/\/www.compassionatemind.co.uk\/<\/a><\/p>\n<p><a href=\"https:\/\/centerformsc.org\/\">https:\/\/centerformsc.org\/<\/a><\/p>\n","protected":false},"excerpt":{"rendered":"<p>A Terapia Focada na Compaix\u00e3o \u00e9 uma abordagem da chamada &#8220;terceira onda das terapias cognitivo-comportamentais&#8221; est\u00e1 fundamentada na teoria evolutiva, na neuroci\u00eancia da regula\u00e7\u00e3o do afeto, bem como em pesquisas psicol\u00f3gicas b\u00e1sicas. Saiba mais em\u00a0https:\/\/www.hogrefe.com.br\/terapia-focada-na-compaixao.html Acesse os sites (em ingl\u00eas): https:\/\/www.compassionatemind.co.uk\/ https:\/\/centerformsc.org\/<\/p>\n","protected":false},"author":1240,"featured_media":0,"parent":167,"menu_order":0,"comment_status":"closed","ping_status":"closed","template":"","meta":{"footnotes":""},"class_list":["post-119","page","type-page","status-publish","hentry"],"_links":{"self":[{"href":"https:\/\/wp.ufpel.edu.br\/ipab\/wp-json\/wp\/v2\/pages\/119","targetHints":{"allow":["GET"]}}],"collection":[{"href":"https:\/\/wp.ufpel.edu.br\/ipab\/wp-json\/wp\/v2\/pages"}],"about":[{"href":"https:\/\/wp.ufpel.edu.br\/ipab\/wp-json\/wp\/v2\/types\/page"}],"author":[{"embeddable":true,"href":"https:\/\/wp.ufpel.edu.br\/ipab\/wp-json\/wp\/v2\/users\/1240"}],"replies":[{"embeddable":true,"href":"https:\/\/wp.ufpel.edu.br\/ipab\/wp-json\/wp\/v2\/comments?post=119"}],"version-history":[{"count":1,"href":"https:\/\/wp.ufpel.edu.br\/ipab\/wp-json\/wp\/v2\/pages\/119\/revisions"}],"predecessor-version":[{"id":121,"href":"https:\/\/wp.ufpel.edu.br\/ipab\/wp-json\/wp\/v2\/pages\/119\/revisions\/121"}],"up":[{"embeddable":true,"href":"https:\/\/wp.ufpel.edu.br\/ipab\/wp-json\/wp\/v2\/pages\/167"}],"wp:attachment":[{"href":"https:\/\/wp.ufpel.edu.br\/ipab\/wp-json\/wp\/v2\/media?parent=119"}],"curies":[{"name":"wp","href":"https:\/\/api.w.org\/{rel}","templated":true}]}}