{"id":107,"date":"2023-06-19T11:46:03","date_gmt":"2023-06-19T14:46:03","guid":{"rendered":"https:\/\/wp.ufpel.edu.br\/ipab\/?page_id=107"},"modified":"2024-06-17T11:04:37","modified_gmt":"2024-06-17T14:04:37","slug":"abordando-o-sofrimento-mental","status":"publish","type":"page","link":"https:\/\/wp.ufpel.edu.br\/ipab\/abordagens-psicossociais\/abordagens-individuais\/abordando-o-sofrimento-mental\/","title":{"rendered":"Abordando o sofrimento mental"},"content":{"rendered":"<p>Este material trata do &#8220;sofrimento mental comum&#8221;, como conceituado pelos autores, tamb\u00e9m chamado &#8220;transtorno mental comum&#8221;, que \u00e9 uma apresenta\u00e7\u00e3o frequente nos servi\u00e7os de aten\u00e7\u00e3o prim\u00e1ria, propondo uma abordagem compreensiva do problema.<\/p>\n<p><a href=\"https:\/\/wp.ufpel.edu.br\/ipab\/files\/2023\/06\/Cartilha-Abordando-o-Sofrimento-Mental-em-7-passos-1.pdf\">Cartilha &#8211; Abordando o Sofrimento Mental em 7 passos (1)<\/a><\/p>\n","protected":false},"excerpt":{"rendered":"<p>Este material trata do &#8220;sofrimento mental comum&#8221;, como conceituado pelos autores, tamb\u00e9m chamado &#8220;transtorno mental comum&#8221;, que \u00e9 uma apresenta\u00e7\u00e3o frequente nos servi\u00e7os de aten\u00e7\u00e3o prim\u00e1ria, propondo uma abordagem compreensiva do problema. Cartilha &#8211; Abordando o Sofrimento Mental em 7 passos (1)<\/p>\n","protected":false},"author":1240,"featured_media":0,"parent":167,"menu_order":0,"comment_status":"closed","ping_status":"closed","template":"","meta":{"footnotes":""},"class_list":["post-107","page","type-page","status-publish","hentry"],"_links":{"self":[{"href":"https:\/\/wp.ufpel.edu.br\/ipab\/wp-json\/wp\/v2\/pages\/107","targetHints":{"allow":["GET"]}}],"collection":[{"href":"https:\/\/wp.ufpel.edu.br\/ipab\/wp-json\/wp\/v2\/pages"}],"about":[{"href":"https:\/\/wp.ufpel.edu.br\/ipab\/wp-json\/wp\/v2\/types\/page"}],"author":[{"embeddable":true,"href":"https:\/\/wp.ufpel.edu.br\/ipab\/wp-json\/wp\/v2\/users\/1240"}],"replies":[{"embeddable":true,"href":"https:\/\/wp.ufpel.edu.br\/ipab\/wp-json\/wp\/v2\/comments?post=107"}],"version-history":[{"count":1,"href":"https:\/\/wp.ufpel.edu.br\/ipab\/wp-json\/wp\/v2\/pages\/107\/revisions"}],"predecessor-version":[{"id":110,"href":"https:\/\/wp.ufpel.edu.br\/ipab\/wp-json\/wp\/v2\/pages\/107\/revisions\/110"}],"up":[{"embeddable":true,"href":"https:\/\/wp.ufpel.edu.br\/ipab\/wp-json\/wp\/v2\/pages\/167"}],"wp:attachment":[{"href":"https:\/\/wp.ufpel.edu.br\/ipab\/wp-json\/wp\/v2\/media?parent=107"}],"curies":[{"name":"wp","href":"https:\/\/api.w.org\/{rel}","templated":true}]}}