{"id":85,"date":"2019-06-12T19:32:12","date_gmt":"2019-06-12T22:32:12","guid":{"rendered":"https:\/\/wp.ufpel.edu.br\/inventar\/?page_id=85"},"modified":"2021-01-21T14:10:48","modified_gmt":"2021-01-21T17:10:48","slug":"direito-arte-e-cidadania","status":"publish","type":"page","link":"https:\/\/wp.ufpel.edu.br\/inventar\/","title":{"rendered":"Direito, Arte e Cidadania"},"content":{"rendered":"\n<p>O Grupo de Pesquisa, Ensino e Extens\u00e3o &#8220;Inventar: arte e constru\u00e7\u00e3o do conhecimento jur\u00eddico&#8221; est\u00e1 vinculado \u00e0 Faculdade de Direito e ao Programa de P\u00f3s-Gradua\u00e7\u00e3o em Direito da Universidade Federal de Pelotas, sendo coordenado por Ana Clara Correa Henning. Seu objetivo \u00e9 o de dialogar a respeito de estrat\u00e9gias de constru\u00e7\u00e3o de saberes sobre o direito a partir da arte.<\/p>\n\n\n\n<p>O Inventar insere-se no campo te\u00f3rico do Direito &amp; Arte, entendendo-o como espa\u00e7o potente para a democratiza\u00e7\u00e3o do conhecimento jur\u00eddico.<br>O termo &#8220;inventar&#8221; vem da percep\u00e7\u00e3o dos estudos foucaultianos de que o conhecimento \u00e9 uma inven\u00e7\u00e3o, uma constru\u00e7\u00e3o humana, n\u00e3o havendo nele nenhuma ess\u00eancia pr\u00e9-existente. Ele pode ser, portanto, cotidianamente reinventado.<\/p>\n\n\n\n<p>Nascemos na Faculdade de Direito da UFPel, mas hoje agregamos pessoas de v\u00e1rias outras tribos. Tem gente da Letras, das Artes, da Conserva\u00e7\u00e3o e Restauro, da Arquitetura, da Engenharia, da Educa\u00e7\u00e3o, do Teatro, da Comunica\u00e7\u00e3o&#8230; Nos reunimos porque gostamos de misturar o direito, a arte e outras \u00e1reas do conhecimento. Enfim, acreditamos na co-cria\u00e7\u00e3o entre Universidade e Comunidade por meio de a\u00e7\u00f5es de pesquisa, ensino e extens\u00e3o. <\/p>\n\n\n\n<p class=\"has-small-font-size\">Saiba+<\/p>\n\n\n\n<p><\/p>\n\n\n\n<p> <\/p>\n\n\n\n<p><\/p>\n","protected":false},"excerpt":{"rendered":"<p>O Grupo de Pesquisa, Ensino e Extens\u00e3o &#8220;Inventar: arte e constru\u00e7\u00e3o do conhecimento jur\u00eddico&#8221; est\u00e1 vinculado \u00e0 Faculdade de Direito e ao Programa de P\u00f3s-Gradua\u00e7\u00e3o em Direito da Universidade Federal de Pelotas, sendo coordenado&#46;&#46;&#46;<\/p>\n","protected":false},"author":836,"featured_media":0,"parent":0,"menu_order":0,"comment_status":"closed","ping_status":"closed","template":"","meta":{"footnotes":""},"class_list":["post-85","page","type-page","status-publish","hentry"],"_links":{"self":[{"href":"https:\/\/wp.ufpel.edu.br\/inventar\/wp-json\/wp\/v2\/pages\/85","targetHints":{"allow":["GET"]}}],"collection":[{"href":"https:\/\/wp.ufpel.edu.br\/inventar\/wp-json\/wp\/v2\/pages"}],"about":[{"href":"https:\/\/wp.ufpel.edu.br\/inventar\/wp-json\/wp\/v2\/types\/page"}],"author":[{"embeddable":true,"href":"https:\/\/wp.ufpel.edu.br\/inventar\/wp-json\/wp\/v2\/users\/836"}],"replies":[{"embeddable":true,"href":"https:\/\/wp.ufpel.edu.br\/inventar\/wp-json\/wp\/v2\/comments?post=85"}],"version-history":[{"count":24,"href":"https:\/\/wp.ufpel.edu.br\/inventar\/wp-json\/wp\/v2\/pages\/85\/revisions"}],"predecessor-version":[{"id":438,"href":"https:\/\/wp.ufpel.edu.br\/inventar\/wp-json\/wp\/v2\/pages\/85\/revisions\/438"}],"wp:attachment":[{"href":"https:\/\/wp.ufpel.edu.br\/inventar\/wp-json\/wp\/v2\/media?parent=85"}],"curies":[{"name":"wp","href":"https:\/\/api.w.org\/{rel}","templated":true}]}}