{"id":432,"date":"2021-01-21T14:06:37","date_gmt":"2021-01-21T17:06:37","guid":{"rendered":"https:\/\/wp.ufpel.edu.br\/inventar\/?page_id=432"},"modified":"2021-01-21T17:06:53","modified_gmt":"2021-01-21T20:06:53","slug":"juristas-em-construcao-serie-de-bate-papos","status":"publish","type":"page","link":"https:\/\/wp.ufpel.edu.br\/inventar\/juristas-em-construcao-serie-de-bate-papos\/","title":{"rendered":"Juristas em Constru\u00e7\u00e3o &#8211; s\u00e9rie de bate-papos"},"content":{"rendered":"\n<p>A s\u00e9rie de bate-papos &#8220;Juristas em Constru\u00e7\u00e3o&#8221; \u00e9 organizada pelo Grupo de Pesquisa, Ensino e Extens\u00e3o Inventar: arte e constru\u00e7\u00e3o do Conhecimento Jur\u00eddico (CNPq), vinculado \u00e0 Faculdade de Direito, \u00e0 Faculdade de Educa\u00e7\u00e3o, ao PPGD e ao PPGE da Universidade Federal de Pelotas (UFPel). Ela foi pensada a partir de duas necessidades: a) apresentar alguns aspectos do direito e de seu sistema de justi\u00e7a para aquelas e aqueles que se encontram no in\u00edcio de seus estudos jur\u00eddicos e b) demonstrar a pot\u00eancia da imbrica\u00e7\u00e3o entre direito e arte. Confira!<\/p>\n\n\n\n<p><\/p>\n\n\n\n<p><strong><span class=\"has-inline-color has-luminous-vivid-orange-color\">Imagens e Meios de Prova para Juristas em Constru\u00e7\u00e3o<\/span><\/strong><\/p>\n\n\n\n<figure class=\"wp-block-image size-large\"><img loading=\"lazy\" decoding=\"async\" width=\"724\" height=\"1024\" src=\"https:\/\/wp.ufpel.edu.br\/inventar\/files\/2021\/01\/Imagens-e-Meios-de-Prova-para-Juristas-em-Construcao-II-1-724x1024.png\" alt=\"\" class=\"wp-image-450\" srcset=\"https:\/\/wp.ufpel.edu.br\/inventar\/files\/2021\/01\/Imagens-e-Meios-de-Prova-para-Juristas-em-Construcao-II-1-724x1024.png 724w, https:\/\/wp.ufpel.edu.br\/inventar\/files\/2021\/01\/Imagens-e-Meios-de-Prova-para-Juristas-em-Construcao-II-1-212x300.png 212w, https:\/\/wp.ufpel.edu.br\/inventar\/files\/2021\/01\/Imagens-e-Meios-de-Prova-para-Juristas-em-Construcao-II-1-106x150.png 106w, https:\/\/wp.ufpel.edu.br\/inventar\/files\/2021\/01\/Imagens-e-Meios-de-Prova-para-Juristas-em-Construcao-II-1-768x1086.png 768w, https:\/\/wp.ufpel.edu.br\/inventar\/files\/2021\/01\/Imagens-e-Meios-de-Prova-para-Juristas-em-Construcao-II-1-1086x1536.png 1086w, https:\/\/wp.ufpel.edu.br\/inventar\/files\/2021\/01\/Imagens-e-Meios-de-Prova-para-Juristas-em-Construcao-II-1-1448x2048.png 1448w, https:\/\/wp.ufpel.edu.br\/inventar\/files\/2021\/01\/Imagens-e-Meios-de-Prova-para-Juristas-em-Construcao-II-1.png 1587w\" sizes=\"auto, (max-width: 724px) 100vw, 724px\" \/><\/figure>\n\n\n\n<p>Um bate-papo entre amigos sobre a for\u00e7a das imagens, meios de prova, direito e justi\u00e7a. Ana Clara Correa Henning (PPGD e Faculdade de Direito\/UFPel) e Felipe Marques Couto (Faculdade de Direito\/UFPel) recebem Juliano da Rosa Passos neste primeiro epis\u00f3dio da s\u00e9rie.<\/p>\n\n\n\n<p>Link: <a href=\"https:\/\/youtu.be\/bzry0VVlX-Q\" target=\"_blank\" rel=\"noreferrer noopener\">https:\/\/youtu.be\/bzry0VVlX-Q<\/a><\/p>\n\n\n\n<p><\/p>\n\n\n\n<p><span class=\"has-inline-color has-luminous-vivid-orange-color\"><strong>M\u00fasicas para Juristas em Constru\u00e7\u00e3o<\/strong><\/span><\/p>\n\n\n\n<figure class=\"wp-block-image size-large\"><img loading=\"lazy\" decoding=\"async\" width=\"724\" height=\"1024\" src=\"https:\/\/wp.ufpel.edu.br\/inventar\/files\/2021\/01\/Musicas-para-Juristas-em-Construcao-1-724x1024.png\" alt=\"\" class=\"wp-image-453\" srcset=\"https:\/\/wp.ufpel.edu.br\/inventar\/files\/2021\/01\/Musicas-para-Juristas-em-Construcao-1-724x1024.png 724w, https:\/\/wp.ufpel.edu.br\/inventar\/files\/2021\/01\/Musicas-para-Juristas-em-Construcao-1-212x300.png 212w, https:\/\/wp.ufpel.edu.br\/inventar\/files\/2021\/01\/Musicas-para-Juristas-em-Construcao-1-106x150.png 106w, https:\/\/wp.ufpel.edu.br\/inventar\/files\/2021\/01\/Musicas-para-Juristas-em-Construcao-1-768x1086.png 768w, https:\/\/wp.ufpel.edu.br\/inventar\/files\/2021\/01\/Musicas-para-Juristas-em-Construcao-1-1086x1536.png 1086w, https:\/\/wp.ufpel.edu.br\/inventar\/files\/2021\/01\/Musicas-para-Juristas-em-Construcao-1-1448x2048.png 1448w, https:\/\/wp.ufpel.edu.br\/inventar\/files\/2021\/01\/Musicas-para-Juristas-em-Construcao-1.png 1587w\" sizes=\"auto, (max-width: 724px) 100vw, 724px\" \/><\/figure>\n\n\n\n<p>Um bate-papo entre amigos sobre m\u00fasica, direito, forma\u00e7\u00e3o profissional e justi\u00e7a. Ana Clara Correa Henning (PPGD e Faculdade de Direito\/UFPel) e Felipe Marques Couto (Faculdade de Direito\/UFPel) recebem Paulo Ferrarezi Filho neste segundo epis\u00f3dio da s\u00e9rie.<\/p>\n\n\n\n<p>Link: <a href=\"https:\/\/youtu.be\/RExxW_b_UbQ\" target=\"_blank\" rel=\"noreferrer noopener\">https:\/\/youtu.be\/RExxW_b_UbQ<\/a><\/p>\n\n\n\n<p><\/p>\n\n\n\n<p><span class=\"has-inline-color has-luminous-vivid-orange-color\"><strong>&#8220;Eu, Daniel Blake&#8221; e Estado Social para Juristas em Constru\u00e7\u00e3o<\/strong><\/span><\/p>\n\n\n\n<figure class=\"wp-block-image size-large\"><img loading=\"lazy\" decoding=\"async\" width=\"724\" height=\"1024\" src=\"https:\/\/wp.ufpel.edu.br\/inventar\/files\/2021\/01\/Eu-Daniel-Blake-para-juristas-em-construcao-724x1024.png\" alt=\"\" class=\"wp-image-455\" srcset=\"https:\/\/wp.ufpel.edu.br\/inventar\/files\/2021\/01\/Eu-Daniel-Blake-para-juristas-em-construcao-724x1024.png 724w, https:\/\/wp.ufpel.edu.br\/inventar\/files\/2021\/01\/Eu-Daniel-Blake-para-juristas-em-construcao-212x300.png 212w, https:\/\/wp.ufpel.edu.br\/inventar\/files\/2021\/01\/Eu-Daniel-Blake-para-juristas-em-construcao-106x150.png 106w, https:\/\/wp.ufpel.edu.br\/inventar\/files\/2021\/01\/Eu-Daniel-Blake-para-juristas-em-construcao-768x1086.png 768w, https:\/\/wp.ufpel.edu.br\/inventar\/files\/2021\/01\/Eu-Daniel-Blake-para-juristas-em-construcao-1086x1536.png 1086w, https:\/\/wp.ufpel.edu.br\/inventar\/files\/2021\/01\/Eu-Daniel-Blake-para-juristas-em-construcao-1448x2048.png 1448w, https:\/\/wp.ufpel.edu.br\/inventar\/files\/2021\/01\/Eu-Daniel-Blake-para-juristas-em-construcao.png 1587w\" sizes=\"auto, (max-width: 724px) 100vw, 724px\" \/><\/figure>\n\n\n\n<p>Um bate-papo entre amigos sobre cinema, Estado social, burocracia e direito administrativo. Ana Clara Correa Henning (PPGD e Faculdade de Direito\/UFPel) e Felipe Marques Couto (Faculdade de Direito\/UFPel) recebem Gustavo Fontana Pedrollo neste terceiro epis\u00f3dio da s\u00e9rie.<\/p>\n\n\n\n<p>Link: <a href=\"https:\/\/www.youtube.com\/watch?v=W1AKRU2VMEw&amp;list=PL-tQBIf_NFhvSg2RNxzhS6RLw3NGYEFZC&amp;index=6\" target=\"_blank\" rel=\"noreferrer noopener\">https:\/\/youtu.be\/W1AKRU2VMEw<\/a><\/p>\n\n\n\n<p><\/p>\n\n\n\n<p><strong><span class=\"has-inline-color has-luminous-vivid-orange-color\">&#8220;O Som ao Redor&#8221; para Juristas em Constru\u00e7\u00e3o<\/span><\/strong><\/p>\n\n\n\n<figure class=\"wp-block-image size-large\"><img loading=\"lazy\" decoding=\"async\" width=\"724\" height=\"1024\" src=\"https:\/\/wp.ufpel.edu.br\/inventar\/files\/2021\/01\/O-som-ao-redor-724x1024.png\" alt=\"\" class=\"wp-image-456\" srcset=\"https:\/\/wp.ufpel.edu.br\/inventar\/files\/2021\/01\/O-som-ao-redor-724x1024.png 724w, https:\/\/wp.ufpel.edu.br\/inventar\/files\/2021\/01\/O-som-ao-redor-212x300.png 212w, https:\/\/wp.ufpel.edu.br\/inventar\/files\/2021\/01\/O-som-ao-redor-106x150.png 106w, https:\/\/wp.ufpel.edu.br\/inventar\/files\/2021\/01\/O-som-ao-redor-768x1086.png 768w, https:\/\/wp.ufpel.edu.br\/inventar\/files\/2021\/01\/O-som-ao-redor-1086x1536.png 1086w, https:\/\/wp.ufpel.edu.br\/inventar\/files\/2021\/01\/O-som-ao-redor-1448x2048.png 1448w, https:\/\/wp.ufpel.edu.br\/inventar\/files\/2021\/01\/O-som-ao-redor.png 1587w\" sizes=\"auto, (max-width: 724px) 100vw, 724px\" \/><\/figure>\n\n\n\n<p>Um bate-papo entre amigos sobre cinema, sociedade brasileira e justi\u00e7a. Ana Clara Correa Henning (PPGD e Faculdade de Direito\/UFPel) e Felipe Marques Couto (Faculdade de Direito\/UFPel) recebem M\u00e1rcio Medeiros F\u00e9lix neste quarto epis\u00f3dio da s\u00e9rie.<\/p>\n\n\n\n<p>Link: <a href=\"https:\/\/youtu.be\/acSqcIYBf7s\" target=\"_blank\" rel=\"noreferrer noopener\">https:\/\/youtu.be\/acSqcIYBf7s<\/a><\/p>\n\n\n\n<p><\/p>\n\n\n\n<p><strong><span class=\"has-inline-color has-luminous-vivid-orange-color\">&#8220;Lady Gaga&#8221; para Juristas em Constru\u00e7\u00e3o<\/span><\/strong><\/p>\n\n\n\n<figure class=\"wp-block-image size-large\"><img loading=\"lazy\" decoding=\"async\" width=\"724\" height=\"1024\" src=\"https:\/\/wp.ufpel.edu.br\/inventar\/files\/2021\/01\/Lady-Gaga-724x1024.png\" alt=\"\" class=\"wp-image-463\" srcset=\"https:\/\/wp.ufpel.edu.br\/inventar\/files\/2021\/01\/Lady-Gaga-724x1024.png 724w, https:\/\/wp.ufpel.edu.br\/inventar\/files\/2021\/01\/Lady-Gaga-212x300.png 212w, https:\/\/wp.ufpel.edu.br\/inventar\/files\/2021\/01\/Lady-Gaga-106x150.png 106w, https:\/\/wp.ufpel.edu.br\/inventar\/files\/2021\/01\/Lady-Gaga-768x1086.png 768w, https:\/\/wp.ufpel.edu.br\/inventar\/files\/2021\/01\/Lady-Gaga-1086x1536.png 1086w, https:\/\/wp.ufpel.edu.br\/inventar\/files\/2021\/01\/Lady-Gaga-1448x2048.png 1448w, https:\/\/wp.ufpel.edu.br\/inventar\/files\/2021\/01\/Lady-Gaga.png 1587w\" sizes=\"auto, (max-width: 724px) 100vw, 724px\" \/><\/figure>\n\n\n\n<p>Um bate-papo sobre performatividade, viol\u00eancia de g\u00eanero e justi\u00e7a. Felipe Marques Couto (Faculdade de Direito\/UFPel) recebe Israel das Neves Porto e Juliana Segat neste quinto epis\u00f3dio da s\u00e9rie.<\/p>\n\n\n\n<p>Este epis\u00f3dio n\u00e3o foi gravado.<\/p>\n\n\n\n<p><strong><span class=\"has-inline-color has-luminous-vivid-orange-color\">&#8220;Alguma Literatura&#8221; para Juristas em Constru\u00e7\u00e3o<\/span><\/strong><\/p>\n\n\n\n<figure class=\"wp-block-image size-large\"><img loading=\"lazy\" decoding=\"async\" width=\"724\" height=\"1024\" src=\"https:\/\/wp.ufpel.edu.br\/inventar\/files\/2021\/01\/Alguma-literatura-724x1024.png\" alt=\"\" class=\"wp-image-459\" srcset=\"https:\/\/wp.ufpel.edu.br\/inventar\/files\/2021\/01\/Alguma-literatura-724x1024.png 724w, https:\/\/wp.ufpel.edu.br\/inventar\/files\/2021\/01\/Alguma-literatura-212x300.png 212w, https:\/\/wp.ufpel.edu.br\/inventar\/files\/2021\/01\/Alguma-literatura-106x150.png 106w, https:\/\/wp.ufpel.edu.br\/inventar\/files\/2021\/01\/Alguma-literatura-768x1086.png 768w, https:\/\/wp.ufpel.edu.br\/inventar\/files\/2021\/01\/Alguma-literatura-1086x1536.png 1086w, https:\/\/wp.ufpel.edu.br\/inventar\/files\/2021\/01\/Alguma-literatura-1448x2048.png 1448w, https:\/\/wp.ufpel.edu.br\/inventar\/files\/2021\/01\/Alguma-literatura.png 1587w\" sizes=\"auto, (max-width: 724px) 100vw, 724px\" \/><\/figure>\n\n\n\n<p>Um bate-papo entre amigos sobre literatura, Ant\u00edgona, direito e justi\u00e7a. Ana Clara Correa Henning (PPGD e Faculdade de Direito\/UFPel) e Felipe Marques Couto (Faculdade de Direito\/UFPel) recebem Henrique Gomes Boabaid neste sexto epis\u00f3dio da s\u00e9rie.<\/p>\n\n\n\n<p>Link:<a href=\"https:\/\/youtu.be\/-Xeb0V0wXI4\" target=\"_blank\" rel=\"noreferrer noopener\"> https:\/\/youtu.be\/-Xeb0V0wXI4<\/a><\/p>\n\n\n\n<p><\/p>\n\n\n\n<p><strong><span class=\"has-inline-color has-luminous-vivid-orange-color\">&#8220;Grada Kilomba&#8221; para Juristas em Constru\u00e7\u00e3o<\/span><\/strong><\/p>\n\n\n\n<figure class=\"wp-block-image size-large\"><img loading=\"lazy\" decoding=\"async\" width=\"724\" height=\"1024\" src=\"https:\/\/wp.ufpel.edu.br\/inventar\/files\/2021\/01\/Grada-Kilomba-II-1-724x1024.png\" alt=\"\" class=\"wp-image-462\" srcset=\"https:\/\/wp.ufpel.edu.br\/inventar\/files\/2021\/01\/Grada-Kilomba-II-1-724x1024.png 724w, https:\/\/wp.ufpel.edu.br\/inventar\/files\/2021\/01\/Grada-Kilomba-II-1-212x300.png 212w, https:\/\/wp.ufpel.edu.br\/inventar\/files\/2021\/01\/Grada-Kilomba-II-1-106x150.png 106w, https:\/\/wp.ufpel.edu.br\/inventar\/files\/2021\/01\/Grada-Kilomba-II-1-768x1086.png 768w, https:\/\/wp.ufpel.edu.br\/inventar\/files\/2021\/01\/Grada-Kilomba-II-1-1086x1536.png 1086w, https:\/\/wp.ufpel.edu.br\/inventar\/files\/2021\/01\/Grada-Kilomba-II-1-1448x2048.png 1448w, https:\/\/wp.ufpel.edu.br\/inventar\/files\/2021\/01\/Grada-Kilomba-II-1.png 1587w\" sizes=\"auto, (max-width: 724px) 100vw, 724px\" \/><\/figure>\n\n\n\n<p>Um bate-papo entre amigas sobre poesia, vozes negras, direito e justi\u00e7a. Ana Clara Correa Henning (PPGD e Faculdade de Direito\/UFPel) e Felipe Marques Couto (Faculdade de Direito\/UFPel) recebem Raquel Silveira Rita Dias e Thais Bonato Gomes neste s\u00e9timo epis\u00f3dio da s\u00e9rie.<\/p>\n\n\n\n<p>Link: h<a href=\"\/\/youtu.be\/ZP9X7WBVptk\" target=\"_blank\" rel=\"noreferrer noopener\">ttps:\/\/youtu.be\/ZP9X7WBVptk<\/a><\/p>\n\n\n\n<p><\/p>\n\n\n\n<p><strong><span class=\"has-inline-color has-luminous-vivid-orange-color\">&#8220;Teoria Tridimensional do Direito e Peti\u00e7\u00e3o Inicial&#8221; para Juristas em Constru\u00e7\u00e3o<\/span><\/strong><\/p>\n\n\n\n<figure class=\"wp-block-image size-large\"><img loading=\"lazy\" decoding=\"async\" width=\"724\" height=\"1024\" src=\"https:\/\/wp.ufpel.edu.br\/inventar\/files\/2021\/01\/Peticao-Inicial-para-juristas-em-construcao-724x1024.png\" alt=\"\" class=\"wp-image-465\" srcset=\"https:\/\/wp.ufpel.edu.br\/inventar\/files\/2021\/01\/Peticao-Inicial-para-juristas-em-construcao-724x1024.png 724w, https:\/\/wp.ufpel.edu.br\/inventar\/files\/2021\/01\/Peticao-Inicial-para-juristas-em-construcao-212x300.png 212w, https:\/\/wp.ufpel.edu.br\/inventar\/files\/2021\/01\/Peticao-Inicial-para-juristas-em-construcao-106x150.png 106w, https:\/\/wp.ufpel.edu.br\/inventar\/files\/2021\/01\/Peticao-Inicial-para-juristas-em-construcao-768x1086.png 768w, https:\/\/wp.ufpel.edu.br\/inventar\/files\/2021\/01\/Peticao-Inicial-para-juristas-em-construcao-1086x1536.png 1086w, https:\/\/wp.ufpel.edu.br\/inventar\/files\/2021\/01\/Peticao-Inicial-para-juristas-em-construcao-1448x2048.png 1448w, https:\/\/wp.ufpel.edu.br\/inventar\/files\/2021\/01\/Peticao-Inicial-para-juristas-em-construcao.png 1587w\" sizes=\"auto, (max-width: 724px) 100vw, 724px\" \/><\/figure>\n\n\n\n<p>Um bate-papo entre amigos sobre no\u00e7\u00f5es de elabora\u00e7\u00e3o de uma inicial, equa\u00e7\u00e3o realeana e direito. Ana Clara Correa Henning (PPGD e Faculdade de Direito\/UFPel) e Felipe Marques Couto (Faculdade de Direito\/UFPel) recebem Arion Escorsin de Godoy neste oitavo epis\u00f3dio da s\u00e9rie.<\/p>\n\n\n\n<p>Link: <a href=\"https:\/\/youtu.be\/My7QqkHMZsc\" target=\"_blank\" rel=\"noreferrer noopener\">https:\/\/youtu.be\/My7QqkHMZsc<\/a><\/p>\n\n\n\n<p><strong><span class=\"has-inline-color has-luminous-vivid-orange-color\">&#8220;A arte modernista de Tarsila e o manifesto antrop\u00f3fago de Oswald&#8221; para Juristas em Constru\u00e7\u00e3o<\/span><\/strong><\/p>\n\n\n\n<figure class=\"wp-block-image size-large\"><img loading=\"lazy\" decoding=\"async\" width=\"724\" height=\"1024\" src=\"https:\/\/wp.ufpel.edu.br\/inventar\/files\/2021\/01\/Tarsila-e-Oswald-724x1024.png\" alt=\"\" class=\"wp-image-464\" srcset=\"https:\/\/wp.ufpel.edu.br\/inventar\/files\/2021\/01\/Tarsila-e-Oswald-724x1024.png 724w, https:\/\/wp.ufpel.edu.br\/inventar\/files\/2021\/01\/Tarsila-e-Oswald-212x300.png 212w, https:\/\/wp.ufpel.edu.br\/inventar\/files\/2021\/01\/Tarsila-e-Oswald-106x150.png 106w, https:\/\/wp.ufpel.edu.br\/inventar\/files\/2021\/01\/Tarsila-e-Oswald-768x1086.png 768w, https:\/\/wp.ufpel.edu.br\/inventar\/files\/2021\/01\/Tarsila-e-Oswald-1086x1536.png 1086w, https:\/\/wp.ufpel.edu.br\/inventar\/files\/2021\/01\/Tarsila-e-Oswald-1448x2048.png 1448w, https:\/\/wp.ufpel.edu.br\/inventar\/files\/2021\/01\/Tarsila-e-Oswald.png 1587w\" sizes=\"auto, (max-width: 724px) 100vw, 724px\" \/><\/figure>\n\n\n\n<p>Um bate-papo entre amigas sobre trabalhadores, direito e arte insubmissa. Ana Clara Correa Henning (PPGD e Faculdade de Direito\/UFPel) e Felipe Marques Couto (Faculdade de Direito\/UFPel) recebem Silvia Bandeira neste oitavo epis\u00f3dio da s\u00e9rie.<\/p>\n\n\n\n<p>Link: <a rel=\"noreferrer noopener\" href=\"https:\/\/youtu.be\/JV3kCTYf-dw\" target=\"_blank\">https:\/\/youtu.be\/JV3kCTYf-dw<\/a><\/p>\n\n\n\n<p><\/p>\n","protected":false},"excerpt":{"rendered":"<p>A s\u00e9rie de bate-papos &#8220;Juristas em Constru\u00e7\u00e3o&#8221; \u00e9 organizada pelo Grupo de Pesquisa, Ensino e Extens\u00e3o Inventar: arte e constru\u00e7\u00e3o do Conhecimento Jur\u00eddico (CNPq), vinculado \u00e0 Faculdade de Direito, \u00e0 Faculdade de Educa\u00e7\u00e3o, ao&#46;&#46;&#46;<\/p>\n","protected":false},"author":836,"featured_media":0,"parent":0,"menu_order":0,"comment_status":"closed","ping_status":"closed","template":"","meta":{"footnotes":""},"class_list":["post-432","page","type-page","status-publish","hentry"],"_links":{"self":[{"href":"https:\/\/wp.ufpel.edu.br\/inventar\/wp-json\/wp\/v2\/pages\/432","targetHints":{"allow":["GET"]}}],"collection":[{"href":"https:\/\/wp.ufpel.edu.br\/inventar\/wp-json\/wp\/v2\/pages"}],"about":[{"href":"https:\/\/wp.ufpel.edu.br\/inventar\/wp-json\/wp\/v2\/types\/page"}],"author":[{"embeddable":true,"href":"https:\/\/wp.ufpel.edu.br\/inventar\/wp-json\/wp\/v2\/users\/836"}],"replies":[{"embeddable":true,"href":"https:\/\/wp.ufpel.edu.br\/inventar\/wp-json\/wp\/v2\/comments?post=432"}],"version-history":[{"count":10,"href":"https:\/\/wp.ufpel.edu.br\/inventar\/wp-json\/wp\/v2\/pages\/432\/revisions"}],"predecessor-version":[{"id":466,"href":"https:\/\/wp.ufpel.edu.br\/inventar\/wp-json\/wp\/v2\/pages\/432\/revisions\/466"}],"wp:attachment":[{"href":"https:\/\/wp.ufpel.edu.br\/inventar\/wp-json\/wp\/v2\/media?parent=432"}],"curies":[{"name":"wp","href":"https:\/\/api.w.org\/{rel}","templated":true}]}}