{"id":388,"date":"2020-06-01T19:17:51","date_gmt":"2020-06-01T22:17:51","guid":{"rendered":"https:\/\/wp.ufpel.edu.br\/inventar\/?page_id=388"},"modified":"2020-06-01T19:21:54","modified_gmt":"2020-06-01T22:21:54","slug":"revista-inventar","status":"publish","type":"page","link":"https:\/\/wp.ufpel.edu.br\/inventar\/revista-inventar\/","title":{"rendered":"Revista Inventar"},"content":{"rendered":"\n<p>A ideia de publicar esta revista vem de um duplo reconhecimento: por um lado, a necessidade de <strong>democratizar o conhecimento do direito<\/strong> por meio de obras de arte e, por outro, o amor que todas e todos n\u00f3s sentimos pelas mais variadas formas de manifesta\u00e7\u00f5es art\u00edsticas: literatura, m\u00fasica, pintura, cinema, s\u00e9ries televisivas, games, \u00f3pera, arquitetura, para citar apenas algumas. Assim, nosso prop\u00f3sito com a revista \u00e9 misturarmos tudo isso a fim de pensarmos em <strong>outras constru\u00e7\u00f5es poss\u00edveis de justi\u00e7a social.<\/strong><\/p>\n\n\n\n<h2 class=\"wp-block-heading\"><a rel=\"noreferrer noopener\" href=\"https:\/\/www.canva.com\/design\/DAD99RhFIu4\/view?utm_content=DAD99RhFIu4&amp;utm_campaign=designshare&amp;utm_medium=embeds&amp;utm_source=link\" target=\"_blank\">Revista Inventar n. 01<\/a><\/h2>\n\n\n\n<p><\/p>\n","protected":false},"excerpt":{"rendered":"<p>A ideia de publicar esta revista vem de um duplo reconhecimento: por um lado, a necessidade de democratizar o conhecimento do direito por meio de obras de arte e, por outro, o amor que&#46;&#46;&#46;<\/p>\n","protected":false},"author":836,"featured_media":0,"parent":0,"menu_order":0,"comment_status":"closed","ping_status":"closed","template":"","meta":{"footnotes":""},"class_list":["post-388","page","type-page","status-publish","hentry"],"_links":{"self":[{"href":"https:\/\/wp.ufpel.edu.br\/inventar\/wp-json\/wp\/v2\/pages\/388","targetHints":{"allow":["GET"]}}],"collection":[{"href":"https:\/\/wp.ufpel.edu.br\/inventar\/wp-json\/wp\/v2\/pages"}],"about":[{"href":"https:\/\/wp.ufpel.edu.br\/inventar\/wp-json\/wp\/v2\/types\/page"}],"author":[{"embeddable":true,"href":"https:\/\/wp.ufpel.edu.br\/inventar\/wp-json\/wp\/v2\/users\/836"}],"replies":[{"embeddable":true,"href":"https:\/\/wp.ufpel.edu.br\/inventar\/wp-json\/wp\/v2\/comments?post=388"}],"version-history":[{"count":2,"href":"https:\/\/wp.ufpel.edu.br\/inventar\/wp-json\/wp\/v2\/pages\/388\/revisions"}],"predecessor-version":[{"id":392,"href":"https:\/\/wp.ufpel.edu.br\/inventar\/wp-json\/wp\/v2\/pages\/388\/revisions\/392"}],"wp:attachment":[{"href":"https:\/\/wp.ufpel.edu.br\/inventar\/wp-json\/wp\/v2\/media?parent=388"}],"curies":[{"name":"wp","href":"https:\/\/api.w.org\/{rel}","templated":true}]}}