{"id":17,"date":"2019-06-12T15:19:43","date_gmt":"2019-06-12T18:19:43","guid":{"rendered":"https:\/\/wp.ufpel.edu.br\/inventar\/?page_id=17"},"modified":"2021-01-21T15:24:10","modified_gmt":"2021-01-21T18:24:10","slug":"ensino","status":"publish","type":"page","link":"https:\/\/wp.ufpel.edu.br\/inventar\/ensino\/","title":{"rendered":"Ensino"},"content":{"rendered":"<p>Materiais did\u00e1ticos utilizados nas disciplinas que dialogam com o Inventar.<\/p>\n\n\n<h2 class=\"has-text-color wp-block-heading\" style=\"color:#ff7f50\"><strong>No\u00e7\u00f5es sobre a dial\u00e9tica em Marx<\/strong><\/h2>\n\n\n\n<div class=\"wp-block-media-text alignwide\"><figure class=\"wp-block-media-text__media\"><video controls src=\"https:\/\/wp.ufpel.edu.br\/inventar\/files\/2020\/04\/Nocoes-sobre-a-dialetica-em-marx.mp4\"><\/video><\/figure><div class=\"wp-block-media-text__content\">\n<p>V\u00eddeo produzido para as disciplinas de Arte e Constru\u00e7\u00e3o do Conhecimento Jur\u00eddico; Pedagogia Jur\u00eddica e Introdu\u00e7\u00e3o ao Direito.<br>\nFaculdade de Direito\/UFPel.<\/p>\n<\/div><\/div>\n\n\n\n<!--nextpage-->\n\n\n\n<p><\/p>\n\n\n\n<h3 class=\"wp-block-heading\"><strong><span style=\"color:#f15734\" class=\"has-inline-color\">Como fazer um plano de aula para um curso de direito<\/span><\/strong><\/h3>\n\n\n\n<p>V\u00eddeo produzido para a disciplina de Pedagogia Jur\u00eddica.<br>Faculdade de Direito\/UFPel.<\/p>\n\n\n\n<figure class=\"wp-block-embed-youtube wp-block-embed is-type-video is-provider-youtube wp-embed-aspect-16-9 wp-has-aspect-ratio\"><div class=\"wp-block-embed__wrapper\">\n<div class=\"video-container\"><iframe loading=\"lazy\" title=\"Como fazer um plano de aula para um curso de direito\" width=\"500\" height=\"281\" src=\"https:\/\/www.youtube.com\/embed\/1L9ixC-1w3g?feature=oembed&#038;wmode=opaque\" frameborder=\"0\" allow=\"accelerometer; autoplay; clipboard-write; encrypted-media; gyroscope; picture-in-picture; web-share\" referrerpolicy=\"strict-origin-when-cross-origin\" allowfullscreen><\/iframe><\/div>\n<\/div><\/figure>\n\n\n\n<p><\/p>\n\n\n\n<!--nextpage-->\n\n\n\n<p><\/p>\n","protected":false},"excerpt":{"rendered":"<p>Materiais did\u00e1ticos utilizados nas disciplinas que dialogam com o Inventar. No\u00e7\u00f5es sobre a dial\u00e9tica em Marx V\u00eddeo produzido para as disciplinas de Arte e Constru\u00e7\u00e3o do Conhecimento Jur\u00eddico; Pedagogia Jur\u00eddica e Introdu\u00e7\u00e3o ao Direito.&#46;&#46;&#46;<\/p>\n","protected":false},"author":836,"featured_media":0,"parent":0,"menu_order":0,"comment_status":"closed","ping_status":"closed","template":"","meta":{"footnotes":""},"class_list":["post-17","page","type-page","status-publish","hentry"],"_links":{"self":[{"href":"https:\/\/wp.ufpel.edu.br\/inventar\/wp-json\/wp\/v2\/pages\/17","targetHints":{"allow":["GET"]}}],"collection":[{"href":"https:\/\/wp.ufpel.edu.br\/inventar\/wp-json\/wp\/v2\/pages"}],"about":[{"href":"https:\/\/wp.ufpel.edu.br\/inventar\/wp-json\/wp\/v2\/types\/page"}],"author":[{"embeddable":true,"href":"https:\/\/wp.ufpel.edu.br\/inventar\/wp-json\/wp\/v2\/users\/836"}],"replies":[{"embeddable":true,"href":"https:\/\/wp.ufpel.edu.br\/inventar\/wp-json\/wp\/v2\/comments?post=17"}],"version-history":[{"count":17,"href":"https:\/\/wp.ufpel.edu.br\/inventar\/wp-json\/wp\/v2\/pages\/17\/revisions"}],"predecessor-version":[{"id":443,"href":"https:\/\/wp.ufpel.edu.br\/inventar\/wp-json\/wp\/v2\/pages\/17\/revisions\/443"}],"wp:attachment":[{"href":"https:\/\/wp.ufpel.edu.br\/inventar\/wp-json\/wp\/v2\/media?parent=17"}],"curies":[{"name":"wp","href":"https:\/\/api.w.org\/{rel}","templated":true}]}}