{"id":106,"date":"2019-06-12T17:19:13","date_gmt":"2019-06-12T20:19:13","guid":{"rendered":"https:\/\/wp.ufpel.edu.br\/inventar\/?page_id=106"},"modified":"2024-08-19T10:53:45","modified_gmt":"2024-08-19T13:53:45","slug":"chamadas","status":"publish","type":"page","link":"https:\/\/wp.ufpel.edu.br\/inventar\/chamadas\/","title":{"rendered":"Chamadas"},"content":{"rendered":"\n<p class=\"has-medium-font-size\">O Inventar publicou o Edital n. 01\/2024 para sele\u00e7\u00e3o de bolsista de inicia\u00e7\u00e3o ao ensino &#8211; modalidade A\u00e7\u00f5es Afirmativas. As inscri\u00e7\u00f5es poder\u00e3o ser realizadas entre o dia 15 e o dia <strong>18 de agosto<\/strong> <s>19 de agosto<\/s> [retificado de acordo com o edital].<\/p>\n\n\n\n<p>Informa\u00e7\u00f5es no Edital. Confira <a href=\"https:\/\/wp.ufpel.edu.br\/inventar\/files\/2024\/08\/Edital-Inventar-Bolsa-de-Ensino_2024.pdf\">aqui<\/a>!<\/p>\n\n\n\n<figure class=\"wp-block-image size-large\"><img loading=\"lazy\" decoding=\"async\" width=\"819\" height=\"1024\" src=\"https:\/\/wp.ufpel.edu.br\/inventar\/files\/2024\/08\/Entrevistas-Edital-Inventar-01-2024-819x1024.png\" alt=\"\" class=\"wp-image-523\" srcset=\"https:\/\/wp.ufpel.edu.br\/inventar\/files\/2024\/08\/Entrevistas-Edital-Inventar-01-2024-819x1024.png 819w, https:\/\/wp.ufpel.edu.br\/inventar\/files\/2024\/08\/Entrevistas-Edital-Inventar-01-2024-240x300.png 240w, https:\/\/wp.ufpel.edu.br\/inventar\/files\/2024\/08\/Entrevistas-Edital-Inventar-01-2024-120x150.png 120w, https:\/\/wp.ufpel.edu.br\/inventar\/files\/2024\/08\/Entrevistas-Edital-Inventar-01-2024-768x960.png 768w, https:\/\/wp.ufpel.edu.br\/inventar\/files\/2024\/08\/Entrevistas-Edital-Inventar-01-2024.png 1080w\" sizes=\"auto, (max-width: 819px) 100vw, 819px\" \/><\/figure>\n","protected":false},"excerpt":{"rendered":"<p>O Inventar publicou o Edital n. 01\/2024 para sele\u00e7\u00e3o de bolsista de inicia\u00e7\u00e3o ao ensino &#8211; modalidade A\u00e7\u00f5es Afirmativas. As inscri\u00e7\u00f5es poder\u00e3o ser realizadas entre o dia 15 e o dia 18 de agosto&#46;&#46;&#46;<\/p>\n","protected":false},"author":836,"featured_media":0,"parent":0,"menu_order":0,"comment_status":"closed","ping_status":"closed","template":"","meta":{"footnotes":""},"class_list":["post-106","page","type-page","status-publish","hentry"],"_links":{"self":[{"href":"https:\/\/wp.ufpel.edu.br\/inventar\/wp-json\/wp\/v2\/pages\/106","targetHints":{"allow":["GET"]}}],"collection":[{"href":"https:\/\/wp.ufpel.edu.br\/inventar\/wp-json\/wp\/v2\/pages"}],"about":[{"href":"https:\/\/wp.ufpel.edu.br\/inventar\/wp-json\/wp\/v2\/types\/page"}],"author":[{"embeddable":true,"href":"https:\/\/wp.ufpel.edu.br\/inventar\/wp-json\/wp\/v2\/users\/836"}],"replies":[{"embeddable":true,"href":"https:\/\/wp.ufpel.edu.br\/inventar\/wp-json\/wp\/v2\/comments?post=106"}],"version-history":[{"count":8,"href":"https:\/\/wp.ufpel.edu.br\/inventar\/wp-json\/wp\/v2\/pages\/106\/revisions"}],"predecessor-version":[{"id":524,"href":"https:\/\/wp.ufpel.edu.br\/inventar\/wp-json\/wp\/v2\/pages\/106\/revisions\/524"}],"wp:attachment":[{"href":"https:\/\/wp.ufpel.edu.br\/inventar\/wp-json\/wp\/v2\/media?parent=106"}],"curies":[{"name":"wp","href":"https:\/\/api.w.org\/{rel}","templated":true}]}}