{"id":247,"date":"2025-04-16T17:25:20","date_gmt":"2025-04-16T20:25:20","guid":{"rendered":"https:\/\/wp.ufpel.edu.br\/international1congress2025anthroposophicalnursing\/?page_id=247"},"modified":"2025-04-29T15:12:49","modified_gmt":"2025-04-29T18:12:49","slug":"certificados","status":"publish","type":"page","link":"https:\/\/wp.ufpel.edu.br\/international1congress2025anthroposophicalnursing\/inscricoes\/certificados\/","title":{"rendered":"Certificados"},"content":{"rendered":"<p><span style=\"font-family: helvetica, arial, sans-serif;\">Os certificados de participa\u00e7\u00e3o ser\u00e3o entregues ao final do evento.<\/span><\/p>\n","protected":false},"excerpt":{"rendered":"<p>Os certificados de participa\u00e7\u00e3o ser\u00e3o entregues ao final do evento.<\/p>\n","protected":false},"author":350,"featured_media":0,"parent":130,"menu_order":0,"comment_status":"closed","ping_status":"closed","template":"","meta":{"footnotes":""},"class_list":["post-247","page","type-page","status-publish","hentry"],"jetpack_sharing_enabled":true,"_links":{"self":[{"href":"https:\/\/wp.ufpel.edu.br\/international1congress2025anthroposophicalnursing\/wp-json\/wp\/v2\/pages\/247","targetHints":{"allow":["GET"]}}],"collection":[{"href":"https:\/\/wp.ufpel.edu.br\/international1congress2025anthroposophicalnursing\/wp-json\/wp\/v2\/pages"}],"about":[{"href":"https:\/\/wp.ufpel.edu.br\/international1congress2025anthroposophicalnursing\/wp-json\/wp\/v2\/types\/page"}],"author":[{"embeddable":true,"href":"https:\/\/wp.ufpel.edu.br\/international1congress2025anthroposophicalnursing\/wp-json\/wp\/v2\/users\/350"}],"replies":[{"embeddable":true,"href":"https:\/\/wp.ufpel.edu.br\/international1congress2025anthroposophicalnursing\/wp-json\/wp\/v2\/comments?post=247"}],"version-history":[{"count":3,"href":"https:\/\/wp.ufpel.edu.br\/international1congress2025anthroposophicalnursing\/wp-json\/wp\/v2\/pages\/247\/revisions"}],"predecessor-version":[{"id":530,"href":"https:\/\/wp.ufpel.edu.br\/international1congress2025anthroposophicalnursing\/wp-json\/wp\/v2\/pages\/247\/revisions\/530"}],"up":[{"embeddable":true,"href":"https:\/\/wp.ufpel.edu.br\/international1congress2025anthroposophicalnursing\/wp-json\/wp\/v2\/pages\/130"}],"wp:attachment":[{"href":"https:\/\/wp.ufpel.edu.br\/international1congress2025anthroposophicalnursing\/wp-json\/wp\/v2\/media?parent=247"}],"curies":[{"name":"wp","href":"https:\/\/api.w.org\/{rel}","templated":true}]}}