{"id":24,"date":"2025-03-26T08:10:09","date_gmt":"2025-03-26T11:10:09","guid":{"rendered":"https:\/\/wp.ufpel.edu.br\/international1congress2025anthroposophicalnursing\/?page_id=24"},"modified":"2025-04-29T15:13:54","modified_gmt":"2025-04-29T18:13:54","slug":"abea","status":"publish","type":"page","link":"https:\/\/wp.ufpel.edu.br\/international1congress2025anthroposophicalnursing\/abea\/","title":{"rendered":"ABEA"},"content":{"rendered":"<p style=\"text-align: justify;\"><span style=\"font-family: helvetica, arial, sans-serif;\">A Associa\u00e7\u00e3o Brasileira de Enfermagem Antropos\u00f3fica \u2013 ABEA foi fundada em 19\/03\/2022, ap\u00f3s 20 anos de gesta\u00e7\u00e3o, por 17 enfermeiras que atuam com Terapias Externas, Banhos Terap\u00eauticos, Biografia Humana, Deslizamento R\u00edtmico e Massagem R\u00edtmica.<\/span><\/p>\n<p style=\"text-align: justify;\"><span style=\"font-family: helvetica, arial, sans-serif;\">A Enfermagem Antropos\u00f3fica no Brasil teve sua origem no ano de 1969, junto a Cl\u00ednica Tobias, a primeira cl\u00ednica antropos\u00f3fica das Am\u00e9ricas, fundada pela m\u00e9dica Gudrun Burkhard e Pedro Schmidt, em S\u00e3o Paulo\/SP, Brasil. Seguiu atuando em outras iniciativas, em 1979 na Associa\u00e7\u00e3o Comunit\u00e1ria Monte Azul, em 1985 com a cria\u00e7\u00e3o das cl\u00ednicas antropos\u00f3fica Terapeuticum Raphael e a Vivenda Santana, em Juiz de Fora -MG. Atualmente tamb\u00e9m atua em alguns hospitais gerais, em consult\u00f3rios particulares de enfermagem, e em Unidades B\u00e1sicas de Sa\u00fade ligadas ao Sistema \u00danico de Sa\u00fade \u2013 SUS brasileiro.<\/span><\/p>\n<p style=\"text-align: justify;\"><span style=\"font-family: helvetica, arial, sans-serif;\">A Associa\u00e7\u00e3o tem por finalidade representar, respaldar e apoiar enfermeiros que exercem a profiss\u00e3o de enfermagem ampliada pela antroposofia, nos graus prim\u00e1rio e secund\u00e1rio de assist\u00eancia \u00e0 sa\u00fade, em diferentes ambientes de cuidado, tais como institui\u00e7\u00f5es de ensino, unidades b\u00e1sicas de sa\u00fade, consult\u00f3rios e cl\u00ednicas de sa\u00fade, hospitais, institui\u00e7\u00f5es de longa perman\u00eancia, assist\u00eancia domiciliar, bem como a realiza\u00e7\u00e3o de prova para concess\u00e3o do t\u00edtulo de Especialista em Enfermagem Antropos\u00f3fica.<\/span><\/p>\n<p style=\"text-align: justify;\"><span style=\"font-family: helvetica, arial, sans-serif;\">A ABEA estar\u00e1 presente no \u201c1\u00b0 Congresso Internacional de Enfermagem Antropos\u00f3fica\u201d. Venha visitar nosso stand e conhecer um pouco mais dos nossos projetos de Enfermagem Antropos\u00f3fica no Brasil.<\/span><\/p>\n<p style=\"text-align: justify;\"><span style=\"font-family: helvetica, arial, sans-serif;\">Esperamos por voc\u00ea!<\/span><\/p>\n<ul class=\"wpipessoa-lista\"><li class=\"wpipessoa-post clearfix\"><div class=\"wpipessoa-thumb\"><a href=\"https:\/\/wp.ufpel.edu.br\/international1congress2025anthroposophicalnursing\/pessoas\/valeria-tiveron-de-souza\/\"><img loading=\"lazy\" decoding=\"async\" width=\"168\" height=\"168\" src=\"https:\/\/wp.ufpel.edu.br\/international1congress2025anthroposophicalnursing\/files\/2025\/04\/valeria.jpg\" class=\"attachment-thumbnail size-thumbnail wp-post-image\" alt=\"\" \/><\/a><\/div><div class=\"wpipessoa-info\"><div class=\"wpipessoa-nome wpipessoa-fonte-grande\"><a href=\"https:\/\/wp.ufpel.edu.br\/international1congress2025anthroposophicalnursing\/pessoas\/valeria-tiveron-de-souza\/\">Val\u00e9ria Tiver\u00f3n de Souza<\/a><\/div><div class=\"wpipessoa-funcao wpipessoa-fonte-italica\">Presidente da ABEA \u2013 Associa\u00e7\u00e3o Brasileira de Enfermagem Antropos\u00f3fica<br \/>\r\n<\/div><\/div><\/li><\/ul>\n<h4 style=\"text-align: center;\"><span style=\"font-family: helvetica, arial, sans-serif;\"><a href=\"https:\/\/www.instagram.com\/enfantroposofica\/\">@enfantroposofica<\/a><\/span><\/h4>\n<p><a href=\"https:\/\/www.instagram.com\/enfantroposofica\/\"><img loading=\"lazy\" decoding=\"async\" class=\"size-medium wp-image-448 aligncenter\" src=\"https:\/\/wp.ufpel.edu.br\/international1congress2025anthroposophicalnursing\/files\/2025\/04\/abea2-1-400x90.jpg\" alt=\"\" width=\"400\" height=\"90\" srcset=\"https:\/\/wp.ufpel.edu.br\/international1congress2025anthroposophicalnursing\/files\/2025\/04\/abea2-1-400x90.jpg 400w, https:\/\/wp.ufpel.edu.br\/international1congress2025anthroposophicalnursing\/files\/2025\/04\/abea2-1-768x173.jpg 768w, https:\/\/wp.ufpel.edu.br\/international1congress2025anthroposophicalnursing\/files\/2025\/04\/abea2-1-619x139.jpg 619w, https:\/\/wp.ufpel.edu.br\/international1congress2025anthroposophicalnursing\/files\/2025\/04\/abea2-1.jpg 1024w\" sizes=\"auto, (max-width: 400px) 100vw, 400px\" \/><\/a><\/p>\n","protected":false},"excerpt":{"rendered":"<div class=\"wpipessoa-lista wpipessoa-info\">\n<div class=\"wpipessoa-funcao wpipessoa-fonte-italica\">Presidente da ABEA \u2013 Associa\u00e7\u00e3o Brasileira de Enfermagem Antropos\u00f3fica\n<\/div>\n<\/div>\n","protected":false},"author":350,"featured_media":0,"parent":0,"menu_order":9,"comment_status":"closed","ping_status":"closed","template":"","meta":{"footnotes":""},"class_list":["post-24","page","type-page","status-publish","hentry"],"jetpack_sharing_enabled":true,"_links":{"self":[{"href":"https:\/\/wp.ufpel.edu.br\/international1congress2025anthroposophicalnursing\/wp-json\/wp\/v2\/pages\/24","targetHints":{"allow":["GET"]}}],"collection":[{"href":"https:\/\/wp.ufpel.edu.br\/international1congress2025anthroposophicalnursing\/wp-json\/wp\/v2\/pages"}],"about":[{"href":"https:\/\/wp.ufpel.edu.br\/international1congress2025anthroposophicalnursing\/wp-json\/wp\/v2\/types\/page"}],"author":[{"embeddable":true,"href":"https:\/\/wp.ufpel.edu.br\/international1congress2025anthroposophicalnursing\/wp-json\/wp\/v2\/users\/350"}],"replies":[{"embeddable":true,"href":"https:\/\/wp.ufpel.edu.br\/international1congress2025anthroposophicalnursing\/wp-json\/wp\/v2\/comments?post=24"}],"version-history":[{"count":25,"href":"https:\/\/wp.ufpel.edu.br\/international1congress2025anthroposophicalnursing\/wp-json\/wp\/v2\/pages\/24\/revisions"}],"predecessor-version":[{"id":532,"href":"https:\/\/wp.ufpel.edu.br\/international1congress2025anthroposophicalnursing\/wp-json\/wp\/v2\/pages\/24\/revisions\/532"}],"wp:attachment":[{"href":"https:\/\/wp.ufpel.edu.br\/international1congress2025anthroposophicalnursing\/wp-json\/wp\/v2\/media?parent=24"}],"curies":[{"name":"wp","href":"https:\/\/api.w.org\/{rel}","templated":true}]}}