{"id":195,"date":"2025-04-16T16:30:41","date_gmt":"2025-04-16T19:30:41","guid":{"rendered":"https:\/\/wp.ufpel.edu.br\/international1congress2025anthroposophicalnursing\/?page_id=195"},"modified":"2025-04-29T15:08:52","modified_gmt":"2025-04-29T18:08:52","slug":"organizacao","status":"publish","type":"page","link":"https:\/\/wp.ufpel.edu.br\/international1congress2025anthroposophicalnursing\/organizacao\/","title":{"rendered":"Organiza\u00e7\u00e3o"},"content":{"rendered":"<h2 style=\"text-align: center;\"><span style=\"font-family: helvetica, arial, sans-serif;\"><strong>COMISS\u00c3O ORGANIZADORA<\/strong><\/span><\/h2>\n<p style=\"text-align: center;\"><span style=\"font-family: helvetica, arial, sans-serif;\"><strong>Janaina Meirelles Sousa<\/strong><\/span><\/p>\n<p style=\"text-align: center;\"><span style=\"font-family: helvetica, arial, sans-serif;\">Presidente da Comiss\u00e3o Organizadora \u2013 Universidade de Bras\u00edlia \u2013 FCTS &#8211; Brasil<\/span><\/p>\n<p style=\"text-align: center;\"><span style=\"font-family: helvetica, arial, sans-serif;\"><strong>Antonia Olavarr\u00eda Radrig\u00e1n<\/strong><\/span><\/p>\n<p style=\"text-align: center;\"><span style=\"font-family: helvetica, arial, sans-serif;\">Forum Internacional de Enfermagem Antropos\u00f3fica &#8211; IFAN<\/span><\/p>\n<p style=\"text-align: center;\"><span style=\"font-family: helvetica, arial, sans-serif;\"><strong>Susana Mart\u00edn Hern\u00e1ndez<\/strong><\/span><\/p>\n<p style=\"text-align: center;\"><span style=\"font-family: helvetica, arial, sans-serif;\">Universitat Rovira i Virgili &#8211; Espanha<\/span><\/p>\n<p>&nbsp;<\/p>\n<h2 style=\"text-align: center;\"><span style=\"font-family: helvetica, arial, sans-serif;\"><strong>COMISS\u00c3O CIENT\u00cdFICA<\/strong><\/span><\/h2>\n<p style=\"text-align: center;\"><span style=\"font-family: helvetica, arial, sans-serif;\"><strong>Alexsandra Xavier do Nascimento<\/strong><\/span><\/p>\n<p style=\"text-align: center;\"><span style=\"font-family: helvetica, arial, sans-serif;\">Universidade de Pernambuco &#8211; Brasil<\/span><\/p>\n<p style=\"text-align: center;\"><span style=\"font-family: helvetica, arial, sans-serif;\"><strong>Jorge Kioshi Hosomi<\/strong><\/span><\/p>\n<p style=\"text-align: center;\"><span style=\"font-family: helvetica, arial, sans-serif;\">P\u00f3s-Gradua\u00e7\u00e3o Antroposofia na Sa\u00fade &#8211; Instituto Plenitude Educa\u00e7\u00e3o \u2013 Brasil<\/span><\/p>\n<p style=\"text-align: center;\"><span style=\"font-family: helvetica, arial, sans-serif;\"><strong>Juliana Ladeira Garbaccio<\/strong><\/span><\/p>\n<p style=\"text-align: center;\"><span style=\"font-family: helvetica, arial, sans-serif;\">Pontif\u00edcia Universidade Cat\u00f3lica de Minas Gerais &#8211; Brasil<\/span><\/p>\n<p style=\"text-align: center;\"><span style=\"font-family: helvetica, arial, sans-serif;\"><strong>Mateus Casanova dos Santos<\/strong><\/span><\/p>\n<p style=\"text-align: center;\"><span style=\"font-family: helvetica, arial, sans-serif;\">Universidade Federal de Pelotas &#8211; Brasil<\/span><\/p>\n<p style=\"text-align: center;\"><span style=\"font-family: helvetica, arial, sans-serif;\"><strong>Vera L\u00facia Macedo de Sousa<\/strong><\/span><\/p>\n<p style=\"text-align: center;\"><span style=\"font-family: helvetica, arial, sans-serif;\">Coordenadora Distrital das PICs e DCNT do Recife &#8211; Brasil<\/span><\/p>\n<p style=\"text-align: center;\">\n","protected":false},"excerpt":{"rendered":"<p>COMISS\u00c3O ORGANIZADORA Janaina Meirelles Sousa Presidente da Comiss\u00e3o Organizadora \u2013 Universidade de Bras\u00edlia \u2013 FCTS &#8211; Brasil Antonia Olavarr\u00eda Radrig\u00e1n Forum Internacional de Enfermagem Antropos\u00f3fica &#8211; IFAN Susana Mart\u00edn Hern\u00e1ndez Universitat Rovira i Virgili &#8211; Espanha &nbsp; COMISS\u00c3O CIENT\u00cdFICA Alexsandra Xavier do Nascimento Universidade de Pernambuco &#8211; Brasil Jorge Kioshi Hosomi P\u00f3s-Gradua\u00e7\u00e3o Antroposofia na Sa\u00fade [&hellip;]<\/p>\n","protected":false},"author":350,"featured_media":0,"parent":0,"menu_order":4,"comment_status":"closed","ping_status":"closed","template":"","meta":{"footnotes":""},"class_list":["post-195","page","type-page","status-publish","hentry"],"jetpack_sharing_enabled":true,"_links":{"self":[{"href":"https:\/\/wp.ufpel.edu.br\/international1congress2025anthroposophicalnursing\/wp-json\/wp\/v2\/pages\/195","targetHints":{"allow":["GET"]}}],"collection":[{"href":"https:\/\/wp.ufpel.edu.br\/international1congress2025anthroposophicalnursing\/wp-json\/wp\/v2\/pages"}],"about":[{"href":"https:\/\/wp.ufpel.edu.br\/international1congress2025anthroposophicalnursing\/wp-json\/wp\/v2\/types\/page"}],"author":[{"embeddable":true,"href":"https:\/\/wp.ufpel.edu.br\/international1congress2025anthroposophicalnursing\/wp-json\/wp\/v2\/users\/350"}],"replies":[{"embeddable":true,"href":"https:\/\/wp.ufpel.edu.br\/international1congress2025anthroposophicalnursing\/wp-json\/wp\/v2\/comments?post=195"}],"version-history":[{"count":13,"href":"https:\/\/wp.ufpel.edu.br\/international1congress2025anthroposophicalnursing\/wp-json\/wp\/v2\/pages\/195\/revisions"}],"predecessor-version":[{"id":523,"href":"https:\/\/wp.ufpel.edu.br\/international1congress2025anthroposophicalnursing\/wp-json\/wp\/v2\/pages\/195\/revisions\/523"}],"wp:attachment":[{"href":"https:\/\/wp.ufpel.edu.br\/international1congress2025anthroposophicalnursing\/wp-json\/wp\/v2\/media?parent=195"}],"curies":[{"name":"wp","href":"https:\/\/api.w.org\/{rel}","templated":true}]}}