{"id":950,"date":"2022-11-03T08:29:41","date_gmt":"2022-11-03T11:29:41","guid":{"rendered":"https:\/\/wp.ufpel.edu.br\/international\/?page_id=950"},"modified":"2026-01-19T08:43:54","modified_gmt":"2026-01-19T11:43:54","slug":"international-students","status":"publish","type":"page","link":"https:\/\/wp.ufpel.edu.br\/international\/international-students\/","title":{"rendered":"International Students"},"content":{"rendered":"<div id=\"pl-950\"  class=\"panel-layout\" ><div id=\"pg-950-0\"  class=\"panel-grid panel-no-style\" ><div id=\"pgc-950-0-0\"  class=\"panel-grid-cell\" ><div id=\"panel-950-0-0-0\" class=\"so-panel widget widget_siteorigin-panels-postloop panel-first-child panel-last-child\" data-index=\"0\" >\n\t<div id=\"vantage-grid-loop\" class=\"vantage-grid-loop grid-loop-columns-3\">\n\t\t\t\t\t<article class=\"grid-post post-865 page type-page status-publish has-post-thumbnail hentry post post-with-thumbnail post-with-thumbnail-large\">\n\n\t\t\t\t\t\t\t\t\t<a class=\"grid-thumbnail\" href=\"https:\/\/wp.ufpel.edu.br\/international\/courses\/\">\n\t\t\t\t\t\t<img loading=\"lazy\" decoding=\"async\" width=\"436\" height=\"272\" src=\"https:\/\/wp.ufpel.edu.br\/international\/files\/2022\/11\/Courses-436x272.png\" class=\"attachment-vantage-grid-loop size-vantage-grid-loop wp-post-image\" alt=\"\" \/>\t\t\t\t\t<\/a>\n\t\t\t\t\n\t\t\t\t<h3><a href=\"https:\/\/wp.ufpel.edu.br\/international\/courses\/\">Courses<\/a><\/h3>\n\t\t\t\t<div class=\"excerpt\"><p>Undergraduate Programs Teaching Degrees Biological Sciences (B.Sc.) Chemistry (B.Sc.) Dance (B.A Geography (B.Sc.) History (B.A.) Mathematics (B.Sc.) Op\u00e7\u00e3o 1 Op\u00e7\u00e3o 2 Music (B.A.) Pedagogy (B.Ed.) Op\u00e7\u00e3o 1 Op\u00e7\u00e3o 2 Philosophy (B.A.) Physics (B.Sc.) Physical Education (B.A.) Op\u00e7\u00e3o 1 Op\u00e7\u00e3o 2 Portuguese (B.A.) Portuguese and English (B.A.) Portuguese and French (B.A.) Portuguese and German (B.A.) Portuguese [&hellip;]<\/p>\n<\/div>\n\t\t\t\t\t\t\t\t\t\t\t<\/article>\n\t\t\t\t\t\t<article class=\"grid-post post-359 page type-page status-publish has-post-thumbnail hentry post post-with-thumbnail post-with-thumbnail-large\">\n\n\t\t\t\t\t\t\t\t\t<a class=\"grid-thumbnail\" href=\"https:\/\/wp.ufpel.edu.br\/international\/buddy-program\/\">\n\t\t\t\t\t\t<img loading=\"lazy\" decoding=\"async\" width=\"436\" height=\"272\" src=\"https:\/\/wp.ufpel.edu.br\/international\/files\/2022\/11\/a147-436x272.jpg\" class=\"attachment-vantage-grid-loop size-vantage-grid-loop wp-post-image\" alt=\"\" \/>\t\t\t\t\t<\/a>\n\t\t\t\t\n\t\t\t\t<h3><a href=\"https:\/\/wp.ufpel.edu.br\/international\/buddy-program\/\">BRIDGE (Buddy Program)<\/a><\/h3>\n\t\t\t\t<div class=\"excerpt\"><p>The BRIDGE Program aims to promote contact between international students in mobility and UFPel volunteer students through intercultural actions to welcome and integrate foreigners into the university environment at UFPel, the community in general, and Brazilian and Rio Grande do Sul cultures. To find out how to be hosted by a UFPel student, please email [&hellip;]<\/p>\n<\/div>\n\t\t\t\t\t\t\t\t\t\t\t<\/article>\n\t\t\t\t\t\t<article class=\"grid-post post-356 page type-page status-publish has-post-thumbnail hentry post post-with-thumbnail post-with-thumbnail-large\">\n\n\t\t\t\t\t\t\t\t\t<a class=\"grid-thumbnail\" href=\"https:\/\/wp.ufpel.edu.br\/international\/experience\/\">\n\t\t\t\t\t\t<img loading=\"lazy\" decoding=\"async\" width=\"436\" height=\"272\" src=\"https:\/\/wp.ufpel.edu.br\/international\/files\/2022\/06\/DSC_0039-436x272.jpg\" class=\"attachment-vantage-grid-loop size-vantage-grid-loop wp-post-image\" alt=\"\" \/>\t\t\t\t\t<\/a>\n\t\t\t\t\n\t\t\t\t<h3><a href=\"https:\/\/wp.ufpel.edu.br\/international\/experience\/\">Experience<\/a><\/h3>\n\t\t\t\t<div class=\"excerpt\"><\/div>\n\t\t\t\t\t\t\t\t\t\t\t<\/article>\n\t\t\t\t\t\t\t<div class=\"clear\"><\/div>\n\t\t\t\t\t\t\t<article class=\"grid-post post-353 page type-page status-publish has-post-thumbnail hentry post post-with-thumbnail post-with-thumbnail-large\">\n\n\t\t\t\t\t\t\t\t\t<a class=\"grid-thumbnail\" href=\"https:\/\/wp.ufpel.edu.br\/international\/general-information\/\">\n\t\t\t\t\t\t<img loading=\"lazy\" decoding=\"async\" width=\"436\" height=\"272\" src=\"https:\/\/wp.ufpel.edu.br\/international\/files\/2022\/08\/Cartilha-UFPel-Ingles-1-436x272.png\" class=\"attachment-vantage-grid-loop size-vantage-grid-loop wp-post-image\" alt=\"\" \/>\t\t\t\t\t<\/a>\n\t\t\t\t\n\t\t\t\t<h3><a href=\"https:\/\/wp.ufpel.edu.br\/international\/general-information\/\">General Guidelines<\/a><\/h3>\n\t\t\t\t<div class=\"excerpt\"><p>UFPel&#8217;s Folder Getting to Know Pelotas Getting to Know UFPel &nbsp;<\/p>\n<\/div>\n\t\t\t\t\t\t\t\t\t\t\t<\/article>\n\t\t\t\t\t\t<article class=\"grid-post post-350 page type-page status-publish has-post-thumbnail hentry post post-with-thumbnail post-with-thumbnail-large\">\n\n\t\t\t\t\t\t\t\t\t<a class=\"grid-thumbnail\" href=\"https:\/\/wp.ufpel.edu.br\/international\/how-to-apply\/\">\n\t\t\t\t\t\t<img loading=\"lazy\" decoding=\"async\" width=\"436\" height=\"272\" src=\"https:\/\/wp.ufpel.edu.br\/international\/files\/2022\/11\/Biblioteca-Campus-Anglo-4-436x272.jpg\" class=\"attachment-vantage-grid-loop size-vantage-grid-loop wp-post-image\" alt=\"\" \/>\t\t\t\t\t<\/a>\n\t\t\t\t\n\t\t\t\t<h3><a href=\"https:\/\/wp.ufpel.edu.br\/international\/how-to-apply\/\">How to apply<\/a><\/h3>\n\t\t\t\t<div class=\"excerpt\"><p>Undergraduate Programs Academic Mobility ACADEMIC CALENDAR Application Documents for Academic Mobility\u00a0(1-2 semesters) The\u00a0documentation\u00a0listed below should be scanned\u00a0in\u00a0a PDF file and sent by e-mail to\u00a0crinter@ufpel.edu.br: Application Form; A copy of your passport; Curriculum vitae; Academic transcripts; COVID-19 Vaccination Certificate. Documents to be presented after your arrival at UFPel Photo 3\u00d74 A copy of your student visa [&hellip;]<\/p>\n<\/div>\n\t\t\t\t\t\t\t\t\t\t\t<\/article>\n\t\t\t\t\t\t<article class=\"grid-post post-133 page type-page status-publish has-post-thumbnail hentry post post-with-thumbnail post-with-thumbnail-large\">\n\n\t\t\t\t\t\t\t\t\t<a class=\"grid-thumbnail\" href=\"https:\/\/wp.ufpel.edu.br\/international\/schools-and-programs\/\">\n\t\t\t\t\t\t<img loading=\"lazy\" decoding=\"async\" width=\"436\" height=\"272\" src=\"https:\/\/wp.ufpel.edu.br\/international\/files\/2022\/06\/mapa-unidades-academicas-436x272.png\" class=\"attachment-vantage-grid-loop size-vantage-grid-loop wp-post-image\" alt=\"\" \/>\t\t\t\t\t<\/a>\n\t\t\t\t\n\t\t\t\t<h3><a href=\"https:\/\/wp.ufpel.edu.br\/international\/schools-and-programs\/\">Schools and Programs<\/a><\/h3>\n\t\t\t\t<div class=\"excerpt\"><p>Here you can verify all programs offered by UFPel, as well as its location in the city, considering that UFPel doesn\u2019t have a single campus. By clicking on the link attached to each program name you will see all its courses (only in Portuguese).<\/p>\n<\/div>\n\t\t\t\t\t\t\t\t\t\t\t<\/article>\n\t\t\t\t\t\t\t<div class=\"clear\"><\/div>\n\t\t\t\t\t<\/div>\n\n\t<\/div><\/div><\/div><\/div>","protected":false},"excerpt":{"rendered":"<p>Here you can verify all programs offered by UFPel, as well as its location in the city, considering that UFPel doesn\u2019t have a single campus. By clicking on the link attached to each program name you will see all its courses (only in Portuguese).<\/p>\n","protected":false},"author":928,"featured_media":0,"parent":0,"menu_order":0,"comment_status":"closed","ping_status":"closed","template":"","meta":{"footnotes":""},"class_list":["post-950","page","type-page","status-publish","hentry","post","post-with-thumbnail","post-with-thumbnail-large"],"jetpack_sharing_enabled":true,"_links":{"self":[{"href":"https:\/\/wp.ufpel.edu.br\/international\/wp-json\/wp\/v2\/pages\/950","targetHints":{"allow":["GET"]}}],"collection":[{"href":"https:\/\/wp.ufpel.edu.br\/international\/wp-json\/wp\/v2\/pages"}],"about":[{"href":"https:\/\/wp.ufpel.edu.br\/international\/wp-json\/wp\/v2\/types\/page"}],"author":[{"embeddable":true,"href":"https:\/\/wp.ufpel.edu.br\/international\/wp-json\/wp\/v2\/users\/928"}],"replies":[{"embeddable":true,"href":"https:\/\/wp.ufpel.edu.br\/international\/wp-json\/wp\/v2\/comments?post=950"}],"version-history":[{"count":4,"href":"https:\/\/wp.ufpel.edu.br\/international\/wp-json\/wp\/v2\/pages\/950\/revisions"}],"predecessor-version":[{"id":3428,"href":"https:\/\/wp.ufpel.edu.br\/international\/wp-json\/wp\/v2\/pages\/950\/revisions\/3428"}],"wp:attachment":[{"href":"https:\/\/wp.ufpel.edu.br\/international\/wp-json\/wp\/v2\/media?parent=950"}],"curies":[{"name":"wp","href":"https:\/\/api.w.org\/{rel}","templated":true}]}}