{"id":909,"date":"2022-10-19T16:52:57","date_gmt":"2022-10-19T19:52:57","guid":{"rendered":"https:\/\/wp.ufpel.edu.br\/international\/?page_id=909"},"modified":"2023-08-16T14:45:33","modified_gmt":"2023-08-16T17:45:33","slug":"politicas-linguisticas-para-internacionalizacao","status":"publish","type":"page","link":"https:\/\/wp.ufpel.edu.br\/international\/politicas-linguisticas-para-internacionalizacao\/","title":{"rendered":"Pol\u00edticas Lingu\u00edsticas para Internacionaliza\u00e7\u00e3o"},"content":{"rendered":"<div id=\"pl-909\"  class=\"panel-layout\" ><div id=\"pg-909-0\"  class=\"panel-grid panel-no-style\" ><div id=\"pgc-909-0-0\"  class=\"panel-grid-cell\" ><div id=\"panel-909-0-0-0\" class=\"so-panel widget widget_sow-accordion panel-first-child\" data-index=\"0\" ><div\n\t\t\t\n\t\t\tclass=\"so-widget-sow-accordion so-widget-sow-accordion-default-2b55ed2807e6-909\"\n\t\t\t\n\t\t><div>\n\t<div class=\"sow-accordion\">\n\t\t\t<div class=\"sow-accordion-panel\n\t\t\t\t\"\n\t\t\tdata-anchor-id=\"1-workshop-em-emi-english-as-a-medium-of-instruction\">\n\t\t\t\t<div class=\"sow-accordion-panel-header-container\" role=\"heading\" aria-level=\"2\">\n\t\t\t\t\t<div class=\"sow-accordion-panel-header\" tabindex=\"0\" role=\"button\" id=\"accordion-label-1-workshop-em-emi-english-as-a-medium-of-instruction\" aria-controls=\"accordion-content-1-workshop-em-emi-english-as-a-medium-of-instruction\" aria-expanded=\"false\">\n\t\t\t\t\t\t<div class=\"sow-accordion-title sow-accordion-title-icon-left\">\n\t\t\t\t\t\t\t\t\t\t\t\t\t\t1. Workshop em EMI (English as a Medium of Instruction)\t\t\t\t\t\t\t\t\t\t\t\t\t<\/div>\n\t\t\t\t\t\t<div class=\"sow-accordion-open-close-button\">\n\t\t\t\t\t\t\t<div class=\"sow-accordion-open-button\">\n\t\t\t\t\t\t\t\t<span class=\"sow-icon-ionicons\" data-sow-icon=\"&#xf218;\"\n\t\t \n\t\taria-hidden=\"true\"><\/span>\t\t\t\t\t\t\t<\/div>\n\t\t\t\t\t\t\t<div class=\"sow-accordion-close-button\">\n\t\t\t\t\t\t\t\t<span class=\"sow-icon-ionicons\" data-sow-icon=\"&#xf209;\"\n\t\t \n\t\taria-hidden=\"true\"><\/span>\t\t\t\t\t\t\t<\/div>\n\t\t\t\t\t\t<\/div>\n\t\t\t\t\t<\/div>\n\t\t\t\t<\/div>\n\n\t\t\t<div\n\t\t\t\tclass=\"sow-accordion-panel-content\"\n\t\t\t\trole=\"region\"\n\t\t\t\taria-labelledby=\"accordion-label-1-workshop-em-emi-english-as-a-medium-of-instruction\"\n\t\t\t\tid=\"accordion-content-1-workshop-em-emi-english-as-a-medium-of-instruction\"\n\t\t\t\tstyle=\"display: none;\"\t\t\t>\n\t\t\t\t<div class=\"sow-accordion-panel-border\">\n\t\t\t\t\t<p>O\u00a0<em>Workshop em EMI<\/em>\u00a0\u00e9 uma a\u00e7\u00e3o da Coordena\u00e7\u00e3o de Rela\u00e7\u00f5es Internacionais (CRInter) voltada para docentes da Universidade Federal de Pelotas (UFPel) credenciados aos programas de p\u00f3s-gradua\u00e7\u00e3o da institui\u00e7\u00e3o que tem por finalidade instrumentalizar os participantes com ferramentas para o uso do ingl\u00eas como meio de instru\u00e7\u00e3o nas disciplinas ofertadas pela UFPel, fomentando assim o potencial de internacionaliza\u00e7\u00e3o da universidade e propiciando a melhoria da profici\u00eancia lingu\u00edstica da comunidade acad\u00eamica que constitui este p\u00fablico alvo. Esta capacita\u00e7\u00e3o, pensada para acontecer idealmente uma vez por semestre, baseia-se na Taxonomia de Bloom para definir objetivos de aprendizagem e planejar aulas com base nesta identifica\u00e7\u00e3o e, em especial, na proposta\u00a0<em>Backwards Course Design<\/em>\u00a0para o preparo de aulas e desenvolvimento de materiais a partir de metodologias ativas que envolvam professores e alunos em pr\u00e1ticas aut\u00eanticas mediadas pela l\u00edngua inglesa.<\/p>\n<p>O(s) \u00faltimo(s) edital(is) do Workshop em EMI pode(m) ser verificado(s)\u00a0<strong><a href=\"https:\/\/wp.ufpel.edu.br\/progep\/files\/2021\/10\/SEI_UFPel-1418589-Edital_EMI.pdf\" target=\"_blank\" rel=\"noopener\">clicando aqui<\/a><\/strong>.<\/p>\n\t\t\t\t<\/div>\n\t\t\t<\/div>\n\t\t<\/div>\n\t\t\t<div class=\"sow-accordion-panel\n\t\t\t\t\"\n\t\t\tdata-anchor-id=\"2-consultoria-em-emi\">\n\t\t\t\t<div class=\"sow-accordion-panel-header-container\" role=\"heading\" aria-level=\"2\">\n\t\t\t\t\t<div class=\"sow-accordion-panel-header\" tabindex=\"0\" role=\"button\" id=\"accordion-label-2-consultoria-em-emi\" aria-controls=\"accordion-content-2-consultoria-em-emi\" aria-expanded=\"false\">\n\t\t\t\t\t\t<div class=\"sow-accordion-title sow-accordion-title-icon-left\">\n\t\t\t\t\t\t\t\t\t\t\t\t\t\t2. Consultoria em EMI\t\t\t\t\t\t\t\t\t\t\t\t\t<\/div>\n\t\t\t\t\t\t<div class=\"sow-accordion-open-close-button\">\n\t\t\t\t\t\t\t<div class=\"sow-accordion-open-button\">\n\t\t\t\t\t\t\t\t<span class=\"sow-icon-ionicons\" data-sow-icon=\"&#xf218;\"\n\t\t \n\t\taria-hidden=\"true\"><\/span>\t\t\t\t\t\t\t<\/div>\n\t\t\t\t\t\t\t<div class=\"sow-accordion-close-button\">\n\t\t\t\t\t\t\t\t<span class=\"sow-icon-ionicons\" data-sow-icon=\"&#xf209;\"\n\t\t \n\t\taria-hidden=\"true\"><\/span>\t\t\t\t\t\t\t<\/div>\n\t\t\t\t\t\t<\/div>\n\t\t\t\t\t<\/div>\n\t\t\t\t<\/div>\n\n\t\t\t<div\n\t\t\t\tclass=\"sow-accordion-panel-content\"\n\t\t\t\trole=\"region\"\n\t\t\t\taria-labelledby=\"accordion-label-2-consultoria-em-emi\"\n\t\t\t\tid=\"accordion-content-2-consultoria-em-emi\"\n\t\t\t\tstyle=\"display: none;\"\t\t\t>\n\t\t\t\t<div class=\"sow-accordion-panel-border\">\n\t\t\t\t\t<p>A Consultoria em EMI (Ingl\u00eas como meio de instru\u00e7\u00e3o) \u00e9 uma a\u00e7\u00e3o da Coordena\u00e7\u00e3o de Rela\u00e7\u00f5es Internacionais (CRInter) desenvolvida para acompanhar os docentes que realizaram alguma das edi\u00e7\u00f5es do\u00a0<em>Workshop em EMI,<\/em>\u00a0oferecidos pela CRInter anteriormente, de forma individualizada, na implementa\u00e7\u00e3o do EMI em um componente curricular (disciplina) da p\u00f3s-gradua\u00e7\u00e3o. A Consultoria baseia-se em materiais utilizados no\u00a0<em>Workshop EMI<\/em>, em especial na proposta\u00a0<em>Backwards Course Design<\/em>. A proposta baseia-se na prepara\u00e7\u00e3o de materiais pelos docentes, a partir das necessidades dos seus contextos espec\u00edficos de atua\u00e7\u00e3o, os quais ser\u00e3o discutidos nos encontros s\u00edncronos. Os t\u00f3picos incluem\u00a0<em>design<\/em>\u00a0do curso, desenvolvimento do plano de estudos e constru\u00e7\u00e3o de aulas e materiais embasados em metodologias ativas.<\/p>\n<p>O(s) \u00faltimo(s) edital(is) da consultoria em EMI pode(m) ser verificado(s)\u00a0<strong><a href=\"https:\/\/wp.ufpel.edu.br\/crinter\/files\/2022\/01\/SEI_UFPel-1564762-Edital.pdf\" target=\"_blank\" rel=\"noopener\">clicando aqui<\/a><\/strong>.<\/p>\n\t\t\t\t<\/div>\n\t\t\t<\/div>\n\t\t<\/div>\n\t\t\t<div class=\"sow-accordion-panel\n\t\t\t\t\"\n\t\t\tdata-anchor-id=\"3-disciplina-leitura-e-producao-de-textos-academicos-em-portugues-para-estudantes-internacionais-da-pos-graduacao\">\n\t\t\t\t<div class=\"sow-accordion-panel-header-container\" role=\"heading\" aria-level=\"2\">\n\t\t\t\t\t<div class=\"sow-accordion-panel-header\" tabindex=\"0\" role=\"button\" id=\"accordion-label-3-disciplina-%e2%80%9cleitura-e-produ%c3%a7%c3%a3o-de-textos-acad%c3%aamicos%e2%80%9d-em-portugu%c3%aas-para-estudantes-internacionais-da-p%c3%b3s-gradua%c3%a7%c3%a3o\" aria-controls=\"accordion-content-3-disciplina-%e2%80%9cleitura-e-produ%c3%a7%c3%a3o-de-textos-acad%c3%aamicos%e2%80%9d-em-portugu%c3%aas-para-estudantes-internacionais-da-p%c3%b3s-gradua%c3%a7%c3%a3o\" aria-expanded=\"false\">\n\t\t\t\t\t\t<div class=\"sow-accordion-title sow-accordion-title-icon-left\">\n\t\t\t\t\t\t\t\t\t\t\t\t\t\t3. Disciplina \u201cLeitura e Produ\u00e7\u00e3o de Textos Acad\u00eamicos\u201d, em portugu\u00eas, para estudantes internacionais da p\u00f3s-gradua\u00e7\u00e3o\t\t\t\t\t\t\t\t\t\t\t\t\t<\/div>\n\t\t\t\t\t\t<div class=\"sow-accordion-open-close-button\">\n\t\t\t\t\t\t\t<div class=\"sow-accordion-open-button\">\n\t\t\t\t\t\t\t\t<span class=\"sow-icon-ionicons\" data-sow-icon=\"&#xf218;\"\n\t\t \n\t\taria-hidden=\"true\"><\/span>\t\t\t\t\t\t\t<\/div>\n\t\t\t\t\t\t\t<div class=\"sow-accordion-close-button\">\n\t\t\t\t\t\t\t\t<span class=\"sow-icon-ionicons\" data-sow-icon=\"&#xf209;\"\n\t\t \n\t\taria-hidden=\"true\"><\/span>\t\t\t\t\t\t\t<\/div>\n\t\t\t\t\t\t<\/div>\n\t\t\t\t\t<\/div>\n\t\t\t\t<\/div>\n\n\t\t\t<div\n\t\t\t\tclass=\"sow-accordion-panel-content\"\n\t\t\t\trole=\"region\"\n\t\t\t\taria-labelledby=\"accordion-label-3-disciplina-%e2%80%9cleitura-e-produ%c3%a7%c3%a3o-de-textos-acad%c3%aamicos%e2%80%9d-em-portugu%c3%aas-para-estudantes-internacionais-da-p%c3%b3s-gradua%c3%a7%c3%a3o\"\n\t\t\t\tid=\"accordion-content-3-disciplina-%e2%80%9cleitura-e-produ%c3%a7%c3%a3o-de-textos-acad%c3%aamicos%e2%80%9d-em-portugu%c3%aas-para-estudantes-internacionais-da-p%c3%b3s-gradua%c3%a7%c3%a3o\"\n\t\t\t\tstyle=\"display: none;\"\t\t\t>\n\t\t\t\t<div class=\"sow-accordion-panel-border\">\n\t\t\t\t\t<p style=\"text-align: justify;\">A disciplina \u201cLeitura e Produ\u00e7\u00e3o de Textos Acad\u00eamicos\u201d, ministrada em portugu\u00eas, desenvolve estrat\u00e9gias de leitura e produ\u00e7\u00e3o de g\u00eaneros acad\u00eamicos escritos (resumos, resenhas e artigos, por exemplo) em L\u00edngua Portuguesa, bem como de pr\u00e1tica de recursos lingu\u00edsticos em portugu\u00eas comumente utilizados nesses g\u00eaneros.<\/p>\n\t\t\t\t<\/div>\n\t\t\t<\/div>\n\t\t<\/div>\n\t\t\t<div class=\"sow-accordion-panel\n\t\t\t\t\"\n\t\t\tdata-anchor-id=\"4-disciplina-leitura-e-producao-de-textos-academicos-em-ingles-para-estudantes-da-pos-graduacao\">\n\t\t\t\t<div class=\"sow-accordion-panel-header-container\" role=\"heading\" aria-level=\"2\">\n\t\t\t\t\t<div class=\"sow-accordion-panel-header\" tabindex=\"0\" role=\"button\" id=\"accordion-label-4-disciplina-%e2%80%9cleitura-e-produ%c3%a7%c3%a3o-de-textos-acad%c3%aamicos-em-ingl%c3%aas%e2%80%9d-para-estudantes-da-p%c3%b3s-gradua%c3%a7%c3%a3o\" aria-controls=\"accordion-content-4-disciplina-%e2%80%9cleitura-e-produ%c3%a7%c3%a3o-de-textos-acad%c3%aamicos-em-ingl%c3%aas%e2%80%9d-para-estudantes-da-p%c3%b3s-gradua%c3%a7%c3%a3o\" aria-expanded=\"false\">\n\t\t\t\t\t\t<div class=\"sow-accordion-title sow-accordion-title-icon-left\">\n\t\t\t\t\t\t\t\t\t\t\t\t\t\t4. Disciplina \u201cLeitura e Produ\u00e7\u00e3o de Textos Acad\u00eamicos em Ingl\u00eas\u201d para estudantes da p\u00f3s-gradua\u00e7\u00e3o\t\t\t\t\t\t\t\t\t\t\t\t\t<\/div>\n\t\t\t\t\t\t<div class=\"sow-accordion-open-close-button\">\n\t\t\t\t\t\t\t<div class=\"sow-accordion-open-button\">\n\t\t\t\t\t\t\t\t<span class=\"sow-icon-ionicons\" data-sow-icon=\"&#xf218;\"\n\t\t \n\t\taria-hidden=\"true\"><\/span>\t\t\t\t\t\t\t<\/div>\n\t\t\t\t\t\t\t<div class=\"sow-accordion-close-button\">\n\t\t\t\t\t\t\t\t<span class=\"sow-icon-ionicons\" data-sow-icon=\"&#xf209;\"\n\t\t \n\t\taria-hidden=\"true\"><\/span>\t\t\t\t\t\t\t<\/div>\n\t\t\t\t\t\t<\/div>\n\t\t\t\t\t<\/div>\n\t\t\t\t<\/div>\n\n\t\t\t<div\n\t\t\t\tclass=\"sow-accordion-panel-content\"\n\t\t\t\trole=\"region\"\n\t\t\t\taria-labelledby=\"accordion-label-4-disciplina-%e2%80%9cleitura-e-produ%c3%a7%c3%a3o-de-textos-acad%c3%aamicos-em-ingl%c3%aas%e2%80%9d-para-estudantes-da-p%c3%b3s-gradua%c3%a7%c3%a3o\"\n\t\t\t\tid=\"accordion-content-4-disciplina-%e2%80%9cleitura-e-produ%c3%a7%c3%a3o-de-textos-acad%c3%aamicos-em-ingl%c3%aas%e2%80%9d-para-estudantes-da-p%c3%b3s-gradua%c3%a7%c3%a3o\"\n\t\t\t\tstyle=\"display: none;\"\t\t\t>\n\t\t\t\t<div class=\"sow-accordion-panel-border\">\n\t\t\t\t\t<p style=\"text-align: justify;\">A disciplina \"Leitura e Produ\u00e7\u00e3o de Textos Acad\u00eamicos em Ingl\u00eas\" \u00e9 uma a\u00e7\u00e3o da Pr\u00f3-Reitoria de pesquisa e p\u00f3s-gradua\u00e7\u00e3o. Pensada especificamente para estudantes da p\u00f3s-gradua\u00e7\u00e3o, tem o objetivo de desenvolver estrat\u00e9gias de leitura e produ\u00e7\u00e3o de g\u00eaneros acad\u00eamicos escritos em ingl\u00eas (resenha, artigo cient\u00edfico, resumo e cap\u00edtulo, por exemplo), bem como possibilitar a pr\u00e1tica de recursos lingu\u00edsticos comumente utilizados nesses g\u00eaneros. O fim da proposta da disciplina \u00e9 ampliar as publica\u00e7\u00f5es internacionais dos PPG da universidade por meio de maior autonomia de reda\u00e7\u00e3o de artigos em ingl\u00eas por parte dos estudantes.<\/p>\n\t\t\t\t<\/div>\n\t\t\t<\/div>\n\t\t<\/div>\n\t\t\t<div class=\"sow-accordion-panel\n\t\t\t\t\"\n\t\t\tdata-anchor-id=\"5-disciplina-academic-presentations-in-english-para-estudantes-da-pos-graduacao\">\n\t\t\t\t<div class=\"sow-accordion-panel-header-container\" role=\"heading\" aria-level=\"2\">\n\t\t\t\t\t<div class=\"sow-accordion-panel-header\" tabindex=\"0\" role=\"button\" id=\"accordion-label-5-disciplina-academic-presentations-in-english-para-estudantes-da-p%c3%b3s-gradua%c3%a7%c3%a3o\" aria-controls=\"accordion-content-5-disciplina-academic-presentations-in-english-para-estudantes-da-p%c3%b3s-gradua%c3%a7%c3%a3o\" aria-expanded=\"false\">\n\t\t\t\t\t\t<div class=\"sow-accordion-title sow-accordion-title-icon-left\">\n\t\t\t\t\t\t\t\t\t\t\t\t\t\t5. Disciplina \"Academic Presentations in English\", para estudantes da p\u00f3s-gradua\u00e7\u00e3o\t\t\t\t\t\t\t\t\t\t\t\t\t<\/div>\n\t\t\t\t\t\t<div class=\"sow-accordion-open-close-button\">\n\t\t\t\t\t\t\t<div class=\"sow-accordion-open-button\">\n\t\t\t\t\t\t\t\t<span class=\"sow-icon-ionicons\" data-sow-icon=\"&#xf218;\"\n\t\t \n\t\taria-hidden=\"true\"><\/span>\t\t\t\t\t\t\t<\/div>\n\t\t\t\t\t\t\t<div class=\"sow-accordion-close-button\">\n\t\t\t\t\t\t\t\t<span class=\"sow-icon-ionicons\" data-sow-icon=\"&#xf209;\"\n\t\t \n\t\taria-hidden=\"true\"><\/span>\t\t\t\t\t\t\t<\/div>\n\t\t\t\t\t\t<\/div>\n\t\t\t\t\t<\/div>\n\t\t\t\t<\/div>\n\n\t\t\t<div\n\t\t\t\tclass=\"sow-accordion-panel-content\"\n\t\t\t\trole=\"region\"\n\t\t\t\taria-labelledby=\"accordion-label-5-disciplina-academic-presentations-in-english-para-estudantes-da-p%c3%b3s-gradua%c3%a7%c3%a3o\"\n\t\t\t\tid=\"accordion-content-5-disciplina-academic-presentations-in-english-para-estudantes-da-p%c3%b3s-gradua%c3%a7%c3%a3o\"\n\t\t\t\tstyle=\"display: none;\"\t\t\t>\n\t\t\t\t<div class=\"sow-accordion-panel-border\">\n\t\t\t\t\t<p style=\"text-align: justify;\">Originally conceived for graduate students, the course seeks to develop comprehension and production strategies for oral academic genres (e.g., presentations for events and internal seminars) in English, as well as enable the practice of linguistic resources commonly used in these genres.<\/p>\n\t\t\t\t<\/div>\n\t\t\t<\/div>\n\t\t<\/div>\n\t\t\t<div class=\"sow-accordion-panel\n\t\t\t\t\"\n\t\t\tdata-anchor-id=\"6-disciplina-compreensao-e-producao-oral-em-portugues-como-lingua-adicional-para-estudantes-internacionais-da-pos-graduacao\">\n\t\t\t\t<div class=\"sow-accordion-panel-header-container\" role=\"heading\" aria-level=\"2\">\n\t\t\t\t\t<div class=\"sow-accordion-panel-header\" tabindex=\"0\" role=\"button\" id=\"accordion-label-6-disciplina-compreens%c3%a3o-e-produ%c3%a7%c3%a3o-oral-em-portugu%c3%aas-como-l%c3%adngua-adicional-para-estudantes-internacionais-da-p%c3%b3s-gradua%c3%a7%c3%a3o\" aria-controls=\"accordion-content-6-disciplina-compreens%c3%a3o-e-produ%c3%a7%c3%a3o-oral-em-portugu%c3%aas-como-l%c3%adngua-adicional-para-estudantes-internacionais-da-p%c3%b3s-gradua%c3%a7%c3%a3o\" aria-expanded=\"false\">\n\t\t\t\t\t\t<div class=\"sow-accordion-title sow-accordion-title-icon-left\">\n\t\t\t\t\t\t\t\t\t\t\t\t\t\t6. Disciplina \"Compreens\u00e3o e Produ\u00e7\u00e3o Oral em Portugu\u00eas como L\u00edngua Adicional\", para estudantes internacionais da p\u00f3s-gradua\u00e7\u00e3o\t\t\t\t\t\t\t\t\t\t\t\t\t<\/div>\n\t\t\t\t\t\t<div class=\"sow-accordion-open-close-button\">\n\t\t\t\t\t\t\t<div class=\"sow-accordion-open-button\">\n\t\t\t\t\t\t\t\t<span class=\"sow-icon-ionicons\" data-sow-icon=\"&#xf218;\"\n\t\t \n\t\taria-hidden=\"true\"><\/span>\t\t\t\t\t\t\t<\/div>\n\t\t\t\t\t\t\t<div class=\"sow-accordion-close-button\">\n\t\t\t\t\t\t\t\t<span class=\"sow-icon-ionicons\" data-sow-icon=\"&#xf209;\"\n\t\t \n\t\taria-hidden=\"true\"><\/span>\t\t\t\t\t\t\t<\/div>\n\t\t\t\t\t\t<\/div>\n\t\t\t\t\t<\/div>\n\t\t\t\t<\/div>\n\n\t\t\t<div\n\t\t\t\tclass=\"sow-accordion-panel-content\"\n\t\t\t\trole=\"region\"\n\t\t\t\taria-labelledby=\"accordion-label-6-disciplina-compreens%c3%a3o-e-produ%c3%a7%c3%a3o-oral-em-portugu%c3%aas-como-l%c3%adngua-adicional-para-estudantes-internacionais-da-p%c3%b3s-gradua%c3%a7%c3%a3o\"\n\t\t\t\tid=\"accordion-content-6-disciplina-compreens%c3%a3o-e-produ%c3%a7%c3%a3o-oral-em-portugu%c3%aas-como-l%c3%adngua-adicional-para-estudantes-internacionais-da-p%c3%b3s-gradua%c3%a7%c3%a3o\"\n\t\t\t\tstyle=\"display: none;\"\t\t\t>\n\t\t\t\t<div class=\"sow-accordion-panel-border\">\n\t\t\t\t\t<p style=\"text-align: justify;\">A disciplina \"Compreens\u00e3o e Produ\u00e7\u00e3o Oral em Portugu\u00eas como L\u00edngua Adicional\", pensada especificamente para estudantes internacionais da p\u00f3s-gradua\u00e7\u00e3o, tem o objetivo de desenvolver estrat\u00e9gias de compreens\u00e3o e produ\u00e7\u00e3o de g\u00eaneros acad\u00eamicos orais (apresenta\u00e7\u00f5es, semin\u00e1rios), bem como possibilitar a pr\u00e1tica de recursos lingu\u00edsticos comumente utilizados nesses g\u00eaneros. O fim da proposta da disciplina \u00e9 ampliar a participa\u00e7\u00e3o dos estudantes internacionais nas pr\u00e1ticas acad\u00eamicas em portugu\u00eas por meio da produ\u00e7\u00e3o de g\u00eaneros orais de forma eficiente e aut\u00f4noma.<\/p>\n\t\t\t\t<\/div>\n\t\t\t<\/div>\n\t\t<\/div>\n\t\t\t<div class=\"sow-accordion-panel\n\t\t\t\t\"\n\t\t\tdata-anchor-id=\"7-idiomas-sem-fronteiras-isf\">\n\t\t\t\t<div class=\"sow-accordion-panel-header-container\" role=\"heading\" aria-level=\"2\">\n\t\t\t\t\t<div class=\"sow-accordion-panel-header\" tabindex=\"0\" role=\"button\" id=\"accordion-label-7-idiomas-sem-fronteiras-isf\" aria-controls=\"accordion-content-7-idiomas-sem-fronteiras-isf\" aria-expanded=\"false\">\n\t\t\t\t\t\t<div class=\"sow-accordion-title sow-accordion-title-icon-left\">\n\t\t\t\t\t\t\t\t\t\t\t\t\t\t7. Idiomas sem Fronteiras (IsF)\t\t\t\t\t\t\t\t\t\t\t\t\t<\/div>\n\t\t\t\t\t\t<div class=\"sow-accordion-open-close-button\">\n\t\t\t\t\t\t\t<div class=\"sow-accordion-open-button\">\n\t\t\t\t\t\t\t\t<span class=\"sow-icon-ionicons\" data-sow-icon=\"&#xf218;\"\n\t\t \n\t\taria-hidden=\"true\"><\/span>\t\t\t\t\t\t\t<\/div>\n\t\t\t\t\t\t\t<div class=\"sow-accordion-close-button\">\n\t\t\t\t\t\t\t\t<span class=\"sow-icon-ionicons\" data-sow-icon=\"&#xf209;\"\n\t\t \n\t\taria-hidden=\"true\"><\/span>\t\t\t\t\t\t\t<\/div>\n\t\t\t\t\t\t<\/div>\n\t\t\t\t\t<\/div>\n\t\t\t\t<\/div>\n\n\t\t\t<div\n\t\t\t\tclass=\"sow-accordion-panel-content\"\n\t\t\t\trole=\"region\"\n\t\t\t\taria-labelledby=\"accordion-label-7-idiomas-sem-fronteiras-isf\"\n\t\t\t\tid=\"accordion-content-7-idiomas-sem-fronteiras-isf\"\n\t\t\t\tstyle=\"display: none;\"\t\t\t>\n\t\t\t\t<div class=\"sow-accordion-panel-border\">\n\t\t\t\t\t<p>A Rede Andifes-Idiomas sem Fronteiras (IsF) tem como objetivo, junto \u00e0s IFES vinculadas, propiciar:<\/p>\n<p>1) Forma\u00e7\u00e3o inicial e continuada de professores de idiomas para atuarem em processos de internacionaliza\u00e7\u00e3o;<br \/>\n2) Desenvolvimento de profici\u00eancia lingu\u00edstica de:<br \/>\n- Estudantes, docentes e corpo t\u00e9cnico-administrativo das IFES credenciadas;<br \/>\n- Professores de idiomas da rede p\u00fablica de Educa\u00e7\u00e3o B\u00e1sica;<br \/>\n- Estrangeiros (em l\u00edngua portuguesa), contribuindo para o desenvolvimento de uma pol\u00edtica lingu\u00edstica para o pa\u00eds.<\/p>\n<p>O IsF - NucLi UFPel oferece cursos gratuitos de alem\u00e3o, espanhol, ingl\u00eas e portugu\u00eas como l\u00edngua adicional.<\/p>\n<p><strong>Contato: <\/strong><\/p>\n<p>Instagram: <a href=\"https:\/\/www.instagram.com\/isf.ufpel\/\">@isf.ufpel <\/a><\/p>\n<p>E-mail: nucli.ufpel@programaisf.pro.br<\/p>\n\t\t\t\t<\/div>\n\t\t\t<\/div>\n\t\t<\/div>\n\t\t\t<div class=\"sow-accordion-panel\n\t\t\t\t\"\n\t\t\tdata-anchor-id=\"8-portugues-para-estrangeiros-ppe\">\n\t\t\t\t<div class=\"sow-accordion-panel-header-container\" role=\"heading\" aria-level=\"2\">\n\t\t\t\t\t<div class=\"sow-accordion-panel-header\" tabindex=\"0\" role=\"button\" id=\"accordion-label-8-portugu%c3%aas-para-estrangeiros-ppe\" aria-controls=\"accordion-content-8-portugu%c3%aas-para-estrangeiros-ppe\" aria-expanded=\"false\">\n\t\t\t\t\t\t<div class=\"sow-accordion-title sow-accordion-title-icon-left\">\n\t\t\t\t\t\t\t\t\t\t\t\t\t\t8. Portugu\u00eas para Estrangeiros (PPE) \t\t\t\t\t\t\t\t\t\t\t\t\t<\/div>\n\t\t\t\t\t\t<div class=\"sow-accordion-open-close-button\">\n\t\t\t\t\t\t\t<div class=\"sow-accordion-open-button\">\n\t\t\t\t\t\t\t\t<span class=\"sow-icon-ionicons\" data-sow-icon=\"&#xf218;\"\n\t\t \n\t\taria-hidden=\"true\"><\/span>\t\t\t\t\t\t\t<\/div>\n\t\t\t\t\t\t\t<div class=\"sow-accordion-close-button\">\n\t\t\t\t\t\t\t\t<span class=\"sow-icon-ionicons\" data-sow-icon=\"&#xf209;\"\n\t\t \n\t\taria-hidden=\"true\"><\/span>\t\t\t\t\t\t\t<\/div>\n\t\t\t\t\t\t<\/div>\n\t\t\t\t\t<\/div>\n\t\t\t\t<\/div>\n\n\t\t\t<div\n\t\t\t\tclass=\"sow-accordion-panel-content\"\n\t\t\t\trole=\"region\"\n\t\t\t\taria-labelledby=\"accordion-label-8-portugu%c3%aas-para-estrangeiros-ppe\"\n\t\t\t\tid=\"accordion-content-8-portugu%c3%aas-para-estrangeiros-ppe\"\n\t\t\t\tstyle=\"display: none;\"\t\t\t>\n\t\t\t\t<div class=\"sow-accordion-panel-border\">\n\t\t\t\t\t<p>O Programa Portugu\u00eas para Estrangeiros (PPE), um programa estrat\u00e9gico da Universidade Federal de Pelotas, tem o objetivo de fomentar a\u00e7\u00f5es de internacionaliza\u00e7\u00e3o na institui\u00e7\u00e3o. Prev\u00ea a promo\u00e7\u00e3o e expans\u00e3o do estudo de Portugu\u00eas para Estrangeiros e da cultura brasileira por meio de:<\/p>\n<p>1) oferta cont\u00ednua de cursos de L\u00edngua Portuguesa a estrangeiros;<br \/>\n2) divulga\u00e7\u00e3o e aplica\u00e7\u00e3o do exame Celpe-Bras para a comunidade externa e acad\u00eamica da UFPel, bem como para as universidades parceiras estrangeiras.<\/p>\n<p><strong>Contato:<\/strong><\/p>\n<p>Instagram: <a href=\"https:\/\/www.instagram.com\/ppe.ufpel\/?hl=fi\">@ppe.ufpel<\/a><\/p>\n<p>E-mail: <a href=\"ppe.clc.ufpel@gmail.com\">ppe.clc.ufpel@gmail.com<\/a><\/p>\n\t\t\t\t<\/div>\n\t\t\t<\/div>\n\t\t<\/div>\n\t\t\t<div class=\"sow-accordion-panel\n\t\t\t\t\"\n\t\t\tdata-anchor-id=\"9-camara-de-extensao-do-clc-cursos-basicos-de-linguas\">\n\t\t\t\t<div class=\"sow-accordion-panel-header-container\" role=\"heading\" aria-level=\"2\">\n\t\t\t\t\t<div class=\"sow-accordion-panel-header\" tabindex=\"0\" role=\"button\" id=\"accordion-label-9-c%c3%a2mara-de-extens%c3%a3o-do-clc-cursos-b%c3%a1sicos-de-l%c3%adnguas\" aria-controls=\"accordion-content-9-c%c3%a2mara-de-extens%c3%a3o-do-clc-cursos-b%c3%a1sicos-de-l%c3%adnguas\" aria-expanded=\"false\">\n\t\t\t\t\t\t<div class=\"sow-accordion-title sow-accordion-title-icon-left\">\n\t\t\t\t\t\t\t\t\t\t\t\t\t\t9. C\u00e2mara de Extens\u00e3o do CLC - Cursos B\u00e1sicos de L\u00ednguas \t\t\t\t\t\t\t\t\t\t\t\t\t<\/div>\n\t\t\t\t\t\t<div class=\"sow-accordion-open-close-button\">\n\t\t\t\t\t\t\t<div class=\"sow-accordion-open-button\">\n\t\t\t\t\t\t\t\t<span class=\"sow-icon-ionicons\" data-sow-icon=\"&#xf218;\"\n\t\t \n\t\taria-hidden=\"true\"><\/span>\t\t\t\t\t\t\t<\/div>\n\t\t\t\t\t\t\t<div class=\"sow-accordion-close-button\">\n\t\t\t\t\t\t\t\t<span class=\"sow-icon-ionicons\" data-sow-icon=\"&#xf209;\"\n\t\t \n\t\taria-hidden=\"true\"><\/span>\t\t\t\t\t\t\t<\/div>\n\t\t\t\t\t\t<\/div>\n\t\t\t\t\t<\/div>\n\t\t\t\t<\/div>\n\n\t\t\t<div\n\t\t\t\tclass=\"sow-accordion-panel-content\"\n\t\t\t\trole=\"region\"\n\t\t\t\taria-labelledby=\"accordion-label-9-c%c3%a2mara-de-extens%c3%a3o-do-clc-cursos-b%c3%a1sicos-de-l%c3%adnguas\"\n\t\t\t\tid=\"accordion-content-9-c%c3%a2mara-de-extens%c3%a3o-do-clc-cursos-b%c3%a1sicos-de-l%c3%adnguas\"\n\t\t\t\tstyle=\"display: none;\"\t\t\t>\n\t\t\t\t<div class=\"sow-accordion-panel-border\">\n\t\t\t\t\t<p>A C\u00e2mara de Extens\u00e3o do Centro de Letras e Comunica\u00e7\u00e3o (CLC) da UFPel oferece regularmente \u00e0 comunidade em geral cursos b\u00e1sicos em l\u00edngua estrangeira (alem\u00e3o, espanhol, franc\u00eas e ingl\u00eas).<\/p>\n<p><strong>Contato:<\/strong><\/p>\n<p>Site:\u00a0<a href=\"https:\/\/wp.ufpel.edu.br\/cursosdelinguas\/\">https:\/\/wp.ufpel.edu.br\/cursosdelinguas\/<\/a><\/p>\n<p>Instagram:<a href=\"https:\/\/www.instagram.com\/cursosdelinguasufpel\/\"> @cursosdelinguasufpel<\/a><\/p>\n<p>Facebook:\u00a0<a href=\"https:\/\/www.facebook.com\/camaradeextensaoclcufpel\/\">https:\/\/www.facebook.com\/camaradeextensaoclcufpel\/<\/a><\/p>\n<p>E-mail: cursosdelinguasufpel@gmail.com<\/p>\n<p>Telefone: (53) 3284-3811<\/p>\n<p>&nbsp;<\/p>\n\t\t\t\t<\/div>\n\t\t\t<\/div>\n\t\t<\/div>\n\t\t<\/div>\n<\/div>\n<\/div><\/div><div id=\"panel-909-0-0-1\" class=\"so-panel widget widget_vantage-social-media panel-last-child\" data-index=\"1\" >\t\t\t\t<a\n\t\t\t\t\tclass=\"social-media-icon social-media-icon-envelope social-media-icon-size-medium\"\n\t\t\t\t\thref=\"mailto:politicaslinguisticas@ufpel.edu.br\"\n\t\t\t\t\ttitle=\"UFPel International Email\"\n\t\t\t\t\t\t\t\t\t>\n\t\t\t\t\t<span class=\"fa fa-envelope\"><\/span>\t\t\t\t<\/a>\n\t\t\t\t<\/div><\/div><\/div><\/div>","protected":false},"excerpt":{"rendered":"<p>1. Workshop em EMI (English as a Medium of Instruction) O\u00a0Workshop em EMI\u00a0\u00e9 uma a\u00e7\u00e3o da Coordena\u00e7\u00e3o de Rela\u00e7\u00f5es Internacionais (CRInter) voltada para docentes da Universidade Federal de Pelotas (UFPel) credenciados aos programas de p\u00f3s-gradua\u00e7\u00e3o da institui\u00e7\u00e3o que tem por finalidade instrumentalizar os participantes com ferramentas para o uso do ingl\u00eas como meio de instru\u00e7\u00e3o [&hellip;]<\/p>\n","protected":false},"author":928,"featured_media":0,"parent":0,"menu_order":0,"comment_status":"closed","ping_status":"closed","template":"","meta":{"footnotes":""},"class_list":["post-909","page","type-page","status-publish","hentry","post"],"jetpack_sharing_enabled":true,"_links":{"self":[{"href":"https:\/\/wp.ufpel.edu.br\/international\/wp-json\/wp\/v2\/pages\/909","targetHints":{"allow":["GET"]}}],"collection":[{"href":"https:\/\/wp.ufpel.edu.br\/international\/wp-json\/wp\/v2\/pages"}],"about":[{"href":"https:\/\/wp.ufpel.edu.br\/international\/wp-json\/wp\/v2\/types\/page"}],"author":[{"embeddable":true,"href":"https:\/\/wp.ufpel.edu.br\/international\/wp-json\/wp\/v2\/users\/928"}],"replies":[{"embeddable":true,"href":"https:\/\/wp.ufpel.edu.br\/international\/wp-json\/wp\/v2\/comments?post=909"}],"version-history":[{"count":39,"href":"https:\/\/wp.ufpel.edu.br\/international\/wp-json\/wp\/v2\/pages\/909\/revisions"}],"predecessor-version":[{"id":1957,"href":"https:\/\/wp.ufpel.edu.br\/international\/wp-json\/wp\/v2\/pages\/909\/revisions\/1957"}],"wp:attachment":[{"href":"https:\/\/wp.ufpel.edu.br\/international\/wp-json\/wp\/v2\/media?parent=909"}],"curies":[{"name":"wp","href":"https:\/\/api.w.org\/{rel}","templated":true}]}}