{"id":708,"date":"2022-08-10T14:25:30","date_gmt":"2022-08-10T17:25:30","guid":{"rendered":"https:\/\/wp.ufpel.edu.br\/international\/?page_id=708"},"modified":"2025-05-30T11:19:36","modified_gmt":"2025-05-30T14:19:36","slug":"be-an-ufpel-partner","status":"publish","type":"page","link":"https:\/\/wp.ufpel.edu.br\/international\/be-an-ufpel-partner\/","title":{"rendered":"Become a partner"},"content":{"rendered":"<div id=\"pl-708\"  class=\"panel-layout\" ><div id=\"pg-708-0\"  class=\"panel-grid panel-no-style\" ><div id=\"pgc-708-0-0\"  class=\"panel-grid-cell\" ><div id=\"panel-708-0-0-0\" class=\"so-panel widget widget_sow-editor panel-first-child\" data-index=\"0\" ><div\n\t\t\t\n\t\t\tclass=\"so-widget-sow-editor so-widget-sow-editor-base\"\n\t\t\t\n\t\t>\n<div class=\"siteorigin-widget-tinymce textwidget\">\n\t<p>Our <a href=\"https:\/\/wp.ufpel.edu.br\/international\/files\/2025\/04\/Course-List-2025.pdf.pdf\">Course List 2025.pdf<\/a><\/p>\n<\/div>\n<\/div><\/div><div id=\"panel-708-0-0-1\" class=\"so-panel widget widget_sow-editor\" data-index=\"1\" ><div\n\t\t\t\n\t\t\tclass=\"so-widget-sow-editor so-widget-sow-editor-base\"\n\t\t\t\n\t\t>\n<div class=\"siteorigin-widget-tinymce textwidget\">\n\t<p><a href=\"https:\/\/wp.ufpel.edu.br\/international\/files\/2025\/05\/BRICS-25-UFPEL-PRESENTATION-1.pdf\">UFPEL PRESENTATION<\/a><\/p>\n<p>&nbsp;<\/p>\n<\/div>\n<\/div><\/div><div id=\"panel-708-0-0-2\" class=\"so-panel widget widget_sow-editor panel-last-child\" data-index=\"2\" ><div\n\t\t\t\n\t\t\tclass=\"so-widget-sow-editor so-widget-sow-editor-base\"\n\t\t\t\n\t\t>\n<div class=\"siteorigin-widget-tinymce textwidget\">\n\t<h4>Endere\u00e7o<\/h4>\n<p>Rua Lobo da Costa, 447 - Centro<br \/>\nPelotas-RS - CEP 96010-150<br \/>\nAberto das 8h \u00e0s 12h - 14h \u00e0s 18h<\/p>\n<p><a href=\"tel:+555332843140\">+55 (53) 3284-3140<\/a><\/p>\n<h5>Contatos<\/h5>\n<p>International Students, MOB OUT e Acordos de Coopera\u00e7\u00e3o:<br \/>\n<a style=\"font-weight: 400;\" href=\"mailto:international@ufpel.edu.br\">international@ufpel.edu.br<\/a><br \/>\nRevalida\u00e7\u00e3o e Reconhecimento de Diplomas:<br \/>\n<a style=\"font-weight: 400;\" href=\"mailto:revalidacao@ufpel.edu.br\">revalidacao@ufpel.edu.br<\/a><br \/>\nTradu\u00e7\u00e3o de documentos:<br \/>\n<a style=\"font-weight: 400;\" href=\"mailto:traducoes@ufpel.edu.br\">traducoes@ufpel.edu.br<\/a><br \/>\nPol\u00edticas Lingu\u00edsticas para Internacionaliza\u00e7\u00e3o:<br \/>\n<a style=\"font-weight: 400;\" href=\"mailto:politicaslinguisticas@ufpel.edu.br\">politicaslinguisticas@ufpel.edu.br<\/a><\/p>\n<h5>Redes<\/h5>\n<p><a href=\"https:\/\/www.facebook.com\/CRInterUFPel\/\" target=\"_blank\" rel=\"noopener\">Facebook<\/a>, <a href=\"https:\/\/www.instagram.com\/ufpelinternational\/\" target=\"_blank\" rel=\"noopener\">Instagram<\/a>, <a href=\"https:\/\/www.youtube.com\/channel\/UCfatmr8Io-PNvs9EzoC1PxQ\" target=\"_blank\" rel=\"noopener\">Youtube<\/a>.<\/p>\n<\/div>\n<\/div><\/div><\/div><div id=\"pgc-708-0-1\"  class=\"panel-grid-cell\" ><div class=\"panel-cell-style panel-cell-style-for-708-0-1\" ><div id=\"panel-708-0-1-0\" class=\"so-panel widget widget_sow-editor panel-first-child panel-last-child\" data-index=\"3\" ><div\n\t\t\t\n\t\t\tclass=\"so-widget-sow-editor so-widget-sow-editor-base\"\n\t\t\t\n\t\t>\n<div class=\"siteorigin-widget-tinymce textwidget\">\n\t<h4>Enviar mensagem<\/h4>\n\n<div class=\"wpcf7 no-js\" id=\"wpcf7-f718-o1\" lang=\"pt-BR\" dir=\"ltr\" data-wpcf7-id=\"718\">\n<div class=\"screen-reader-response\"><p role=\"status\" aria-live=\"polite\" aria-atomic=\"true\"><\/p> <ul><\/ul><\/div>\n<form action=\"\/international\/wp-json\/wp\/v2\/pages\/708#wpcf7-f718-o1\" method=\"post\" class=\"wpcf7-form init\" aria-label=\"Formul\u00e1rios de contato\" novalidate=\"novalidate\" data-status=\"init\">\n<fieldset class=\"hidden-fields-container\"><input type=\"hidden\" name=\"_wpcf7\" value=\"718\" \/><input type=\"hidden\" name=\"_wpcf7_version\" value=\"6.1.4\" \/><input type=\"hidden\" name=\"_wpcf7_locale\" value=\"pt_BR\" \/><input type=\"hidden\" name=\"_wpcf7_unit_tag\" value=\"wpcf7-f718-o1\" \/><input type=\"hidden\" name=\"_wpcf7_container_post\" value=\"0\" \/><input type=\"hidden\" name=\"_wpcf7_posted_data_hash\" value=\"\" \/>\n<\/fieldset>\n<p><label> Seu nome<br \/>\n<span class=\"wpcf7-form-control-wrap\" data-name=\"your-name\"><input size=\"40\" maxlength=\"400\" class=\"wpcf7-form-control wpcf7-text wpcf7-validates-as-required\" aria-required=\"true\" aria-invalid=\"false\" value=\"\" type=\"text\" name=\"your-name\" \/><\/span> <\/label>\n<\/p>\n<p><label> Seu e-mail<br \/>\n<span class=\"wpcf7-form-control-wrap\" data-name=\"your-email\"><input size=\"40\" maxlength=\"400\" class=\"wpcf7-form-control wpcf7-email wpcf7-validates-as-required wpcf7-text wpcf7-validates-as-email\" aria-required=\"true\" aria-invalid=\"false\" value=\"\" type=\"email\" name=\"your-email\" \/><\/span> <\/label>\n<\/p>\n<p><label> Sua mensagem<br \/>\n<span class=\"wpcf7-form-control-wrap\" data-name=\"your-message\"><textarea cols=\"40\" rows=\"10\" maxlength=\"2000\" class=\"wpcf7-form-control wpcf7-textarea wpcf7-validates-as-required\" aria-required=\"true\" aria-invalid=\"false\" name=\"your-message\"><\/textarea><\/span> <\/label>\n<\/p>\n<p><input class=\"wpcf7-form-control wpcf7-submit has-spinner\" type=\"submit\" value=\"Enviar\" \/>\n<\/p><p style=\"display: none !important;\" class=\"akismet-fields-container\" data-prefix=\"_wpcf7_ak_\"><label>&#916;<textarea name=\"_wpcf7_ak_hp_textarea\" cols=\"45\" rows=\"8\" maxlength=\"100\"><\/textarea><\/label><input type=\"hidden\" id=\"ak_js_1\" name=\"_wpcf7_ak_js\" value=\"234\"\/><script>document.getElementById( \"ak_js_1\" ).setAttribute( \"value\", ( new Date() ).getTime() );<\/script><\/p><div class=\"wpcf7-response-output\" aria-hidden=\"true\"><\/div>\n<\/form>\n<\/div>\n\n<\/div>\n<\/div><\/div><\/div><\/div><\/div><\/div>","protected":false},"excerpt":{"rendered":"<p>Our Course List 2025.pdf UFPEL PRESENTATION &nbsp; Endere\u00e7o Rua Lobo da Costa, 447 &#8211; Centro Pelotas-RS &#8211; CEP 96010-150 Aberto das 8h \u00e0s 12h &#8211; 14h \u00e0s 18h +55 (53) 3284-3140 Contatos International Students, MOB OUT e Acordos de Coopera\u00e7\u00e3o: international@ufpel.edu.br Revalida\u00e7\u00e3o e Reconhecimento de Diplomas: revalidacao@ufpel.edu.br Tradu\u00e7\u00e3o de documentos: traducoes@ufpel.edu.br Pol\u00edticas Lingu\u00edsticas para Internacionaliza\u00e7\u00e3o: [&hellip;]<\/p>\n","protected":false},"author":928,"featured_media":0,"parent":0,"menu_order":0,"comment_status":"closed","ping_status":"closed","template":"","meta":{"footnotes":""},"class_list":["post-708","page","type-page","status-publish","hentry","post"],"jetpack_sharing_enabled":true,"_links":{"self":[{"href":"https:\/\/wp.ufpel.edu.br\/international\/wp-json\/wp\/v2\/pages\/708","targetHints":{"allow":["GET"]}}],"collection":[{"href":"https:\/\/wp.ufpel.edu.br\/international\/wp-json\/wp\/v2\/pages"}],"about":[{"href":"https:\/\/wp.ufpel.edu.br\/international\/wp-json\/wp\/v2\/types\/page"}],"author":[{"embeddable":true,"href":"https:\/\/wp.ufpel.edu.br\/international\/wp-json\/wp\/v2\/users\/928"}],"replies":[{"embeddable":true,"href":"https:\/\/wp.ufpel.edu.br\/international\/wp-json\/wp\/v2\/comments?post=708"}],"version-history":[{"count":17,"href":"https:\/\/wp.ufpel.edu.br\/international\/wp-json\/wp\/v2\/pages\/708\/revisions"}],"predecessor-version":[{"id":3215,"href":"https:\/\/wp.ufpel.edu.br\/international\/wp-json\/wp\/v2\/pages\/708\/revisions\/3215"}],"wp:attachment":[{"href":"https:\/\/wp.ufpel.edu.br\/international\/wp-json\/wp\/v2\/media?parent=708"}],"curies":[{"name":"wp","href":"https:\/\/api.w.org\/{rel}","templated":true}]}}