{"id":661,"date":"2022-06-29T16:31:49","date_gmt":"2022-06-29T19:31:49","guid":{"rendered":"https:\/\/wp.ufpel.edu.br\/international\/?page_id=661"},"modified":"2024-07-17T17:37:52","modified_gmt":"2024-07-17T20:37:52","slug":"scholarships","status":"publish","type":"page","link":"https:\/\/wp.ufpel.edu.br\/international\/scholarships\/","title":{"rendered":"Scholarships"},"content":{"rendered":"<div id=\"pl-661\"  class=\"panel-layout\" ><div id=\"pg-661-0\"  class=\"panel-grid panel-no-style\" ><div id=\"pgc-661-0-0\"  class=\"panel-grid-cell\" ><div id=\"panel-661-0-0-0\" class=\"so-panel widget widget_sow-editor panel-first-child panel-last-child\" data-index=\"0\" ><div\n\t\t\t\n\t\t\tclass=\"so-widget-sow-editor so-widget-sow-editor-base\"\n\t\t\t\n\t\t>\n<div class=\"siteorigin-widget-tinymce textwidget\">\n\t<p style=\"text-align: justify;\"><strong><span style=\"color: #0000ff;\"><a style=\"color: #0000ff;\" href=\"https:\/\/www.gcub.org.br\/programas\/segunda-edicao-do-programa-gcub-de-mobilidade-internacional-gcub-mob-edital-gcub-mob-no-001-2023\/\">GCUB-Mob<\/a><\/span><\/strong>: The GCUB International Mobility Program \u2013 GCUB-Mob is promoted by GCUB, with the support of Instituto Guimar\u00e3es Rosa of the Ministry of Foreign Affairs of Brazil, the National Commission of UNESCO, Agence Universitaire de la Francophonie (AUF), and Conselho Nacional das Funda\u00e7\u00f5es Estaduais de Amparo \u00e0 Pesquisa \u2013 CONFAP. The Program aims to contribute to the development of high academic level students from the five continents, as well as promote university internationalization and strengthening international cooperation between Brazilian universities and institutions of other countries.<\/p>\n<\/div>\n<\/div><\/div><\/div><\/div><div id=\"pg-661-1\"  class=\"panel-grid panel-no-style\" ><div id=\"pgc-661-1-0\"  class=\"panel-grid-cell\" ><div id=\"panel-661-1-0-0\" class=\"so-panel widget widget_sow-editor panel-first-child panel-last-child\" data-index=\"1\" ><div\n\t\t\t\n\t\t\tclass=\"so-widget-sow-editor so-widget-sow-editor-base\"\n\t\t\t\n\t\t>\n<div class=\"siteorigin-widget-tinymce textwidget\">\n\t<p style=\"text-align: justify;\"><span style=\"color: #0000ff;\"><strong><a style=\"color: #0000ff;\" href=\"https:\/\/faraafrica.org\/2023\/05\/05\/faubai-and-fara-collaboration-a-brazil-africa-partnership-on-capacity-strengthening-for-agriculture-research-and-innovation\/\">FAUBAI-FARA<\/a><\/strong><\/span>: The Forum for Agricultural Research in Africa (FARA) and the Brazilian Association for International Education (FAUBAI) collaboration is an innovative partnership to strengthen the capacity of Africa\u2019s agricultural research and development through internationalizing Brazilian education. The partnership is operationalized through the Agricultural Research and Innovation Fellowship for Africa (ARIFA), a flagship program of this collaboration that seeks to leverage on South-South and Triangular Cooperation (SSTC) to train and equip 5,000 agriculture research and innovation practitioners in Africa. The ARIFA program seeks to produce a new fit-for-purpose workforce to re-engineer the African agri-food sector and provide the change factor for rapid agricultural transformation in Africa. The program is designed to equip fellows with the skills, knowledge, and attitudes necessary to drive agricultural Innovation and entrepreneurship in Africa, one person at a time, one nation at a time.<\/p>\n<\/div>\n<\/div><\/div><\/div><\/div><\/div>","protected":false},"excerpt":{"rendered":"<p>GCUB-Mob: The GCUB International Mobility Program \u2013 GCUB-Mob is promoted by GCUB, with the support of Instituto Guimar\u00e3es Rosa of the Ministry of Foreign Affairs of Brazil, the National Commission of UNESCO, Agence Universitaire de la Francophonie (AUF), and Conselho Nacional das Funda\u00e7\u00f5es Estaduais de Amparo \u00e0 Pesquisa \u2013 CONFAP. The Program aims to contribute [&hellip;]<\/p>\n","protected":false},"author":928,"featured_media":0,"parent":0,"menu_order":0,"comment_status":"closed","ping_status":"closed","template":"","meta":{"footnotes":""},"class_list":["post-661","page","type-page","status-publish","hentry","post"],"jetpack_sharing_enabled":true,"_links":{"self":[{"href":"https:\/\/wp.ufpel.edu.br\/international\/wp-json\/wp\/v2\/pages\/661","targetHints":{"allow":["GET"]}}],"collection":[{"href":"https:\/\/wp.ufpel.edu.br\/international\/wp-json\/wp\/v2\/pages"}],"about":[{"href":"https:\/\/wp.ufpel.edu.br\/international\/wp-json\/wp\/v2\/types\/page"}],"author":[{"embeddable":true,"href":"https:\/\/wp.ufpel.edu.br\/international\/wp-json\/wp\/v2\/users\/928"}],"replies":[{"embeddable":true,"href":"https:\/\/wp.ufpel.edu.br\/international\/wp-json\/wp\/v2\/comments?post=661"}],"version-history":[{"count":8,"href":"https:\/\/wp.ufpel.edu.br\/international\/wp-json\/wp\/v2\/pages\/661\/revisions"}],"predecessor-version":[{"id":2635,"href":"https:\/\/wp.ufpel.edu.br\/international\/wp-json\/wp\/v2\/pages\/661\/revisions\/2635"}],"wp:attachment":[{"href":"https:\/\/wp.ufpel.edu.br\/international\/wp-json\/wp\/v2\/media?parent=661"}],"curies":[{"name":"wp","href":"https:\/\/api.w.org\/{rel}","templated":true}]}}