{"id":658,"date":"2022-06-29T16:31:06","date_gmt":"2022-06-29T19:31:06","guid":{"rendered":"https:\/\/wp.ufpel.edu.br\/international\/?page_id=658"},"modified":"2024-07-08T10:13:03","modified_gmt":"2024-07-08T13:13:03","slug":"regular-students","status":"publish","type":"page","link":"https:\/\/wp.ufpel.edu.br\/international\/regular-students\/","title":{"rendered":"Regular Students"},"content":{"rendered":"<div id=\"pl-658\" class=\"panel-layout\">\n<div id=\"pg-658-0\" class=\"panel-grid panel-no-style\">\n<div id=\"pgc-658-0-0\" class=\"panel-grid-cell\" data-weight=\"1\">\n<div id=\"panel-658-0-0-0\" class=\"so-panel widget widget_sow-editor panel-first-child\" data-index=\"0\" data-style=\"{&quot;mobile_margin&quot;:&quot;0px 0px 0px 0px&quot;,&quot;background_image_attachment&quot;:false,&quot;background_display&quot;:&quot;tile&quot;,&quot;margin&quot;:&quot;0px 0px 0px 0px&quot;}\">\n<div class=\"so-widget-sow-editor so-widget-sow-editor-base\">\n<div class=\"siteorigin-widget-tinymce textwidget\">\n<p>There are two ways to enter UFPel as a regular student:<\/p>\n<ul>\n<li aria-level=\"1\"><a href=\"https:\/\/www.gov.br\/inep\/pt-br\/areas-de-atuacao\/avaliacao-e-exames-educacionais\/enem\" target=\"_blank\" rel=\"noopener\">ENEM<\/a><\/li>\n<li aria-level=\"1\"><a href=\"https:\/\/www.gov.br\/mre\/pt-br\/assuntos\/cultura-e-educacao\/temas-educacionais\/oportunidades-de-estudo-para-estrangeiros\/pec-g\" target=\"_blank\" rel=\"noopener\">PEC-G<\/a>\n<ul>\n<li><a href=\"https:\/\/wp.ufpel.edu.br\/international\/files\/2024\/07\/Decreto_4843521_n__11.923.pdf\">Decreto 11.923\/2024<\/a><\/li>\n<li><a href=\"https:\/\/wp.ufpel.edu.br\/international\/files\/2024\/07\/Portaria_4954165_Portaria_MEC_MRE_n__7_PEC.pdf\">Portaria MEC\/MRE 07\/2024<\/a><\/li>\n<li><a href=\"https:\/\/wp.ufpel.edu.br\/international\/files\/2024\/07\/Reuniao-com-IES-PEC-G-2025-jun-2024-1.pptx.pdf\">QUADRO COMPARATIVO<\/a><\/li>\n<\/ul>\n<\/li>\n<\/ul>\n<\/div>\n<\/div>\n<\/div>\n<div id=\"panel-658-0-0-1\" class=\"so-panel widget widget_text\" data-index=\"1\" data-style=\"{&quot;mobile_margin&quot;:&quot;0px 0px 5px 0px&quot;,&quot;background_image_attachment&quot;:false,&quot;background_display&quot;:&quot;tile&quot;,&quot;margin&quot;:&quot;0px 0px 5px 0px&quot;}\">\n<div class=\"textwidget\">\n<p><strong style=\"font-weight: 400;\">PEC-G participating countries:<\/strong><\/p>\n<\/div>\n<\/div>\n<div id=\"panel-658-0-0-2\" class=\"so-panel widget widget_sow-accordion panel-last-child\" data-index=\"2\" data-style=\"{&quot;background_image_attachment&quot;:false,&quot;background_display&quot;:&quot;tile&quot;}\"><div\n\t\t\t\n\t\t\tclass=\"so-widget-sow-accordion so-widget-sow-accordion-default-0cbe2f692174\"\n\t\t\t\n\t\t><div>\n\t<div class=\"sow-accordion\">\n\t\t\t<div class=\"sow-accordion-panel\n\t\t\t\t\"\n\t\t\tdata-anchor-id=\"africa\">\n\t\t\t\t<div class=\"sow-accordion-panel-header-container\" role=\"heading\" aria-level=\"2\">\n\t\t\t\t\t<div class=\"sow-accordion-panel-header\" tabindex=\"0\" role=\"button\" id=\"accordion-label-africa\" aria-controls=\"accordion-content-africa\" aria-expanded=\"false\">\n\t\t\t\t\t\t<div class=\"sow-accordion-title sow-accordion-title-icon-left\">\n\t\t\t\t\t\t\t\t\t\t\t\t\t\tAfrica\t\t\t\t\t\t\t\t\t\t\t\t\t<\/div>\n\t\t\t\t\t\t<div class=\"sow-accordion-open-close-button\">\n\t\t\t\t\t\t\t<div class=\"sow-accordion-open-button\">\n\t\t\t\t\t\t\t\t<span class=\"sow-icon-ionicons\" data-sow-icon=\"&#xf218;\"\n\t\t \n\t\taria-hidden=\"true\"><\/span>\t\t\t\t\t\t\t<\/div>\n\t\t\t\t\t\t\t<div class=\"sow-accordion-close-button\">\n\t\t\t\t\t\t\t\t<span class=\"sow-icon-ionicons\" data-sow-icon=\"&#xf209;\"\n\t\t \n\t\taria-hidden=\"true\"><\/span>\t\t\t\t\t\t\t<\/div>\n\t\t\t\t\t\t<\/div>\n\t\t\t\t\t<\/div>\n\t\t\t\t<\/div>\n\n\t\t\t<div\n\t\t\t\tclass=\"sow-accordion-panel-content\"\n\t\t\t\trole=\"region\"\n\t\t\t\taria-labelledby=\"accordion-label-africa\"\n\t\t\t\tid=\"accordion-content-africa\"\n\t\t\t\tstyle=\"display: none;\"\t\t\t>\n\t\t\t\t<div class=\"sow-accordion-panel-border\">\n\t\t\t\t\t&lt;ul&gt;\n&lt;li&gt;Angola&lt;\/li&gt;\n&lt;li&gt;Algeria&lt;\/li&gt;\n&lt;li&gt;Benin&lt;\/li&gt;\n&lt;li&gt;Botswana&lt;\/li&gt;\n&lt;li&gt;Cape Verde&lt;\/li&gt;\n&lt;li&gt;Cameroon&lt;\/li&gt;\n&lt;li&gt;Egypt&lt;\/li&gt;\n&lt;li&gt;Gabon&lt;\/li&gt;\n&lt;li&gt;Ghana&lt;\/li&gt;\n&lt;li&gt;Guinea-Bissau&lt;\/li&gt;\n&lt;li&gt;Equatorial Guinea&lt;\/li&gt;\n&lt;li&gt;Ivory Coast&lt;\/li&gt;\n&lt;li&gt;Mali&lt;\/li&gt;\n&lt;li&gt;Morocco&lt;\/li&gt;\n&lt;li&gt;Mozambique&lt;\/li&gt;\n&lt;li&gt;Namibia&lt;\/li&gt;\n&lt;li&gt;Nigeria&lt;\/li&gt;\n&lt;li&gt;Kenya&lt;\/li&gt;\n&lt;li&gt;Democratic&lt;\/li&gt;\n&lt;li&gt;Republic of Congo&lt;\/li&gt;\n&lt;li&gt;S\u00e3o Tom\u00e9 &amp; Pr\u00edncipe&lt;\/li&gt;\n&lt;li&gt;Senegal&lt;\/li&gt;\n&lt;li&gt;South Africa&lt;\/li&gt;\n&lt;li&gt;Tanzania&lt;\/li&gt;\n&lt;li&gt;Togo&lt;\/li&gt;\n&lt;li&gt;Tunisi&lt;\/li&gt;\n&lt;\/ul&gt;\n\t\t\t\t<\/div>\n\t\t\t<\/div>\n\t\t<\/div>\n\t\t\t<div class=\"sow-accordion-panel\n\t\t\t\t\"\n\t\t\tdata-anchor-id=\"latin-america-and-the-caribbean\">\n\t\t\t\t<div class=\"sow-accordion-panel-header-container\" role=\"heading\" aria-level=\"2\">\n\t\t\t\t\t<div class=\"sow-accordion-panel-header\" tabindex=\"0\" role=\"button\" id=\"accordion-label-latin-america-and-the-caribbean\" aria-controls=\"accordion-content-latin-america-and-the-caribbean\" aria-expanded=\"false\">\n\t\t\t\t\t\t<div class=\"sow-accordion-title sow-accordion-title-icon-left\">\n\t\t\t\t\t\t\t\t\t\t\t\t\t\tLatin America and the Caribbean\t\t\t\t\t\t\t\t\t\t\t\t\t<\/div>\n\t\t\t\t\t\t<div class=\"sow-accordion-open-close-button\">\n\t\t\t\t\t\t\t<div class=\"sow-accordion-open-button\">\n\t\t\t\t\t\t\t\t<span class=\"sow-icon-ionicons\" data-sow-icon=\"&#xf218;\"\n\t\t \n\t\taria-hidden=\"true\"><\/span>\t\t\t\t\t\t\t<\/div>\n\t\t\t\t\t\t\t<div class=\"sow-accordion-close-button\">\n\t\t\t\t\t\t\t\t<span class=\"sow-icon-ionicons\" data-sow-icon=\"&#xf209;\"\n\t\t \n\t\taria-hidden=\"true\"><\/span>\t\t\t\t\t\t\t<\/div>\n\t\t\t\t\t\t<\/div>\n\t\t\t\t\t<\/div>\n\t\t\t\t<\/div>\n\n\t\t\t<div\n\t\t\t\tclass=\"sow-accordion-panel-content\"\n\t\t\t\trole=\"region\"\n\t\t\t\taria-labelledby=\"accordion-label-latin-america-and-the-caribbean\"\n\t\t\t\tid=\"accordion-content-latin-america-and-the-caribbean\"\n\t\t\t\tstyle=\"display: none;\"\t\t\t>\n\t\t\t\t<div class=\"sow-accordion-panel-border\">\n\t\t\t\t\t&lt;ul&gt;\n&lt;li&gt;Antigua &amp; Barbuda&lt;\/li&gt;\n&lt;li&gt;Argentina&lt;\/li&gt;\n&lt;li&gt;Barbados&lt;\/li&gt;\n&lt;li&gt;Bolivia&lt;\/li&gt;\n&lt;li&gt;Chile&lt;\/li&gt;\n&lt;li&gt;Colombia&lt;\/li&gt;\n&lt;li&gt;Costa Rica&lt;\/li&gt;\n&lt;li&gt;Cuba&lt;\/li&gt;\n&lt;li&gt;El Salvador&lt;\/li&gt;\n&lt;li&gt;Ecuador&lt;\/li&gt;\n&lt;li&gt;Guatemala&lt;\/li&gt;\n&lt;li&gt;Guyana&lt;\/li&gt;\n&lt;li&gt;Haiti&lt;\/li&gt;\n&lt;li&gt;Honduras&lt;\/li&gt;\n&lt;li&gt;Jamaica&lt;\/li&gt;\n&lt;li&gt;Mexico&lt;\/li&gt;\n&lt;li&gt;Nicaragua&lt;\/li&gt;\n&lt;li&gt;Panama&lt;\/li&gt;\n&lt;li&gt;Paraguay&lt;\/li&gt;\n&lt;li&gt;Peru&lt;\/li&gt;\n&lt;li&gt;Dominican Republic&lt;\/li&gt;\n&lt;li&gt;Suriname&lt;\/li&gt;\n&lt;li&gt;Trinidad &amp; Tobago&lt;\/li&gt;\n&lt;li&gt;Uruguay&lt;\/li&gt;\n&lt;li&gt;Venezuel&lt;\/li&gt;\n&lt;\/ul&gt;\n\t\t\t\t<\/div>\n\t\t\t<\/div>\n\t\t<\/div>\n\t\t\t<div class=\"sow-accordion-panel\n\t\t\t\t\"\n\t\t\tdata-anchor-id=\"asia\">\n\t\t\t\t<div class=\"sow-accordion-panel-header-container\" role=\"heading\" aria-level=\"2\">\n\t\t\t\t\t<div class=\"sow-accordion-panel-header\" tabindex=\"0\" role=\"button\" id=\"accordion-label-asia\" aria-controls=\"accordion-content-asia\" aria-expanded=\"false\">\n\t\t\t\t\t\t<div class=\"sow-accordion-title sow-accordion-title-icon-left\">\n\t\t\t\t\t\t\t\t\t\t\t\t\t\tAsia\t\t\t\t\t\t\t\t\t\t\t\t\t<\/div>\n\t\t\t\t\t\t<div class=\"sow-accordion-open-close-button\">\n\t\t\t\t\t\t\t<div class=\"sow-accordion-open-button\">\n\t\t\t\t\t\t\t\t<span class=\"sow-icon-ionicons\" data-sow-icon=\"&#xf218;\"\n\t\t \n\t\taria-hidden=\"true\"><\/span>\t\t\t\t\t\t\t<\/div>\n\t\t\t\t\t\t\t<div class=\"sow-accordion-close-button\">\n\t\t\t\t\t\t\t\t<span class=\"sow-icon-ionicons\" data-sow-icon=\"&#xf209;\"\n\t\t \n\t\taria-hidden=\"true\"><\/span>\t\t\t\t\t\t\t<\/div>\n\t\t\t\t\t\t<\/div>\n\t\t\t\t\t<\/div>\n\t\t\t\t<\/div>\n\n\t\t\t<div\n\t\t\t\tclass=\"sow-accordion-panel-content\"\n\t\t\t\trole=\"region\"\n\t\t\t\taria-labelledby=\"accordion-label-asia\"\n\t\t\t\tid=\"accordion-content-asia\"\n\t\t\t\tstyle=\"display: none;\"\t\t\t>\n\t\t\t\t<div class=\"sow-accordion-panel-border\">\n\t\t\t\t\t&lt;ul&gt;\n&lt;li&gt;China&lt;\/li&gt;\n&lt;li&gt;India&lt;\/li&gt;\n&lt;li&gt;Iran&lt;\/li&gt;\n&lt;li&gt;Lebanon&lt;\/li&gt;\n&lt;li&gt;Pakistan&lt;\/li&gt;\n&lt;li&gt;Syria&lt;\/li&gt;\n&lt;li&gt;Thailand&lt;\/li&gt;\n&lt;li&gt;East Timor&lt;\/li&gt;\n&lt;li&gt;Turkey&lt;\/li&gt;\n&lt;\/ul&gt;\n\t\t\t\t<\/div>\n\t\t\t<\/div>\n\t\t<\/div>\n\t\t<\/div>\n<\/div>\n<\/div><\/div>\n<\/div>\n<\/div>\n<\/div>\n","protected":false},"excerpt":{"rendered":"<p>There are two ways to enter UFPel as a regular student: ENEM PEC-G Decreto 11.923\/2024 Portaria MEC\/MRE 07\/2024 QUADRO COMPARATIVO PEC-G participating countries:<\/p>\n","protected":false},"author":928,"featured_media":0,"parent":0,"menu_order":0,"comment_status":"closed","ping_status":"closed","template":"","meta":{"footnotes":""},"class_list":["post-658","page","type-page","status-publish","hentry","post"],"jetpack_sharing_enabled":true,"_links":{"self":[{"href":"https:\/\/wp.ufpel.edu.br\/international\/wp-json\/wp\/v2\/pages\/658","targetHints":{"allow":["GET"]}}],"collection":[{"href":"https:\/\/wp.ufpel.edu.br\/international\/wp-json\/wp\/v2\/pages"}],"about":[{"href":"https:\/\/wp.ufpel.edu.br\/international\/wp-json\/wp\/v2\/types\/page"}],"author":[{"embeddable":true,"href":"https:\/\/wp.ufpel.edu.br\/international\/wp-json\/wp\/v2\/users\/928"}],"replies":[{"embeddable":true,"href":"https:\/\/wp.ufpel.edu.br\/international\/wp-json\/wp\/v2\/comments?post=658"}],"version-history":[{"count":7,"href":"https:\/\/wp.ufpel.edu.br\/international\/wp-json\/wp\/v2\/pages\/658\/revisions"}],"predecessor-version":[{"id":2626,"href":"https:\/\/wp.ufpel.edu.br\/international\/wp-json\/wp\/v2\/pages\/658\/revisions\/2626"}],"wp:attachment":[{"href":"https:\/\/wp.ufpel.edu.br\/international\/wp-json\/wp\/v2\/media?parent=658"}],"curies":[{"name":"wp","href":"https:\/\/api.w.org\/{rel}","templated":true}]}}