{"id":392,"date":"2022-06-07T16:05:53","date_gmt":"2022-06-07T19:05:53","guid":{"rendered":"https:\/\/wp.ufpel.edu.br\/international\/?page_id=392"},"modified":"2026-01-15T09:36:31","modified_gmt":"2026-01-15T12:36:31","slug":"revalidacao","status":"publish","type":"page","link":"https:\/\/wp.ufpel.edu.br\/international\/revalidacao\/","title":{"rendered":"Revalida\u00e7\u00e3o de Diplomas"},"content":{"rendered":"<div id=\"pl-392\"  class=\"panel-layout\" ><div id=\"pg-392-0\"  class=\"panel-grid panel-no-style\" ><div id=\"pgc-392-0-0\"  class=\"panel-grid-cell\" ><div id=\"panel-392-0-0-0\" class=\"so-panel widget widget_sow-editor panel-first-child\" data-index=\"0\" ><div\n\t\t\t\n\t\t\tclass=\"so-widget-sow-editor so-widget-sow-editor-base\"\n\t\t\t\n\t\t>\n<div class=\"siteorigin-widget-tinymce textwidget\">\n\t<p><strong>ATEN\u00c7\u00c3O:<\/strong><\/p>\n<ul>\n<li><strong>N\u00e3o h\u00e1 contagem de prazo durante f\u00e9rias e recessos acad\u00eamicos.<\/strong><\/li>\n<li><b>Conforme <a href=\"https:\/\/abmes.org.br\/arquivos\/legislacoes\/Port-Normativa-021-2011-10-13.pdf\">Portaria Normativa N\u00ba 21, de 13 de outubro de 2011<\/a>, a UFPel somente est\u00e1 autorizada a tramitar pedidos de revalida\u00e7\u00e3o realizados na modalidade EAD no caso de cursos ofertados por ela na mesma modalidade. Para verificar a lista de cursos oferecidos pela UFPel em cada modalidade clique\u00a0<a href=\"https:\/\/institucional.ufpel.edu.br\/cursos\/nivel\/graduacao\">aqui.<\/a>\u00a0<\/b><\/li>\n<\/ul>\n<p>As solicita\u00e7\u00f5es de Revalida\u00e7\u00e3o de Diplomas expedidos por Estabelecimentos Estrangeiros de Ensino Superior ser\u00e3o recebidos por esta Universidade Federal de Pelotas exclusivamente por meio da Plataforma Carolina Bori, de responsabilidade do MEC. Os interessados dever\u00e3o acessar:<\/p>\n<p>Para informa\u00e7\u00f5es gerais, clique <a href=\"http:\/\/carolinabori.mec.gov.br\" target=\"_blank\" rel=\"noopener\">AQUI<\/a>;<\/p>\n<p>Para solicitar acesso como requerente, clique <a href=\"http:\/\/plataformacarolinabori.mec.gov.br\/usuario\/acesso\" target=\"_blank\" rel=\"noopener\">AQUI<\/a>.<\/p>\n<p>A UFPel aderiu ao REVALIDA Medicina\u00a0 do INEP para a revalida\u00e7\u00e3o de diplomas m\u00e9dicos.<\/p>\n<p style=\"font-weight: 400; text-align: justify;\"><strong>Para submeter o seu pedido o interessado dever\u00e1 ler as normas disponibilizadas a seguir:<\/strong><\/p>\n<p style=\"font-weight: 400; text-align: justify;\"><a href=\"http:\/\/carolinabori.mec.gov.br\/?pagina=legislacao\" target=\"_blank\" rel=\"noopener\">Portal Carolina Bori \u2013 Legisla\u00e7\u00e3o geral;<\/a><\/p>\n<p style=\"font-weight: 400; text-align: justify;\"><a href=\"https:\/\/wp.ufpel.edu.br\/crinter\/files\/2018\/11\/PORTARIA-NORMATIVA-N\u00ba-22-DE-13-DE-DEZEMBRO-DE-2016.pdf\" target=\"_blank\" rel=\"noopener\">Portaria Normativa n\u00ba 22, de 13 de dezembro de 2016;<\/a><\/p>\n<p style=\"font-weight: 400; text-align: justify;\"><a href=\"https:\/\/wp.ufpel.edu.br\/crinter\/files\/2018\/11\/Res.-Cocepe-21.2018.pdf\" target=\"_blank\" rel=\"noopener\">Resolu\u00e7\u00e3o n\u00ba 21, de 14 de junho de 2018.<\/a><\/p>\n<p><a href=\"https:\/\/www.in.gov.br\/en\/web\/dou\/-\/portaria-n-1.151-de-19-de-junho-de-2023-491021940\">Portaria N\u00ba 1.151, de 19 de junho de 2023;<\/a><\/p>\n<p><a href=\"https:\/\/www.in.gov.br\/en\/web\/dou\/-\/resolucao-cne\/ces-n-2-de-19-de-dezembro-de-2024-603280099\">Resolu\u00e7\u00e3o CNE\/CES n\u00ba 2, de 19 de dezembro de 2024.<\/a><\/p>\n<p style=\"font-weight: 400; text-align: justify;\"><strong>Ser\u00e3o obedecidas as seguintes etapas:<\/strong><\/p>\n<ol>\n<li>ABERTURA DA SOLICITA\u00c7\u00c3O, atrav\u00e9s da Plataforma Carolina Bori do MEC, com envio digital dos\u00a0 documentos;<\/li>\n<li>A CRInter far\u00e1 a confer\u00eancia documental, no prazo de at\u00e9 30 dias. Quando a documenta\u00e7\u00e3o estiver completa, o(a) requerente receber\u00e1 as instru\u00e7\u00f5es para pagamento da taxa de R$ 1.500,00 \u00a0(mil e quinhentos reais) para que se fa\u00e7a a ABERTURA DO PROCESSO;<\/li>\n<li>Ap\u00f3s a homologa\u00e7\u00e3o do pagamento ser\u00e1 realizada a ABERTURA DO PROCESSO e iniciar\u00e1 a contagem de prazo. O processo tramitar\u00e1 internamente na UFPel sendo encaminhado para o representante de \u00e1rea do conhecimento junto ao Comit\u00ea Permanente de Revalida\u00e7\u00e3o e Reconhecimento de Diplomas (CPRR);<\/li>\n<li>O prazo para tramita\u00e7\u00e3o do processo, ap\u00f3s a ABERTURA, e divulga\u00e7\u00e3o do resultado \u00e9 de 180 dias. Ap\u00f3s a emiss\u00e3o da decis\u00e3o o(a) requerente ser\u00e1 cientificado(a) do parecer e da Decis\u00e3o Final e ter\u00e1 o prazo de 30 dias a contar da data de ci\u00eancia para interpor recurso;<\/li>\n<li>Ap\u00f3s a ci\u00eancia do resultado do processo de Revalida\u00e7\u00e3o, nos casos de Deferimento Total da Solicita\u00e7\u00e3o e Deferimento Parcial da Solicita\u00e7\u00e3o (ap\u00f3s cumpridas as exig\u00eancias de complementa\u00e7\u00e3o de estudos) o(a) requerente dever\u00e1 enviar a documenta\u00e7\u00e3o original por correio ou comparecer presencialmente \u00e0 CRInter;<\/li>\n<li>A Pr\u00f3- Reitoria de Ensino (PRE) \u00e9 respons\u00e1vel pela emiss\u00e3o da apostila que ser\u00e1 retirada na CRInter.<\/li>\n<\/ol>\n<\/div>\n<\/div><\/div><div id=\"panel-392-0-0-1\" class=\"so-panel widget widget_sow-accordion\" data-index=\"1\" ><div\n\t\t\t\n\t\t\tclass=\"so-widget-sow-accordion so-widget-sow-accordion-default-0cbe2f692174-392\"\n\t\t\t\n\t\t><div>\n\t<div class=\"sow-accordion\">\n\t\t\t<div class=\"sow-accordion-panel\n\t\t\t\t\"\n\t\t\tdata-anchor-id=\"documentos-exigidos-para-revalidacao\">\n\t\t\t\t<div class=\"sow-accordion-panel-header-container\" role=\"heading\" aria-level=\"2\">\n\t\t\t\t\t<div class=\"sow-accordion-panel-header\" tabindex=\"0\" role=\"button\" id=\"accordion-label-documentos-exigidos-para-revalida%c3%a7%c3%a3o\" aria-controls=\"accordion-content-documentos-exigidos-para-revalida%c3%a7%c3%a3o\" aria-expanded=\"false\">\n\t\t\t\t\t\t<div class=\"sow-accordion-title sow-accordion-title-icon-left\">\n\t\t\t\t\t\t\t\t\t\t\t\t\t\tDocumentos exigidos para REVALIDA\u00c7\u00c3O:\t\t\t\t\t\t\t\t\t\t\t\t\t<\/div>\n\t\t\t\t\t\t<div class=\"sow-accordion-open-close-button\">\n\t\t\t\t\t\t\t<div class=\"sow-accordion-open-button\">\n\t\t\t\t\t\t\t\t<span class=\"sow-icon-ionicons\" data-sow-icon=\"&#xf218;\"\n\t\t \n\t\taria-hidden=\"true\"><\/span>\t\t\t\t\t\t\t<\/div>\n\t\t\t\t\t\t\t<div class=\"sow-accordion-close-button\">\n\t\t\t\t\t\t\t\t<span class=\"sow-icon-ionicons\" data-sow-icon=\"&#xf209;\"\n\t\t \n\t\taria-hidden=\"true\"><\/span>\t\t\t\t\t\t\t<\/div>\n\t\t\t\t\t\t<\/div>\n\t\t\t\t\t<\/div>\n\t\t\t\t<\/div>\n\n\t\t\t<div\n\t\t\t\tclass=\"sow-accordion-panel-content\"\n\t\t\t\trole=\"region\"\n\t\t\t\taria-labelledby=\"accordion-label-documentos-exigidos-para-revalida%c3%a7%c3%a3o\"\n\t\t\t\tid=\"accordion-content-documentos-exigidos-para-revalida%c3%a7%c3%a3o\"\n\t\t\t\tstyle=\"display: none;\"\t\t\t>\n\t\t\t\t<div class=\"sow-accordion-panel-border\">\n\t\t\t\t\t<p><strong>ATEN\u00c7\u00c3O:<\/strong> todos os documentos dever\u00e3o ser enviados em formato PDF.<\/p>\n<ol style=\"list-style-type: upper-roman;\">\n<li>Requerimento padr\u00e3o: <a href=\"https:\/\/wp.ufpel.edu.br\/crinter\/files\/2019\/03\/Requerimento-Revalida%C3%A7%C3%A3o.pdf\" target=\"_blank\" rel=\"noopener\">tramita\u00e7\u00e3o ordin\u00e1ria<\/a>\u00a0ou\u00a0<a href=\"https:\/\/wp.ufpel.edu.br\/crinter\/files\/2019\/03\/Requerimento-Revalida%C3%A7%C3%A3o-Simplificada.pdf\" target=\"_blank\" rel=\"noopener\">tramita\u00e7\u00e3o simplificada;<\/a><\/li>\n<li>Para brasileiros: c\u00f3pia da c\u00e9dula de identidade (RG), do CPF, da certid\u00e3o de quita\u00e7\u00e3o com a Justi\u00e7a Eleitoral e comprovante de quita\u00e7\u00e3o com o Servi\u00e7o Militar;<\/li>\n<li>Para estrangeiros: c\u00f3pia do registro nacional de estrangeiro (RNE) ou comprovante de regularidade de perman\u00eancia no pa\u00eds expedido pela Pol\u00edcia Federal e do CPF;<\/li>\n<li>C\u00f3pia do diploma;<\/li>\n<li>C\u00f3pia do hist\u00f3rico escolar, no qual devem constar as disciplinas ou atividades cursadas e aproveitadas em rela\u00e7\u00e3o aos resultados das avalia\u00e7\u00f5es, bem como a tipifica\u00e7\u00e3o e o aproveitamento de est\u00e1gio e outras atividades de pesquisa e extens\u00e3o;<\/li>\n<li>Projeto pedag\u00f3gico ou organiza\u00e7\u00e3o curricular do curso, indicando os conte\u00fados ou as ementas das disciplinas e as atividades relativas \u00e0 pesquisa e extens\u00e3o, bem como o processo de integraliza\u00e7\u00e3o do curso, autenticado pela institui\u00e7\u00e3o estrangeira respons\u00e1vel pela diploma\u00e7\u00e3o;<\/li>\n<li>Nominata e titula\u00e7\u00e3o do corpo docente respons\u00e1vel pela oferta das disciplinas no curso conclu\u00eddo no exterior, autenticada pela institui\u00e7\u00e3o estrangeira respons\u00e1vel pela diploma\u00e7\u00e3o;<\/li>\n<li>Informa\u00e7\u00f5es institucionais, quando dispon\u00edveis, relativas ao acervo da biblioteca e laborat\u00f3rios, planos de desenvolvimento institucional e planejamento, relat\u00f3rios de avalia\u00e7\u00e3o e desempenho internos ou externos, pol\u00edticas e estrat\u00e9gias educacionais de ensino, extens\u00e3o e pesquisa, autenticados pela institui\u00e7\u00e3o estrangeira respons\u00e1vel pela diploma\u00e7\u00e3o;<\/li>\n<li>Reportagens, artigos ou documentos indicativos da reputa\u00e7\u00e3o, da qualidade e dos servi\u00e7os prestados pelo curso e pela institui\u00e7\u00e3o, quando dispon\u00edveis e a crit\u00e9rio do requerente;<\/li>\n<li>Termo de exclusividade informando que n\u00e3o est\u00e1 submetendo o mesmo diploma a processo de revalida\u00e7\u00e3o a outra institui\u00e7\u00e3o concomitantemente: <a href=\"https:\/\/wp.ufpel.edu.br\/crinter\/files\/2018\/11\/Termo-de-exclusividade-Revalida%C3%A7%C3%A3o.pdf\" target=\"_blank\" rel=\"noopener\">Termo de exclusividade \u2013 Revalida\u00e7\u00e3o<\/a>;<\/li>\n<li>Termo de aceita\u00e7\u00e3o de condi\u00e7\u00f5es e compromissos, o qual incluir\u00e1 declara\u00e7\u00e3o de autenticidade dos documentos apresentados (encontra-se na parte final do Requerimento).<\/li>\n<\/ol>\n<p>Os documentos de que tratam os incisos IV e V dever\u00e3o ser registrados por institui\u00e7\u00e3o estrangeira respons\u00e1vel pela diploma\u00e7\u00e3o, de acordo com a legisla\u00e7\u00e3o vigente no pa\u00eds de origem, apostilado no caso de sua origem ser de um pa\u00eds signat\u00e1rio da Conven\u00e7\u00e3o de Haia (Resolu\u00e7\u00e3o CNJ n\u00ba 228, de 22 de junho de 2016, do Conselho Nacional de Justi\u00e7a) ou autenticado por autoridade consular competente, no caso de pa\u00eds n\u00e3o signat\u00e1rio.<\/p>\n<p>No caso de cursos ou programas ofertados em cons\u00f3rcios ou outros arranjos colaborativos entre diferentes institui\u00e7\u00f5es, o requerente dever\u00e1 apresentar c\u00f3pia da documenta\u00e7\u00e3o que fundamenta a coopera\u00e7\u00e3o ou cons\u00f3rcio, bem como a comprova\u00e7\u00e3o de eventuais apoios de ag\u00eancias de fomento internacionais ou nacionais ao projeto de colabora\u00e7\u00e3o.<\/p>\n<p>No caso de dupla titula\u00e7\u00e3o obtida no exterior, o requerente poder\u00e1 solicitar a revalida\u00e7\u00e3o dos dois diplomas mediante a apresenta\u00e7\u00e3o de c\u00f3pia da documenta\u00e7\u00e3o que comprove a exist\u00eancia do programa de dupla titula\u00e7\u00e3o, bem como o projeto pedag\u00f3gico ou organiza\u00e7\u00e3o curricular que deu origem \u00e0 dupla titula\u00e7\u00e3o.<\/p>\n\t\t\t\t<\/div>\n\t\t\t<\/div>\n\t\t<\/div>\n\t\t\t<div class=\"sow-accordion-panel\n\t\t\t\t\"\n\t\t\tdata-anchor-id=\"da-tramitacao-simplificada-para-revalidacao\">\n\t\t\t\t<div class=\"sow-accordion-panel-header-container\" role=\"heading\" aria-level=\"2\">\n\t\t\t\t\t<div class=\"sow-accordion-panel-header\" tabindex=\"0\" role=\"button\" id=\"accordion-label-da-tramita%c3%a7%c3%a3o-simplificada-para-revalida%c3%a7%c3%a3o\" aria-controls=\"accordion-content-da-tramita%c3%a7%c3%a3o-simplificada-para-revalida%c3%a7%c3%a3o\" aria-expanded=\"false\">\n\t\t\t\t\t\t<div class=\"sow-accordion-title sow-accordion-title-icon-left\">\n\t\t\t\t\t\t\t\t\t\t\t\t\t\tDa TRAMITA\u00c7\u00c3O SIMPLIFICADA para REVALIDA\u00c7\u00c3O\t\t\t\t\t\t\t\t\t\t\t\t\t<\/div>\n\t\t\t\t\t\t<div class=\"sow-accordion-open-close-button\">\n\t\t\t\t\t\t\t<div class=\"sow-accordion-open-button\">\n\t\t\t\t\t\t\t\t<span class=\"sow-icon-ionicons\" data-sow-icon=\"&#xf218;\"\n\t\t \n\t\taria-hidden=\"true\"><\/span>\t\t\t\t\t\t\t<\/div>\n\t\t\t\t\t\t\t<div class=\"sow-accordion-close-button\">\n\t\t\t\t\t\t\t\t<span class=\"sow-icon-ionicons\" data-sow-icon=\"&#xf209;\"\n\t\t \n\t\taria-hidden=\"true\"><\/span>\t\t\t\t\t\t\t<\/div>\n\t\t\t\t\t\t<\/div>\n\t\t\t\t\t<\/div>\n\t\t\t\t<\/div>\n\n\t\t\t<div\n\t\t\t\tclass=\"sow-accordion-panel-content\"\n\t\t\t\trole=\"region\"\n\t\t\t\taria-labelledby=\"accordion-label-da-tramita%c3%a7%c3%a3o-simplificada-para-revalida%c3%a7%c3%a3o\"\n\t\t\t\tid=\"accordion-content-da-tramita%c3%a7%c3%a3o-simplificada-para-revalida%c3%a7%c3%a3o\"\n\t\t\t\tstyle=\"display: none;\"\t\t\t>\n\t\t\t\t<div class=\"sow-accordion-panel-border\">\n\t\t\t\t\t<p>A tramita\u00e7\u00e3o simplificada dos pedidos de revalida\u00e7\u00e3o de diplomas aplica-se, exclusivamente, aos casos definidos na Portaria Normativa n\u00ba 22\/2016 do MEC e na forma indicada pela Resolu\u00e7\u00e3o do COCEPE n\u00ba 21\/2018, a saber:<\/p>\n<ol style=\"list-style-type: upper-roman;\">\n<li>Aos diplomas oriundos de cursos ou programas estrangeiros indicados em lista espec\u00edfica produzida pelo MEC e disponibilizada por meio da Plataforma Carolina Bori;<\/li>\n<li>Aos diplomas obtidos em cursos de institui\u00e7\u00f5es estrangeiras acreditados no \u00e2mbito da avalia\u00e7\u00e3o do Sistema de Acredita\u00e7\u00e3o Regional de Cursos Universit\u00e1rios do Mercosul \u2013 Sistema Arcu-Sul;<\/li>\n<li>Aos diplomas obtidos em cursos ou programas estrangeiros que tenham recebido estudantes com bolsa concedida por ag\u00eancia governamental brasileira no prazo de seis anos;<\/li>\n<li>Aos diplomas obtidos por meio do M\u00f3dulo Internacional no \u00e2mbito do Programa Universidade para Todos \u2013 PROUNI, conforme Portaria MEC n\u00ba 381, de 29 de mar\u00e7o de 2010.<\/li>\n<\/ol>\n\t\t\t\t<\/div>\n\t\t\t<\/div>\n\t\t<\/div>\n\t\t<\/div>\n<\/div>\n<\/div><\/div><div id=\"panel-392-0-0-2\" class=\"so-panel widget widget_sow-editor panel-last-child\" data-index=\"2\" ><div\n\t\t\t\n\t\t\tclass=\"so-widget-sow-editor so-widget-sow-editor-base\"\n\t\t\t\n\t\t>\n<div class=\"siteorigin-widget-tinymce textwidget\">\n\t<p>D\u00favidas que n\u00e3o sejam esclarecidas pela legisla\u00e7\u00e3o ou pelo Portal Carolina Bori dever\u00e3o ser encaminhadas para:\u00a0\u00a0<strong><a href=\"mailto:carolinabori@mec.gov.br\" target=\"_blank\" rel=\"noopener\">carolinabori@mec.gov.br<\/a>\u00a0<\/strong>ou ainda pelo telefone\u00a0<strong><a href=\"tel:0800-616161\">0800-616161<\/a><\/strong>.<\/p>\n<p>Contato: <a href=\"mailto:revalidacao@ufpel.edu.br\">revalidacao@ufpel.edu.br\u00a0<\/a><\/p>\n<\/div>\n<\/div><\/div><\/div><\/div><\/div>","protected":false},"excerpt":{"rendered":"<p>ATEN\u00c7\u00c3O: N\u00e3o h\u00e1 contagem de prazo durante f\u00e9rias e recessos acad\u00eamicos. Conforme Portaria Normativa N\u00ba 21, de 13 de outubro de 2011, a UFPel somente est\u00e1 autorizada a tramitar pedidos de revalida\u00e7\u00e3o realizados na modalidade EAD no caso de cursos ofertados por ela na mesma modalidade. Para verificar a lista de cursos oferecidos pela UFPel [&hellip;]<\/p>\n","protected":false},"author":928,"featured_media":0,"parent":0,"menu_order":0,"comment_status":"closed","ping_status":"closed","template":"","meta":{"footnotes":""},"class_list":["post-392","page","type-page","status-publish","hentry","post"],"jetpack_sharing_enabled":true,"_links":{"self":[{"href":"https:\/\/wp.ufpel.edu.br\/international\/wp-json\/wp\/v2\/pages\/392","targetHints":{"allow":["GET"]}}],"collection":[{"href":"https:\/\/wp.ufpel.edu.br\/international\/wp-json\/wp\/v2\/pages"}],"about":[{"href":"https:\/\/wp.ufpel.edu.br\/international\/wp-json\/wp\/v2\/types\/page"}],"author":[{"embeddable":true,"href":"https:\/\/wp.ufpel.edu.br\/international\/wp-json\/wp\/v2\/users\/928"}],"replies":[{"embeddable":true,"href":"https:\/\/wp.ufpel.edu.br\/international\/wp-json\/wp\/v2\/comments?post=392"}],"version-history":[{"count":5,"href":"https:\/\/wp.ufpel.edu.br\/international\/wp-json\/wp\/v2\/pages\/392\/revisions"}],"predecessor-version":[{"id":3413,"href":"https:\/\/wp.ufpel.edu.br\/international\/wp-json\/wp\/v2\/pages\/392\/revisions\/3413"}],"wp:attachment":[{"href":"https:\/\/wp.ufpel.edu.br\/international\/wp-json\/wp\/v2\/media?parent=392"}],"curies":[{"name":"wp","href":"https:\/\/api.w.org\/{rel}","templated":true}]}}