{"id":374,"date":"2022-06-07T16:03:22","date_gmt":"2022-06-07T19:03:22","guid":{"rendered":"https:\/\/wp.ufpel.edu.br\/international\/?page_id=374"},"modified":"2023-03-13T10:22:59","modified_gmt":"2023-03-13T13:22:59","slug":"cotutela-dupla-titulacao","status":"publish","type":"page","link":"https:\/\/wp.ufpel.edu.br\/international\/cotutela-dupla-titulacao\/","title":{"rendered":"Cotutela\/Dupla Titula\u00e7\u00e3o"},"content":{"rendered":"<div id=\"pl-374\"  class=\"panel-layout\" ><div id=\"pg-374-0\"  class=\"panel-grid panel-no-style\" ><div id=\"pgc-374-0-0\"  class=\"panel-grid-cell\" ><div id=\"panel-374-0-0-0\" class=\"so-panel widget widget_sow-editor panel-first-child panel-last-child\" data-index=\"0\" ><div\n\t\t\t\n\t\t\tclass=\"so-widget-sow-editor so-widget-sow-editor-base\"\n\t\t\t\n\t\t>\n<div class=\"siteorigin-widget-tinymce textwidget\">\n\t<p style=\"text-align: justify;\">Modalidade que permite ao estudante de Doutorado realizar sua Tese sob a responsabilidade de dois orientadores: um no Brasil e outro em um pa\u00eds estrangeiro. Ambos exercem sua compet\u00eancia conjuntamente em rela\u00e7\u00e3o ao estudante, que deve permanecer nas duas institui\u00e7\u00f5es por per\u00edodos equivalentes.<\/p>\n<p style=\"text-align: justify;\">\u00c9 exigida a assinatura de um termo de conv\u00eanio entre as institui\u00e7\u00f5es envolvidas, espec\u00edfica para cada doutorando. Para que haja cotutela de tese, n\u00e3o \u00e9 necess\u00e1rio que exista um protocolo de inten\u00e7\u00f5es pr\u00e9vio entre as Institui\u00e7\u00f5es.<\/p>\n<\/div>\n<\/div><\/div><\/div><\/div><div id=\"pg-374-1\"  class=\"panel-grid panel-no-style\" ><div id=\"pgc-374-1-0\"  class=\"panel-grid-cell\" ><div id=\"panel-374-1-0-0\" class=\"so-panel widget widget_sow-accordion panel-first-child panel-last-child\" data-index=\"1\" ><div\n\t\t\t\n\t\t\tclass=\"so-widget-sow-accordion so-widget-sow-accordion-default-2b55ed2807e6-374\"\n\t\t\t\n\t\t><div>\n\t<div class=\"sow-accordion\">\n\t\t\t<div class=\"sow-accordion-panel\n\t\t\t\t\"\n\t\t\tdata-anchor-id=\"documentacao\">\n\t\t\t\t<div class=\"sow-accordion-panel-header-container\" role=\"heading\" aria-level=\"2\">\n\t\t\t\t\t<div class=\"sow-accordion-panel-header\" tabindex=\"0\" role=\"button\" id=\"accordion-label-documenta%c3%a7%c3%a3o\" aria-controls=\"accordion-content-documenta%c3%a7%c3%a3o\" aria-expanded=\"false\">\n\t\t\t\t\t\t<div class=\"sow-accordion-title sow-accordion-title-icon-left\">\n\t\t\t\t\t\t\t\t\t\t\t\t\t\tDocumenta\u00e7\u00e3o:\t\t\t\t\t\t\t\t\t\t\t\t\t<\/div>\n\t\t\t\t\t\t<div class=\"sow-accordion-open-close-button\">\n\t\t\t\t\t\t\t<div class=\"sow-accordion-open-button\">\n\t\t\t\t\t\t\t\t<span class=\"sow-icon-ionicons\" data-sow-icon=\"&#xf218;\"\n\t\t \n\t\taria-hidden=\"true\"><\/span>\t\t\t\t\t\t\t<\/div>\n\t\t\t\t\t\t\t<div class=\"sow-accordion-close-button\">\n\t\t\t\t\t\t\t\t<span class=\"sow-icon-ionicons\" data-sow-icon=\"&#xf209;\"\n\t\t \n\t\taria-hidden=\"true\"><\/span>\t\t\t\t\t\t\t<\/div>\n\t\t\t\t\t\t<\/div>\n\t\t\t\t\t<\/div>\n\t\t\t\t<\/div>\n\n\t\t\t<div\n\t\t\t\tclass=\"sow-accordion-panel-content\"\n\t\t\t\trole=\"region\"\n\t\t\t\taria-labelledby=\"accordion-label-documenta%c3%a7%c3%a3o\"\n\t\t\t\tid=\"accordion-content-documenta%c3%a7%c3%a3o\"\n\t\t\t\tstyle=\"display: none;\"\t\t\t>\n\t\t\t\t<div class=\"sow-accordion-panel-border\">\n\t\t\t\t\t<ul>\n<li style=\"text-align: justify;\">Comprovante de matr\u00edcula do candidato a Doutorado junto \u00e0 UFPel ou junto \u00e0 institui\u00e7\u00e3o estrangeira cong\u00eanere;<\/li>\n<li style=\"text-align: justify;\">Exposi\u00e7\u00e3o de motivos apresentada pelo Colegiado do Programa de P\u00f3s-Gradua\u00e7\u00e3o que justifique a celebra\u00e7\u00e3o da parceria;<\/li>\n<li style=\"text-align: justify;\">Projeto de pesquisa contendo o cronograma das atividades a serem desenvolvidas pelo candidato a Doutorado nas institui\u00e7\u00f5es parceiras, apresentado pelo doutorando com anu\u00eancia do Colegiado do Programa de P\u00f3s-Gradua\u00e7\u00e3o e do orientador;<\/li>\n<li style=\"text-align: justify;\">Minuta do acordo de cotutela de tese.<\/li>\n<\/ul>\n\t\t\t\t<\/div>\n\t\t\t<\/div>\n\t\t<\/div>\n\t\t\t<div class=\"sow-accordion-panel\n\t\t\t\t\"\n\t\t\tdata-anchor-id=\"tramitacao\">\n\t\t\t\t<div class=\"sow-accordion-panel-header-container\" role=\"heading\" aria-level=\"2\">\n\t\t\t\t\t<div class=\"sow-accordion-panel-header\" tabindex=\"0\" role=\"button\" id=\"accordion-label-tramita%c3%a7%c3%a3o\" aria-controls=\"accordion-content-tramita%c3%a7%c3%a3o\" aria-expanded=\"false\">\n\t\t\t\t\t\t<div class=\"sow-accordion-title sow-accordion-title-icon-left\">\n\t\t\t\t\t\t\t\t\t\t\t\t\t\tTramita\u00e7\u00e3o:\t\t\t\t\t\t\t\t\t\t\t\t\t<\/div>\n\t\t\t\t\t\t<div class=\"sow-accordion-open-close-button\">\n\t\t\t\t\t\t\t<div class=\"sow-accordion-open-button\">\n\t\t\t\t\t\t\t\t<span class=\"sow-icon-ionicons\" data-sow-icon=\"&#xf218;\"\n\t\t \n\t\taria-hidden=\"true\"><\/span>\t\t\t\t\t\t\t<\/div>\n\t\t\t\t\t\t\t<div class=\"sow-accordion-close-button\">\n\t\t\t\t\t\t\t\t<span class=\"sow-icon-ionicons\" data-sow-icon=\"&#xf209;\"\n\t\t \n\t\taria-hidden=\"true\"><\/span>\t\t\t\t\t\t\t<\/div>\n\t\t\t\t\t\t<\/div>\n\t\t\t\t\t<\/div>\n\t\t\t\t<\/div>\n\n\t\t\t<div\n\t\t\t\tclass=\"sow-accordion-panel-content\"\n\t\t\t\trole=\"region\"\n\t\t\t\taria-labelledby=\"accordion-label-tramita%c3%a7%c3%a3o\"\n\t\t\t\tid=\"accordion-content-tramita%c3%a7%c3%a3o\"\n\t\t\t\tstyle=\"display: none;\"\t\t\t>\n\t\t\t\t<div class=\"sow-accordion-panel-border\">\n\t\t\t\t\t<ul>\n<li style=\"text-align: justify;\">Unidade\/Professor interessado envia \u00e0 CRInter a documenta\u00e7\u00e3o elencada acima;<\/li>\n<li style=\"text-align: justify;\">CRInter (Coordena\u00e7\u00e3o de Rela\u00e7\u00f5es Internacionais) abre processo administrativo, confere documenta\u00e7\u00e3o e encaminha \u00e0 tramita\u00e7\u00e3o pertinente;<\/li>\n<li style=\"text-align: justify;\">\u00d3rg\u00e3os pertinentes \u00e0 mat\u00e9ria \u2013 Pr\u00f3-reitorias (verifica a regularidade da instru\u00e7\u00e3o formal, acompanha a celebra\u00e7\u00e3o do instrumento);<\/li>\n<li style=\"text-align: justify;\">COCEPE (para aprova\u00e7\u00e3o do Conv\u00eanio quanto ao m\u00e9rito acad\u00eamico);<\/li>\n<li style=\"text-align: justify;\">Pr\u00f3 Reitoria de Pesquisa e P\u00f3s-Gradua\u00e7\u00e3o (assinatura);<\/li>\n<li style=\"text-align: justify;\">CRInter (para registro);<\/li>\n<li style=\"text-align: justify;\">Unidade de ensino (arquivamento do processo).<\/li>\n<\/ul>\n\t\t\t\t<\/div>\n\t\t\t<\/div>\n\t\t<\/div>\n\t\t\t<div class=\"sow-accordion-panel\n\t\t\t\t\"\n\t\t\tdata-anchor-id=\"modelos-dos-documentos\">\n\t\t\t\t<div class=\"sow-accordion-panel-header-container\" role=\"heading\" aria-level=\"2\">\n\t\t\t\t\t<div class=\"sow-accordion-panel-header\" tabindex=\"0\" role=\"button\" id=\"accordion-label-modelos-dos-documentos\" aria-controls=\"accordion-content-modelos-dos-documentos\" aria-expanded=\"false\">\n\t\t\t\t\t\t<div class=\"sow-accordion-title sow-accordion-title-icon-left\">\n\t\t\t\t\t\t\t\t\t\t\t\t\t\tModelos dos documentos:\t\t\t\t\t\t\t\t\t\t\t\t\t<\/div>\n\t\t\t\t\t\t<div class=\"sow-accordion-open-close-button\">\n\t\t\t\t\t\t\t<div class=\"sow-accordion-open-button\">\n\t\t\t\t\t\t\t\t<span class=\"sow-icon-ionicons\" data-sow-icon=\"&#xf218;\"\n\t\t \n\t\taria-hidden=\"true\"><\/span>\t\t\t\t\t\t\t<\/div>\n\t\t\t\t\t\t\t<div class=\"sow-accordion-close-button\">\n\t\t\t\t\t\t\t\t<span class=\"sow-icon-ionicons\" data-sow-icon=\"&#xf209;\"\n\t\t \n\t\taria-hidden=\"true\"><\/span>\t\t\t\t\t\t\t<\/div>\n\t\t\t\t\t\t<\/div>\n\t\t\t\t\t<\/div>\n\t\t\t\t<\/div>\n\n\t\t\t<div\n\t\t\t\tclass=\"sow-accordion-panel-content\"\n\t\t\t\trole=\"region\"\n\t\t\t\taria-labelledby=\"accordion-label-modelos-dos-documentos\"\n\t\t\t\tid=\"accordion-content-modelos-dos-documentos\"\n\t\t\t\tstyle=\"display: none;\"\t\t\t>\n\t\t\t\t<div class=\"sow-accordion-panel-border\">\n\t\t\t\t\t<ul>\n<li><a href=\"https:\/\/wp.ufpel.edu.br\/crinter\/files\/2022\/02\/UFPEL-AGREEMENT-MODEL-FOR-DOUBLE-PHD-DEGREE.doc\" target=\"_blank\" rel=\"noopener\">UFPel Agreement Model for double PhD degree;<\/a><\/li>\n<li><a href=\"https:\/\/wp.ufpel.edu.br\/international\/files\/2023\/03\/SEI_UFPel-0542156-Resoluc\u0327a\u0303o-10.2019-COCEPE.pdf\">Resoluc\u0327a\u0303o COCEPE n. 10\/2019 \u2013 Cotutela de tese<\/a><a href=\"https:\/\/wp.ufpel.edu.br\/crinter\/files\/2021\/04\/SEI_UFPel-0542156-Resoluc%CC%A7a%CC%83o-10.2019-COCEPE.pdf\" target=\"_blank\" rel=\"noopener\">;<\/a><\/li>\n<li>Mais informa\u00e7\u00f5es sobre a cotutela de tese devem ser enviadas diretamente \u00e0 PRPPGI.<\/li>\n<\/ul>\n\t\t\t\t<\/div>\n\t\t\t<\/div>\n\t\t<\/div>\n\t\t<\/div>\n<\/div>\n<\/div><\/div><\/div><\/div><\/div>","protected":false},"excerpt":{"rendered":"<p>Modalidade que permite ao estudante de Doutorado realizar sua Tese sob a responsabilidade de dois orientadores: um no Brasil e outro em um pa\u00eds estrangeiro. Ambos exercem sua compet\u00eancia conjuntamente em rela\u00e7\u00e3o ao estudante, que deve permanecer nas duas institui\u00e7\u00f5es por per\u00edodos equivalentes. \u00c9 exigida a assinatura de um termo de conv\u00eanio entre as institui\u00e7\u00f5es [&hellip;]<\/p>\n","protected":false},"author":928,"featured_media":0,"parent":0,"menu_order":0,"comment_status":"closed","ping_status":"closed","template":"","meta":{"footnotes":""},"class_list":["post-374","page","type-page","status-publish","hentry","post"],"jetpack_sharing_enabled":true,"_links":{"self":[{"href":"https:\/\/wp.ufpel.edu.br\/international\/wp-json\/wp\/v2\/pages\/374","targetHints":{"allow":["GET"]}}],"collection":[{"href":"https:\/\/wp.ufpel.edu.br\/international\/wp-json\/wp\/v2\/pages"}],"about":[{"href":"https:\/\/wp.ufpel.edu.br\/international\/wp-json\/wp\/v2\/types\/page"}],"author":[{"embeddable":true,"href":"https:\/\/wp.ufpel.edu.br\/international\/wp-json\/wp\/v2\/users\/928"}],"replies":[{"embeddable":true,"href":"https:\/\/wp.ufpel.edu.br\/international\/wp-json\/wp\/v2\/comments?post=374"}],"version-history":[{"count":13,"href":"https:\/\/wp.ufpel.edu.br\/international\/wp-json\/wp\/v2\/pages\/374\/revisions"}],"predecessor-version":[{"id":1302,"href":"https:\/\/wp.ufpel.edu.br\/international\/wp-json\/wp\/v2\/pages\/374\/revisions\/1302"}],"wp:attachment":[{"href":"https:\/\/wp.ufpel.edu.br\/international\/wp-json\/wp\/v2\/media?parent=374"}],"curies":[{"name":"wp","href":"https:\/\/api.w.org\/{rel}","templated":true}]}}