{"id":371,"date":"2022-06-07T16:02:24","date_gmt":"2022-06-07T19:02:24","guid":{"rendered":"https:\/\/wp.ufpel.edu.br\/international\/?page_id=371"},"modified":"2025-01-29T16:14:38","modified_gmt":"2025-01-29T19:14:38","slug":"acordos-especificos","status":"publish","type":"page","link":"https:\/\/wp.ufpel.edu.br\/international\/acordos-especificos\/","title":{"rendered":"Acordos Espec\u00edficos"},"content":{"rendered":"<div id=\"pl-371\"  class=\"panel-layout\" ><div id=\"pg-371-0\"  class=\"panel-grid panel-no-style\" ><div id=\"pgc-371-0-0\"  class=\"panel-grid-cell\" ><div id=\"panel-371-0-0-0\" class=\"so-panel widget widget_sow-editor panel-first-child panel-last-child\" data-index=\"0\" ><div\n\t\t\t\n\t\t\tclass=\"so-widget-sow-editor so-widget-sow-editor-base\"\n\t\t\t\n\t\t>\n<div class=\"siteorigin-widget-tinymce textwidget\">\n\t<p>Acordo de coopera\u00e7\u00e3o firmado entre duas ou mais institui\u00e7\u00f5es p\u00fablicas ou privadas, visando \u00e0 realiza\u00e7\u00e3o de um trabalho conjunto, de interesse comum, que geralmente \u00e9 a realiza\u00e7\u00e3o de mobilidade acad\u00eamica ou a execu\u00e7\u00e3o de projeto. Possui natureza clara e objetiva da atividade a que se prop\u00f5em as partes envolvidas.<\/p>\n<\/div>\n<\/div><\/div><\/div><\/div><div id=\"pg-371-1\"  class=\"panel-grid panel-no-style\" ><div id=\"pgc-371-1-0\"  class=\"panel-grid-cell\" ><div id=\"panel-371-1-0-0\" class=\"so-panel widget widget_sow-accordion panel-first-child panel-last-child\" data-index=\"1\" ><div\n\t\t\t\n\t\t\tclass=\"so-widget-sow-accordion so-widget-sow-accordion-default-0cbe2f692174-371\"\n\t\t\t\n\t\t><div>\n\t<div class=\"sow-accordion\">\n\t\t\t<div class=\"sow-accordion-panel\n\t\t\t\t\"\n\t\t\tdata-anchor-id=\"documentacao\">\n\t\t\t\t<div class=\"sow-accordion-panel-header-container\" role=\"heading\" aria-level=\"2\">\n\t\t\t\t\t<div class=\"sow-accordion-panel-header\" tabindex=\"0\" role=\"button\" id=\"accordion-label-documenta%c3%a7%c3%a3o\" aria-controls=\"accordion-content-documenta%c3%a7%c3%a3o\" aria-expanded=\"false\">\n\t\t\t\t\t\t<div class=\"sow-accordion-title sow-accordion-title-icon-left\">\n\t\t\t\t\t\t\t\t\t\t\t\t\t\tDocumenta\u00e7\u00e3o:\t\t\t\t\t\t\t\t\t\t\t\t\t<\/div>\n\t\t\t\t\t\t<div class=\"sow-accordion-open-close-button\">\n\t\t\t\t\t\t\t<div class=\"sow-accordion-open-button\">\n\t\t\t\t\t\t\t\t<span class=\"sow-icon-ionicons\" data-sow-icon=\"&#xf218;\"\n\t\t \n\t\taria-hidden=\"true\"><\/span>\t\t\t\t\t\t\t<\/div>\n\t\t\t\t\t\t\t<div class=\"sow-accordion-close-button\">\n\t\t\t\t\t\t\t\t<span class=\"sow-icon-ionicons\" data-sow-icon=\"&#xf209;\"\n\t\t \n\t\taria-hidden=\"true\"><\/span>\t\t\t\t\t\t\t<\/div>\n\t\t\t\t\t\t<\/div>\n\t\t\t\t\t<\/div>\n\t\t\t\t<\/div>\n\n\t\t\t<div\n\t\t\t\tclass=\"sow-accordion-panel-content\"\n\t\t\t\trole=\"region\"\n\t\t\t\taria-labelledby=\"accordion-label-documenta%c3%a7%c3%a3o\"\n\t\t\t\tid=\"accordion-content-documenta%c3%a7%c3%a3o\"\n\t\t\t\tstyle=\"display: none;\"\t\t\t>\n\t\t\t\t<div class=\"sow-accordion-panel-border\">\n\t\t\t\t\t<ul>\n<li style=\"text-align: justify;\">Formul\u00e1rio de solicita\u00e7\u00e3o de abertura de processo para acordos interinstitucionais (Documento SEI: \u201cGR Abertura de Processo Acordo Interinstitucional\u201d)<\/li>\n<li style=\"text-align: justify;\">Minuta do documento\u00a0 (Documento SEI: \u201cCRInter Acordo Espec\u00edfico para mobilidade\u201d)<\/li>\n<li style=\"text-align: justify;\">Plano de trabalho (Documento SEI: \u201cGR CRInter Plano de Trabalho Pr\u00e9vio\u201d)<\/li>\n<\/ul>\n<p style=\"text-align: justify;\"><strong>ATEN\u00c7\u00c3O 1<\/strong>: A minuta do acordo poder\u00e1 ser proveniente da Universidade estrangeira. Se for o caso, o documento dever\u00e1 ser preenchido e inclu\u00eddo no Processo SEI como documento externo.<\/p>\n<p style=\"text-align: justify;\"><strong>ATEN\u00c7\u00c3O 2:<\/strong>\u00a0A especificidade que consta no modelo sugerido pela CRInter \u00e9 para a mobilidade acad\u00eamica, contudo, o servidor respons\u00e1vel pelo encaminhamento do processo pode e deve adequar a cl\u00e1usula pertinente ao objeto para a atividade que se pretende desenvolver com aquele acordo. Exemplo: mobilidade para \u00e1rea espec\u00edfica, interc\u00e2mbio de pesquisadores, execu\u00e7\u00e3o de projeto de pesquisa, entre outros.<\/p>\n\t\t\t\t<\/div>\n\t\t\t<\/div>\n\t\t<\/div>\n\t\t\t<div class=\"sow-accordion-panel\n\t\t\t\t\"\n\t\t\tdata-anchor-id=\"tramitacao\">\n\t\t\t\t<div class=\"sow-accordion-panel-header-container\" role=\"heading\" aria-level=\"2\">\n\t\t\t\t\t<div class=\"sow-accordion-panel-header\" tabindex=\"0\" role=\"button\" id=\"accordion-label-tramita%c3%a7%c3%a3o\" aria-controls=\"accordion-content-tramita%c3%a7%c3%a3o\" aria-expanded=\"false\">\n\t\t\t\t\t\t<div class=\"sow-accordion-title sow-accordion-title-icon-left\">\n\t\t\t\t\t\t\t\t\t\t\t\t\t\tTramita\u00e7\u00e3o:\t\t\t\t\t\t\t\t\t\t\t\t\t<\/div>\n\t\t\t\t\t\t<div class=\"sow-accordion-open-close-button\">\n\t\t\t\t\t\t\t<div class=\"sow-accordion-open-button\">\n\t\t\t\t\t\t\t\t<span class=\"sow-icon-ionicons\" data-sow-icon=\"&#xf218;\"\n\t\t \n\t\taria-hidden=\"true\"><\/span>\t\t\t\t\t\t\t<\/div>\n\t\t\t\t\t\t\t<div class=\"sow-accordion-close-button\">\n\t\t\t\t\t\t\t\t<span class=\"sow-icon-ionicons\" data-sow-icon=\"&#xf209;\"\n\t\t \n\t\taria-hidden=\"true\"><\/span>\t\t\t\t\t\t\t<\/div>\n\t\t\t\t\t\t<\/div>\n\t\t\t\t\t<\/div>\n\t\t\t\t<\/div>\n\n\t\t\t<div\n\t\t\t\tclass=\"sow-accordion-panel-content\"\n\t\t\t\trole=\"region\"\n\t\t\t\taria-labelledby=\"accordion-label-tramita%c3%a7%c3%a3o\"\n\t\t\t\tid=\"accordion-content-tramita%c3%a7%c3%a3o\"\n\t\t\t\tstyle=\"display: none;\"\t\t\t>\n\t\t\t\t<div class=\"sow-accordion-panel-border\">\n\t\t\t\t\t<ul>\n<li style=\"text-align: justify;\">Unidade\/Professor interessado inicia processo no SEI com a documenta\u00e7\u00e3o elencada acima ap\u00f3s aprova\u00e7\u00e3o formal do departamento\/conselho\/colegiado competente;<\/li>\n<li style=\"text-align: justify;\">Tipo de Processo: \u201cAdministra\u00e7\u00e3o Geral: Acordos\u201d<\/li>\n<li style=\"text-align: justify;\">CRInter (Coordena\u00e7\u00e3o de Rela\u00e7\u00f5es Internacionais) confere documenta\u00e7\u00e3o do processo SEI e encaminha \u00e0 tramita\u00e7\u00e3o pertinente;<\/li>\n<li style=\"text-align: justify;\">COCEPE (para aprova\u00e7\u00e3o do Conv\u00eanio quanto ao m\u00e9rito acad\u00eamico);<\/li>\n<li style=\"text-align: justify;\">Procuradoria Jur\u00eddica (an\u00e1lise da adequa\u00e7\u00e3o jur\u00eddica);<\/li>\n<li style=\"text-align: justify;\">Gabinete do Reitor (para assinatura);<\/li>\n<li style=\"text-align: justify;\">CRInter encaminha \u00e0 Institui\u00e7\u00e3o externa interessada para assinatura do representante legal;<\/li>\n<li style=\"text-align: justify;\">CRInter publica o acordo no site oficial.<\/li>\n<\/ul>\n\t\t\t\t<\/div>\n\t\t\t<\/div>\n\t\t<\/div>\n\t\t\t<div class=\"sow-accordion-panel\n\t\t\t\t\"\n\t\t\tdata-anchor-id=\"modelos-dos-documentos\">\n\t\t\t\t<div class=\"sow-accordion-panel-header-container\" role=\"heading\" aria-level=\"2\">\n\t\t\t\t\t<div class=\"sow-accordion-panel-header\" tabindex=\"0\" role=\"button\" id=\"accordion-label-modelos-dos-documentos\" aria-controls=\"accordion-content-modelos-dos-documentos\" aria-expanded=\"false\">\n\t\t\t\t\t\t<div class=\"sow-accordion-title sow-accordion-title-icon-left\">\n\t\t\t\t\t\t\t\t\t\t\t\t\t\tModelos dos documentos:\t\t\t\t\t\t\t\t\t\t\t\t\t<\/div>\n\t\t\t\t\t\t<div class=\"sow-accordion-open-close-button\">\n\t\t\t\t\t\t\t<div class=\"sow-accordion-open-button\">\n\t\t\t\t\t\t\t\t<span class=\"sow-icon-ionicons\" data-sow-icon=\"&#xf218;\"\n\t\t \n\t\taria-hidden=\"true\"><\/span>\t\t\t\t\t\t\t<\/div>\n\t\t\t\t\t\t\t<div class=\"sow-accordion-close-button\">\n\t\t\t\t\t\t\t\t<span class=\"sow-icon-ionicons\" data-sow-icon=\"&#xf209;\"\n\t\t \n\t\taria-hidden=\"true\"><\/span>\t\t\t\t\t\t\t<\/div>\n\t\t\t\t\t\t<\/div>\n\t\t\t\t\t<\/div>\n\t\t\t\t<\/div>\n\n\t\t\t<div\n\t\t\t\tclass=\"sow-accordion-panel-content\"\n\t\t\t\trole=\"region\"\n\t\t\t\taria-labelledby=\"accordion-label-modelos-dos-documentos\"\n\t\t\t\tid=\"accordion-content-modelos-dos-documentos\"\n\t\t\t\tstyle=\"display: none;\"\t\t\t>\n\t\t\t\t<div class=\"sow-accordion-panel-border\">\n\t\t\t\t\t<ul>\n<li style=\"list-style-type: none;\">\n<ul>\n<li>Objeto: mobilidade acad\u00eamica discente<\/li>\n<\/ul>\n<\/li>\n<\/ul>\n<ul>\n<li><a href=\"https:\/\/wp.ufpel.edu.br\/international\/files\/2025\/01\/Modelo-Acordo-Especifico-pt-e-ing.docx\">Modelo Acordo Espec\u00edfico (pt e ing)<\/a><\/li>\n<li><a href=\"https:\/\/wp.ufpel.edu.br\/international\/files\/2025\/01\/Modelo-Acordo-Especifico-pt-e-esp.docx\">Modelo Acordo Espec\u00edfico (pt e esp)<\/a><\/li>\n<li><a href=\"https:\/\/wp.ufpel.edu.br\/international\/files\/2025\/01\/Modelo-Acordo-Especifico-pt.docx\">Modelo Acordo Espec\u00edfico (pt)<\/a><\/li>\n<\/ul>\n<p>Demais documentos<\/p>\n<ul>\n<li>Documento SEI:\u00a0<a href=\"https:\/\/wp.ufpel.edu.br\/crinter\/convenios-internacionais\/orientacoes-sobre-acordos\/port-formulario-abertura-de-processo\/\" target=\"_blank&quot;\" rel=\"attachment wp-att-9677 noopener\">\u201c<\/a><a href=\"https:\/\/wp.ufpel.edu.br\/international\/files\/2023\/03\/PORT-Formulario-abertura-de-processo.docx\">GR Abertura de Processo Interinstitucional<\/a><a href=\"https:\/\/wp.ufpel.edu.br\/crinter\/convenios-internacionais\/orientacoes-sobre-acordos\/port-formulario-abertura-de-processo\/\" target=\"_blank&quot;\" rel=\"attachment wp-att-9677 noopener\">\u201d<\/a>.<\/li>\n<li>Documento SEI:\u00a0<a href=\"https:\/\/wp.ufpel.edu.br\/crinter\/convenios-internacionais\/orientacoes-sobre-acordos\/port-plano-de-trabalho-previo\/\" target=\"_blank&quot;\" rel=\"attachment wp-att-9678 noopener\">\u201c<\/a><a href=\"https:\/\/wp.ufpel.edu.br\/international\/files\/2023\/03\/PORT-Plano-de-trabalho-previo.docx\">GR CRInter Plano de Trabalho Pr\u00e9vio<\/a><a href=\"https:\/\/wp.ufpel.edu.br\/crinter\/convenios-internacionais\/orientacoes-sobre-acordos\/port-plano-de-trabalho-previo\/\" target=\"_blank&quot;\" rel=\"attachment wp-att-9678 noopener\">\u201d<\/a> \u2013 Vers\u00e3o em ingl\u00eas: <a href=\"https:\/\/wp.ufpel.edu.br\/international\/files\/2023\/03\/Plano-de-trabalho-previo_EN.docx\">Preliminary Workplan<\/a>.<\/li>\n<\/ul>\n\t\t\t\t<\/div>\n\t\t\t<\/div>\n\t\t<\/div>\n\t\t<\/div>\n<\/div>\n<\/div><\/div><\/div><\/div><\/div>","protected":false},"excerpt":{"rendered":"<p>Acordo de coopera\u00e7\u00e3o firmado entre duas ou mais institui\u00e7\u00f5es p\u00fablicas ou privadas, visando \u00e0 realiza\u00e7\u00e3o de um trabalho conjunto, de interesse comum, que geralmente \u00e9 a realiza\u00e7\u00e3o de mobilidade acad\u00eamica ou a execu\u00e7\u00e3o de projeto. Possui natureza clara e objetiva da atividade a que se prop\u00f5em as partes envolvidas.<\/p>\n","protected":false},"author":928,"featured_media":0,"parent":0,"menu_order":0,"comment_status":"closed","ping_status":"closed","template":"","meta":{"footnotes":""},"class_list":["post-371","page","type-page","status-publish","hentry","post"],"jetpack_sharing_enabled":true,"_links":{"self":[{"href":"https:\/\/wp.ufpel.edu.br\/international\/wp-json\/wp\/v2\/pages\/371","targetHints":{"allow":["GET"]}}],"collection":[{"href":"https:\/\/wp.ufpel.edu.br\/international\/wp-json\/wp\/v2\/pages"}],"about":[{"href":"https:\/\/wp.ufpel.edu.br\/international\/wp-json\/wp\/v2\/types\/page"}],"author":[{"embeddable":true,"href":"https:\/\/wp.ufpel.edu.br\/international\/wp-json\/wp\/v2\/users\/928"}],"replies":[{"embeddable":true,"href":"https:\/\/wp.ufpel.edu.br\/international\/wp-json\/wp\/v2\/comments?post=371"}],"version-history":[{"count":17,"href":"https:\/\/wp.ufpel.edu.br\/international\/wp-json\/wp\/v2\/pages\/371\/revisions"}],"predecessor-version":[{"id":2934,"href":"https:\/\/wp.ufpel.edu.br\/international\/wp-json\/wp\/v2\/pages\/371\/revisions\/2934"}],"wp:attachment":[{"href":"https:\/\/wp.ufpel.edu.br\/international\/wp-json\/wp\/v2\/media?parent=371"}],"curies":[{"name":"wp","href":"https:\/\/api.w.org\/{rel}","templated":true}]}}