{"id":368,"date":"2022-06-07T16:01:45","date_gmt":"2022-06-07T19:01:45","guid":{"rendered":"https:\/\/wp.ufpel.edu.br\/international\/?page_id=368"},"modified":"2026-02-04T08:44:11","modified_gmt":"2026-02-04T11:44:11","slug":"acordos-gerais","status":"publish","type":"page","link":"https:\/\/wp.ufpel.edu.br\/international\/acordos-gerais\/","title":{"rendered":"Acordos Gerais"},"content":{"rendered":"<div id=\"pl-368\"  class=\"panel-layout\" ><div id=\"pg-368-0\"  class=\"panel-grid panel-no-style\" ><div id=\"pgc-368-0-0\"  class=\"panel-grid-cell\" ><div id=\"panel-368-0-0-0\" class=\"so-panel widget widget_sow-editor panel-first-child panel-last-child\" data-index=\"0\" ><div\n\t\t\t\n\t\t\tclass=\"so-widget-sow-editor so-widget-sow-editor-base\"\n\t\t\t\n\t\t>\n<div class=\"siteorigin-widget-tinymce textwidget\">\n\t<h3>Orienta\u00e7\u00f5es sobre formaliza\u00e7\u00e3o de Acordos Internacionais:<\/h3>\n<p>A Coordena\u00e7\u00e3o de Rela\u00e7\u00f5es Internacionais disponibiliza sugest\u00f5es de minutas de conv\u00eanios. Ao utiliz\u00e1-las, a tramita\u00e7\u00e3o \u00e9 mais \u00e1gil.<\/p>\n<p>Normalmente, a assinatura do protocolo de inten\u00e7\u00f5es viabiliza a mobilidade discente, contudo, a mobilidade docente e t\u00e9cnico-administrativa necessita de acordo espec\u00edfico com o plano de trabalho para cada atividade. Eventualmente, alguma Universidade estrangeira pode demandar acordo espec\u00edfico para a mobilidade discente.\u00a0Dessa forma, se for necess\u00e1ria a assinatura de um Acordo espec\u00edfico, recomendamos que se providencie tamb\u00e9m a assinatura do Protocolo de Inten\u00e7\u00f5es, pois dessa forma o contato institucional para novas a\u00e7\u00f5es da UFPel j\u00e1 ser\u00e1 formalizado com a Institui\u00e7\u00e3o parceira.<\/p>\n<p>O Protocolo de Inten\u00e7\u00f5es e um documento de natureza pr\u00e9via, caracterizado pela aus\u00eancia de rigor formal que prev\u00ea atividades futuras a serem formalizadas por meio de acordos espec\u00edficos.<\/p>\n<\/div>\n<\/div><\/div><\/div><\/div><div id=\"pg-368-1\"  class=\"panel-grid panel-no-style\" ><div id=\"pgc-368-1-0\"  class=\"panel-grid-cell\" ><div id=\"panel-368-1-0-0\" class=\"so-panel widget widget_sow-accordion panel-first-child panel-last-child\" data-index=\"1\" ><div\n\t\t\t\n\t\t\tclass=\"so-widget-sow-accordion so-widget-sow-accordion-default-0cbe2f692174-368\"\n\t\t\t\n\t\t><div>\n\t<div class=\"sow-accordion\">\n\t\t\t<div class=\"sow-accordion-panel\n\t\t\t\t\"\n\t\t\tdata-anchor-id=\"documentacao\">\n\t\t\t\t<div class=\"sow-accordion-panel-header-container\" role=\"heading\" aria-level=\"2\">\n\t\t\t\t\t<div class=\"sow-accordion-panel-header\" tabindex=\"0\" role=\"button\" id=\"accordion-label-documenta%c3%a7%c3%a3o\" aria-controls=\"accordion-content-documenta%c3%a7%c3%a3o\" aria-expanded=\"false\">\n\t\t\t\t\t\t<div class=\"sow-accordion-title sow-accordion-title-icon-left\">\n\t\t\t\t\t\t\t\t\t\t\t\t\t\tDocumenta\u00e7\u00e3o:\t\t\t\t\t\t\t\t\t\t\t\t\t<\/div>\n\t\t\t\t\t\t<div class=\"sow-accordion-open-close-button\">\n\t\t\t\t\t\t\t<div class=\"sow-accordion-open-button\">\n\t\t\t\t\t\t\t\t<span class=\"sow-icon-ionicons\" data-sow-icon=\"&#xf218;\"\n\t\t \n\t\taria-hidden=\"true\"><\/span>\t\t\t\t\t\t\t<\/div>\n\t\t\t\t\t\t\t<div class=\"sow-accordion-close-button\">\n\t\t\t\t\t\t\t\t<span class=\"sow-icon-ionicons\" data-sow-icon=\"&#xf209;\"\n\t\t \n\t\taria-hidden=\"true\"><\/span>\t\t\t\t\t\t\t<\/div>\n\t\t\t\t\t\t<\/div>\n\t\t\t\t\t<\/div>\n\t\t\t\t<\/div>\n\n\t\t\t<div\n\t\t\t\tclass=\"sow-accordion-panel-content\"\n\t\t\t\trole=\"region\"\n\t\t\t\taria-labelledby=\"accordion-label-documenta%c3%a7%c3%a3o\"\n\t\t\t\tid=\"accordion-content-documenta%c3%a7%c3%a3o\"\n\t\t\t\tstyle=\"display: none;\"\t\t\t>\n\t\t\t\t<div class=\"sow-accordion-panel-border\">\n\t\t\t\t\t<ul>\n<li style=\"text-align: justify;\">Formul\u00e1rio de solicita\u00e7\u00e3o de abertura de processo para acordos interinstitucionais\u00a0(Documento SEI: <a href=\"https:\/\/wp.ufpel.edu.br\/international\/files\/2023\/03\/PORT-Formulario-abertura-de-processo.docx\" rel=\"noopener\">\"GR Abertura de Processo Interinstitucional\"<\/a>);<\/li>\n<li style=\"text-align: justify;\">Minuta do documento\u00a0 (Documento SEI: \u201cCRInter Acordo de Coopera\u00e7\u00e3o Geral Portugu\u00eas\u201d);<\/li>\n<li style=\"text-align: justify;\">Plano de trabalho (Documento SEI: \u201c<a href=\"https:\/\/wp.ufpel.edu.br\/international\/files\/2023\/03\/PORT-Plano-de-trabalho-previo.docx\" rel=\"noopener\">GR CRInter Plano de Trabalho Pr\u00e9vio<\/a>\u201d \u2013 Vers\u00e3o em ingl\u00eas: <a href=\"https:\/\/wp.ufpel.edu.br\/international\/files\/2023\/03\/Plano-de-trabalho-previo_EN.docx\" rel=\"noopener\">Preliminary Workplan<\/a>).<\/li>\n<\/ul>\n<p style=\"text-align: justify;\"><strong>ATEN\u00c7\u00c3O 1:<\/strong>\u00a0A minuta do acordo poder\u00e1 ser proveniente da Universidade estrangeira. Se for o caso, o documento dever\u00e1 ser preenchido e inclu\u00eddo no Processo SEI como documento externo.<\/p>\n<p style=\"text-align: justify;\"><strong>ATEN\u00c7\u00c3O 2:<\/strong>\u00a0Os documentos est\u00e3o no SEI sob a nomenclatura exata apresentada entre as aspas. Caso n\u00e3o os encontre, certifique-se que a lista dos documentos dispon\u00edveis para inclus\u00e3o est\u00e1 sendo mostrada de forma completa, clicando no \u00edcone\u00a0<img loading=\"lazy\" decoding=\"async\" class=\"size-full wp-image-9675 jetpack-lazy-image jetpack-lazy-image--handled\" src=\"https:\/\/i0.wp.com\/wp.ufpel.edu.br\/crinter\/files\/2019\/06\/mais.gif?resize=16%2C16&amp;ssl=1\" alt=\"\" width=\"16\" height=\"16\" data-attachment-id=\"9675\" data-permalink=\"https:\/\/wp.ufpel.edu.br\/crinter\/convenios-internacionais\/orientacoes-sobre-acordos\/mais\/\" data-orig-file=\"https:\/\/i0.wp.com\/wp.ufpel.edu.br\/crinter\/files\/2019\/06\/mais.gif?fit=16%2C16&amp;ssl=1\" data-orig-size=\"16,16\" data-comments-opened=\"0\" data-image-meta=\"{&quot;aperture&quot;:&quot;0&quot;,&quot;credit&quot;:&quot;&quot;,&quot;camera&quot;:&quot;&quot;,&quot;caption&quot;:&quot;&quot;,&quot;created_timestamp&quot;:&quot;0&quot;,&quot;copyright&quot;:&quot;&quot;,&quot;focal_length&quot;:&quot;0&quot;,&quot;iso&quot;:&quot;0&quot;,&quot;shutter_speed&quot;:&quot;0&quot;,&quot;title&quot;:&quot;&quot;,&quot;orientation&quot;:&quot;0&quot;}\" data-image-title=\"mais\" data-image-description=\"\" data-image-caption=\"\" data-medium-file=\"https:\/\/i0.wp.com\/wp.ufpel.edu.br\/crinter\/files\/2019\/06\/mais.gif?fit=16%2C16&amp;ssl=1\" data-large-file=\"https:\/\/i0.wp.com\/wp.ufpel.edu.br\/crinter\/files\/2019\/06\/mais.gif?fit=16%2C16&amp;ssl=1\" data-recalc-dims=\"1\" data-lazy-loaded=\"1\" \/>\u00a0ao lado de \u201cEscolha o tipo do documento\u201d.<\/p>\n\t\t\t\t<\/div>\n\t\t\t<\/div>\n\t\t<\/div>\n\t\t\t<div class=\"sow-accordion-panel\n\t\t\t\t\"\n\t\t\tdata-anchor-id=\"tramitacao\">\n\t\t\t\t<div class=\"sow-accordion-panel-header-container\" role=\"heading\" aria-level=\"2\">\n\t\t\t\t\t<div class=\"sow-accordion-panel-header\" tabindex=\"0\" role=\"button\" id=\"accordion-label-tramita%c3%a7%c3%a3o\" aria-controls=\"accordion-content-tramita%c3%a7%c3%a3o\" aria-expanded=\"false\">\n\t\t\t\t\t\t<div class=\"sow-accordion-title sow-accordion-title-icon-left\">\n\t\t\t\t\t\t\t\t\t\t\t\t\t\tTramita\u00e7\u00e3o:\t\t\t\t\t\t\t\t\t\t\t\t\t<\/div>\n\t\t\t\t\t\t<div class=\"sow-accordion-open-close-button\">\n\t\t\t\t\t\t\t<div class=\"sow-accordion-open-button\">\n\t\t\t\t\t\t\t\t<span class=\"sow-icon-ionicons\" data-sow-icon=\"&#xf218;\"\n\t\t \n\t\taria-hidden=\"true\"><\/span>\t\t\t\t\t\t\t<\/div>\n\t\t\t\t\t\t\t<div class=\"sow-accordion-close-button\">\n\t\t\t\t\t\t\t\t<span class=\"sow-icon-ionicons\" data-sow-icon=\"&#xf209;\"\n\t\t \n\t\taria-hidden=\"true\"><\/span>\t\t\t\t\t\t\t<\/div>\n\t\t\t\t\t\t<\/div>\n\t\t\t\t\t<\/div>\n\t\t\t\t<\/div>\n\n\t\t\t<div\n\t\t\t\tclass=\"sow-accordion-panel-content\"\n\t\t\t\trole=\"region\"\n\t\t\t\taria-labelledby=\"accordion-label-tramita%c3%a7%c3%a3o\"\n\t\t\t\tid=\"accordion-content-tramita%c3%a7%c3%a3o\"\n\t\t\t\tstyle=\"display: none;\"\t\t\t>\n\t\t\t\t<div class=\"sow-accordion-panel-border\">\n\t\t\t\t\t<ul>\n<li style=\"text-align: justify;\">Unidade\/Professor interessado inicia processo no SEI com a documenta\u00e7\u00e3o elencada acima ap\u00f3s aprova\u00e7\u00e3o formal do departamento\/conselho\/colegiado competente;<\/li>\n<li style=\"text-align: justify;\">Tipo de Processo: \u201cAdministra\u00e7\u00e3o Geral: Acordos\u201d<\/li>\n<li style=\"text-align: justify;\">CRInter (Coordena\u00e7\u00e3o de Rela\u00e7\u00f5es Internacionais) confere documenta\u00e7\u00e3o do processo SEI e encaminha \u00e0 tramita\u00e7\u00e3o pertinente;<\/li>\n<li style=\"text-align: justify;\">COCEPE (para aprova\u00e7\u00e3o do Conv\u00eanio quanto ao m\u00e9rito acad\u00eamico);<\/li>\n<li style=\"text-align: justify;\">Procuradoria Jur\u00eddica (an\u00e1lise da adequa\u00e7\u00e3o jur\u00eddica);<\/li>\n<li style=\"text-align: justify;\">Gabinete do Reitor (para assinatura);<\/li>\n<li style=\"text-align: justify;\">CRInter encaminha \u00e0 Institui\u00e7\u00e3o externa interessada para assinatura do representante legal;<\/li>\n<li style=\"text-align: justify;\">CRInter publica o acordo no site oficial.<\/li>\n<\/ul>\n\t\t\t\t<\/div>\n\t\t\t<\/div>\n\t\t<\/div>\n\t\t\t<div class=\"sow-accordion-panel\n\t\t\t\t\"\n\t\t\tdata-anchor-id=\"modelos-dos-documentos\">\n\t\t\t\t<div class=\"sow-accordion-panel-header-container\" role=\"heading\" aria-level=\"2\">\n\t\t\t\t\t<div class=\"sow-accordion-panel-header\" tabindex=\"0\" role=\"button\" id=\"accordion-label-modelos-dos-documentos\" aria-controls=\"accordion-content-modelos-dos-documentos\" aria-expanded=\"false\">\n\t\t\t\t\t\t<div class=\"sow-accordion-title sow-accordion-title-icon-left\">\n\t\t\t\t\t\t\t\t\t\t\t\t\t\tModelos dos documentos:\t\t\t\t\t\t\t\t\t\t\t\t\t<\/div>\n\t\t\t\t\t\t<div class=\"sow-accordion-open-close-button\">\n\t\t\t\t\t\t\t<div class=\"sow-accordion-open-button\">\n\t\t\t\t\t\t\t\t<span class=\"sow-icon-ionicons\" data-sow-icon=\"&#xf218;\"\n\t\t \n\t\taria-hidden=\"true\"><\/span>\t\t\t\t\t\t\t<\/div>\n\t\t\t\t\t\t\t<div class=\"sow-accordion-close-button\">\n\t\t\t\t\t\t\t\t<span class=\"sow-icon-ionicons\" data-sow-icon=\"&#xf209;\"\n\t\t \n\t\taria-hidden=\"true\"><\/span>\t\t\t\t\t\t\t<\/div>\n\t\t\t\t\t\t<\/div>\n\t\t\t\t\t<\/div>\n\t\t\t\t<\/div>\n\n\t\t\t<div\n\t\t\t\tclass=\"sow-accordion-panel-content\"\n\t\t\t\trole=\"region\"\n\t\t\t\taria-labelledby=\"accordion-label-modelos-dos-documentos\"\n\t\t\t\tid=\"accordion-content-modelos-dos-documentos\"\n\t\t\t\tstyle=\"display: none;\"\t\t\t>\n\t\t\t\t<div class=\"sow-accordion-panel-border\">\n\t\t\t\t\t<ul>\n<li><a href=\"https:\/\/wp.ufpel.edu.br\/international\/files\/2025\/01\/Modelo-Acordo-de-Cooperacao-Geral-pt-e-ing.docx\">Modelo Acordo de Coopera\u00e7\u00e3o Geral (pt e ing)<\/a><\/li>\n<li><a href=\"https:\/\/wp.ufpel.edu.br\/international\/files\/2025\/01\/Modelo-Acordo-de-Cooperacao-Geral-pt-e-esp.docx\">Modelo Acordo de Coopera\u00e7\u00e3o Geral (pt e esp)<\/a><\/li>\n<li><a href=\"https:\/\/wp.ufpel.edu.br\/international\/files\/2025\/01\/Modelo-Acordo-de-Cooperacao-Geral-pt.docx\">Modelo Acordo de Coopera\u00e7\u00e3o Geral (pt)<\/a><\/li>\n<li>Documento SEI: \u201c<a href=\"https:\/\/wp.ufpel.edu.br\/international\/files\/2023\/03\/PORT-Formulario-abertura-de-processo.docx\">GR Abertura de Processo Interinstitucional<\/a><a href=\"https:\/\/wp.ufpel.edu.br\/crinter\/convenios-internacionais\/orientacoes-sobre-acordos\/port-formulario-abertura-de-processo\/\" target=\"_blank\" rel=\"attachment noopener wp-att-9677\">\u201d<\/a>;<\/li>\n<li>Documento SEI: \u201c<a href=\"https:\/\/wp.ufpel.edu.br\/international\/files\/2023\/03\/PORT-Plano-de-trabalho-previo.docx\">GR CRInter Plano de Trabalho Pr\u00e9vio<\/a>\u201d \u2013 Vers\u00e3o em ingl\u00eas: <a href=\"https:\/\/wp.ufpel.edu.br\/international\/files\/2023\/03\/Plano-de-trabalho-previo_EN.docx\">Preliminary Workplan<\/a>.<\/li>\n<\/ul>\n\t\t\t\t<\/div>\n\t\t\t<\/div>\n\t\t<\/div>\n\t\t<\/div>\n<\/div>\n<\/div><\/div><\/div><\/div><\/div>","protected":false},"excerpt":{"rendered":"<p>Orienta\u00e7\u00f5es sobre formaliza\u00e7\u00e3o de Acordos Internacionais: A Coordena\u00e7\u00e3o de Rela\u00e7\u00f5es Internacionais disponibiliza sugest\u00f5es de minutas de conv\u00eanios. Ao utiliz\u00e1-las, a tramita\u00e7\u00e3o \u00e9 mais \u00e1gil. Normalmente, a assinatura do protocolo de inten\u00e7\u00f5es viabiliza a mobilidade discente, contudo, a mobilidade docente e t\u00e9cnico-administrativa necessita de acordo espec\u00edfico com o plano de trabalho para cada atividade. Eventualmente, alguma [&hellip;]<\/p>\n","protected":false},"author":928,"featured_media":0,"parent":0,"menu_order":0,"comment_status":"closed","ping_status":"closed","template":"","meta":{"footnotes":""},"class_list":["post-368","page","type-page","status-publish","hentry","post"],"jetpack_sharing_enabled":true,"_links":{"self":[{"href":"https:\/\/wp.ufpel.edu.br\/international\/wp-json\/wp\/v2\/pages\/368","targetHints":{"allow":["GET"]}}],"collection":[{"href":"https:\/\/wp.ufpel.edu.br\/international\/wp-json\/wp\/v2\/pages"}],"about":[{"href":"https:\/\/wp.ufpel.edu.br\/international\/wp-json\/wp\/v2\/types\/page"}],"author":[{"embeddable":true,"href":"https:\/\/wp.ufpel.edu.br\/international\/wp-json\/wp\/v2\/users\/928"}],"replies":[{"embeddable":true,"href":"https:\/\/wp.ufpel.edu.br\/international\/wp-json\/wp\/v2\/comments?post=368"}],"version-history":[{"count":4,"href":"https:\/\/wp.ufpel.edu.br\/international\/wp-json\/wp\/v2\/pages\/368\/revisions"}],"predecessor-version":[{"id":3478,"href":"https:\/\/wp.ufpel.edu.br\/international\/wp-json\/wp\/v2\/pages\/368\/revisions\/3478"}],"wp:attachment":[{"href":"https:\/\/wp.ufpel.edu.br\/international\/wp-json\/wp\/v2\/media?parent=368"}],"curies":[{"name":"wp","href":"https:\/\/api.w.org\/{rel}","templated":true}]}}