{"id":300,"date":"2022-06-07T14:47:45","date_gmt":"2022-06-07T17:47:45","guid":{"rendered":"https:\/\/wp.ufpel.edu.br\/international\/?page_id=300"},"modified":"2025-06-11T17:04:39","modified_gmt":"2025-06-11T20:04:39","slug":"editais-externos","status":"publish","type":"page","link":"https:\/\/wp.ufpel.edu.br\/international\/editais-externos\/","title":{"rendered":"Editais externos"},"content":{"rendered":"<div id=\"pl-300\"  class=\"panel-layout\" ><div id=\"pg-300-0\"  class=\"panel-grid panel-no-style\" ><div id=\"pgc-300-0-0\"  class=\"panel-grid-cell\" ><div id=\"panel-300-0-0-0\" class=\"so-panel widget widget_sow-accordion panel-first-child panel-last-child\" data-index=\"0\" ><div\n\t\t\t\n\t\t\tclass=\"so-widget-sow-accordion so-widget-sow-accordion-default-0cbe2f692174-300\"\n\t\t\t\n\t\t><div>\n\t<div class=\"sow-accordion\">\n\t\t\t<div class=\"sow-accordion-panel\n\t\t\t\t\"\n\t\t\tdata-anchor-id=\"links-de-programas-internacionais-embaixadas-e-demais-meios-de-divulgacao-de-oportunidades\">\n\t\t\t\t<div class=\"sow-accordion-panel-header-container\" role=\"heading\" aria-level=\"2\">\n\t\t\t\t\t<div class=\"sow-accordion-panel-header\" tabindex=\"0\" role=\"button\" id=\"accordion-label-links-de-programas-internacionais-embaixadas-e-demais-meios-de-divulga%c3%a7%c3%a3o-de-oportunidades\" aria-controls=\"accordion-content-links-de-programas-internacionais-embaixadas-e-demais-meios-de-divulga%c3%a7%c3%a3o-de-oportunidades\" aria-expanded=\"false\">\n\t\t\t\t\t\t<div class=\"sow-accordion-title sow-accordion-title-icon-left\">\n\t\t\t\t\t\t\t\t\t\t\t\t\t\tLinks de programas internacionais, embaixadas e demais meios de divulga\u00e7\u00e3o de oportunidades\t\t\t\t\t\t\t\t\t\t\t\t\t<\/div>\n\t\t\t\t\t\t<div class=\"sow-accordion-open-close-button\">\n\t\t\t\t\t\t\t<div class=\"sow-accordion-open-button\">\n\t\t\t\t\t\t\t\t<span class=\"sow-icon-ionicons\" data-sow-icon=\"&#xf218;\"\n\t\t \n\t\taria-hidden=\"true\"><\/span>\t\t\t\t\t\t\t<\/div>\n\t\t\t\t\t\t\t<div class=\"sow-accordion-close-button\">\n\t\t\t\t\t\t\t\t<span class=\"sow-icon-ionicons\" data-sow-icon=\"&#xf209;\"\n\t\t \n\t\taria-hidden=\"true\"><\/span>\t\t\t\t\t\t\t<\/div>\n\t\t\t\t\t\t<\/div>\n\t\t\t\t\t<\/div>\n\t\t\t\t<\/div>\n\n\t\t\t<div\n\t\t\t\tclass=\"sow-accordion-panel-content\"\n\t\t\t\trole=\"region\"\n\t\t\t\taria-labelledby=\"accordion-label-links-de-programas-internacionais-embaixadas-e-demais-meios-de-divulga%c3%a7%c3%a3o-de-oportunidades\"\n\t\t\t\tid=\"accordion-content-links-de-programas-internacionais-embaixadas-e-demais-meios-de-divulga%c3%a7%c3%a3o-de-oportunidades\"\n\t\t\t\tstyle=\"display: none;\"\t\t\t>\n\t\t\t\t<div class=\"sow-accordion-panel-border\">\n\t\t\t\t\t<ul>\n<li><a href=\"https:\/\/www.gov.br\/capes\/pt-br\/acesso-a-informacao\/acoes-e-programas\/bolsas\/bolsas-e-auxilios-internacionais\/\" target=\"_blank\" rel=\"noopener\">CAPES<\/a><\/li>\n<li><a href=\"https:\/\/www.gov.br\/cnpq\/pt-br\/acesso-a-informacao\/bolsas-e-auxilios\/copy_of_modalidades\" target=\"_blank\" rel=\"noopener\">CNPq<\/a><\/li>\n<li><a href=\"http:\/\/www.estudarfora.org.br\/intercambio\/\" target=\"_blank\" rel=\"noopener\">Funda\u00e7\u00e3o Estudar<\/a><\/li>\n<li><a href=\"https:\/\/fundacaolemann.org.br\/public\/projetos\" target=\"_blank\" rel=\"noopener\">Funda\u00e7\u00e3o Lemann<\/a><\/li>\n<li><a href=\"http:\/\/www.institutoling.org.br\/index.php\/bolsas-de-estudo\/\" target=\"_blank\" rel=\"noopener\">Instituto Ling<\/a><\/li>\n<li><a href=\"http:\/\/gestion.fundacioncarolina.es\" target=\"_blank\" rel=\"noopener\">Funda\u00e7\u00e3o Carolina<\/a><\/li>\n<li><a href=\"http:\/\/www.daad.org.br\/pt\/\" target=\"_blank\" rel=\"noopener\">Servi\u00e7o Alem\u00e3o de Interc\u00e2mbio Acad\u00eamico<\/a><\/li>\n<li><a href=\"http:\/\/dwih.com.br\/pt-br\/oportunidades\" target=\"_blank\" rel=\"noopener\">Funda\u00e7\u00e3o Alexander von Humboldt<\/a><\/li>\n<li><a href=\"https:\/\/becasyconvocatorias.org\" target=\"_blank\" rel=\"noopener\">Funda\u00e7\u00e3o Beca<\/a><\/li>\n<li><a href=\"https:\/\/ec.europa.eu\/programmes\/erasmus-plus\/opportunities_pt\" target=\"_blank\" rel=\"noopener\">Erasmus Mundus<\/a><\/li>\n<li><a href=\"http:\/\/www.scholarships-bourses.gc.ca\/scholarships-bourses\/can\/institutions\/elap-pfla.aspx\" target=\"_blank\" rel=\"noopener\">ELAP<\/a><\/li>\n<li><a href=\"http:\/\/www.grupocoimbra.org.br\/\" target=\"_blank\" rel=\"noopener\">Grupo Coimbra de Universidades Brasileiras<\/a><\/li>\n<li><a href=\"https:\/\/www.daad.de\/deutschland\/stipendium\/datenbank\/en\/21148-scholarship-database\/\" target=\"_blank\" rel=\"noopener\">German Academic Exchange Service<\/a><\/li>\n<\/ul>\n\t\t\t\t<\/div>\n\t\t\t<\/div>\n\t\t<\/div>\n\t\t\t<div class=\"sow-accordion-panel\n\t\t\t\t\"\n\t\t\tdata-anchor-id=\"paises\">\n\t\t\t\t<div class=\"sow-accordion-panel-header-container\" role=\"heading\" aria-level=\"2\">\n\t\t\t\t\t<div class=\"sow-accordion-panel-header\" tabindex=\"0\" role=\"button\" id=\"accordion-label-pa%c3%adses\" aria-controls=\"accordion-content-pa%c3%adses\" aria-expanded=\"false\">\n\t\t\t\t\t\t<div class=\"sow-accordion-title sow-accordion-title-icon-left\">\n\t\t\t\t\t\t\t\t\t\t\t\t\t\tPa\u00edses\t\t\t\t\t\t\t\t\t\t\t\t\t<\/div>\n\t\t\t\t\t\t<div class=\"sow-accordion-open-close-button\">\n\t\t\t\t\t\t\t<div class=\"sow-accordion-open-button\">\n\t\t\t\t\t\t\t\t<span class=\"sow-icon-ionicons\" data-sow-icon=\"&#xf218;\"\n\t\t \n\t\taria-hidden=\"true\"><\/span>\t\t\t\t\t\t\t<\/div>\n\t\t\t\t\t\t\t<div class=\"sow-accordion-close-button\">\n\t\t\t\t\t\t\t\t<span class=\"sow-icon-ionicons\" data-sow-icon=\"&#xf209;\"\n\t\t \n\t\taria-hidden=\"true\"><\/span>\t\t\t\t\t\t\t<\/div>\n\t\t\t\t\t\t<\/div>\n\t\t\t\t\t<\/div>\n\t\t\t\t<\/div>\n\n\t\t\t<div\n\t\t\t\tclass=\"sow-accordion-panel-content\"\n\t\t\t\trole=\"region\"\n\t\t\t\taria-labelledby=\"accordion-label-pa%c3%adses\"\n\t\t\t\tid=\"accordion-content-pa%c3%adses\"\n\t\t\t\tstyle=\"display: none;\"\t\t\t>\n\t\t\t\t<div class=\"sow-accordion-panel-border\">\n\t\t\t\t\t<ul>\n<li><strong>Austr\u00e1lia<\/strong>\n<ul>\n<li><a href=\"https:\/\/www.innovation.gov.au\" target=\"_blank\" rel=\"noopener\">Op\u00e7\u00e3o 1<\/a><\/li>\n<li><a href=\"https:\/\/www.studyaustralia.gov.au\" target=\"_blank\" rel=\"noopener\">Op\u00e7\u00e3o 2<\/a><\/li>\n<li><a href=\"http:\/\/brazil.embassy.gov.au\/bras\/study.html\" target=\"_blank\" rel=\"noopener\">Op\u00e7\u00e3o 3<\/a><\/li>\n<\/ul>\n<\/li>\n<li><a href=\"https:\/\/you.ubc.ca\/financial-planning\/scholarships-awards-international-students\/international-scholars\/\"><strong>Canad\u00e1<\/strong><\/a><\/li>\n<li><a href=\"https:\/\/www.learnchile.cl\/en\/scholarships-and-benefits\/\" target=\"_blank\" rel=\"noopener\">Chile<\/a><\/li>\n<li><strong>China<\/strong>\n<ul>\n<li><a href=\"http:\/\/br.china-embassy.org\/por\/whjl\/\" target=\"_blank\" rel=\"noopener\">Op\u00e7\u00e3o 1<\/a><\/li>\n<li><a href=\"http:\/\/br.china-embassy.org\/por\/whjy\/t1528127.htm\" target=\"_blank\" rel=\"noopener\">Op\u00e7\u00e3o 2<\/a><\/li>\n<\/ul>\n<\/li>\n<li><a href=\"http:\/\/www.niied.go.kr\/eng\/main.do\" target=\"_blank\" rel=\"noopener\">Coreia do Sul<\/a><\/li>\n<li><strong>Dinamarca<\/strong>\n<ul>\n<li><a href=\"https:\/\/udiverden.dk\" target=\"_blank\" rel=\"noopener\">Op\u00e7\u00e3o 1<\/a><\/li>\n<li><a href=\"https:\/\/ufm.dk\/en\/education\/programmes-supporting-cooperation-and-mobility\" target=\"_blank\" rel=\"noopener\">Op\u00e7\u00e3o 2<\/a><\/li>\n<\/ul>\n<\/li>\n<li><strong>Espanha<\/strong>\n<ul>\n<li><a href=\"http:\/\/www.becasmae.es\" target=\"_blank\" rel=\"noopener\">Op\u00e7\u00e3o 1<\/a><\/li>\n<li><a href=\"http:\/\/www.fundacionbotin.org\/becas-y-talleres\/becas-y-talleres-fundacion-botin.html\" target=\"_blank\" rel=\"noopener\">Op\u00e7\u00e3o 2<\/a><\/li>\n<li><a href=\"https:\/\/www.zlc.edu.es\/es\/educacion\/mit-zaragoza-masters\/financial-aid\/scholarships\" target=\"_blank\" rel=\"noopener\">Op\u00e7\u00e3o 3<\/a><\/li>\n<\/ul>\n<\/li>\n<li><strong>Estados Unidos<\/strong>\n<ul>\n<li><a href=\"http:\/\/educationusa.org.br\/site\/bolsas-de-estudo\/\" target=\"_blank\" rel=\"noopener\">Op\u00e7\u00e3o 1<\/a><\/li>\n<li><a href=\"https:\/\/fulbright.org.br\/bolsas-para-brasileiros\/\" target=\"_blank\" rel=\"noopener\">Op\u00e7\u00e3o 2<\/a><\/li>\n<li><a href=\"https:\/\/humphreyfellowship.org\/\" target=\"_blank\" rel=\"noopener\">Op\u00e7\u00e3o 3<\/a><\/li>\n<li><a href=\"http:\/\/scholarshipsusa.wordpress.com\/\" target=\"_blank\" rel=\"noopener\">Op\u00e7\u00e3o 5<\/a><\/li>\n<\/ul>\n<\/li>\n<li><a href=\"https:\/\/www.bresil.campusfrance.org\/pos-graduacao\"><strong>Fran\u00e7a<\/strong><\/a><\/li>\n<li><a href=\"http:\/\/www.studyinhungary.hu\/\" target=\"_blank\" rel=\"noopener\">Hungria<\/a><\/li>\n<li><strong>Jap\u00e3o<\/strong>\n<ul>\n<li><a href=\"https:\/\/www.curitiba.br.emb-japan.go.jp\/itpr_pt\/00_000021.html\" target=\"_blank\" rel=\"noopener\">Op\u00e7\u00e3o 1<\/a><\/li>\n<li><a href=\"http:\/\/fjsp.org.br\/programas\/\" target=\"_blank\" rel=\"noopener\">Op\u00e7\u00e3o 2<\/a><\/li>\n<li><a href=\"http:\/\/jetprogramme.org\/en\/\" target=\"_blank\" rel=\"noopener\">Op\u00e7\u00e3o 3<\/a><\/li>\n<\/ul>\n<\/li>\n<li><a href=\"https:\/\/afterschool.my\/scholarship\" target=\"_blank\" rel=\"noopener\">Mal\u00e1sia<\/a><\/li>\n<li><a href=\"https:\/\/www.studyinnewzealand.govt.nz\/study-options\/\" target=\"_blank\" rel=\"noopener\">Nova Zel\u00e2ndia<\/a><\/li>\n<li><strong>Portugal<\/strong>\n<ul>\n<li><a href=\"https:\/\/gulbenkian.pt\/#\" target=\"_blank\" rel=\"noopener\">Op\u00e7\u00e3o 1<\/a><\/li>\n<li><a href=\"http:\/\/www.instituto-camoes.pt\/\" target=\"_blank\" rel=\"noopener\">Op\u00e7\u00e3o 2<\/a><\/li>\n<\/ul>\n<\/li>\n<li><strong>Reino Unido<\/strong>\n<ul>\n<li><a href=\"http:\/\/www.chevening.org\/brazil\/\" target=\"_blank\" rel=\"noopener\">Op\u00e7\u00e3o 1<\/a><\/li>\n<li><a href=\"http:\/\/www.ncl.ac.uk\/international\/country\/brazil\/#fees&amp;funding\" target=\"_blank\" rel=\"noopener\">Op\u00e7\u00e3o 2<\/a><\/li>\n<\/ul>\n<\/li>\n<li><strong>Su\u00ed\u00e7a<\/strong>\n<ul>\n<li><a href=\"https:\/\/www.eda.admin.ch\/eda\/en\/home\/entry-switzerland-residence\/residence-switzerland\/studying-switzerland\/scholarships.html\" target=\"_blank\" rel=\"noopener\">Op\u00e7\u00e3o 1<\/a><\/li>\n<li><a href=\"https:\/\/www.sbfi.admin.ch\/sbfi\/en\/home\/bildung\/scholarships-and-grants.html\" target=\"_blank\" rel=\"noopener\">Op\u00e7\u00e3o 2<\/a><\/li>\n<\/ul>\n<\/li>\n<\/ul>\n\t\t\t\t<\/div>\n\t\t\t<\/div>\n\t\t<\/div>\n\t\t\t<div class=\"sow-accordion-panel\n\t\t\t\t\"\n\t\t\tdata-anchor-id=\"outros\">\n\t\t\t\t<div class=\"sow-accordion-panel-header-container\" role=\"heading\" aria-level=\"2\">\n\t\t\t\t\t<div class=\"sow-accordion-panel-header\" tabindex=\"0\" role=\"button\" id=\"accordion-label-outros\" aria-controls=\"accordion-content-outros\" aria-expanded=\"false\">\n\t\t\t\t\t\t<div class=\"sow-accordion-title sow-accordion-title-icon-left\">\n\t\t\t\t\t\t\t\t\t\t\t\t\t\tOutros\t\t\t\t\t\t\t\t\t\t\t\t\t<\/div>\n\t\t\t\t\t\t<div class=\"sow-accordion-open-close-button\">\n\t\t\t\t\t\t\t<div class=\"sow-accordion-open-button\">\n\t\t\t\t\t\t\t\t<span class=\"sow-icon-ionicons\" data-sow-icon=\"&#xf218;\"\n\t\t \n\t\taria-hidden=\"true\"><\/span>\t\t\t\t\t\t\t<\/div>\n\t\t\t\t\t\t\t<div class=\"sow-accordion-close-button\">\n\t\t\t\t\t\t\t\t<span class=\"sow-icon-ionicons\" data-sow-icon=\"&#xf209;\"\n\t\t \n\t\taria-hidden=\"true\"><\/span>\t\t\t\t\t\t\t<\/div>\n\t\t\t\t\t\t<\/div>\n\t\t\t\t\t<\/div>\n\t\t\t\t<\/div>\n\n\t\t\t<div\n\t\t\t\tclass=\"sow-accordion-panel-content\"\n\t\t\t\trole=\"region\"\n\t\t\t\taria-labelledby=\"accordion-label-outros\"\n\t\t\t\tid=\"accordion-content-outros\"\n\t\t\t\tstyle=\"display: none;\"\t\t\t>\n\t\t\t\t<div class=\"sow-accordion-panel-border\">\n\t\t\t\t\t<ul>\n<li><a href=\"http:\/\/www.scholars4dev.com\/tag\/scholarships-for-brazilians\/\" target=\"_blank\" rel=\"noopener\">Scholarships for Development (scholars4dev)<\/a><\/li>\n<li><a href=\"http:\/\/scholarship-positions.com\/international-scholarships-2015\/2014\/01\/11\/\" target=\"_blank\" rel=\"noopener\">Scholarship-positions.com<\/a><\/li>\n<li><a href=\"https:\/\/www.facebook.com\/becasyconvocatorias?ref=ts&amp;fref=ts\" target=\"_blank\" rel=\"noopener\">Becas y Convocat\u00f3rias<\/a><\/li>\n<li><a href=\"http:\/\/www.hotcourses.com.br\/\" target=\"_blank\" rel=\"noopener\">HOTCOURSES<\/a><\/li>\n<li><a href=\"https:\/\/www.academicis.co.uk\/\" target=\"_blank\" rel=\"noopener\">ACADEMICIS<\/a><\/li>\n<li><a href=\"http:\/\/www.worldbank.org\/en\/programs\/scholarships\" target=\"_blank\" rel=\"noopener\">Banco Mundial<\/a><\/li>\n<li><a href=\"http:\/\/www.wellsmountainfoundation.org\/our-programs\/scholarships\/\" target=\"_blank\" rel=\"noopener\">Wells Mountain Initiative<\/a><\/li>\n<li><a href=\"https:\/\/www.ucl.ac.uk\/ioe\/about\/global-engagement\/scholarships-funding\" target=\"_blank\" rel=\"noopener\">U<\/a><\/li>\n<\/ul>\n\t\t\t\t<\/div>\n\t\t\t<\/div>\n\t\t<\/div>\n\t\t<\/div>\n<\/div>\n<\/div><\/div><\/div><\/div><\/div>","protected":false},"excerpt":{"rendered":"<p>Links de programas internacionais, embaixadas e demais meios de divulga\u00e7\u00e3o de oportunidades CAPES CNPq Funda\u00e7\u00e3o Estudar Funda\u00e7\u00e3o Lemann Instituto Ling Funda\u00e7\u00e3o Carolina Servi\u00e7o Alem\u00e3o de Interc\u00e2mbio Acad\u00eamico Funda\u00e7\u00e3o Alexander von Humboldt Funda\u00e7\u00e3o Beca Erasmus Mundus ELAP Grupo Coimbra de Universidades Brasileiras German Academic Exchange Service Pa\u00edses Austr\u00e1lia Op\u00e7\u00e3o 1 Op\u00e7\u00e3o 2 Op\u00e7\u00e3o 3 Canad\u00e1 Chile [&hellip;]<\/p>\n","protected":false},"author":928,"featured_media":0,"parent":0,"menu_order":0,"comment_status":"closed","ping_status":"closed","template":"","meta":{"footnotes":""},"class_list":["post-300","page","type-page","status-publish","hentry","post"],"jetpack_sharing_enabled":true,"_links":{"self":[{"href":"https:\/\/wp.ufpel.edu.br\/international\/wp-json\/wp\/v2\/pages\/300","targetHints":{"allow":["GET"]}}],"collection":[{"href":"https:\/\/wp.ufpel.edu.br\/international\/wp-json\/wp\/v2\/pages"}],"about":[{"href":"https:\/\/wp.ufpel.edu.br\/international\/wp-json\/wp\/v2\/types\/page"}],"author":[{"embeddable":true,"href":"https:\/\/wp.ufpel.edu.br\/international\/wp-json\/wp\/v2\/users\/928"}],"replies":[{"embeddable":true,"href":"https:\/\/wp.ufpel.edu.br\/international\/wp-json\/wp\/v2\/comments?post=300"}],"version-history":[{"count":16,"href":"https:\/\/wp.ufpel.edu.br\/international\/wp-json\/wp\/v2\/pages\/300\/revisions"}],"predecessor-version":[{"id":3229,"href":"https:\/\/wp.ufpel.edu.br\/international\/wp-json\/wp\/v2\/pages\/300\/revisions\/3229"}],"wp:attachment":[{"href":"https:\/\/wp.ufpel.edu.br\/international\/wp-json\/wp\/v2\/media?parent=300"}],"curies":[{"name":"wp","href":"https:\/\/api.w.org\/{rel}","templated":true}]}}