{"id":2390,"date":"2024-02-20T10:13:08","date_gmt":"2024-02-20T13:13:08","guid":{"rendered":"https:\/\/wp.ufpel.edu.br\/international\/?page_id=2390"},"modified":"2024-02-20T10:17:17","modified_gmt":"2024-02-20T13:17:17","slug":"informacoes-importantes","status":"publish","type":"page","link":"https:\/\/wp.ufpel.edu.br\/international\/informacoes-importantes\/","title":{"rendered":"Informa\u00e7\u00f5es importantes"},"content":{"rendered":"<ul>\n<li><a class=\"customize-unpreviewable\" href=\"https:\/\/www.gov.br\/pf\/pt-br\" target=\"_blank\" rel=\"noopener\">Passaporte.<\/a><\/li>\n<li>Visto:\u00a0verificar junto ao Consulado do pa\u00eds de destino.<\/li>\n<li>Certificado de Direito \u00e0 Assist\u00eancia M\u00e9dica \u2013 \u00a0CDAM: A Previd\u00eancia Social, por meio de conv\u00eanios internacionais, garante assist\u00eancia m\u00e9dica na rede p\u00fablica de sa\u00fade dos pa\u00edses conveniados (Cabo Verde, It\u00e1lia e Portugal). Mais informa\u00e7\u00f5es sobre o Certificado de Direito \u00e0 Assist\u00eancia M\u00e9dica (DCAM) dispon\u00edveis\u00a0<strong><a class=\"customize-unpreviewable\" href=\"https:\/\/www.gov.br\/pt-br\/servicos\/obter-certificado-de-direito-a-assistencia-medica\" target=\"_blank\" rel=\"noopener\">neste link<\/a><\/strong><\/li>\n<li>Simule o custo de vida no exterior<strong>\u00a0<a class=\"customize-unpreviewable\" href=\"https:\/\/www.numbeo.com\/cost-of-living\/\" target=\"_blank\" rel=\"noopener\">neste link<\/a><\/strong>.<\/li>\n<\/ul>\n","protected":false},"excerpt":{"rendered":"<p>Passaporte. Visto:\u00a0verificar junto ao Consulado do pa\u00eds de destino. Certificado de Direito \u00e0 Assist\u00eancia M\u00e9dica \u2013 \u00a0CDAM: A Previd\u00eancia Social, por meio de conv\u00eanios internacionais, garante assist\u00eancia m\u00e9dica na rede p\u00fablica de sa\u00fade dos pa\u00edses conveniados (Cabo Verde, It\u00e1lia e Portugal). Mais informa\u00e7\u00f5es sobre o Certificado de Direito \u00e0 Assist\u00eancia M\u00e9dica (DCAM) dispon\u00edveis\u00a0neste link Simule [&hellip;]<\/p>\n","protected":false},"author":290,"featured_media":0,"parent":0,"menu_order":0,"comment_status":"closed","ping_status":"closed","template":"","meta":{"footnotes":""},"class_list":["post-2390","page","type-page","status-publish","hentry","post"],"jetpack_sharing_enabled":true,"_links":{"self":[{"href":"https:\/\/wp.ufpel.edu.br\/international\/wp-json\/wp\/v2\/pages\/2390","targetHints":{"allow":["GET"]}}],"collection":[{"href":"https:\/\/wp.ufpel.edu.br\/international\/wp-json\/wp\/v2\/pages"}],"about":[{"href":"https:\/\/wp.ufpel.edu.br\/international\/wp-json\/wp\/v2\/types\/page"}],"author":[{"embeddable":true,"href":"https:\/\/wp.ufpel.edu.br\/international\/wp-json\/wp\/v2\/users\/290"}],"replies":[{"embeddable":true,"href":"https:\/\/wp.ufpel.edu.br\/international\/wp-json\/wp\/v2\/comments?post=2390"}],"version-history":[{"count":2,"href":"https:\/\/wp.ufpel.edu.br\/international\/wp-json\/wp\/v2\/pages\/2390\/revisions"}],"predecessor-version":[{"id":2404,"href":"https:\/\/wp.ufpel.edu.br\/international\/wp-json\/wp\/v2\/pages\/2390\/revisions\/2404"}],"wp:attachment":[{"href":"https:\/\/wp.ufpel.edu.br\/international\/wp-json\/wp\/v2\/media?parent=2390"}],"curies":[{"name":"wp","href":"https:\/\/api.w.org\/{rel}","templated":true}]}}