{"id":2388,"date":"2024-02-20T10:13:07","date_gmt":"2024-02-20T13:13:07","guid":{"rendered":"https:\/\/wp.ufpel.edu.br\/international\/?page_id=2388"},"modified":"2024-02-20T10:16:21","modified_gmt":"2024-02-20T13:16:21","slug":"mobilidade-no-exterior-com-auxilios","status":"publish","type":"page","link":"https:\/\/wp.ufpel.edu.br\/international\/mobilidade-no-exterior-com-auxilios\/","title":{"rendered":"Mobilidade no exterior com aux\u00edlios"},"content":{"rendered":"<p style=\"text-align: justify;\">A UFPel possui acordos de coopera\u00e7\u00e3o que preveem concess\u00e3o de benef\u00edcios ou aux\u00edlios.<\/p>\n<p style=\"text-align: justify;\">Todos os aux\u00edlios s\u00e3o concedidos aos alunos mediante edital de sele\u00e7\u00e3o amplamente divulgado nos meios de comunica\u00e7\u00e3o da CRInter.<\/p>\n<p style=\"text-align: justify;\">Atualmente, a UFPel possui os seguintes acordos com previs\u00e3o de aux\u00edlios:<\/p>\n<ul>\n<li>Instituto Polit\u00e9cnico de Bragan\u00e7a \u2013 Portugal, mediante edital de Mobilidade Acad\u00eamica;<\/li>\n<li>King\u2019s University College at Western University &#8211; Canad\u00e1, mediante edital ELAP;<\/li>\n<li>Sichuan University of Science and Engineering (SUSE) &#8211; China, mediante edital de Mobilidade Acad\u00eamica;<\/li>\n<li>Universidad de Ciencias Ambientales y Aplicadas \u2013 Col\u00f4mbia, mediante edital de Mobilidade Acad\u00eamica;<\/li>\n<li>Universidad Santo Tomas Villavicencio &#8211; Col\u00f4mbia, mediante edital de Mobilidade Acad\u00eamica;<\/li>\n<li>Universidade do Porto &#8211; Portugal (somente cursos do CEng e Nutri\u00e7\u00e3o), mediante edital de Mobilidade Acad\u00eamica<\/li>\n<\/ul>\n","protected":false},"excerpt":{"rendered":"<p>A UFPel possui acordos de coopera\u00e7\u00e3o que preveem concess\u00e3o de benef\u00edcios ou aux\u00edlios. Todos os aux\u00edlios s\u00e3o concedidos aos alunos mediante edital de sele\u00e7\u00e3o amplamente divulgado nos meios de comunica\u00e7\u00e3o da CRInter. Atualmente, a UFPel possui os seguintes acordos com previs\u00e3o de aux\u00edlios: Instituto Polit\u00e9cnico de Bragan\u00e7a \u2013 Portugal, mediante edital de Mobilidade Acad\u00eamica; King\u2019s [&hellip;]<\/p>\n","protected":false},"author":290,"featured_media":0,"parent":0,"menu_order":0,"comment_status":"closed","ping_status":"closed","template":"","meta":{"footnotes":""},"class_list":["post-2388","page","type-page","status-publish","hentry","post"],"jetpack_sharing_enabled":true,"_links":{"self":[{"href":"https:\/\/wp.ufpel.edu.br\/international\/wp-json\/wp\/v2\/pages\/2388","targetHints":{"allow":["GET"]}}],"collection":[{"href":"https:\/\/wp.ufpel.edu.br\/international\/wp-json\/wp\/v2\/pages"}],"about":[{"href":"https:\/\/wp.ufpel.edu.br\/international\/wp-json\/wp\/v2\/types\/page"}],"author":[{"embeddable":true,"href":"https:\/\/wp.ufpel.edu.br\/international\/wp-json\/wp\/v2\/users\/290"}],"replies":[{"embeddable":true,"href":"https:\/\/wp.ufpel.edu.br\/international\/wp-json\/wp\/v2\/comments?post=2388"}],"version-history":[{"count":3,"href":"https:\/\/wp.ufpel.edu.br\/international\/wp-json\/wp\/v2\/pages\/2388\/revisions"}],"predecessor-version":[{"id":2402,"href":"https:\/\/wp.ufpel.edu.br\/international\/wp-json\/wp\/v2\/pages\/2388\/revisions\/2402"}],"wp:attachment":[{"href":"https:\/\/wp.ufpel.edu.br\/international\/wp-json\/wp\/v2\/media?parent=2388"}],"curies":[{"name":"wp","href":"https:\/\/api.w.org\/{rel}","templated":true}]}}