{"id":2355,"date":"2024-02-01T10:30:26","date_gmt":"2024-02-01T13:30:26","guid":{"rendered":"https:\/\/wp.ufpel.edu.br\/international\/?page_id=2355"},"modified":"2024-10-07T11:12:17","modified_gmt":"2024-10-07T14:12:17","slug":"documentos","status":"publish","type":"page","link":"https:\/\/wp.ufpel.edu.br\/international\/documentos\/","title":{"rendered":"Documentos"},"content":{"rendered":"<p><a href=\"https:\/\/wp.ufpel.edu.br\/international\/files\/2024\/10\/Ficha-de-Candidatura-Plano-de-Estudos-e-Declaracao-de-Ciencia-Sobre-Despesas-Recomendamos-fazer-o-download-do-arquivo-e-preenche-lo-usando-um-leitor-de-PDF.pdf\"><strong>Ficha de Candidatura , Plano de Estudos e Declara\u00e7\u00e3o de Ci\u00eancia Sobre Despesas<\/strong> (Recomendamos fazer o download do arquivo e preench\u00ea-lo usando um leitor de PDF)<\/a><\/p>\n<p><a href=\"https:\/\/wp.ufpel.edu.br\/international\/files\/2024\/10\/ELAP-Ficha-de-Candidatura-e-Plano-de-Estudos-Recomendamos-fazer-o-download-do-arquivo-e-preenche-lo-usando-um-leitor-de-PDF.pdf\"><strong>ELAP Ficha de Candidatura e Plano de Estudos<\/strong>\u00a0(Recomendamos fazer o download do arquivo e preench\u00ea-lo usando um leitor de PDF)<\/a><\/p>\n<p><a href=\"https:\/\/wp.ufpel.edu.br\/international\/files\/2024\/10\/Contrato-de-Estudos-ESCALARecomendamos-fazer-o-download-do-arquivo-e-preenche-lo-usando-um-leitor-de-PDF.pdf\"><strong>Contrato de Estudos ESCALA<\/strong> (Recomendamos fazer o download do arquivo e preench\u00ea-lo usando um leitor de PDF)<\/a><\/p>\n<p>&nbsp;<\/p>\n<p>&nbsp;<\/p>\n<p>Sistema de Avalia\u00e7\u00e3o da UFPel: Documento importante para que a institui\u00e7\u00e3o de destino possa interpretar o modelo de hist\u00f3rico escolar emitido pela UFPel. Dispon\u00edvel em: <a href=\"https:\/\/wp.ufpel.edu.br\/crinter\/files\/2022\/03\/Resolucao-portugues.pdf\" target=\"_blank\" rel=\"noopener\"><strong>portugu\u00eas<\/strong><\/a>\u00a0e\u00a0<a href=\"https:\/\/wp.ufpel.edu.br\/crinter\/files\/2022\/03\/Resolucao-ingles.pdf\" target=\"_blank\" rel=\"noopener\"><strong>ingl\u00eas<\/strong>.<\/a><\/p>\n","protected":false},"excerpt":{"rendered":"<p>Ficha de Candidatura , Plano de Estudos e Declara\u00e7\u00e3o de Ci\u00eancia Sobre Despesas (Recomendamos fazer o download do arquivo e preench\u00ea-lo usando um leitor de PDF) ELAP Ficha de Candidatura e Plano de Estudos\u00a0(Recomendamos fazer o download do arquivo e preench\u00ea-lo usando um leitor de PDF) Contrato de Estudos ESCALA (Recomendamos fazer o download do [&hellip;]<\/p>\n","protected":false},"author":290,"featured_media":0,"parent":0,"menu_order":0,"comment_status":"closed","ping_status":"closed","template":"","meta":{"footnotes":""},"class_list":["post-2355","page","type-page","status-publish","hentry","post"],"jetpack_sharing_enabled":true,"_links":{"self":[{"href":"https:\/\/wp.ufpel.edu.br\/international\/wp-json\/wp\/v2\/pages\/2355","targetHints":{"allow":["GET"]}}],"collection":[{"href":"https:\/\/wp.ufpel.edu.br\/international\/wp-json\/wp\/v2\/pages"}],"about":[{"href":"https:\/\/wp.ufpel.edu.br\/international\/wp-json\/wp\/v2\/types\/page"}],"author":[{"embeddable":true,"href":"https:\/\/wp.ufpel.edu.br\/international\/wp-json\/wp\/v2\/users\/290"}],"replies":[{"embeddable":true,"href":"https:\/\/wp.ufpel.edu.br\/international\/wp-json\/wp\/v2\/comments?post=2355"}],"version-history":[{"count":20,"href":"https:\/\/wp.ufpel.edu.br\/international\/wp-json\/wp\/v2\/pages\/2355\/revisions"}],"predecessor-version":[{"id":2853,"href":"https:\/\/wp.ufpel.edu.br\/international\/wp-json\/wp\/v2\/pages\/2355\/revisions\/2853"}],"wp:attachment":[{"href":"https:\/\/wp.ufpel.edu.br\/international\/wp-json\/wp\/v2\/media?parent=2355"}],"curies":[{"name":"wp","href":"https:\/\/api.w.org\/{rel}","templated":true}]}}