{"id":1936,"date":"2023-09-21T09:32:01","date_gmt":"2023-09-21T12:32:01","guid":{"rendered":"https:\/\/wp.ufpel.edu.br\/international\/?page_id=1936"},"modified":"2023-09-21T09:32:01","modified_gmt":"2023-09-21T12:32:01","slug":"monitoramento-de-cooperacoes","status":"publish","type":"page","link":"https:\/\/wp.ufpel.edu.br\/international\/monitoramento-de-cooperacoes\/","title":{"rendered":"Monitoramento de Coopera\u00e7\u00f5es"},"content":{"rendered":"<div id=\"pl-1936\"  class=\"panel-layout\" ><div id=\"pg-1936-0\"  class=\"panel-grid panel-no-style\" ><div id=\"pgc-1936-0-0\"  class=\"panel-grid-cell\" ><div id=\"panel-1936-0-0-0\" class=\"so-panel widget widget_text panel-first-child\" data-index=\"0\" >\t\t\t<div class=\"textwidget\"><div>O monitoramento de coopera\u00e7\u00f5es visa identificar os resultados dos acordos firmados entre a UFPel e institui\u00e7\u00f5es estrangeiras, possibilitando a avalia\u00e7\u00e3o durante e ap\u00f3s a vig\u00eancia da parceria.<\/div>\n<div><\/div>\n<div><\/div>\n<div>O \u00faltimo levantamento de dados, realizado em 14\/08\/2023, teve foco em acordos encerrados em 2023, al\u00e9m das parcerias que, firmadas em 2020, encontram-se na metade da vig\u00eancia. A seguir voc\u00ea pode visualizar os resultados da coleta de dados.<\/div>\n<\/div>\n\t\t<\/div><div id=\"panel-1936-0-0-1\" class=\"so-panel widget widget_sow-accordion panel-last-child\" data-index=\"1\" ><div\n\t\t\t\n\t\t\tclass=\"so-widget-sow-accordion so-widget-sow-accordion-default-2b55ed2807e6-1936\"\n\t\t\t\n\t\t><div>\n\t<div class=\"sow-accordion\">\n\t\t\t<div class=\"sow-accordion-panel\n\t\t\t\t\"\n\t\t\tdata-anchor-id=\"acordos-encerrados-em-2023\">\n\t\t\t\t<div class=\"sow-accordion-panel-header-container\" role=\"heading\" aria-level=\"2\">\n\t\t\t\t\t<div class=\"sow-accordion-panel-header\" tabindex=\"0\" role=\"button\" id=\"accordion-label-acordos-encerrados-em-2023\" aria-controls=\"accordion-content-acordos-encerrados-em-2023\" aria-expanded=\"false\">\n\t\t\t\t\t\t<div class=\"sow-accordion-title sow-accordion-title-icon-left\">\n\t\t\t\t\t\t\t\t\t\t\t\t\t\tAcordos encerrados em 2023\t\t\t\t\t\t\t\t\t\t\t\t\t<\/div>\n\t\t\t\t\t\t<div class=\"sow-accordion-open-close-button\">\n\t\t\t\t\t\t\t<div class=\"sow-accordion-open-button\">\n\t\t\t\t\t\t\t\t<span class=\"sow-icon-ionicons\" data-sow-icon=\"&#xf218;\"\n\t\t \n\t\taria-hidden=\"true\"><\/span>\t\t\t\t\t\t\t<\/div>\n\t\t\t\t\t\t\t<div class=\"sow-accordion-close-button\">\n\t\t\t\t\t\t\t\t<span class=\"sow-icon-ionicons\" data-sow-icon=\"&#xf209;\"\n\t\t \n\t\taria-hidden=\"true\"><\/span>\t\t\t\t\t\t\t<\/div>\n\t\t\t\t\t\t<\/div>\n\t\t\t\t\t<\/div>\n\t\t\t\t<\/div>\n\n\t\t\t<div\n\t\t\t\tclass=\"sow-accordion-panel-content\"\n\t\t\t\trole=\"region\"\n\t\t\t\taria-labelledby=\"accordion-label-acordos-encerrados-em-2023\"\n\t\t\t\tid=\"accordion-content-acordos-encerrados-em-2023\"\n\t\t\t\tstyle=\"display: none;\"\t\t\t>\n\t\t\t\t<div class=\"sow-accordion-panel-border\">\n\t\t\t\t\t<p>Os dados apresentados resultaram do levantamento referente a seis acordos cuja vig\u00eancia expirou ou expira em 2023.<\/p>\n<p>Dos acordos, resultaram 41 atividades acad\u00eamicas, as quais foram realizadas nas categorias de projetos de ensino, pesquisa, extens\u00e3o e mobilidade acad\u00eamica, como \u00e9 poss\u00edvel observar no gr\u00e1fico abaixo.<\/p>\n<p><iframe loading=\"lazy\" src=\"https:\/\/docs.google.com\/spreadsheets\/d\/e\/2PACX-1vRmU2yeZR021q5yIN-mGviXieVBpmvlxRLbR5fb96Dn6HxD1zvfQkePic17LsFAeQqxXNPjBXhr-sLA\/pubchart?oid=322253914&amp;format=interactive\" width=\"503\" height=\"316\" frameborder=\"0\" scrolling=\"no\" seamless=\"\" data-mce-fragment=\"1\"><\/iframe><\/p>\n<p>Entre os acordos, todos contemplaram a realiza\u00e7\u00e3o de atividades em parceria. Dois realizaram atividades de ensino, seis desenvolveram atividades de pesquisa, dois implementaram projetos de extens\u00e3o e tr\u00eas, mobilidades acad\u00eamicas internacionais.<\/p>\n<p><iframe loading=\"lazy\" src=\"https:\/\/docs.google.com\/spreadsheets\/d\/e\/2PACX-1vRmU2yeZR021q5yIN-mGviXieVBpmvlxRLbR5fb96Dn6HxD1zvfQkePic17LsFAeQqxXNPjBXhr-sLA\/pubchart?oid=1877067951&amp;format=interactive\" width=\"507\" height=\"316\" frameborder=\"0\" scrolling=\"no\" seamless=\"\"><\/iframe><\/p>\n<p>A fim de gerar uma compreens\u00e3o mais precisa sobre os resultados coletivos e individuais das parcerias institucionais monitoradas, o levantamento mapeou o n\u00famero de atividades realizadas por acordos. O resultado foi o m\u00ednimo de uma atividade, enquanto o m\u00e1ximo foi de 17 atividades realizadas por acordo firmado.<\/p>\n<p><iframe loading=\"lazy\" src=\"https:\/\/docs.google.com\/spreadsheets\/d\/e\/2PACX-1vRmU2yeZR021q5yIN-mGviXieVBpmvlxRLbR5fb96Dn6HxD1zvfQkePic17LsFAeQqxXNPjBXhr-sLA\/pubchart?oid=1251315689&amp;format=interactive\" width=\"503\" height=\"309\" frameborder=\"0\" scrolling=\"no\" seamless=\"\"><\/iframe><\/p>\n<p>Por fim, as avalia\u00e7\u00f5es dos acordos, indicadas por docentes respons\u00e1veis pela media\u00e7\u00e3o da coopera\u00e7\u00e3o entre UFPel e institui\u00e7\u00e3o estrangeira, foram majoritariamente positivas. Entre as considera\u00e7\u00f5es, um ponto negativo foi a respeito da parceria realizada em que, em seguida do acordo firmado, a gest\u00e3o da universidade p\u00fablica sofreu transi\u00e7\u00e3o para a gest\u00e3o privada, alterando os focos de parcerias da institui\u00e7\u00e3o. A seguir, pode-se observar as avalia\u00e7\u00f5es no gr\u00e1fico.<\/p>\n<p><iframe loading=\"lazy\" src=\"https:\/\/docs.google.com\/spreadsheets\/d\/e\/2PACX-1vRmU2yeZR021q5yIN-mGviXieVBpmvlxRLbR5fb96Dn6HxD1zvfQkePic17LsFAeQqxXNPjBXhr-sLA\/pubchart?oid=181691388&amp;format=interactive\" width=\"507\" height=\"309\" frameborder=\"0\" scrolling=\"no\" seamless=\"\"><\/iframe><\/p>\n\t\t\t\t<\/div>\n\t\t\t<\/div>\n\t\t<\/div>\n\t\t\t<div class=\"sow-accordion-panel\n\t\t\t\t\"\n\t\t\tdata-anchor-id=\"acordos-com-vigencia-ate-2025\">\n\t\t\t\t<div class=\"sow-accordion-panel-header-container\" role=\"heading\" aria-level=\"2\">\n\t\t\t\t\t<div class=\"sow-accordion-panel-header\" tabindex=\"0\" role=\"button\" id=\"accordion-label-acordos-com-vig%c3%aancia-at%c3%a9-2025\" aria-controls=\"accordion-content-acordos-com-vig%c3%aancia-at%c3%a9-2025\" aria-expanded=\"false\">\n\t\t\t\t\t\t<div class=\"sow-accordion-title sow-accordion-title-icon-left\">\n\t\t\t\t\t\t\t\t\t\t\t\t\t\tAcordos com vig\u00eancia at\u00e9 2025\t\t\t\t\t\t\t\t\t\t\t\t\t<\/div>\n\t\t\t\t\t\t<div class=\"sow-accordion-open-close-button\">\n\t\t\t\t\t\t\t<div class=\"sow-accordion-open-button\">\n\t\t\t\t\t\t\t\t<span class=\"sow-icon-ionicons\" data-sow-icon=\"&#xf218;\"\n\t\t \n\t\taria-hidden=\"true\"><\/span>\t\t\t\t\t\t\t<\/div>\n\t\t\t\t\t\t\t<div class=\"sow-accordion-close-button\">\n\t\t\t\t\t\t\t\t<span class=\"sow-icon-ionicons\" data-sow-icon=\"&#xf209;\"\n\t\t \n\t\taria-hidden=\"true\"><\/span>\t\t\t\t\t\t\t<\/div>\n\t\t\t\t\t\t<\/div>\n\t\t\t\t\t<\/div>\n\t\t\t\t<\/div>\n\n\t\t\t<div\n\t\t\t\tclass=\"sow-accordion-panel-content\"\n\t\t\t\trole=\"region\"\n\t\t\t\taria-labelledby=\"accordion-label-acordos-com-vig%c3%aancia-at%c3%a9-2025\"\n\t\t\t\tid=\"accordion-content-acordos-com-vig%c3%aancia-at%c3%a9-2025\"\n\t\t\t\tstyle=\"display: none;\"\t\t\t>\n\t\t\t\t<div class=\"sow-accordion-panel-border\">\n\t\t\t\t\t<p>Os dados apresentados a seguir resultaram do levantamento referente a dois acordos cuja vig\u00eancia expira em 2025, estando na metade do per\u00edodo de vig\u00eancia.<\/p>\n<p>At\u00e9 a data da coleta de dados, as parcerias resultaram em cinco atividades acad\u00eamicas. Oito a\u00e7\u00f5es foram realizadas entre categorias de projetos de ensino, pesquisa, extens\u00e3o e mobilidade acad\u00eamica, conforme observa-se no gr\u00e1fico abaixo.<\/p>\n<p><iframe loading=\"lazy\" src=\"https:\/\/docs.google.com\/spreadsheets\/d\/e\/2PACX-1vRmU2yeZR021q5yIN-mGviXieVBpmvlxRLbR5fb96Dn6HxD1zvfQkePic17LsFAeQqxXNPjBXhr-sLA\/pubchart?oid=427965192&amp;format=interactive\" width=\"503\" height=\"316\" frameborder=\"0\" scrolling=\"no\" seamless=\"\"><\/iframe><\/p>\n<p>Entre os acordos, todos contemplaram a realiza\u00e7\u00e3o de atividades em parceria. Ambos realizaram atividades de ensino e pesquisa e um realizou mobilidades acad\u00eamicas internacionais. Nenhuma atividade de extens\u00e3o foi realizada.<\/p>\n<p>&nbsp;<\/p>\n<p><iframe loading=\"lazy\" src=\"https:\/\/docs.google.com\/spreadsheets\/d\/e\/2PACX-1vRmU2yeZR021q5yIN-mGviXieVBpmvlxRLbR5fb96Dn6HxD1zvfQkePic17LsFAeQqxXNPjBXhr-sLA\/pubchart?oid=1838679533&amp;format=interactive\" width=\"507\" height=\"316\" frameborder=\"0\" scrolling=\"no\" seamless=\"\"><\/iframe><\/p>\n<p>&nbsp;<\/p>\n<p>A fim de gerar uma compreens\u00e3o mais precisa sobre os resultados coletivos e individuais das parcerias institucionais monitoradas, o levantamento mapeou o n\u00famero de atividades realizadas por acordos. O resultado foi o m\u00ednimo de duas, enquanto o m\u00e1ximo foi de tr\u00eas atividades realizadas por acordo firmado.<\/p>\n<p><iframe loading=\"lazy\" src=\"https:\/\/docs.google.com\/spreadsheets\/d\/e\/2PACX-1vRmU2yeZR021q5yIN-mGviXieVBpmvlxRLbR5fb96Dn6HxD1zvfQkePic17LsFAeQqxXNPjBXhr-sLA\/pubchart?oid=1559852557&amp;format=interactive\" width=\"503\" height=\"316\" frameborder=\"0\" scrolling=\"no\" seamless=\"\"><\/iframe><\/p>\n<p>&nbsp;<\/p>\n<p>Por fim, as avalia\u00e7\u00f5es das coopera\u00e7\u00f5es, indicadas por docentes respons\u00e1veis pela media\u00e7\u00e3o da parceria entre UFPel e institui\u00e7\u00e3o estrangeira, foram positivas. Entre as considera\u00e7\u00f5es, constam a realiza\u00e7\u00e3o das atividades previstas no acordo, assim como tamb\u00e9m a satisfa\u00e7\u00e3o pela integra\u00e7\u00e3o conjunta com mais universidades parceiras no \u00e2mbito das atividades de coopera\u00e7\u00e3o.<\/p>\n<p><iframe loading=\"lazy\" src=\"https:\/\/docs.google.com\/spreadsheets\/d\/e\/2PACX-1vRmU2yeZR021q5yIN-mGviXieVBpmvlxRLbR5fb96Dn6HxD1zvfQkePic17LsFAeQqxXNPjBXhr-sLA\/pubchart?oid=1729186072&amp;format=interactive\" width=\"507\" height=\"316\" frameborder=\"0\" scrolling=\"no\" seamless=\"\"><\/iframe><\/p>\n\t\t\t\t<\/div>\n\t\t\t<\/div>\n\t\t<\/div>\n\t\t<\/div>\n<\/div>\n<\/div><\/div><\/div><\/div><\/div>","protected":false},"excerpt":{"rendered":"<p>O monitoramento de coopera\u00e7\u00f5es visa identificar os resultados dos acordos firmados entre a UFPel e institui\u00e7\u00f5es estrangeiras, possibilitando a avalia\u00e7\u00e3o durante e ap\u00f3s a vig\u00eancia da parceria. O \u00faltimo levantamento de dados, realizado em 14\/08\/2023, teve foco em acordos encerrados em 2023, al\u00e9m das parcerias que, firmadas em 2020, encontram-se na metade da vig\u00eancia. A [&hellip;]<\/p>\n","protected":false},"author":290,"featured_media":0,"parent":0,"menu_order":0,"comment_status":"closed","ping_status":"closed","template":"","meta":{"footnotes":""},"class_list":["post-1936","page","type-page","status-publish","hentry","post"],"jetpack_sharing_enabled":true,"_links":{"self":[{"href":"https:\/\/wp.ufpel.edu.br\/international\/wp-json\/wp\/v2\/pages\/1936","targetHints":{"allow":["GET"]}}],"collection":[{"href":"https:\/\/wp.ufpel.edu.br\/international\/wp-json\/wp\/v2\/pages"}],"about":[{"href":"https:\/\/wp.ufpel.edu.br\/international\/wp-json\/wp\/v2\/types\/page"}],"author":[{"embeddable":true,"href":"https:\/\/wp.ufpel.edu.br\/international\/wp-json\/wp\/v2\/users\/290"}],"replies":[{"embeddable":true,"href":"https:\/\/wp.ufpel.edu.br\/international\/wp-json\/wp\/v2\/comments?post=1936"}],"version-history":[{"count":75,"href":"https:\/\/wp.ufpel.edu.br\/international\/wp-json\/wp\/v2\/pages\/1936\/revisions"}],"predecessor-version":[{"id":2127,"href":"https:\/\/wp.ufpel.edu.br\/international\/wp-json\/wp\/v2\/pages\/1936\/revisions\/2127"}],"wp:attachment":[{"href":"https:\/\/wp.ufpel.edu.br\/international\/wp-json\/wp\/v2\/media?parent=1936"}],"curies":[{"name":"wp","href":"https:\/\/api.w.org\/{rel}","templated":true}]}}