{"id":11,"date":"2012-11-12T10:43:34","date_gmt":"2012-11-12T12:43:34","guid":{"rendered":"https:\/\/wp.ufpel.edu.br\/integradafat\/?page_id=11"},"modified":"2012-11-19T10:07:01","modified_gmt":"2012-11-19T12:07:01","slug":"programacao-da-semana-academica-da-fatufpel","status":"publish","type":"page","link":"https:\/\/wp.ufpel.edu.br\/integradafat\/programacao-da-semana-academica-da-fatufpel\/","title":{"rendered":"Programa\u00e7\u00e3o"},"content":{"rendered":"<p><span style=\"text-decoration: underline\">Dia 19 de novembro de 2012<\/span><\/p>\n<p><strong>HORA:<\/strong> 15h<\/p>\n<p><strong>LOCAL:<\/strong> Pr\u00e9dio do Mercosul (Andrade Neves esq. Lobo da Costa).<\/p>\n<p><strong>EVENTO:<\/strong> Palestra Internacional com a Prof. Vera de Hesselle, Prof. Dr. Internacionaler Studiengang da Alemanha.<\/p>\n<p>&nbsp;<\/p>\n<p>&nbsp;<\/p>\n<p><span style=\"text-decoration: underline\">Dia 19 de novembro de 2012<\/span><\/p>\n<p><strong>HORA:<\/strong> 19h \u00e0s 21h<\/p>\n<p><strong>LOCAL:<\/strong> Bibliotheca P\u00fablica Pelotense (Pra\u00e7a Coronel Pedro Os\u00f3rio, 103).<\/p>\n<p><strong>EVENTO:<\/strong> Abertura Oficial com Coquetel e Homenagem da comiss\u00e3o organizadora do evento.<\/p>\n<p>&nbsp;<\/p>\n<p><span style=\"text-decoration: underline\">Dia 20 de novembro de 2012<\/span><\/p>\n<p><strong>HORA:<\/strong> 14h \u00e0s 18h<\/p>\n<p><strong>LOCAL:<\/strong> Pr\u00e9dio do Mercosul (Andrade Neves esq. Lobo da Costa).<\/p>\n<p><strong>MINI-CURSO 1: <\/strong>Incubadora Ucpel \/ Tecsol<\/p>\n<p><strong>MINICURSO 2:<\/strong> Gest\u00e3o Da Seguran\u00e7a E Sa\u00fade No Trabalho e nas Organiza\u00e7\u00f5es com M\u00e1rcio Mota &#8211; T\u00e9cnico Em Seguran\u00e7a Do Trabalho.<\/p>\n<p>&nbsp;<\/p>\n<p><span style=\"text-decoration: underline\">Dia 20 de novembro de 2012<\/span><\/p>\n<p><strong>HORA:<\/strong> 19h \u00e0s 21h<\/p>\n<p><strong>LOCAL:<\/strong> Audit\u00f3rio do IF-Sul-rio-grandense (Pra\u00e7a Vinte de Setembro, 455)<\/p>\n<p><strong>EVENTO:<\/strong> Mesa Tem\u00e1tica sobre Desenvolvimento Regional com Maximilianus Pinent (Diretor de Qualifica\u00e7\u00e3o de Servi\u00e7os Tur\u00edsticos da SETUR-RS), R\u00e9gis Pinto e Silva (Delegado Administrador do CRA-RS) e Jussara Argoud (Gestora de Turismo do SEBRAE-RS).<\/p>\n<p>&nbsp;<\/p>\n<p><span style=\"text-decoration: underline\">Dia 21 de novembro de 2012<\/span><\/p>\n<p><strong>HORA:<\/strong> 19h \u00e0s 21h<\/p>\n<p><strong>LOCAL:<\/strong> Audit\u00f3rio do IF-Sul-rio-grandense (Pra\u00e7a Vinte de Setembro, 455)<\/p>\n<p><strong>EVENTO:<\/strong> Mesa Tem\u00e1tica sobre Desenvolvimento Econ\u00f4mico e Social com Clenio Nailto Pillon (Chefe da Embrapa Clima Temperado), Darci Ferreira (Superintendente de Economia Popular da SDET-Pelotas) e Andyara Viana (Professora da FAT\/UFPel).<\/p>\n<p><span style=\"text-decoration: underline\"><br \/>\n<\/span><\/p>\n<p><span style=\"text-decoration: underline\">Dia 22 de novembro de 2012<\/span><\/p>\n<p><strong>HORA:<\/strong> 14h \u00e0s 18h<\/p>\n<p><strong>LOCAL:<\/strong> Pr\u00e9dio do Mercosul (Andrade Neves esq. Lobo da Costa).<\/p>\n<p><strong>MINI-CURSO 1:<\/strong> \u201cLicita\u00e7\u00f5es e Preg\u00f5es\u201d com Roberto Costa e Ricardo Peter (CPL\/UFPel).<\/p>\n<p>PAINEL DE RESULTADOS: Cases de sucesso de empresas da regi\u00e3o.<\/p>\n<p>&nbsp;<\/p>\n<p><span style=\"text-decoration: underline\">Dia 22 de novembro de 2012<\/span><\/p>\n<p><strong>HORA:<\/strong> 19h \u00e0s 21h<\/p>\n<p><strong>LOCAL:<\/strong> Audit\u00f3rio do IF-Sul-rio-grandense (Pra\u00e7a Vinte de Setembro, 455)<\/p>\n<p><strong>EVENTO:<\/strong> Mesa Tem\u00e1tica sobre Desenvolvimento de Mercado e Sociedade com Ronaldo Gerundo (Secret\u00e1rio de Turismo, Esporte e Lazer de Rio Grande), Josenildo Alves (Polo Naval \/ Petrobras) e Fernando Estima (Feira do P\u00f3lo Naval \/ Bolsa Continental de Mercadorias).<\/p>\n","protected":false},"excerpt":{"rendered":"<p>Dia 19 de novembro de 2012 HORA: 15h LOCAL: Pr\u00e9dio do Mercosul (Andrade Neves esq. Lobo da Costa). EVENTO: Palestra Internacional com a Prof. Vera de Hesselle, Prof. Dr. Internacionaler Studiengang da Alemanha. &nbsp; &nbsp; Dia 19 de novembro de 2012 HORA: 19h \u00e0s 21h LOCAL: Bibliotheca P\u00fablica Pelotense (Pra\u00e7a Coronel Pedro Os\u00f3rio, 103). EVENTO: [&hellip;]<\/p>\n","protected":false},"author":226,"featured_media":0,"parent":0,"menu_order":0,"comment_status":"closed","ping_status":"closed","template":"","meta":{"footnotes":""},"class_list":["post-11","page","type-page","status-publish","hentry"],"_links":{"self":[{"href":"https:\/\/wp.ufpel.edu.br\/integradafat\/wp-json\/wp\/v2\/pages\/11","targetHints":{"allow":["GET"]}}],"collection":[{"href":"https:\/\/wp.ufpel.edu.br\/integradafat\/wp-json\/wp\/v2\/pages"}],"about":[{"href":"https:\/\/wp.ufpel.edu.br\/integradafat\/wp-json\/wp\/v2\/types\/page"}],"author":[{"embeddable":true,"href":"https:\/\/wp.ufpel.edu.br\/integradafat\/wp-json\/wp\/v2\/users\/226"}],"replies":[{"embeddable":true,"href":"https:\/\/wp.ufpel.edu.br\/integradafat\/wp-json\/wp\/v2\/comments?post=11"}],"version-history":[{"count":6,"href":"https:\/\/wp.ufpel.edu.br\/integradafat\/wp-json\/wp\/v2\/pages\/11\/revisions"}],"predecessor-version":[{"id":14,"href":"https:\/\/wp.ufpel.edu.br\/integradafat\/wp-json\/wp\/v2\/pages\/11\/revisions\/14"}],"wp:attachment":[{"href":"https:\/\/wp.ufpel.edu.br\/integradafat\/wp-json\/wp\/v2\/media?parent=11"}],"curies":[{"name":"wp","href":"https:\/\/api.w.org\/{rel}","templated":true}]}}