{"id":45,"date":"2013-08-22T15:48:42","date_gmt":"2013-08-22T18:48:42","guid":{"rendered":"https:\/\/wp.ufpel.edu.br\/integracaometabolica\/?page_id=45"},"modified":"2020-03-10T13:08:07","modified_gmt":"2020-03-10T16:08:07","slug":"turma-2020-1-notas","status":"publish","type":"page","link":"https:\/\/wp.ufpel.edu.br\/integracaometabolica\/turma-2020-1-notas\/","title":{"rendered":"Turma 2020-1"},"content":{"rendered":"<p>Bem vindos!<\/p>\n<p><a href=\"https:\/\/wp.ufpel.edu.br\/integracaometabolica\/files\/2013\/08\/professor.jpeg\"><img loading=\"lazy\" decoding=\"async\" class=\"alignnone size-full wp-image-53\" src=\"https:\/\/wp.ufpel.edu.br\/integracaometabolica\/files\/2013\/08\/professor.jpeg\" alt=\"professor\" width=\"239\" height=\"211\" \/><\/a> \u00a0 \u00a0 \u00a0 \u00a0 \u00a0 \u00a0Vejam aqui Plano de ensino IM 2020-1<\/p>\n<p>&nbsp;<\/p>\n<p>&nbsp;<\/p>\n<table width=\"230\">\n<tbody>\n<tr>\n<td colspan=\"2\" width=\"230\">PESOS AVALIA\u00c7\u00d5ES<\/td>\n<\/tr>\n<tr>\n<td><\/td>\n<td>Peso<\/td>\n<\/tr>\n<tr>\n<td>Trabalhos (question\u00e1rios)<\/td>\n<td>1<\/td>\n<\/tr>\n<tr>\n<td>Semin\u00e1rios<\/td>\n<td>2<\/td>\n<\/tr>\n<tr>\n<td>PROVA 1<\/td>\n<td>1<\/td>\n<\/tr>\n<tr>\n<td>PROVA 2<\/td>\n<td>1<\/td>\n<\/tr>\n<tr>\n<td>PROVA 3<\/td>\n<td>2<\/td>\n<\/tr>\n<tr>\n<td>PROVA 4<\/td>\n<td>3<\/td>\n<\/tr>\n<tr>\n<td><\/td>\n<td><\/td>\n<\/tr>\n<tr>\n<td>Total<\/td>\n<td>10<\/td>\n<\/tr>\n<tr>\n<td><\/td>\n<td><\/td>\n<\/tr>\n<tr>\n<td><\/td>\n<td><\/td>\n<\/tr>\n<tr>\n<td><\/td>\n<td><\/td>\n<\/tr>\n<tr>\n<td><\/td>\n<td><\/td>\n<\/tr>\n<tr>\n<td><\/td>\n<td><\/td>\n<\/tr>\n<\/tbody>\n<\/table>\n<p>Lista de artigos para Semin\u00e1rios:\u00a0 \u00a0 \u00a0 \u00a0 \u00a0 \u00a0 \u00a0 \u00a0 \u00a0 \u00a0 \u00a0 \u00a0 \u00a0 \u00a0 <a href=\"https:\/\/wp.ufpel.edu.br\/integracaometabolica\/files\/2019\/05\/Instruc\u0327o\u0303es-para-semina\u0301rios.docx\">Instruc\u0327o\u0303es para semina\u0301rios<\/a><\/p>\n<p>FOOD ADDICTION (11\/06\/19)<\/p>\n<p>1 Insulin signaling and addiction<\/p>\n<p>2 Food Addiction, High-Glycemic-Index Carbohydrates, and Obesity (SELECIONADO)<\/p>\n<p>3 Impact of Brain Insulin Signaling on Dopamine Function, Food Intake, Reward, and Emotional Behavior (SELECIONADO)<\/p>\n<p>&nbsp;<\/p>\n<p>LOW-CARB and KETOGENIC DIET (18\/06\/19)<\/p>\n<p>1 Dietary carbohydrate intake and mortality: a prospective cohort study and meta-analysis (SELECIONADO)<\/p>\n<p>2 Long term effects of ketogenic diet in obese subjects with high cholesterol level (SELECIONADO)<\/p>\n<p>3 Ketogenic Diet for Obesity- Friend or Foe?<\/p>\n<p>TRATAMENTO de OBESIDADE (25\/06\/19)<\/p>\n<p><a href=\"https:\/\/wp.ufpel.edu.br\/integracaometabolica\/files\/2019\/06\/2013-AHAACCTOS-Guideline-for-the-Management-of-Overweight-and-Obesity-in-Adults.pdf\">1\u00a0 AHA:ACC:TOS Guideline for the Management of Overweight and Obesity in Adults<\/a><\/p>\n<p><a href=\"https:\/\/wp.ufpel.edu.br\/integracaometabolica\/files\/2019\/06\/European-Guidelines-for-Obesity-Management-in-Adults.pdf\">2 European Guidelines for Obesity Management in Adults<\/a><\/p>\n<p><a href=\"https:\/\/wp.ufpel.edu.br\/integracaometabolica\/files\/2019\/06\/Latest-approaches-for-the-treatment-of-obesity.pdf\">3 Latest approaches for the treatment of obesity<\/a><\/p>\n<p>&nbsp;<\/p>\n<p>&nbsp;<\/p>\n<p><a href=\"https:\/\/wp.ufpel.edu.br\/integracaometabolica\/files\/2019\/06\/Dados-para-aula-Bioestati\u0301stica.xlsx\">Dados para aula Bioestati\u0301stica<\/a><\/p>\n<p>&nbsp;<\/p>\n<p>&nbsp;<\/p>\n","protected":false},"excerpt":{"rendered":"<p>Bem vindos! \u00a0 \u00a0 \u00a0 \u00a0 \u00a0 \u00a0Vejam aqui Plano de ensino IM 2020-1 &nbsp; &nbsp; PESOS AVALIA\u00c7\u00d5ES Peso Trabalhos (question\u00e1rios) 1 Semin\u00e1rios 2 PROVA 1 1 PROVA 2 1 PROVA 3 2 PROVA 4 3 Total 10 Lista de &hellip; <a href=\"https:\/\/wp.ufpel.edu.br\/integracaometabolica\/turma-2020-1-notas\/\">Continue lendo <span class=\"meta-nav\">&rarr;<\/span><\/a><\/p>\n","protected":false},"author":274,"featured_media":0,"parent":0,"menu_order":0,"comment_status":"closed","ping_status":"closed","template":"","meta":{"footnotes":""},"class_list":["post-45","page","type-page","status-publish","hentry"],"_links":{"self":[{"href":"https:\/\/wp.ufpel.edu.br\/integracaometabolica\/wp-json\/wp\/v2\/pages\/45","targetHints":{"allow":["GET"]}}],"collection":[{"href":"https:\/\/wp.ufpel.edu.br\/integracaometabolica\/wp-json\/wp\/v2\/pages"}],"about":[{"href":"https:\/\/wp.ufpel.edu.br\/integracaometabolica\/wp-json\/wp\/v2\/types\/page"}],"author":[{"embeddable":true,"href":"https:\/\/wp.ufpel.edu.br\/integracaometabolica\/wp-json\/wp\/v2\/users\/274"}],"replies":[{"embeddable":true,"href":"https:\/\/wp.ufpel.edu.br\/integracaometabolica\/wp-json\/wp\/v2\/comments?post=45"}],"version-history":[{"count":34,"href":"https:\/\/wp.ufpel.edu.br\/integracaometabolica\/wp-json\/wp\/v2\/pages\/45\/revisions"}],"predecessor-version":[{"id":172,"href":"https:\/\/wp.ufpel.edu.br\/integracaometabolica\/wp-json\/wp\/v2\/pages\/45\/revisions\/172"}],"wp:attachment":[{"href":"https:\/\/wp.ufpel.edu.br\/integracaometabolica\/wp-json\/wp\/v2\/media?parent=45"}],"curies":[{"name":"wp","href":"https:\/\/api.w.org\/{rel}","templated":true}]}}