{"id":27,"date":"2013-06-03T15:45:39","date_gmt":"2013-06-03T18:45:39","guid":{"rendered":"https:\/\/wp.ufpel.edu.br\/integracaometabolica\/?page_id=27"},"modified":"2017-04-26T09:13:18","modified_gmt":"2017-04-26T12:13:18","slug":"contato","status":"publish","type":"page","link":"https:\/\/wp.ufpel.edu.br\/integracaometabolica\/contato\/","title":{"rendered":"Contato"},"content":{"rendered":"<div id=\"yui_3_7_2_1_1370280718130_13896\"><strong>Carlos Barros<\/strong><\/div>\n<div><a href=\"http:\/\/lattes.cnpq.br\/7429609548804288\">CV Lattes<\/a><\/div>\n<div id=\"yui_3_7_2_1_1370280718130_14100\">Prof. Dr. Universidade Federal de Pelotas -UFPel<\/div>\n<div id=\"yui_3_7_2_1_1370280718130_14126\">Faculdade de Nutri\u00e7\u00e3o<\/div>\n<div>Laborat\u00f3rio de Nutrigen\u00f4mica e Metabologia<\/div>\n<div id=\"yui_3_7_2_1_1370280718130_14128\">R. Gomes Carneiro n\u00ba 01 &#8211; Pelotas &#8211; RS<\/div>\n<div>Sala 239<\/div>\n<div id=\"yui_3_7_2_1_1370280718130_14101\">CEP 96010-610<\/div>\n<div id=\"yui_3_7_2_1_1370280718130_14115\">E-mail barrosccpel@gmail.com<\/div>\n","protected":false},"excerpt":{"rendered":"<p>Carlos Barros CV Lattes Prof. Dr. Universidade Federal de Pelotas -UFPel Faculdade de Nutri\u00e7\u00e3o Laborat\u00f3rio de Nutrigen\u00f4mica e Metabologia R. Gomes Carneiro n\u00ba 01 &#8211; Pelotas &#8211; RS Sala 239 CEP 96010-610 E-mail barrosccpel@gmail.com<\/p>\n","protected":false},"author":274,"featured_media":0,"parent":0,"menu_order":0,"comment_status":"closed","ping_status":"closed","template":"","meta":{"footnotes":""},"class_list":["post-27","page","type-page","status-publish","hentry"],"_links":{"self":[{"href":"https:\/\/wp.ufpel.edu.br\/integracaometabolica\/wp-json\/wp\/v2\/pages\/27","targetHints":{"allow":["GET"]}}],"collection":[{"href":"https:\/\/wp.ufpel.edu.br\/integracaometabolica\/wp-json\/wp\/v2\/pages"}],"about":[{"href":"https:\/\/wp.ufpel.edu.br\/integracaometabolica\/wp-json\/wp\/v2\/types\/page"}],"author":[{"embeddable":true,"href":"https:\/\/wp.ufpel.edu.br\/integracaometabolica\/wp-json\/wp\/v2\/users\/274"}],"replies":[{"embeddable":true,"href":"https:\/\/wp.ufpel.edu.br\/integracaometabolica\/wp-json\/wp\/v2\/comments?post=27"}],"version-history":[{"count":4,"href":"https:\/\/wp.ufpel.edu.br\/integracaometabolica\/wp-json\/wp\/v2\/pages\/27\/revisions"}],"predecessor-version":[{"id":68,"href":"https:\/\/wp.ufpel.edu.br\/integracaometabolica\/wp-json\/wp\/v2\/pages\/27\/revisions\/68"}],"wp:attachment":[{"href":"https:\/\/wp.ufpel.edu.br\/integracaometabolica\/wp-json\/wp\/v2\/media?parent=27"}],"curies":[{"name":"wp","href":"https:\/\/api.w.org\/{rel}","templated":true}]}}