{"id":2,"date":"2013-05-28T14:21:50","date_gmt":"2013-05-28T14:21:50","guid":{"rendered":"https:\/\/wp.ufpel.edu.br\/integracaometabolica\/?page_id=2"},"modified":"2019-07-01T09:44:07","modified_gmt":"2019-07-01T12:44:07","slug":"aulas","status":"publish","type":"page","link":"https:\/\/wp.ufpel.edu.br\/integracaometabolica\/aulas\/","title":{"rendered":"Aulas"},"content":{"rendered":"<p><a href=\"https:\/\/wp.ufpel.edu.br\/integracaometabolica\/files\/2018\/04\/IM-aula-1-Carboidratos.pdf\">Aula 1: Mol\u00e9culas Biol\u00f3gicas e Carboidratos<\/a><\/p>\n<p><a href=\"https:\/\/wp.ufpel.edu.br\/integracaometabolica\/files\/2018\/04\/IM-aula-2-Proteinas.pdf\">Aula 2: Bioqu\u00edmica B\u00e1sica de Prote\u00ednas<\/a><\/p>\n<p><a href=\"https:\/\/wp.ufpel.edu.br\/integracaometabolica\/files\/2018\/04\/IM-aula-3-Lipi\u0301deos.pdf\">Aula 3: Bioqu\u00edmica B\u00e1sica de Lip\u00eddeos<\/a><\/p>\n<p>Links: <a href=\"http:\/\/www.youtube.com\/watch?v=_qf_r5EVP6U\">Carboidratos<\/a>\u00a0&#8211;\u00a0<a href=\"http:\/\/www.youtube.com\/watch?v=w-ctkPUUpUc\">Prote\u00ednas<\/a>\u00a0&#8211; <a href=\"http:\/\/www.youtube.com\/watch?v=3xF_LK9pnL0\">Lip\u00eddeos<\/a><a title=\"Carboidratos\" href=\"http:\/\/www.youtube.com\/watch?v=_qf_r5EVP6U\"><br \/>\n<\/a><\/p>\n<p><a href=\"https:\/\/wp.ufpel.edu.br\/integracaometabolica\/files\/2018\/04\/IM-aula-4-Estrutura-DNA.pdf\">Aula 4: Estrutura do DNA<\/a><\/p>\n<p><a href=\"https:\/\/wp.ufpel.edu.br\/integracaometabolica\/files\/2018\/05\/IM-aula-5-Genes-alelos-polimorfismos-expressa\u0303o-genica.pptx\">Aula 5:\u00a0 Genes, alelos, polimorfismos, expressa\u0303o genica<\/a><\/p>\n<p><a href=\"https:\/\/wp.ufpel.edu.br\/integracaometabolica\/files\/2019\/05\/IM-aula-6-Vias-do-Metabolismo-Energe\u0301tico.pdf\">Aula 6: Vias do Metabolismo Energe\u0301tico<\/a><\/p>\n<p><a href=\"https:\/\/wp.ufpel.edu.br\/integracaometabolica\/files\/2019\/05\/IM-aula-7-Entendendo-a-Resiste\u0302ncia-a-Insulina-2.pdf\">Aula 7: Entendendo a Resiste\u0302ncia a Insulina<\/a><\/p>\n<p><a href=\"https:\/\/wp.ufpel.edu.br\/integracaometabolica\/files\/2019\/07\/IM-aula-8-Regulac\u0327a\u0303o-do-metabolismo-pelo-SNA.pdf\">Aula 8: Regulac\u0327a\u0303o do metabolismo pelo SNA<\/a><\/p>\n<p><a href=\"https:\/\/wp.ufpel.edu.br\/integracaometabolica\/files\/2019\/07\/Aula-9-Metabolismo-muscular.pdf\">Aula 9: Metabolismo muscular<\/a><\/p>\n<p>Concentra\u00e7\u00e3o molar e %.<\/p>\n<p>Para uma solu\u00e7\u00e3o aquosa a 1 M(um molar):<\/p>\n<p>Coloca-se 1 mol de uma subst\u00e2ncia e completa at\u00e9 1 litro com \u00e1gua.<\/p>\n<p>1 mol = valor em gramas da massa molecular da subst\u00e2ncia.<\/p>\n<p>Para uma solu\u00e7\u00e3o a 1% de s\u00f3lido em l\u00edquido:<\/p>\n<p>Coloca-se\u00a0 1 grama da subst\u00e2ncia s\u00f3lida e completa at\u00e9 100 ml com o solvente.<\/p>\n<p>&nbsp;<\/p>\n<p>Exerc\u00edcio concentra\u00e7\u00e3o s\u00f3lido em l\u00edquido:<\/p>\n<p>Para aplicar em um cobaia 100 mg de um anest\u00e9sico que est\u00e1 a 2%, qual \u00e9 o volume que devemos usar?<\/p>\n<p>a) 0,5ml, b) 1 ml, c) 2 ml, d) 0,2 ml, e) 5 ml.<\/p>\n<p>Exerc\u00edcio concentra\u00e7\u00e3o molar: (copiar e colar no browser)<\/p>\n<p>https:\/\/exercicios.mundoeducacao.bol.uol.com.br\/exercicios-quimica\/exercicios-sobre-concentracao-mol-l-ou-molaridade.htm<\/p>\n<p>&nbsp;<\/p>\n","protected":false},"excerpt":{"rendered":"<p>Aula 1: Mol\u00e9culas Biol\u00f3gicas e Carboidratos Aula 2: Bioqu\u00edmica B\u00e1sica de Prote\u00ednas Aula 3: Bioqu\u00edmica B\u00e1sica de Lip\u00eddeos Links: Carboidratos\u00a0&#8211;\u00a0Prote\u00ednas\u00a0&#8211; Lip\u00eddeos Aula 4: Estrutura do DNA Aula 5:\u00a0 Genes, alelos, polimorfismos, expressa\u0303o genica Aula 6: Vias do Metabolismo Energe\u0301tico Aula &hellip; <a href=\"https:\/\/wp.ufpel.edu.br\/integracaometabolica\/aulas\/\">Continue lendo <span class=\"meta-nav\">&rarr;<\/span><\/a><\/p>\n","protected":false},"author":274,"featured_media":0,"parent":0,"menu_order":0,"comment_status":"closed","ping_status":"closed","template":"","meta":{"footnotes":""},"class_list":["post-2","page","type-page","status-publish","hentry"],"_links":{"self":[{"href":"https:\/\/wp.ufpel.edu.br\/integracaometabolica\/wp-json\/wp\/v2\/pages\/2","targetHints":{"allow":["GET"]}}],"collection":[{"href":"https:\/\/wp.ufpel.edu.br\/integracaometabolica\/wp-json\/wp\/v2\/pages"}],"about":[{"href":"https:\/\/wp.ufpel.edu.br\/integracaometabolica\/wp-json\/wp\/v2\/types\/page"}],"author":[{"embeddable":true,"href":"https:\/\/wp.ufpel.edu.br\/integracaometabolica\/wp-json\/wp\/v2\/users\/274"}],"replies":[{"embeddable":true,"href":"https:\/\/wp.ufpel.edu.br\/integracaometabolica\/wp-json\/wp\/v2\/comments?post=2"}],"version-history":[{"count":44,"href":"https:\/\/wp.ufpel.edu.br\/integracaometabolica\/wp-json\/wp\/v2\/pages\/2\/revisions"}],"predecessor-version":[{"id":166,"href":"https:\/\/wp.ufpel.edu.br\/integracaometabolica\/wp-json\/wp\/v2\/pages\/2\/revisions\/166"}],"wp:attachment":[{"href":"https:\/\/wp.ufpel.edu.br\/integracaometabolica\/wp-json\/wp\/v2\/media?parent=2"}],"curies":[{"name":"wp","href":"https:\/\/api.w.org\/{rel}","templated":true}]}}