{"id":906,"date":"2020-11-13T16:35:13","date_gmt":"2020-11-13T19:35:13","guid":{"rendered":"https:\/\/wp.ufpel.edu.br\/inspleite\/?page_id=906"},"modified":"2025-08-19T09:08:42","modified_gmt":"2025-08-19T12:08:42","slug":"legislacao","status":"publish","type":"page","link":"https:\/\/wp.ufpel.edu.br\/inspleite\/legislacao\/","title":{"rendered":"Legisla\u00e7\u00e3o"},"content":{"rendered":"<p>Clicando nos links abaixo, voc\u00ea pode ter acesso aos canais oficiais para consultar as legisla\u00e7\u00f5es vigentes.<\/p>\n<p><strong>Minist\u00e9rio da Agricultura Pecu\u00e1ria e Abastecimento &#8211; MAPA:\u00a0<\/strong><\/p>\n<p><a href=\"https:\/\/www.gov.br\/agricultura\/pt-br\/assuntos\/inspecao\/produtos-animal\/legislacao\">Legisla\u00e7\u00e3o em Inspe\u00e7\u00e3o de Produtos de Origem Animal<\/a><\/p>\n<p><a href=\"https:\/\/www.gov.br\/agricultura\/pt-br\/assuntos\/defesa-agropecuaria\/suasa\/regulamentos-tecnicos-de-identidade-e-qualidade-de-produtos-de-origem-animal-1\">Regulamentos T\u00e9cnicos de Identidade e Qualidade<\/a><\/p>\n<p><a href=\"https:\/\/wikisda.agricultura.gov.br\/\">Portal de manuais de processos da Secretaria de Defesa Agropecu\u00e1ria &#8211; SDA<\/a><\/p>\n<p><strong>Ag\u00eancia Nacional de Vigil\u00e2ncia Sanit\u00e1ria &#8211; ANVISA:\u00a0<\/strong><\/p>\n<p><a href=\"http:\/\/bibliotecadigital.anvisa.ibict.br\/jspui\/\">Biblioteca Digital<\/a><\/p>\n<p>&nbsp;<\/p>\n<p>&nbsp;<\/p>\n<p>&nbsp;<\/p>\n<p>&nbsp;<\/p>\n<p>&nbsp;<\/p>\n<p><sub><span style=\"font-family: helvetica, arial, sans-serif;\">Atribui\u00e7\u00f5es das imagens:<\/span><\/sub><\/p>\n<p><sub><span style=\"font-family: helvetica, arial, sans-serif;\">Milk by RROOK from the Noun Project<\/span><\/sub><\/p>\n<p><sub><span style=\"font-family: helvetica, arial, sans-serif;\">Fish by P Thanga Vignesh from the Noun Project<\/span><\/sub><\/p>\n","protected":false},"excerpt":{"rendered":"<p>Clicando nos links abaixo, voc\u00ea pode ter acesso aos canais oficiais para consultar as legisla\u00e7\u00f5es vigentes. Minist\u00e9rio da Agricultura Pecu\u00e1ria e Abastecimento &#8211; MAPA:\u00a0 Legisla\u00e7\u00e3o em Inspe\u00e7\u00e3o de Produtos de Origem Animal Regulamentos T\u00e9cnicos de Identidade e Qualidade Portal de &hellip; <a href=\"https:\/\/wp.ufpel.edu.br\/inspleite\/legislacao\/\">Continue lendo <span class=\"meta-nav\">&rarr;<\/span><\/a><\/p>\n","protected":false},"author":581,"featured_media":0,"parent":0,"menu_order":0,"comment_status":"closed","ping_status":"closed","template":"","meta":{"footnotes":""},"class_list":["post-906","page","type-page","status-publish","hentry"],"jetpack_sharing_enabled":true,"_links":{"self":[{"href":"https:\/\/wp.ufpel.edu.br\/inspleite\/wp-json\/wp\/v2\/pages\/906","targetHints":{"allow":["GET"]}}],"collection":[{"href":"https:\/\/wp.ufpel.edu.br\/inspleite\/wp-json\/wp\/v2\/pages"}],"about":[{"href":"https:\/\/wp.ufpel.edu.br\/inspleite\/wp-json\/wp\/v2\/types\/page"}],"author":[{"embeddable":true,"href":"https:\/\/wp.ufpel.edu.br\/inspleite\/wp-json\/wp\/v2\/users\/581"}],"replies":[{"embeddable":true,"href":"https:\/\/wp.ufpel.edu.br\/inspleite\/wp-json\/wp\/v2\/comments?post=906"}],"version-history":[{"count":3,"href":"https:\/\/wp.ufpel.edu.br\/inspleite\/wp-json\/wp\/v2\/pages\/906\/revisions"}],"predecessor-version":[{"id":1154,"href":"https:\/\/wp.ufpel.edu.br\/inspleite\/wp-json\/wp\/v2\/pages\/906\/revisions\/1154"}],"wp:attachment":[{"href":"https:\/\/wp.ufpel.edu.br\/inspleite\/wp-json\/wp\/v2\/media?parent=906"}],"curies":[{"name":"wp","href":"https:\/\/api.w.org\/{rel}","templated":true}]}}