{"id":860,"date":"2020-11-01T18:06:18","date_gmt":"2020-11-01T21:06:18","guid":{"rendered":"https:\/\/wp.ufpel.edu.br\/inspleite\/?page_id=860"},"modified":"2021-05-28T14:36:23","modified_gmt":"2021-05-28T17:36:23","slug":"inspecao-de-leite-e-derivados","status":"publish","type":"page","link":"https:\/\/wp.ufpel.edu.br\/inspleite\/aulas-da-disciplina-de-inspecao-de-leite-e-derivados\/inspecao-de-leite-e-derivados\/","title":{"rendered":"Inspe\u00e7\u00e3o de Leite e Derivados"},"content":{"rendered":"<p style=\"padding-left: 40px\"><strong>Unidade: <\/strong>Faculdade de Veterin\u00e1ria<\/p>\n<p style=\"padding-left: 40px\"><strong>Departamento: <\/strong>Veterin\u00e1ria Preventiva<\/p>\n<p style=\"padding-left: 40px\"><strong>Disciplina:<\/strong> Inspe\u00e7\u00e3o de Leite e Derivados<\/p>\n<p style=\"padding-left: 40px\"><strong>Semestre: <\/strong>9\u00ba<\/p>\n<p style=\"padding-left: 40px\"><strong>Cr\u00e9ditos:<\/strong> 4<\/p>\n<p style=\"padding-left: 40px\"><strong>Carga hor\u00e1ria: <\/strong>68h<\/p>\n","protected":false},"excerpt":{"rendered":"<p>Unidade: Faculdade de Veterin\u00e1ria Departamento: Veterin\u00e1ria Preventiva Disciplina: Inspe\u00e7\u00e3o de Leite e Derivados Semestre: 9\u00ba Cr\u00e9ditos: 4 Carga hor\u00e1ria: 68h<\/p>\n","protected":false},"author":581,"featured_media":0,"parent":26,"menu_order":0,"comment_status":"closed","ping_status":"closed","template":"","meta":{"footnotes":""},"class_list":["post-860","page","type-page","status-publish","hentry"],"jetpack_sharing_enabled":true,"_links":{"self":[{"href":"https:\/\/wp.ufpel.edu.br\/inspleite\/wp-json\/wp\/v2\/pages\/860","targetHints":{"allow":["GET"]}}],"collection":[{"href":"https:\/\/wp.ufpel.edu.br\/inspleite\/wp-json\/wp\/v2\/pages"}],"about":[{"href":"https:\/\/wp.ufpel.edu.br\/inspleite\/wp-json\/wp\/v2\/types\/page"}],"author":[{"embeddable":true,"href":"https:\/\/wp.ufpel.edu.br\/inspleite\/wp-json\/wp\/v2\/users\/581"}],"replies":[{"embeddable":true,"href":"https:\/\/wp.ufpel.edu.br\/inspleite\/wp-json\/wp\/v2\/comments?post=860"}],"version-history":[{"count":4,"href":"https:\/\/wp.ufpel.edu.br\/inspleite\/wp-json\/wp\/v2\/pages\/860\/revisions"}],"predecessor-version":[{"id":988,"href":"https:\/\/wp.ufpel.edu.br\/inspleite\/wp-json\/wp\/v2\/pages\/860\/revisions\/988"}],"up":[{"embeddable":true,"href":"https:\/\/wp.ufpel.edu.br\/inspleite\/wp-json\/wp\/v2\/pages\/26"}],"wp:attachment":[{"href":"https:\/\/wp.ufpel.edu.br\/inspleite\/wp-json\/wp\/v2\/media?parent=860"}],"curies":[{"name":"wp","href":"https:\/\/api.w.org\/{rel}","templated":true}]}}