{"id":796,"date":"2020-10-02T23:49:08","date_gmt":"2020-10-03T02:49:08","guid":{"rendered":"https:\/\/wp.ufpel.edu.br\/inspleite\/?page_id=796"},"modified":"2026-04-24T16:27:41","modified_gmt":"2026-04-24T19:27:41","slug":"residentes","status":"publish","type":"page","link":"https:\/\/wp.ufpel.edu.br\/inspleite\/residentes\/","title":{"rendered":"Residentes"},"content":{"rendered":"<p><strong>Atuais Residentes:\u00a0<\/strong><\/p>\n<table class=\"aligncenter\" style=\"width: 100%; border-collapse: collapse; border-style: none;\" border=\"1\">\n<tbody>\n<tr style=\"height: 112px;\">\n<td style=\"width: 24.6575%; height: 112px;\">\n<p class=\"name\" tabindex=\"0\">Maria Gabriela Custodio Kobayashi<\/p>\n<\/td>\n<td style=\"width: 41.2671%; height: 112px;\">Residente (R1) em Inspe\u00e7\u00e3o e Tecnologia de Produtos de Origem Animal<\/td>\n<td style=\"width: 34.0753%; height: 112px;\"><a href=\"http:\/\/lattes.cnpq.br\/6576132459154802\">http:\/\/lattes.cnpq.br\/6576132459154802<\/a><\/td>\n<\/tr>\n<tr style=\"height: 97px;\">\n<td style=\"width: 24.6575%; height: 97px;\">Larissa Jord\u00e3o de Arruda C\u00e2mara<\/td>\n<td style=\"width: 41.2671%; height: 97px;\">Residente (R2) em Inspe\u00e7\u00e3o e Tecnologia de Produtos de Origem Animal<\/td>\n<td style=\"width: 34.0753%; height: 97px;\"><a href=\"http:\/\/lattes.cnpq.br\/8385669323557468\">http:\/\/lattes.cnpq.br\/8385669323557468<\/a><\/td>\n<\/tr>\n<\/tbody>\n<\/table>\n<p><strong>Residentes que j\u00e1 passaram pelo LIPOA:\u00a0<\/strong><\/p>\n<p>Kelly Guedes: <a href=\"http:\/\/lattes.cnpq.br\/0835272258497095\">http:\/\/lattes.cnpq.br\/0835272258497095<\/a><\/p>\n<p>Cl\u00e9ber Ribeiro Martins: <a href=\"http:\/\/lattes.cnpq.br\/5604034483207156\">http:\/\/lattes.cnpq.br\/5604034483207156<\/a><\/p>\n<p>Wesley Porto de Oliveira: <a href=\"http:\/\/lattes.cnpq.br\/4521475305560140\">http:\/\/lattes.cnpq.br\/4521475305560140<\/a><\/p>\n<p>Bruna Garofalli Simone Draber: <a href=\"http:\/\/lattes.cnpq.br\/7765570587864474\">http:\/\/lattes.cnpq.br\/7765570587864474<\/a><\/p>\n<p>Daniele Bondan Pacheco: <a href=\"http:\/\/lattes.cnpq.br\/3922570325466927\">http:\/\/lattes.cnpq.br\/3922570325466927<\/a><\/p>\n<p>J\u00e9ssica Dal Vesco: <a href=\"http:\/\/lattes.cnpq.br\/0373491822782343\">http:\/\/lattes.cnpq.br\/0373491822782343<\/a><\/p>\n<p>Juliana Fernandes Rosa: <a href=\"http:\/\/lattes.cnpq.br\/3480591837424983\">http:\/\/lattes.cnpq.br\/3480591837424983<\/a><\/p>\n<p>Alana Borges Tavares: <a href=\"http:\/\/lattes.cnpq.br\/1752973186422832\">http:\/\/lattes.cnpq.br\/1752973186422832<\/a><\/p>\n<p>D\u00e9bora Rodrigues Silveira: <a href=\"http:\/\/lattes.cnpq.br\/0750968552393293\">http:\/\/lattes.cnpq.br\/0750968552393293<\/a><\/p>\n","protected":false},"excerpt":{"rendered":"<p>Atuais Residentes:\u00a0 Maria Gabriela Custodio Kobayashi Residente (R1) em Inspe\u00e7\u00e3o e Tecnologia de Produtos de Origem Animal http:\/\/lattes.cnpq.br\/6576132459154802 Larissa Jord\u00e3o de Arruda C\u00e2mara Residente (R2) em Inspe\u00e7\u00e3o e Tecnologia de Produtos de Origem Animal http:\/\/lattes.cnpq.br\/8385669323557468 Residentes que j\u00e1 passaram pelo &hellip; <a href=\"https:\/\/wp.ufpel.edu.br\/inspleite\/residentes\/\">Continue lendo <span class=\"meta-nav\">&rarr;<\/span><\/a><\/p>\n","protected":false},"author":581,"featured_media":0,"parent":0,"menu_order":0,"comment_status":"closed","ping_status":"closed","template":"","meta":{"footnotes":""},"class_list":["post-796","page","type-page","status-publish","hentry"],"jetpack_sharing_enabled":true,"_links":{"self":[{"href":"https:\/\/wp.ufpel.edu.br\/inspleite\/wp-json\/wp\/v2\/pages\/796","targetHints":{"allow":["GET"]}}],"collection":[{"href":"https:\/\/wp.ufpel.edu.br\/inspleite\/wp-json\/wp\/v2\/pages"}],"about":[{"href":"https:\/\/wp.ufpel.edu.br\/inspleite\/wp-json\/wp\/v2\/types\/page"}],"author":[{"embeddable":true,"href":"https:\/\/wp.ufpel.edu.br\/inspleite\/wp-json\/wp\/v2\/users\/581"}],"replies":[{"embeddable":true,"href":"https:\/\/wp.ufpel.edu.br\/inspleite\/wp-json\/wp\/v2\/comments?post=796"}],"version-history":[{"count":3,"href":"https:\/\/wp.ufpel.edu.br\/inspleite\/wp-json\/wp\/v2\/pages\/796\/revisions"}],"predecessor-version":[{"id":1157,"href":"https:\/\/wp.ufpel.edu.br\/inspleite\/wp-json\/wp\/v2\/pages\/796\/revisions\/1157"}],"wp:attachment":[{"href":"https:\/\/wp.ufpel.edu.br\/inspleite\/wp-json\/wp\/v2\/media?parent=796"}],"curies":[{"name":"wp","href":"https:\/\/api.w.org\/{rel}","templated":true}]}}