{"id":625,"date":"2019-04-10T15:39:57","date_gmt":"2019-04-10T18:39:57","guid":{"rendered":"https:\/\/wp.ufpel.edu.br\/inspleite\/?page_id=625"},"modified":"2024-12-18T13:21:24","modified_gmt":"2024-12-18T16:21:24","slug":"contato","status":"publish","type":"page","link":"https:\/\/wp.ufpel.edu.br\/inspleite\/contato\/","title":{"rendered":"Contato"},"content":{"rendered":"<p><span style=\"font-family: helvetica, arial, sans-serif; font-size: 12pt;\"><b>UNIVERSIDADE FEDERAL DE PELOTAS<br \/>\nCampus Cap\u00e3o do Le\u00e3o, pr\u00e9dio 34, Pelotas,\u00a0RS<br \/>\n<\/b><b>CEP 96010-900<\/b><b>\u00a0<\/b><\/span><\/p>\n<hr \/>\n<p><span style=\"font-size: 12pt;\"><a href=\"https:\/\/wp.ufpel.edu.br\/inspleite\/files\/2020\/10\/CContato.png\"><img loading=\"lazy\" decoding=\"async\" class=\"alignleft wp-image-809\" src=\"https:\/\/wp.ufpel.edu.br\/inspleite\/files\/2020\/10\/CContato-370x318.png\" alt=\"\" width=\"78\" height=\"68\" srcset=\"https:\/\/wp.ufpel.edu.br\/inspleite\/files\/2020\/10\/CContato-370x318.png 370w, https:\/\/wp.ufpel.edu.br\/inspleite\/files\/2020\/10\/CContato-185x159.png 185w, https:\/\/wp.ufpel.edu.br\/inspleite\/files\/2020\/10\/CContato-349x300.png 349w, https:\/\/wp.ufpel.edu.br\/inspleite\/files\/2020\/10\/CContato.png 691w\" sizes=\"auto, (max-width: 78px) 100vw, 78px\" \/><\/a><\/span><\/p>\n<p><span style=\"font-size: 12pt;\"><strong>lipoaufpel@gmail.com<\/strong><\/span><\/p>\n<p><a href=\"https:\/\/www.instagram.com\/veterinariapreventiva.ufpel\/\"><strong>@veterinariapreventiva.ufpel<\/strong><\/a><\/p>\n","protected":false},"excerpt":{"rendered":"<p>UNIVERSIDADE FEDERAL DE PELOTAS Campus Cap\u00e3o do Le\u00e3o, pr\u00e9dio 34, Pelotas,\u00a0RS CEP 96010-900\u00a0 lipoaufpel@gmail.com @veterinariapreventiva.ufpel<\/p>\n","protected":false},"author":581,"featured_media":0,"parent":0,"menu_order":0,"comment_status":"closed","ping_status":"closed","template":"","meta":{"footnotes":""},"class_list":["post-625","page","type-page","status-publish","hentry"],"jetpack_sharing_enabled":true,"_links":{"self":[{"href":"https:\/\/wp.ufpel.edu.br\/inspleite\/wp-json\/wp\/v2\/pages\/625","targetHints":{"allow":["GET"]}}],"collection":[{"href":"https:\/\/wp.ufpel.edu.br\/inspleite\/wp-json\/wp\/v2\/pages"}],"about":[{"href":"https:\/\/wp.ufpel.edu.br\/inspleite\/wp-json\/wp\/v2\/types\/page"}],"author":[{"embeddable":true,"href":"https:\/\/wp.ufpel.edu.br\/inspleite\/wp-json\/wp\/v2\/users\/581"}],"replies":[{"embeddable":true,"href":"https:\/\/wp.ufpel.edu.br\/inspleite\/wp-json\/wp\/v2\/comments?post=625"}],"version-history":[{"count":8,"href":"https:\/\/wp.ufpel.edu.br\/inspleite\/wp-json\/wp\/v2\/pages\/625\/revisions"}],"predecessor-version":[{"id":1089,"href":"https:\/\/wp.ufpel.edu.br\/inspleite\/wp-json\/wp\/v2\/pages\/625\/revisions\/1089"}],"wp:attachment":[{"href":"https:\/\/wp.ufpel.edu.br\/inspleite\/wp-json\/wp\/v2\/media?parent=625"}],"curies":[{"name":"wp","href":"https:\/\/api.w.org\/{rel}","templated":true}]}}