{"id":45,"date":"2016-03-09T16:01:51","date_gmt":"2016-03-09T19:01:51","guid":{"rendered":"https:\/\/wp.ufpel.edu.br\/inspleite\/?page_id=45"},"modified":"2021-05-28T14:29:24","modified_gmt":"2021-05-28T17:29:24","slug":"pesquisa","status":"publish","type":"page","link":"https:\/\/wp.ufpel.edu.br\/inspleite\/pesquisa\/","title":{"rendered":"Ensino, Pesquisa e Extens\u00e3o"},"content":{"rendered":"<p><strong>Grupo de Pesquisa (CNPq)<\/strong><\/p>\n<p>Inspe\u00e7\u00e3o de Produtos de Origem Animal<\/p>\n<p>&nbsp;<\/p>\n<p><strong>Linhas de Pesquisa<\/strong><\/p>\n<p>Inspe\u00e7\u00e3o e controle de qualidade de produtos de origem animal<\/p>\n<p>Micro-organismos patog\u00eanicos em alimentos de origem animal<\/p>\n<p>Rastreabilidade de pat\u00f3genos na cadeia<\/p>\n","protected":false},"excerpt":{"rendered":"<p>Grupo de Pesquisa (CNPq) Inspe\u00e7\u00e3o de Produtos de Origem Animal &nbsp; Linhas de Pesquisa Inspe\u00e7\u00e3o e controle de qualidade de produtos de origem animal Micro-organismos patog\u00eanicos em alimentos de origem animal Rastreabilidade de pat\u00f3genos na cadeia<\/p>\n","protected":false},"author":581,"featured_media":0,"parent":0,"menu_order":0,"comment_status":"closed","ping_status":"closed","template":"","meta":{"footnotes":""},"class_list":["post-45","page","type-page","status-publish","hentry"],"jetpack_sharing_enabled":true,"_links":{"self":[{"href":"https:\/\/wp.ufpel.edu.br\/inspleite\/wp-json\/wp\/v2\/pages\/45","targetHints":{"allow":["GET"]}}],"collection":[{"href":"https:\/\/wp.ufpel.edu.br\/inspleite\/wp-json\/wp\/v2\/pages"}],"about":[{"href":"https:\/\/wp.ufpel.edu.br\/inspleite\/wp-json\/wp\/v2\/types\/page"}],"author":[{"embeddable":true,"href":"https:\/\/wp.ufpel.edu.br\/inspleite\/wp-json\/wp\/v2\/users\/581"}],"replies":[{"embeddable":true,"href":"https:\/\/wp.ufpel.edu.br\/inspleite\/wp-json\/wp\/v2\/comments?post=45"}],"version-history":[{"count":5,"href":"https:\/\/wp.ufpel.edu.br\/inspleite\/wp-json\/wp\/v2\/pages\/45\/revisions"}],"predecessor-version":[{"id":985,"href":"https:\/\/wp.ufpel.edu.br\/inspleite\/wp-json\/wp\/v2\/pages\/45\/revisions\/985"}],"wp:attachment":[{"href":"https:\/\/wp.ufpel.edu.br\/inspleite\/wp-json\/wp\/v2\/media?parent=45"}],"curies":[{"name":"wp","href":"https:\/\/api.w.org\/{rel}","templated":true}]}}