{"id":34,"date":"2016-03-09T15:59:55","date_gmt":"2016-03-09T18:59:55","guid":{"rendered":"https:\/\/wp.ufpel.edu.br\/inspleite\/?page_id=34"},"modified":"2024-12-18T14:13:33","modified_gmt":"2024-12-18T17:13:33","slug":"docentes","status":"publish","type":"page","link":"https:\/\/wp.ufpel.edu.br\/inspleite\/docentes\/","title":{"rendered":"Docentes e funcion\u00e1rios"},"content":{"rendered":"<p>Disciplina:<strong> Inspe\u00e7\u00e3o de Carnes e Derivados<\/strong><\/p>\n<p>Prof\u00aa. Eduarda Hallal Duval<\/p>\n<p><a href=\"http:\/\/lattes.cnpq.br\/9269032123014590\">http:\/\/lattes.cnpq.br\/9269032123014590<\/a><\/p>\n<p>&nbsp;<\/p>\n<p>Disciplina:<strong> Inspe\u00e7\u00e3o de Leite e Derivados<\/strong><\/p>\n<p>Prof.\u00a0Cl\u00e1udio Dias Timm<\/p>\n<p><a href=\"http:\/\/lattes.cnpq.br\/4235213255855284\">http:\/\/lattes.cnpq.br\/4235213255855284<\/a><\/p>\n<p>Prof\u00aa.\u00a0Helenice Gonzalez de Lima<\/p>\n<p><a href=\"http:\/\/lattes.cnpq.br\/6740997788123690\">http:\/\/lattes.cnpq.br\/6740997788123690<\/a><\/p>\n<p>Prof\u00aa. Natacha Deboni Cereser<\/p>\n<p><a href=\"http:\/\/lattes.cnpq.br\/1099142883973390\">http:\/\/lattes.cnpq.br\/1099142883973390<\/a><\/p>\n<p>&nbsp;<\/p>\n<p>Disciplina:<strong> Inspe\u00e7\u00e3o de Pescados e Derivados<\/strong><\/p>\n<p>Prof\u00aa. Rita de C\u00e1ssia dos Santos da Concei\u00e7\u00e3o<\/p>\n<p><a href=\"http:\/\/lattes.cnpq.br\/6521075524101601\">http:\/\/lattes.cnpq.br\/6521075524101601<\/a><\/p>\n<p>&nbsp;<\/p>\n<p><strong>T\u00e9cnica Administrativa em Educa\u00e7\u00e3o:\u00a0<\/strong><\/p>\n<p>MV. Jeycy Kelle Sirqueira Mendon\u00e7a<\/p>\n<p><a href=\"http:\/\/lattes.cnpq.br\/6951721754182213\">http:\/\/lattes.cnpq.br\/6951721754182213<\/a><\/p>\n<p>&nbsp;<\/p>\n<p><strong>Auxiliar de Laborat\u00f3rio:<\/strong><\/p>\n<p>Lisiane Cruz da Silva<\/p>\n<p><a href=\"http:\/\/lattes.cnpq.br\/4872586538701802\">http:\/\/lattes.cnpq.br\/4872586538701802<\/a><\/p>\n<p>&nbsp;<\/p>\n<p>&nbsp;<\/p>\n","protected":false},"excerpt":{"rendered":"<p>Disciplina: Inspe\u00e7\u00e3o de Carnes e Derivados Prof\u00aa. Eduarda Hallal Duval http:\/\/lattes.cnpq.br\/9269032123014590 &nbsp; Disciplina: Inspe\u00e7\u00e3o de Leite e Derivados Prof.\u00a0Cl\u00e1udio Dias Timm http:\/\/lattes.cnpq.br\/4235213255855284 Prof\u00aa.\u00a0Helenice Gonzalez de Lima http:\/\/lattes.cnpq.br\/6740997788123690 Prof\u00aa. Natacha Deboni Cereser http:\/\/lattes.cnpq.br\/1099142883973390 &nbsp; Disciplina: Inspe\u00e7\u00e3o de Pescados e Derivados Prof\u00aa. &hellip; <a href=\"https:\/\/wp.ufpel.edu.br\/inspleite\/docentes\/\">Continue lendo <span class=\"meta-nav\">&rarr;<\/span><\/a><\/p>\n","protected":false},"author":581,"featured_media":0,"parent":0,"menu_order":0,"comment_status":"closed","ping_status":"closed","template":"","meta":{"footnotes":""},"class_list":["post-34","page","type-page","status-publish","hentry"],"jetpack_sharing_enabled":true,"_links":{"self":[{"href":"https:\/\/wp.ufpel.edu.br\/inspleite\/wp-json\/wp\/v2\/pages\/34","targetHints":{"allow":["GET"]}}],"collection":[{"href":"https:\/\/wp.ufpel.edu.br\/inspleite\/wp-json\/wp\/v2\/pages"}],"about":[{"href":"https:\/\/wp.ufpel.edu.br\/inspleite\/wp-json\/wp\/v2\/types\/page"}],"author":[{"embeddable":true,"href":"https:\/\/wp.ufpel.edu.br\/inspleite\/wp-json\/wp\/v2\/users\/581"}],"replies":[{"embeddable":true,"href":"https:\/\/wp.ufpel.edu.br\/inspleite\/wp-json\/wp\/v2\/comments?post=34"}],"version-history":[{"count":12,"href":"https:\/\/wp.ufpel.edu.br\/inspleite\/wp-json\/wp\/v2\/pages\/34\/revisions"}],"predecessor-version":[{"id":1091,"href":"https:\/\/wp.ufpel.edu.br\/inspleite\/wp-json\/wp\/v2\/pages\/34\/revisions\/1091"}],"wp:attachment":[{"href":"https:\/\/wp.ufpel.edu.br\/inspleite\/wp-json\/wp\/v2\/media?parent=34"}],"curies":[{"name":"wp","href":"https:\/\/api.w.org\/{rel}","templated":true}]}}