{"id":57,"date":"2018-04-16T01:29:19","date_gmt":"2018-04-16T04:29:19","guid":{"rendered":"https:\/\/wp.ufpel.edu.br\/inovatec\/?page_id=57"},"modified":"2018-04-20T12:37:51","modified_gmt":"2018-04-20T15:37:51","slug":"quem-somos","status":"publish","type":"page","link":"https:\/\/wp.ufpel.edu.br\/inovatec\/quem-somos\/","title":{"rendered":"Quem somos"},"content":{"rendered":"<p>O grupo Inovatec \u00e9 formado por alunos de diversos cursos, os quais t\u00eam o objetivo de transformar ideias acad\u00eamicas em projetos vi\u00e1veis na UFPel e comunidade.<\/p>\n","protected":false},"excerpt":{"rendered":"<p>O grupo Inovatec \u00e9 formado por alunos de diversos cursos, os quais t\u00eam o objetivo de transformar ideias acad\u00eamicas em projetos vi\u00e1veis na UFPel e comunidade.<\/p>\n","protected":false},"author":826,"featured_media":0,"parent":0,"menu_order":10,"comment_status":"closed","ping_status":"closed","template":"","meta":{"jetpack_post_was_ever_published":false,"footnotes":""},"class_list":["post-57","page","type-page","status-publish","hentry"],"jetpack_sharing_enabled":true,"jetpack_shortlink":"https:\/\/wp.me\/PanINi-V","_links":{"self":[{"href":"https:\/\/wp.ufpel.edu.br\/inovatec\/wp-json\/wp\/v2\/pages\/57","targetHints":{"allow":["GET"]}}],"collection":[{"href":"https:\/\/wp.ufpel.edu.br\/inovatec\/wp-json\/wp\/v2\/pages"}],"about":[{"href":"https:\/\/wp.ufpel.edu.br\/inovatec\/wp-json\/wp\/v2\/types\/page"}],"author":[{"embeddable":true,"href":"https:\/\/wp.ufpel.edu.br\/inovatec\/wp-json\/wp\/v2\/users\/826"}],"replies":[{"embeddable":true,"href":"https:\/\/wp.ufpel.edu.br\/inovatec\/wp-json\/wp\/v2\/comments?post=57"}],"version-history":[{"count":4,"href":"https:\/\/wp.ufpel.edu.br\/inovatec\/wp-json\/wp\/v2\/pages\/57\/revisions"}],"predecessor-version":[{"id":186,"href":"https:\/\/wp.ufpel.edu.br\/inovatec\/wp-json\/wp\/v2\/pages\/57\/revisions\/186"}],"wp:attachment":[{"href":"https:\/\/wp.ufpel.edu.br\/inovatec\/wp-json\/wp\/v2\/media?parent=57"}],"curies":[{"name":"wp","href":"https:\/\/api.w.org\/{rel}","templated":true}]}}