{"id":193,"date":"2018-04-20T12:55:10","date_gmt":"2018-04-20T15:55:10","guid":{"rendered":"https:\/\/wp.ufpel.edu.br\/inovatec\/?page_id=193"},"modified":"2018-09-12T03:46:38","modified_gmt":"2018-09-12T06:46:38","slug":"como-funciona","status":"publish","type":"page","link":"https:\/\/wp.ufpel.edu.br\/inovatec\/como-funciona\/","title":{"rendered":"Como funciona"},"content":{"rendered":"<p style=\"text-align: justify\"><span style=\"font-family: arial, helvetica, sans-serif\">O grupo de estudantes \u00e9 organizado em mentores, cuja fun\u00e7\u00e3o \u00e9 auxiliar o desenvolvimento da ideia proposta atrav\u00e9s de seu conhecimento adquirido na universidade, cursos e outras extens\u00f5es.<\/span><\/p>\n<p style=\"text-align: justify\"><span style=\"font-family: arial, helvetica, sans-serif\">Este grupo n\u00e3o ser\u00e1 respons\u00e1vel por cria\u00e7\u00e3o de prot\u00f3tipos, nem a cria\u00e7\u00e3o de empresas, produtos ou tecnologias, ficando a cargo do autor da ideia. A proposta \u00e9 que os idealizadores sejam informados e auxiliados sobre as etapas necess\u00e1rias \u00e0 realiza\u00e7\u00e3o de seu projeto e encaminhados para especialistas, professores ou outros indiv\u00edduos necess\u00e1rios \u00e0 concretiza\u00e7\u00e3o da obra.<\/span><\/p>\n<p>________________________________________________________________________________<\/p>\n<p>Todo o processo de an\u00e1lise de ideias ter\u00e1 dura\u00e7\u00e3o m\u00e1xima de 3 meses, per\u00edodo de amparo do grupo ao acad\u00eamico.<\/p>\n<p style=\"text-align: justify\">1. Cadastro \u2013\u00a0 O formul\u00e1rio cadastral dever\u00e1 dever\u00e1 ser preenchido pelo detentor da ideia, interessado em expor a mesma. O formul\u00e1rio coadjuvante ser\u00e1 preenchido por acad\u00eamicos que estejam interessados em participar dos projetos j\u00e1 existentes.<\/p>\n<p style=\"text-align: justify\">1.1 Formul\u00e1rio Cadastral &#8211; Este dever\u00e1 conter os dados do detentor da ideia. Haver\u00e1 tamb\u00e9m perguntas como: \u201cQue ferramentas seriam ben\u00e9ficas ao seu projeto?\u201d e \u201cQual o seu objetivo?\u201d, bem como um espa\u00e7o para que o estudante possa adicionar coment\u00e1rios. Al\u00e9m disso contar\u00e1 com a possibilidade de agendar dia e hor\u00e1rio para a entrevista. Para que o formul\u00e1rio seja enviado, o detentor da ideia deve aceitar um termo de confiabilidade. Este termo tem o objetivo de garantir o n\u00e3o compartilhando do que foi colocado no formul\u00e1rio sem o consentimento de seu autor.<br \/>\n1.2. Formul\u00e1rio Volunt\u00e1rio &#8211; Este dever\u00e1 conter nome e sobrenome do acad\u00eamico, n\u00famero de matr\u00edcula, curso, semestre atual, telefone e e-mail para contato. Haver\u00e1 tamb\u00e9m perguntas como: \u201cQual a sua \u00e1rea de interesse?\u201d, \u201cQuais s\u00e3o suas habilidades?\u201d, bem como um espa\u00e7o para que o estudante possa adicionar coment\u00e1rios. Este formul\u00e1rio ser\u00e1 enviado para o grupo, o qual entrar\u00e1 em contato com o acad\u00eamico caso haja um projeto que necessite de seu aux\u00edlio.<\/p>\n<p style=\"text-align: justify\">2. Entrevista \u2013 A entrevista ser\u00e1 um encontro do detentor da ideia com os integrantes do grupo acad\u00eamico, a fim de obter maiores informa\u00e7\u00f5es sobre a ideia proposta e debater a possibilidade de realiza\u00e7\u00e3o com toda a equipe multidisciplinar. Durante essa entrevista, o detentor da ideia ser\u00e1 informado de como realizar a apresenta\u00e7\u00e3o formal de sua ideia ao grupo. A assinatura do contrato de sigilo ser\u00e1 necess\u00e1rio nesta fase.<\/p>\n<p style=\"text-align: justify\">3. Apresenta\u00e7\u00e3o da Ideia \u2013 A apresenta\u00e7\u00e3o dever\u00e1 ocorrer conforme crit\u00e9rios expostos anteriormente durante a entrevista e ter\u00e1 dura\u00e7\u00e3o de, no m\u00e1ximo, 20 minutos. Nesta fase, ser\u00e3o convidados especialistas, professores e outros indiv\u00edduos que possam auxiliar na concretiza\u00e7\u00e3o da ideia. Ao final da apresenta\u00e7\u00e3o, o acad\u00eamico ter\u00e1 uma melhor amplitude de quais os meios s\u00e3o necess\u00e1rios para a realiza\u00e7\u00e3o de seu projeto.<\/p>\n<p style=\"text-align: justify\">4. Diagn\u00f3stico \u2013 O diagn\u00f3stico \u00e9 um documento gerado pelo Inovatec em conjunto com especialistas e autoridades convidadas. O documento tem o objetivo de apontar poss\u00edveis pontos negativos e positivos, al\u00e9m disso servir\u00e1 de direcionamento e admiss\u00e3o no Programa de Desenvolvimento de Ideias.<\/p>\n<p style=\"text-align: justify\">5. Sugest\u00e3o &#8211; Nesta fase, o grupo ir\u00e1 sugerir a melhor op\u00e7\u00e3o para o direcionamento da ideia do projeto e comunicar\u00e1 o detentor da ideia, o qual ter\u00e1 total liberdade de escolha para seguir ou n\u00e3o a sugest\u00e3o.<\/p>\n<p style=\"text-align: justify\">6. Programa de Desenvolvimento de Ideias (PDI) \u2013 Ap\u00f3s o detentor da ideia aceitar a etapa de sugest\u00e3o, ele ir\u00e1 passar para a etapa de desenvolvimento da ideia. Esta etapa ir\u00e1 contar com a participa\u00e7\u00e3o dos mentores, professores e outros indiv\u00edduos que possam colaborar para a concretiza\u00e7\u00e3o da ideia. O objetivo deste programa \u00e9 aprimorar as ideias atrav\u00e9s de sugest\u00f5es dos mentores, visitas t\u00e9cnicas, palestras de especialistas e atividades que contribuam para o desenvolvimento do projeto. O programa ser\u00e1 multidisciplinar e estrutura em Design Thinking.<\/p>\n<p style=\"text-align: justify\">7. Encaminhamento Final \u2013 Nesta etapa, o grupo Inovatec fornecer\u00e1 um documento de conclus\u00e3o, o qual ser\u00e1 composto por um relat\u00f3rio do processo realizado. Este documento tamb\u00e9m servir\u00e1 como instrumento de valida\u00e7\u00e3o e recomenda\u00e7\u00e3o do grupo Inovatec.<\/p>\n<p style=\"text-align: justify\">8. Feedback \u2013 O autor da ideia ser\u00e1 convidado a realizar sugest\u00f5es para o aperfei\u00e7oamento do grupo Inovatec e pode ser convidados a participar como mentor nos pr\u00f3ximos projetos.<\/p>\n<p style=\"text-align: justify\">A cada ideia apresentada por algum membro da comunidade o objetivo \u00e9 aperfei\u00e7oar o trabalho da equipe UFPel. Para conseguir agilidade e din\u00e2mica, o grupo UFPel de an\u00e1lise da ideia ir\u00e1 trabalhar de acordo \u00e0 Metodologia SCRUM, que fomenta a agilidade e din\u00e2mica de trabalho das equipes. Como resultado geral, o detentor da ideia ter\u00e1 um diagn\u00f3stico e sugest\u00e3o de encaminhamento, caso a mesma seja promissora.<\/p>\n<p>O grupo INOVATEC informa que os processos est\u00e3o em atualiza\u00e7\u00f5es constantes e qualquer altera\u00e7\u00e3o os envolvidos ser\u00e3o informados.<\/p>\n","protected":false},"excerpt":{"rendered":"<p>O grupo de estudantes \u00e9 organizado em mentores, cuja fun\u00e7\u00e3o \u00e9 auxiliar o desenvolvimento da ideia proposta atrav\u00e9s de seu conhecimento adquirido na universidade, cursos e outras extens\u00f5es. Este grupo n\u00e3o ser\u00e1 respons\u00e1vel por cria\u00e7\u00e3o de prot\u00f3tipos, nem a cria\u00e7\u00e3o de empresas, produtos ou tecnologias, ficando a cargo do autor da ideia. A proposta \u00e9 [&hellip;]<\/p>\n","protected":false},"author":826,"featured_media":0,"parent":0,"menu_order":0,"comment_status":"closed","ping_status":"closed","template":"","meta":{"jetpack_post_was_ever_published":false,"footnotes":""},"class_list":["post-193","page","type-page","status-publish","hentry"],"jetpack_sharing_enabled":true,"jetpack_shortlink":"https:\/\/wp.me\/PanINi-37","_links":{"self":[{"href":"https:\/\/wp.ufpel.edu.br\/inovatec\/wp-json\/wp\/v2\/pages\/193","targetHints":{"allow":["GET"]}}],"collection":[{"href":"https:\/\/wp.ufpel.edu.br\/inovatec\/wp-json\/wp\/v2\/pages"}],"about":[{"href":"https:\/\/wp.ufpel.edu.br\/inovatec\/wp-json\/wp\/v2\/types\/page"}],"author":[{"embeddable":true,"href":"https:\/\/wp.ufpel.edu.br\/inovatec\/wp-json\/wp\/v2\/users\/826"}],"replies":[{"embeddable":true,"href":"https:\/\/wp.ufpel.edu.br\/inovatec\/wp-json\/wp\/v2\/comments?post=193"}],"version-history":[{"count":6,"href":"https:\/\/wp.ufpel.edu.br\/inovatec\/wp-json\/wp\/v2\/pages\/193\/revisions"}],"predecessor-version":[{"id":221,"href":"https:\/\/wp.ufpel.edu.br\/inovatec\/wp-json\/wp\/v2\/pages\/193\/revisions\/221"}],"wp:attachment":[{"href":"https:\/\/wp.ufpel.edu.br\/inovatec\/wp-json\/wp\/v2\/media?parent=193"}],"curies":[{"name":"wp","href":"https:\/\/api.w.org\/{rel}","templated":true}]}}