{"id":31,"date":"2021-08-16T16:47:28","date_gmt":"2021-08-16T19:47:28","guid":{"rendered":"https:\/\/wp.ufpel.edu.br\/inovaagro\/?page_id=31"},"modified":"2021-08-16T17:08:18","modified_gmt":"2021-08-16T20:08:18","slug":"tecnologias-disponiveis","status":"publish","type":"page","link":"https:\/\/wp.ufpel.edu.br\/inovaagro\/tecnologias-disponiveis\/","title":{"rendered":"Tecnologias Dispon\u00edveis"},"content":{"rendered":"<p>Neste site teremos as tecnologias geradas na UFPel que est\u00e3o dispon\u00edveis para transfer\u00eancia para a ind\u00fastria.<\/p>\n","protected":false},"excerpt":{"rendered":"<p>Neste site teremos as tecnologias geradas na UFPel que est\u00e3o dispon\u00edveis para transfer\u00eancia para a ind\u00fastria.<\/p>\n","protected":false},"author":1167,"featured_media":0,"parent":0,"menu_order":0,"comment_status":"closed","ping_status":"closed","template":"","meta":{"footnotes":""},"class_list":["post-31","page","type-page","status-publish","hentry"],"_links":{"self":[{"href":"https:\/\/wp.ufpel.edu.br\/inovaagro\/wp-json\/wp\/v2\/pages\/31","targetHints":{"allow":["GET"]}}],"collection":[{"href":"https:\/\/wp.ufpel.edu.br\/inovaagro\/wp-json\/wp\/v2\/pages"}],"about":[{"href":"https:\/\/wp.ufpel.edu.br\/inovaagro\/wp-json\/wp\/v2\/types\/page"}],"author":[{"embeddable":true,"href":"https:\/\/wp.ufpel.edu.br\/inovaagro\/wp-json\/wp\/v2\/users\/1167"}],"replies":[{"embeddable":true,"href":"https:\/\/wp.ufpel.edu.br\/inovaagro\/wp-json\/wp\/v2\/comments?post=31"}],"version-history":[{"count":2,"href":"https:\/\/wp.ufpel.edu.br\/inovaagro\/wp-json\/wp\/v2\/pages\/31\/revisions"}],"predecessor-version":[{"id":56,"href":"https:\/\/wp.ufpel.edu.br\/inovaagro\/wp-json\/wp\/v2\/pages\/31\/revisions\/56"}],"wp:attachment":[{"href":"https:\/\/wp.ufpel.edu.br\/inovaagro\/wp-json\/wp\/v2\/media?parent=31"}],"curies":[{"name":"wp","href":"https:\/\/api.w.org\/{rel}","templated":true}]}}