{"id":150,"date":"2022-04-25T18:05:50","date_gmt":"2022-04-25T21:05:50","guid":{"rendered":"https:\/\/wp.ufpel.edu.br\/inova\/?page_id=150"},"modified":"2022-04-26T17:21:43","modified_gmt":"2022-04-26T20:21:43","slug":"contato","status":"publish","type":"page","link":"https:\/\/wp.ufpel.edu.br\/inova\/contato\/","title":{"rendered":"Contato"},"content":{"rendered":"<div id=\"pl-150\"  class=\"panel-layout\" ><div id=\"pg-150-0\"  class=\"panel-grid panel-has-style\" ><div class=\"titulo siteorigin-panels-stretch panel-row-style panel-row-style-for-150-0\" data-stretch-type=\"full\" ><div id=\"pgc-150-0-0\"  class=\"panel-grid-cell\" ><div id=\"panel-150-0-0-0\" class=\"so-panel widget widget_text panel-first-child panel-last-child\" data-index=\"0\" ><div class=\"titulo-pagina panel-widget-style panel-widget-style-for-150-0-0-0\" >\t\t\t<div class=\"textwidget\"><h1>CONTATO<\/h1>\n<\/div>\n\t\t<\/div><\/div><\/div><\/div><\/div><div id=\"pg-150-1\"  class=\"panel-grid panel-has-style\" ><div class=\"panel-row-style panel-row-style-for-150-1\" ><div id=\"pgc-150-1-0\"  class=\"panel-grid-cell\" ><div id=\"panel-150-1-0-0\" class=\"so-panel widget widget_sow-headline panel-first-child\" data-index=\"1\" ><div\n\t\t\t\n\t\t\tclass=\"so-widget-sow-headline so-widget-sow-headline-default-b04e8d3a6539-150\"\n\t\t\t\n\t\t><div class=\"sow-headline-container \">\n\t\t\t\t\t\t\t<h2 class=\"sow-headline\">\n\t\t\t\t\t\tEntre em contato conosco atrav\u00e9s do formul\u00e1rio abaixo\t\t\t\t\t\t<\/h2>\n\t\t\t\t\t\t<\/div>\n<\/div><\/div><div id=\"panel-150-1-0-1\" class=\"so-panel widget widget_sow-contact-form panel-last-child\" data-index=\"2\" ><div\n\t\t\t\n\t\t\tclass=\"so-widget-sow-contact-form so-widget-sow-contact-form-default-478bb431586c-150\"\n\t\t\t\n\t\t>\t<form\n\t\taction=\"\/inova\/wp-json\/wp\/v2\/pages\/150\"\n\t\tmethod=\"POST\"\n\t\tclass=\"sow-contact-form\"\n\t\tid=\"contact-form-236e\"\n\t>\n\n\t\t\n\t\t\t\t\t<div class=\"sow-form-field sow-form-field-name\">\n\t\t\t\t<label class=\"sow-form-field-label-above\" for=\"sow-contact-form-field-seu-nome-1\">\n\t\t\t\t<strong>\n\t\t\t\t\tSeu nome\t\t\t\t\t\t\t\t\t<\/strong>\n\t\t\t<\/label>\n\t\t\t\t\t\t\t<div class=\"sow-field-container\">\n\t\t\t\t\t\t\t<input\n\t\t\ttype=\"text\"\n\t\t\tname=\"seu-nome-1\"\n\t\t\tid=\"sow-contact-form-field-seu-nome-1\"\n\t\t\tvalue=\"\"\n\t\t\tclass=\"sow-text-field\"\n\t\t\t\t\t\t\t\t\/>\n\t\t\t\t\t\t<\/div>\n\t\t\t\t\t\t\t<\/div>\n\t\t\t\t\t\t<div class=\"sow-form-field sow-form-field-email\">\n\t\t\t\t<label class=\"sow-form-field-label-above\" for=\"sow-contact-form-field-o-seu-e-mail-1\">\n\t\t\t\t<strong>\n\t\t\t\t\tO seu e-mail\t\t\t\t\t\t\t\t\t<\/strong>\n\t\t\t<\/label>\n\t\t\t\t\t\t\t<div class=\"sow-field-container\">\n\t\t\t\t\t\t\t<input\n\t\t\ttype=\"email\"\n\t\t\tname=\"o-seu-e-mail-1\"\n\t\t\tid=\"sow-contact-form-field-o-seu-e-mail-1\"\n\t\t\tvalue=\"\"\n\t\t\tclass=\"sow-text-field\"\t\t\t\t\t\t\t\t\/>\n\t\t\t\t\t\t<\/div>\n\t\t\t\t\t\t\t<\/div>\n\t\t\t\t\t\t<div class=\"sow-form-field sow-form-field-subject\">\n\t\t\t\t<label class=\"sow-form-field-label-above\" for=\"sow-contact-form-field-assunto-1\">\n\t\t\t\t<strong>\n\t\t\t\t\tAssunto\t\t\t\t\t\t\t\t\t<\/strong>\n\t\t\t<\/label>\n\t\t\t\t\t\t\t<div class=\"sow-field-container\">\n\t\t\t\t\t\t\t<input\n\t\t\ttype=\"text\"\n\t\t\tname=\"assunto-1\"\n\t\t\tid=\"sow-contact-form-field-assunto-1\"\n\t\t\tvalue=\"\"\n\t\t\tclass=\"sow-text-field\"\n\t\t\t\t\t\t\t\t\/>\n\t\t\t\t\t\t<\/div>\n\t\t\t\t\t\t\t<\/div>\n\t\t\t\t\t\t<div class=\"sow-form-field sow-form-field-textarea\">\n\t\t\t\t<label class=\"sow-form-field-label-above\" for=\"sow-contact-form-field-mensagem-1\">\n\t\t\t\t<strong>\n\t\t\t\t\tMensagem\t\t\t\t\t\t\t\t\t<\/strong>\n\t\t\t<\/label>\n\t\t\t\t\t\t\t<div class=\"sow-field-container\">\n\t\t\t\t\t\t\t<textarea\n\t\t\tname=\"mensagem-1\"\n\t\t\tid=\"sow-contact-form-field-mensagem-1\"\n\t\t\trows=\"10\"\n\t\t\t\t\t\t\t\t><\/textarea>\n\t\t\t\t\t\t<\/div>\n\t\t\t\t\t\t\t<\/div>\n\t\t\t\n\t\t\n\t\t<div class=\"sow-submit-wrapper \n\t\tsow-submit-styled\t\t\">\n\n\t\t\t<button\n\t\t\t\ttype=\"submit\"\n\t\t\t\tclass=\"sow-submit\n\t\t\t\t\t\t\t\t\"\n\t\t\t\t\t\t\t>\n\t\t\t\tEntre em contato\t\t\t<\/button>\n\t\t<\/div>\n\t\t\t\t<input\n\t\t\ttype=\"hidden\"\n\t\t\tname=\"instance_hash-1\"\n\t\t\tvalue=\"236ee618\"\n\t\t\/>\n\n\t\t<input type=\"hidden\" id=\"_wpnonce\" name=\"_wpnonce\" value=\"9f44f55141\" \/><input type=\"hidden\" name=\"_wp_http_referer\" value=\"\/inova\/wp-json\/wp\/v2\/pages\/150\" \/>\t<\/form>\n\t<\/div><\/div><\/div><\/div><\/div><\/div>","protected":false},"excerpt":{"rendered":"<p>CONTATO<\/p>\n","protected":false},"author":905,"featured_media":0,"parent":0,"menu_order":0,"comment_status":"closed","ping_status":"closed","template":"","meta":{"footnotes":""},"class_list":["post-150","page","type-page","status-publish","hentry","post"],"yoast_head":"<!-- This site is optimized with the Yoast SEO plugin v26.7 - https:\/\/yoast.com\/wordpress\/plugins\/seo\/ -->\n<title>Contato - INOVA - Superintend\u00eancia de Inova\u00e7\u00e3o e Desenvolvimento Interinstitucional<\/title>\n<meta name=\"robots\" content=\"index, follow, max-snippet:-1, max-image-preview:large, max-video-preview:-1\" \/>\n<link rel=\"canonical\" href=\"https:\/\/wp.ufpel.edu.br\/inova\/contato\/\" \/>\n<meta property=\"og:locale\" content=\"pt_BR\" \/>\n<meta property=\"og:type\" content=\"article\" \/>\n<meta property=\"og:title\" content=\"Contato - INOVA - Superintend\u00eancia de Inova\u00e7\u00e3o e Desenvolvimento Interinstitucional\" \/>\n<meta property=\"og:description\" content=\"CONTATO\" \/>\n<meta property=\"og:url\" content=\"https:\/\/wp.ufpel.edu.br\/inova\/contato\/\" \/>\n<meta property=\"og:site_name\" content=\"INOVA - Superintend\u00eancia de Inova\u00e7\u00e3o e Desenvolvimento Interinstitucional\" \/>\n<meta property=\"article:modified_time\" content=\"2022-04-26T20:21:43+00:00\" \/>\n<meta name=\"twitter:card\" content=\"summary_large_image\" \/>\n<script type=\"application\/ld+json\" class=\"yoast-schema-graph\">{\"@context\":\"https:\/\/schema.org\",\"@graph\":[{\"@type\":\"WebPage\",\"@id\":\"https:\/\/wp.ufpel.edu.br\/inova\/contato\/\",\"url\":\"https:\/\/wp.ufpel.edu.br\/inova\/contato\/\",\"name\":\"Contato - INOVA - Superintend\u00eancia de Inova\u00e7\u00e3o e Desenvolvimento Interinstitucional\",\"isPartOf\":{\"@id\":\"https:\/\/wp.ufpel.edu.br\/inova\/#website\"},\"datePublished\":\"2022-04-25T21:05:50+00:00\",\"dateModified\":\"2022-04-26T20:21:43+00:00\",\"breadcrumb\":{\"@id\":\"https:\/\/wp.ufpel.edu.br\/inova\/contato\/#breadcrumb\"},\"inLanguage\":\"pt-BR\",\"potentialAction\":[{\"@type\":\"ReadAction\",\"target\":[\"https:\/\/wp.ufpel.edu.br\/inova\/contato\/\"]}]},{\"@type\":\"BreadcrumbList\",\"@id\":\"https:\/\/wp.ufpel.edu.br\/inova\/contato\/#breadcrumb\",\"itemListElement\":[{\"@type\":\"ListItem\",\"position\":1,\"name\":\"In\u00edcio\",\"item\":\"https:\/\/wp.ufpel.edu.br\/inova\/\"},{\"@type\":\"ListItem\",\"position\":2,\"name\":\"Contato\"}]},{\"@type\":\"WebSite\",\"@id\":\"https:\/\/wp.ufpel.edu.br\/inova\/#website\",\"url\":\"https:\/\/wp.ufpel.edu.br\/inova\/\",\"name\":\"INOVA - Superintend\u00eancia de Inova\u00e7\u00e3o e Desenvolvimento Interinstitucional\",\"description\":\"Ag\u00eancia de Inova\u00e7\u00e3o da UFPel\",\"publisher\":{\"@id\":\"https:\/\/wp.ufpel.edu.br\/inova\/#organization\"},\"potentialAction\":[{\"@type\":\"SearchAction\",\"target\":{\"@type\":\"EntryPoint\",\"urlTemplate\":\"https:\/\/wp.ufpel.edu.br\/inova\/?s={search_term_string}\"},\"query-input\":{\"@type\":\"PropertyValueSpecification\",\"valueRequired\":true,\"valueName\":\"search_term_string\"}}],\"inLanguage\":\"pt-BR\"},{\"@type\":\"Organization\",\"@id\":\"https:\/\/wp.ufpel.edu.br\/inova\/#organization\",\"name\":\"INOVA - Superintend\u00eancia de Inova\u00e7\u00e3o e Desenvolvimento Interinstitucional\",\"url\":\"https:\/\/wp.ufpel.edu.br\/inova\/\",\"logo\":{\"@type\":\"ImageObject\",\"inLanguage\":\"pt-BR\",\"@id\":\"https:\/\/wp.ufpel.edu.br\/inova\/#\/schema\/logo\/image\/\",\"url\":\"https:\/\/wp.ufpel.edu.br\/inova\/files\/2026\/03\/cropped-cropped-TIPOGRAFIA_AZUL_02-scaled-1.png\",\"contentUrl\":\"https:\/\/wp.ufpel.edu.br\/inova\/files\/2026\/03\/cropped-cropped-TIPOGRAFIA_AZUL_02-scaled-1.png\",\"width\":511,\"height\":511,\"caption\":\"INOVA - Superintend\u00eancia de Inova\u00e7\u00e3o e Desenvolvimento Interinstitucional\"},\"image\":{\"@id\":\"https:\/\/wp.ufpel.edu.br\/inova\/#\/schema\/logo\/image\/\"}}]}<\/script>\n<!-- \/ Yoast SEO plugin. -->","yoast_head_json":{"title":"Contato - INOVA - Superintend\u00eancia de Inova\u00e7\u00e3o e Desenvolvimento Interinstitucional","robots":{"index":"index","follow":"follow","max-snippet":"max-snippet:-1","max-image-preview":"max-image-preview:large","max-video-preview":"max-video-preview:-1"},"canonical":"https:\/\/wp.ufpel.edu.br\/inova\/contato\/","og_locale":"pt_BR","og_type":"article","og_title":"Contato - INOVA - Superintend\u00eancia de Inova\u00e7\u00e3o e Desenvolvimento Interinstitucional","og_description":"CONTATO","og_url":"https:\/\/wp.ufpel.edu.br\/inova\/contato\/","og_site_name":"INOVA - Superintend\u00eancia de Inova\u00e7\u00e3o e Desenvolvimento Interinstitucional","article_modified_time":"2022-04-26T20:21:43+00:00","twitter_card":"summary_large_image","schema":{"@context":"https:\/\/schema.org","@graph":[{"@type":"WebPage","@id":"https:\/\/wp.ufpel.edu.br\/inova\/contato\/","url":"https:\/\/wp.ufpel.edu.br\/inova\/contato\/","name":"Contato - INOVA - Superintend\u00eancia de Inova\u00e7\u00e3o e Desenvolvimento Interinstitucional","isPartOf":{"@id":"https:\/\/wp.ufpel.edu.br\/inova\/#website"},"datePublished":"2022-04-25T21:05:50+00:00","dateModified":"2022-04-26T20:21:43+00:00","breadcrumb":{"@id":"https:\/\/wp.ufpel.edu.br\/inova\/contato\/#breadcrumb"},"inLanguage":"pt-BR","potentialAction":[{"@type":"ReadAction","target":["https:\/\/wp.ufpel.edu.br\/inova\/contato\/"]}]},{"@type":"BreadcrumbList","@id":"https:\/\/wp.ufpel.edu.br\/inova\/contato\/#breadcrumb","itemListElement":[{"@type":"ListItem","position":1,"name":"In\u00edcio","item":"https:\/\/wp.ufpel.edu.br\/inova\/"},{"@type":"ListItem","position":2,"name":"Contato"}]},{"@type":"WebSite","@id":"https:\/\/wp.ufpel.edu.br\/inova\/#website","url":"https:\/\/wp.ufpel.edu.br\/inova\/","name":"INOVA - Superintend\u00eancia de Inova\u00e7\u00e3o e Desenvolvimento Interinstitucional","description":"Ag\u00eancia de Inova\u00e7\u00e3o da UFPel","publisher":{"@id":"https:\/\/wp.ufpel.edu.br\/inova\/#organization"},"potentialAction":[{"@type":"SearchAction","target":{"@type":"EntryPoint","urlTemplate":"https:\/\/wp.ufpel.edu.br\/inova\/?s={search_term_string}"},"query-input":{"@type":"PropertyValueSpecification","valueRequired":true,"valueName":"search_term_string"}}],"inLanguage":"pt-BR"},{"@type":"Organization","@id":"https:\/\/wp.ufpel.edu.br\/inova\/#organization","name":"INOVA - Superintend\u00eancia de Inova\u00e7\u00e3o e Desenvolvimento Interinstitucional","url":"https:\/\/wp.ufpel.edu.br\/inova\/","logo":{"@type":"ImageObject","inLanguage":"pt-BR","@id":"https:\/\/wp.ufpel.edu.br\/inova\/#\/schema\/logo\/image\/","url":"https:\/\/wp.ufpel.edu.br\/inova\/files\/2026\/03\/cropped-cropped-TIPOGRAFIA_AZUL_02-scaled-1.png","contentUrl":"https:\/\/wp.ufpel.edu.br\/inova\/files\/2026\/03\/cropped-cropped-TIPOGRAFIA_AZUL_02-scaled-1.png","width":511,"height":511,"caption":"INOVA - Superintend\u00eancia de Inova\u00e7\u00e3o e Desenvolvimento Interinstitucional"},"image":{"@id":"https:\/\/wp.ufpel.edu.br\/inova\/#\/schema\/logo\/image\/"}}]}},"jetpack_sharing_enabled":true,"_links":{"self":[{"href":"https:\/\/wp.ufpel.edu.br\/inova\/wp-json\/wp\/v2\/pages\/150","targetHints":{"allow":["GET"]}}],"collection":[{"href":"https:\/\/wp.ufpel.edu.br\/inova\/wp-json\/wp\/v2\/pages"}],"about":[{"href":"https:\/\/wp.ufpel.edu.br\/inova\/wp-json\/wp\/v2\/types\/page"}],"author":[{"embeddable":true,"href":"https:\/\/wp.ufpel.edu.br\/inova\/wp-json\/wp\/v2\/users\/905"}],"replies":[{"embeddable":true,"href":"https:\/\/wp.ufpel.edu.br\/inova\/wp-json\/wp\/v2\/comments?post=150"}],"version-history":[{"count":13,"href":"https:\/\/wp.ufpel.edu.br\/inova\/wp-json\/wp\/v2\/pages\/150\/revisions"}],"predecessor-version":[{"id":165,"href":"https:\/\/wp.ufpel.edu.br\/inova\/wp-json\/wp\/v2\/pages\/150\/revisions\/165"}],"wp:attachment":[{"href":"https:\/\/wp.ufpel.edu.br\/inova\/wp-json\/wp\/v2\/media?parent=150"}],"curies":[{"name":"wp","href":"https:\/\/api.w.org\/{rel}","templated":true}]}}