{"id":122,"date":"2022-04-25T15:23:25","date_gmt":"2022-04-25T18:23:25","guid":{"rendered":"https:\/\/wp.ufpel.edu.br\/inova\/?page_id=122"},"modified":"2022-04-25T17:57:59","modified_gmt":"2022-04-25T20:57:59","slug":"sobre-a-inova","status":"publish","type":"page","link":"https:\/\/wp.ufpel.edu.br\/inova\/sobre-a-inova\/","title":{"rendered":"Sobre a INOVA"},"content":{"rendered":"<div id=\"pl-122\"  class=\"panel-layout\" ><div id=\"pg-122-0\"  class=\"panel-grid panel-has-style\" ><div class=\"titulo siteorigin-panels-stretch panel-row-style panel-row-style-for-122-0\" data-stretch-type=\"full\" ><div id=\"pgc-122-0-0\"  class=\"panel-grid-cell\" ><div id=\"panel-122-0-0-0\" class=\"so-panel widget widget_text panel-first-child panel-last-child\" data-index=\"0\" ><div class=\"titulo-pagina panel-widget-style panel-widget-style-for-122-0-0-0\" >\t\t\t<div class=\"textwidget\"><h1>Sobre a INOVA<\/h1>\n<\/div>\n\t\t<\/div><\/div><\/div><\/div><\/div><div id=\"pg-122-1\"  class=\"panel-grid panel-has-style\" ><div class=\"panel-row-style panel-row-style-for-122-1\" ><div id=\"pgc-122-1-0\"  class=\"panel-grid-cell\" ><div id=\"panel-122-1-0-0\" class=\"so-panel widget widget_text panel-first-child panel-last-child\" data-index=\"1\" ><div class=\"texto-sobre panel-widget-style panel-widget-style-for-122-1-0-0\" >\t\t\t<div class=\"textwidget\"><p>A INOVA \u00e9 o \u00f3rg\u00e3o respons\u00e1vel pela pol\u00edtica de Inova\u00e7\u00e3o e Desenvolvimento Tecnol\u00f3gico e Social da UFPel, e possui a miss\u00e3o de discutir, planejar e coordenar as demandas da Universidade e suas rela\u00e7\u00f5es com a comunidade regional, nacional e internacional. Al\u00e9m disso, possui papel fundamental no fortalecimento da indissociabilidade entre ensino, pesquisa, extens\u00e3o e inova\u00e7\u00e3o.<\/p>\n<p>A INOVA ir\u00e1 incrementar as rela\u00e7\u00f5es da UFPel com a sociedade, buscando levar o conhecimento gerado na institui\u00e7\u00e3o fomentando iniciativas de cooperativismo, associativismo, empreendedorismo social e demais formas de organiza\u00e7\u00e3o de empreendimentos solid\u00e1rios e organiza\u00e7\u00f5es comunit\u00e1rias.<\/p>\n<p>Como um de seus principais objetivos, a INOVA ir\u00e1 fomentar atividades que envolvam a formaliza\u00e7\u00e3o de parcerias com institui\u00e7\u00f5es p\u00fablicas e privadas, visando a realiza\u00e7\u00e3o de atividades conjuntas de pesquisa cient\u00edfica e tecnol\u00f3gica para o desenvolvimento e\/ou inser\u00e7\u00e3o de inova\u00e7\u00f5es ou melhorias em produtos, servi\u00e7os ou processos nos diversos setores da economia. Tamb\u00e9m poder\u00e1 fomentar atividades relacionadas a cria\u00e7\u00e3o e\/ou gest\u00e3o de ambientes inovadores, pr\u00f3prios ou em associa\u00e7\u00e3o com outras organiza\u00e7\u00f5es p\u00fablicas e\/ou privadas, tais como incubadoras tecnol\u00f3gicas ou sociais, parques tecnol\u00f3gicos e a participa\u00e7\u00e3o no capital social de empresas de base tecnol\u00f3gica e social, entre outros.<\/p>\n<\/div>\n\t\t<\/div><\/div><\/div><div id=\"pgc-122-1-1\"  class=\"panel-grid-cell\" ><div id=\"panel-122-1-1-0\" class=\"so-panel widget widget_sow-image panel-first-child panel-last-child\" data-index=\"2\" ><div\n\t\t\t\n\t\t\tclass=\"so-widget-sow-image so-widget-sow-image-default-113ccd71f3e6-122\"\n\t\t\t\n\t\t>\n<div class=\"sow-image-container\">\n\t\t<img \n\tsrc=\"https:\/\/wp.ufpel.edu.br\/inova\/files\/2022\/04\/inova-sobre.png\" width=\"261\" height=\"110\" sizes=\"(max-width: 261px) 100vw, 261px\" alt=\"\" \t\tclass=\"so-widget-image\"\/>\n\t<\/div>\n\n<\/div><\/div><\/div><\/div><\/div><\/div>","protected":false},"excerpt":{"rendered":"<p>Sobre a INOVA A INOVA \u00e9 o \u00f3rg\u00e3o respons\u00e1vel pela pol\u00edtica de Inova\u00e7\u00e3o e Desenvolvimento Tecnol\u00f3gico e Social da UFPel, e possui a miss\u00e3o de discutir, planejar e coordenar as demandas da Universidade e suas rela\u00e7\u00f5es com a comunidade regional, nacional e internacional. Al\u00e9m disso, possui papel fundamental no fortalecimento da indissociabilidade entre ensino, pesquisa, [&hellip;]<\/p>\n","protected":false},"author":905,"featured_media":0,"parent":0,"menu_order":0,"comment_status":"closed","ping_status":"closed","template":"","meta":{"footnotes":""},"class_list":["post-122","page","type-page","status-publish","hentry","post"],"yoast_head":"<!-- This site is optimized with the Yoast SEO plugin v26.7 - https:\/\/yoast.com\/wordpress\/plugins\/seo\/ -->\n<title>Sobre a INOVA - INOVA - Superintend\u00eancia de Inova\u00e7\u00e3o e Desenvolvimento Interinstitucional<\/title>\n<meta name=\"robots\" content=\"index, follow, max-snippet:-1, max-image-preview:large, max-video-preview:-1\" \/>\n<link rel=\"canonical\" href=\"https:\/\/wp.ufpel.edu.br\/inova\/sobre-a-inova\/\" \/>\n<meta property=\"og:locale\" content=\"pt_BR\" \/>\n<meta property=\"og:type\" content=\"article\" \/>\n<meta property=\"og:title\" content=\"Sobre a INOVA - INOVA - Superintend\u00eancia de Inova\u00e7\u00e3o e Desenvolvimento Interinstitucional\" \/>\n<meta property=\"og:description\" content=\"Sobre a INOVA A INOVA \u00e9 o \u00f3rg\u00e3o respons\u00e1vel pela pol\u00edtica de Inova\u00e7\u00e3o e Desenvolvimento Tecnol\u00f3gico e Social da UFPel, e possui a miss\u00e3o de discutir, planejar e coordenar as demandas da Universidade e suas rela\u00e7\u00f5es com a comunidade regional, nacional e internacional. Al\u00e9m disso, possui papel fundamental no fortalecimento da indissociabilidade entre ensino, pesquisa, [&hellip;]\" \/>\n<meta property=\"og:url\" content=\"https:\/\/wp.ufpel.edu.br\/inova\/sobre-a-inova\/\" \/>\n<meta property=\"og:site_name\" content=\"INOVA - Superintend\u00eancia de Inova\u00e7\u00e3o e Desenvolvimento Interinstitucional\" \/>\n<meta property=\"article:modified_time\" content=\"2022-04-25T20:57:59+00:00\" \/>\n<meta name=\"twitter:card\" content=\"summary_large_image\" \/>\n<meta name=\"twitter:label1\" content=\"Est. tempo de leitura\" \/>\n\t<meta name=\"twitter:data1\" content=\"1 minuto\" \/>\n<script type=\"application\/ld+json\" class=\"yoast-schema-graph\">{\"@context\":\"https:\/\/schema.org\",\"@graph\":[{\"@type\":\"WebPage\",\"@id\":\"https:\/\/wp.ufpel.edu.br\/inova\/sobre-a-inova\/\",\"url\":\"https:\/\/wp.ufpel.edu.br\/inova\/sobre-a-inova\/\",\"name\":\"Sobre a INOVA - INOVA - Superintend\u00eancia de Inova\u00e7\u00e3o e Desenvolvimento Interinstitucional\",\"isPartOf\":{\"@id\":\"https:\/\/wp.ufpel.edu.br\/inova\/#website\"},\"datePublished\":\"2022-04-25T18:23:25+00:00\",\"dateModified\":\"2022-04-25T20:57:59+00:00\",\"breadcrumb\":{\"@id\":\"https:\/\/wp.ufpel.edu.br\/inova\/sobre-a-inova\/#breadcrumb\"},\"inLanguage\":\"pt-BR\",\"potentialAction\":[{\"@type\":\"ReadAction\",\"target\":[\"https:\/\/wp.ufpel.edu.br\/inova\/sobre-a-inova\/\"]}]},{\"@type\":\"BreadcrumbList\",\"@id\":\"https:\/\/wp.ufpel.edu.br\/inova\/sobre-a-inova\/#breadcrumb\",\"itemListElement\":[{\"@type\":\"ListItem\",\"position\":1,\"name\":\"In\u00edcio\",\"item\":\"https:\/\/wp.ufpel.edu.br\/inova\/\"},{\"@type\":\"ListItem\",\"position\":2,\"name\":\"Sobre a INOVA\"}]},{\"@type\":\"WebSite\",\"@id\":\"https:\/\/wp.ufpel.edu.br\/inova\/#website\",\"url\":\"https:\/\/wp.ufpel.edu.br\/inova\/\",\"name\":\"INOVA - Superintend\u00eancia de Inova\u00e7\u00e3o e Desenvolvimento Interinstitucional\",\"description\":\"Ag\u00eancia de Inova\u00e7\u00e3o da UFPel\",\"publisher\":{\"@id\":\"https:\/\/wp.ufpel.edu.br\/inova\/#organization\"},\"potentialAction\":[{\"@type\":\"SearchAction\",\"target\":{\"@type\":\"EntryPoint\",\"urlTemplate\":\"https:\/\/wp.ufpel.edu.br\/inova\/?s={search_term_string}\"},\"query-input\":{\"@type\":\"PropertyValueSpecification\",\"valueRequired\":true,\"valueName\":\"search_term_string\"}}],\"inLanguage\":\"pt-BR\"},{\"@type\":\"Organization\",\"@id\":\"https:\/\/wp.ufpel.edu.br\/inova\/#organization\",\"name\":\"INOVA - Superintend\u00eancia de Inova\u00e7\u00e3o e Desenvolvimento Interinstitucional\",\"url\":\"https:\/\/wp.ufpel.edu.br\/inova\/\",\"logo\":{\"@type\":\"ImageObject\",\"inLanguage\":\"pt-BR\",\"@id\":\"https:\/\/wp.ufpel.edu.br\/inova\/#\/schema\/logo\/image\/\",\"url\":\"https:\/\/wp.ufpel.edu.br\/inova\/files\/2026\/03\/cropped-cropped-TIPOGRAFIA_AZUL_02-scaled-1.png\",\"contentUrl\":\"https:\/\/wp.ufpel.edu.br\/inova\/files\/2026\/03\/cropped-cropped-TIPOGRAFIA_AZUL_02-scaled-1.png\",\"width\":511,\"height\":511,\"caption\":\"INOVA - Superintend\u00eancia de Inova\u00e7\u00e3o e Desenvolvimento Interinstitucional\"},\"image\":{\"@id\":\"https:\/\/wp.ufpel.edu.br\/inova\/#\/schema\/logo\/image\/\"}}]}<\/script>\n<!-- \/ Yoast SEO plugin. -->","yoast_head_json":{"title":"Sobre a INOVA - INOVA - Superintend\u00eancia de Inova\u00e7\u00e3o e Desenvolvimento Interinstitucional","robots":{"index":"index","follow":"follow","max-snippet":"max-snippet:-1","max-image-preview":"max-image-preview:large","max-video-preview":"max-video-preview:-1"},"canonical":"https:\/\/wp.ufpel.edu.br\/inova\/sobre-a-inova\/","og_locale":"pt_BR","og_type":"article","og_title":"Sobre a INOVA - INOVA - Superintend\u00eancia de Inova\u00e7\u00e3o e Desenvolvimento Interinstitucional","og_description":"Sobre a INOVA A INOVA \u00e9 o \u00f3rg\u00e3o respons\u00e1vel pela pol\u00edtica de Inova\u00e7\u00e3o e Desenvolvimento Tecnol\u00f3gico e Social da UFPel, e possui a miss\u00e3o de discutir, planejar e coordenar as demandas da Universidade e suas rela\u00e7\u00f5es com a comunidade regional, nacional e internacional. Al\u00e9m disso, possui papel fundamental no fortalecimento da indissociabilidade entre ensino, pesquisa, [&hellip;]","og_url":"https:\/\/wp.ufpel.edu.br\/inova\/sobre-a-inova\/","og_site_name":"INOVA - Superintend\u00eancia de Inova\u00e7\u00e3o e Desenvolvimento Interinstitucional","article_modified_time":"2022-04-25T20:57:59+00:00","twitter_card":"summary_large_image","twitter_misc":{"Est. tempo de leitura":"1 minuto"},"schema":{"@context":"https:\/\/schema.org","@graph":[{"@type":"WebPage","@id":"https:\/\/wp.ufpel.edu.br\/inova\/sobre-a-inova\/","url":"https:\/\/wp.ufpel.edu.br\/inova\/sobre-a-inova\/","name":"Sobre a INOVA - INOVA - Superintend\u00eancia de Inova\u00e7\u00e3o e Desenvolvimento Interinstitucional","isPartOf":{"@id":"https:\/\/wp.ufpel.edu.br\/inova\/#website"},"datePublished":"2022-04-25T18:23:25+00:00","dateModified":"2022-04-25T20:57:59+00:00","breadcrumb":{"@id":"https:\/\/wp.ufpel.edu.br\/inova\/sobre-a-inova\/#breadcrumb"},"inLanguage":"pt-BR","potentialAction":[{"@type":"ReadAction","target":["https:\/\/wp.ufpel.edu.br\/inova\/sobre-a-inova\/"]}]},{"@type":"BreadcrumbList","@id":"https:\/\/wp.ufpel.edu.br\/inova\/sobre-a-inova\/#breadcrumb","itemListElement":[{"@type":"ListItem","position":1,"name":"In\u00edcio","item":"https:\/\/wp.ufpel.edu.br\/inova\/"},{"@type":"ListItem","position":2,"name":"Sobre a INOVA"}]},{"@type":"WebSite","@id":"https:\/\/wp.ufpel.edu.br\/inova\/#website","url":"https:\/\/wp.ufpel.edu.br\/inova\/","name":"INOVA - Superintend\u00eancia de Inova\u00e7\u00e3o e Desenvolvimento Interinstitucional","description":"Ag\u00eancia de Inova\u00e7\u00e3o da UFPel","publisher":{"@id":"https:\/\/wp.ufpel.edu.br\/inova\/#organization"},"potentialAction":[{"@type":"SearchAction","target":{"@type":"EntryPoint","urlTemplate":"https:\/\/wp.ufpel.edu.br\/inova\/?s={search_term_string}"},"query-input":{"@type":"PropertyValueSpecification","valueRequired":true,"valueName":"search_term_string"}}],"inLanguage":"pt-BR"},{"@type":"Organization","@id":"https:\/\/wp.ufpel.edu.br\/inova\/#organization","name":"INOVA - Superintend\u00eancia de Inova\u00e7\u00e3o e Desenvolvimento Interinstitucional","url":"https:\/\/wp.ufpel.edu.br\/inova\/","logo":{"@type":"ImageObject","inLanguage":"pt-BR","@id":"https:\/\/wp.ufpel.edu.br\/inova\/#\/schema\/logo\/image\/","url":"https:\/\/wp.ufpel.edu.br\/inova\/files\/2026\/03\/cropped-cropped-TIPOGRAFIA_AZUL_02-scaled-1.png","contentUrl":"https:\/\/wp.ufpel.edu.br\/inova\/files\/2026\/03\/cropped-cropped-TIPOGRAFIA_AZUL_02-scaled-1.png","width":511,"height":511,"caption":"INOVA - Superintend\u00eancia de Inova\u00e7\u00e3o e Desenvolvimento Interinstitucional"},"image":{"@id":"https:\/\/wp.ufpel.edu.br\/inova\/#\/schema\/logo\/image\/"}}]}},"jetpack_sharing_enabled":true,"_links":{"self":[{"href":"https:\/\/wp.ufpel.edu.br\/inova\/wp-json\/wp\/v2\/pages\/122","targetHints":{"allow":["GET"]}}],"collection":[{"href":"https:\/\/wp.ufpel.edu.br\/inova\/wp-json\/wp\/v2\/pages"}],"about":[{"href":"https:\/\/wp.ufpel.edu.br\/inova\/wp-json\/wp\/v2\/types\/page"}],"author":[{"embeddable":true,"href":"https:\/\/wp.ufpel.edu.br\/inova\/wp-json\/wp\/v2\/users\/905"}],"replies":[{"embeddable":true,"href":"https:\/\/wp.ufpel.edu.br\/inova\/wp-json\/wp\/v2\/comments?post=122"}],"version-history":[{"count":8,"href":"https:\/\/wp.ufpel.edu.br\/inova\/wp-json\/wp\/v2\/pages\/122\/revisions"}],"predecessor-version":[{"id":147,"href":"https:\/\/wp.ufpel.edu.br\/inova\/wp-json\/wp\/v2\/pages\/122\/revisions\/147"}],"wp:attachment":[{"href":"https:\/\/wp.ufpel.edu.br\/inova\/wp-json\/wp\/v2\/media?parent=122"}],"curies":[{"name":"wp","href":"https:\/\/api.w.org\/{rel}","templated":true}]}}