{"id":93,"date":"2025-09-04T10:05:04","date_gmt":"2025-09-04T13:05:04","guid":{"rendered":"https:\/\/wp.ufpel.edu.br\/inotec\/?page_id=93"},"modified":"2025-09-04T10:11:32","modified_gmt":"2025-09-04T13:11:32","slug":"homogeneizador-de-sangue","status":"publish","type":"page","link":"https:\/\/wp.ufpel.edu.br\/inotec\/agendamentos\/homogeneizador-de-sangue\/","title":{"rendered":"Homogeneizador de sangue"},"content":{"rendered":"<p>Para solicitar agendamento, por favor, enviar e-mail para laboratorioinotec@gmail.<br \/>\nO link abaixo \u00e9 apenas para visualiza\u00e7\u00e3o de disponibilidade:<\/p>\n<p><a href=\"https:\/\/docs.google.com\/spreadsheets\/d\/1JGk9ZqLCH-5WEiek0I1eGZIF-0VMZjbF\/edit?usp=drive_link&amp;ouid=112998674975503916809&amp;rtpof=true&amp;sd=true\">agendamento homogeinizador de sangue<\/a><\/p>\n","protected":false},"excerpt":{"rendered":"<p>Para solicitar agendamento, por favor, enviar e-mail para laboratorioinotec@gmail. O link abaixo \u00e9 apenas para visualiza\u00e7\u00e3o de disponibilidade: agendamento homogeinizador de sangue<\/p>\n","protected":false},"author":1485,"featured_media":0,"parent":22,"menu_order":0,"comment_status":"closed","ping_status":"closed","template":"","meta":{"footnotes":""},"class_list":["post-93","page","type-page","status-publish","hentry"],"_links":{"self":[{"href":"https:\/\/wp.ufpel.edu.br\/inotec\/wp-json\/wp\/v2\/pages\/93","targetHints":{"allow":["GET"]}}],"collection":[{"href":"https:\/\/wp.ufpel.edu.br\/inotec\/wp-json\/wp\/v2\/pages"}],"about":[{"href":"https:\/\/wp.ufpel.edu.br\/inotec\/wp-json\/wp\/v2\/types\/page"}],"author":[{"embeddable":true,"href":"https:\/\/wp.ufpel.edu.br\/inotec\/wp-json\/wp\/v2\/users\/1485"}],"replies":[{"embeddable":true,"href":"https:\/\/wp.ufpel.edu.br\/inotec\/wp-json\/wp\/v2\/comments?post=93"}],"version-history":[{"count":3,"href":"https:\/\/wp.ufpel.edu.br\/inotec\/wp-json\/wp\/v2\/pages\/93\/revisions"}],"predecessor-version":[{"id":100,"href":"https:\/\/wp.ufpel.edu.br\/inotec\/wp-json\/wp\/v2\/pages\/93\/revisions\/100"}],"up":[{"embeddable":true,"href":"https:\/\/wp.ufpel.edu.br\/inotec\/wp-json\/wp\/v2\/pages\/22"}],"wp:attachment":[{"href":"https:\/\/wp.ufpel.edu.br\/inotec\/wp-json\/wp\/v2\/media?parent=93"}],"curies":[{"name":"wp","href":"https:\/\/api.w.org\/{rel}","templated":true}]}}