{"id":150,"date":"2025-09-04T18:23:23","date_gmt":"2025-09-04T21:23:23","guid":{"rendered":"https:\/\/wp.ufpel.edu.br\/inotec\/?page_id=150"},"modified":"2025-09-04T18:23:23","modified_gmt":"2025-09-04T21:23:23","slug":"destilador-de-nitrogenio","status":"publish","type":"page","link":"https:\/\/wp.ufpel.edu.br\/inotec\/agendamentos\/destilador-de-nitrogenio\/","title":{"rendered":"Destilador de nitrog\u00eanio"},"content":{"rendered":"<p>Para solicitar agendamento, por favor, enviar e-mail para laboratorioinotec@gmail.<br \/>\nO link abaixo \u00e9 apenas para visualiza\u00e7\u00e3o de disponibilidade:<\/p>\n<p><a href=\"https:\/\/docs.google.com\/spreadsheets\/d\/1jirtsxG1RQDrThwrKIFLZTDM_fU7e2h9\/edit?usp=drive_link&amp;ouid=112998674975503916809&amp;rtpof=true&amp;sd=true\">agendamento destilador nitrog\u00eanio<\/a><\/p>\n","protected":false},"excerpt":{"rendered":"<p>Para solicitar agendamento, por favor, enviar e-mail para laboratorioinotec@gmail. O link abaixo \u00e9 apenas para visualiza\u00e7\u00e3o de disponibilidade: agendamento destilador nitrog\u00eanio<\/p>\n","protected":false},"author":1485,"featured_media":0,"parent":22,"menu_order":0,"comment_status":"closed","ping_status":"closed","template":"","meta":{"footnotes":""},"class_list":["post-150","page","type-page","status-publish","hentry"],"_links":{"self":[{"href":"https:\/\/wp.ufpel.edu.br\/inotec\/wp-json\/wp\/v2\/pages\/150","targetHints":{"allow":["GET"]}}],"collection":[{"href":"https:\/\/wp.ufpel.edu.br\/inotec\/wp-json\/wp\/v2\/pages"}],"about":[{"href":"https:\/\/wp.ufpel.edu.br\/inotec\/wp-json\/wp\/v2\/types\/page"}],"author":[{"embeddable":true,"href":"https:\/\/wp.ufpel.edu.br\/inotec\/wp-json\/wp\/v2\/users\/1485"}],"replies":[{"embeddable":true,"href":"https:\/\/wp.ufpel.edu.br\/inotec\/wp-json\/wp\/v2\/comments?post=150"}],"version-history":[{"count":1,"href":"https:\/\/wp.ufpel.edu.br\/inotec\/wp-json\/wp\/v2\/pages\/150\/revisions"}],"predecessor-version":[{"id":152,"href":"https:\/\/wp.ufpel.edu.br\/inotec\/wp-json\/wp\/v2\/pages\/150\/revisions\/152"}],"up":[{"embeddable":true,"href":"https:\/\/wp.ufpel.edu.br\/inotec\/wp-json\/wp\/v2\/pages\/22"}],"wp:attachment":[{"href":"https:\/\/wp.ufpel.edu.br\/inotec\/wp-json\/wp\/v2\/media?parent=150"}],"curies":[{"name":"wp","href":"https:\/\/api.w.org\/{rel}","templated":true}]}}