{"id":128,"date":"2025-09-04T18:14:06","date_gmt":"2025-09-04T21:14:06","guid":{"rendered":"https:\/\/wp.ufpel.edu.br\/inotec\/?page_id=128"},"modified":"2025-09-04T18:14:06","modified_gmt":"2025-09-04T21:14:06","slug":"estufa-sem-circulacao-de-ar","status":"publish","type":"page","link":"https:\/\/wp.ufpel.edu.br\/inotec\/agendamentos\/estufa-sem-circulacao-de-ar\/","title":{"rendered":"Estufa sem circula\u00e7\u00e3o de ar"},"content":{"rendered":"<p>Para solicitar agendamento, por favor, enviar e-mail para laboratorioinotec@gmail.<br \/>\nO link abaixo \u00e9 apenas para visualiza\u00e7\u00e3o de disponibilidade:<\/p>\n<p><a href=\"https:\/\/docs.google.com\/spreadsheets\/d\/1WsEkyZCAF2oROhMTV-ymksKEiIGPDCnh\/edit?usp=drive_link&amp;ouid=112998674975503916809&amp;rtpof=true&amp;sd=true\">agendamento estufa sem circula\u00e7\u00e3o de ar<\/a><\/p>\n","protected":false},"excerpt":{"rendered":"<p>Para solicitar agendamento, por favor, enviar e-mail para laboratorioinotec@gmail. O link abaixo \u00e9 apenas para visualiza\u00e7\u00e3o de disponibilidade: agendamento estufa sem circula\u00e7\u00e3o de ar<\/p>\n","protected":false},"author":1485,"featured_media":0,"parent":22,"menu_order":0,"comment_status":"closed","ping_status":"closed","template":"","meta":{"footnotes":""},"class_list":["post-128","page","type-page","status-publish","hentry"],"_links":{"self":[{"href":"https:\/\/wp.ufpel.edu.br\/inotec\/wp-json\/wp\/v2\/pages\/128","targetHints":{"allow":["GET"]}}],"collection":[{"href":"https:\/\/wp.ufpel.edu.br\/inotec\/wp-json\/wp\/v2\/pages"}],"about":[{"href":"https:\/\/wp.ufpel.edu.br\/inotec\/wp-json\/wp\/v2\/types\/page"}],"author":[{"embeddable":true,"href":"https:\/\/wp.ufpel.edu.br\/inotec\/wp-json\/wp\/v2\/users\/1485"}],"replies":[{"embeddable":true,"href":"https:\/\/wp.ufpel.edu.br\/inotec\/wp-json\/wp\/v2\/comments?post=128"}],"version-history":[{"count":1,"href":"https:\/\/wp.ufpel.edu.br\/inotec\/wp-json\/wp\/v2\/pages\/128\/revisions"}],"predecessor-version":[{"id":130,"href":"https:\/\/wp.ufpel.edu.br\/inotec\/wp-json\/wp\/v2\/pages\/128\/revisions\/130"}],"up":[{"embeddable":true,"href":"https:\/\/wp.ufpel.edu.br\/inotec\/wp-json\/wp\/v2\/pages\/22"}],"wp:attachment":[{"href":"https:\/\/wp.ufpel.edu.br\/inotec\/wp-json\/wp\/v2\/media?parent=128"}],"curies":[{"name":"wp","href":"https:\/\/api.w.org\/{rel}","templated":true}]}}